{"id":2578,"date":"2022-07-12T18:46:19","date_gmt":"2022-07-12T21:46:19","guid":{"rendered":"http:\/\/biblio1.mdp.edu.ar\/centro-ventas\/?post_type=product&#038;p=2578"},"modified":"2026-03-30T17:04:12","modified_gmt":"2026-03-30T20:04:12","slug":"las-industrias-culturales-y-el-consumo-musical-adolescente","status":"publish","type":"product","link":"https:\/\/biblio1.mdp.edu.ar\/centro-ventas\/producto\/las-industrias-culturales-y-el-consumo-musical-adolescente\/","title":{"rendered":"Las Industrias Culturales y el consumo musical adolescente"},"content":{"rendered":"<p>En la presente obra el autor realiza un an\u00e1lisis sobre los modos en que las Industrias Culturales generan productos musicales destinados a los adolescentes. A partir de una encuesta realizada a los alumnos del Colegio Nacional Dr. Arturo Illia, dependiente de la Universidad Nacional de Mar del Plata, este trabajo pone el foco no s\u00f3lo en las caracter\u00edsticas de sus gustos musicales, sino tambi\u00e9n en las formas en las que ellos se acercan a la m\u00fasica, as\u00ed como en la importancia que \u00e9sta tiene en sus vidas y en la relaci\u00f3n con sus pares. Como complemento de este abordaje \u2013y esperando que los resultados de esta investigaci\u00f3n permitan desarrollar y mejorar las propias pr\u00e1cticas pedag\u00f3gicas-, aqu\u00ed se busca tambi\u00e9n comprender las caracter\u00edsticas del proceso de producci\u00f3n, circulaci\u00f3n y consumo que es puesto en marcha por las Industrias Culturales en lo que respecta a la m\u00fasica destinada a estos j\u00f3venes, incluyendo el an\u00e1lisis de los principales elementos emergentes de la encuesta mencionada.<\/p>\n","protected":false},"excerpt":{"rendered":"<p>En la presente obra el autor realiza un an\u00e1lisis sobre los modos en que las Industrias Culturales generan productos musicales destinados a los adolescentes. A partir de una encuesta realizada a los alumnos del Colegio Nacional Dr. Arturo Illia, dependiente de la Universidad Nacional de Mar del Plata, este trabajo pone el foco no s\u00f3lo [&hellip;]<\/p>\n","protected":false},"featured_media":2579,"template":"","meta":{"_acf_changed":false,"_eb_attr":"","_crdt_document":"","_uag_custom_page_level_css":"","_editorskit_title_hidden":false,"_editorskit_reading_time":0,"_editorskit_is_block_options_detached":false,"_editorskit_block_options_position":"{}","site-sidebar-layout":"default","site-content-layout":"default","ast-site-content-layout":"default","site-content-style":"default","site-sidebar-style":"default","ast-global-header-display":"","ast-banner-title-visibility":"","ast-main-header-display":"","ast-hfb-above-header-display":"","ast-hfb-below-header-display":"","ast-hfb-mobile-header-display":"","site-post-title":"","ast-breadcrumbs-content":"","ast-featured-img":"","footer-sml-layout":"","ast-disable-related-posts":"","theme-transparent-header-meta":"default","adv-header-id-meta":"","stick-header-meta":"","header-above-stick-meta":"","header-main-stick-meta":"","header-below-stick-meta":"","astra-migrate-meta-layouts":"default","ast-page-background-enabled":"default","ast-page-background-meta":{"desktop":{"background-color":"var(--ast-global-color-4)","background-image":"","background-repeat":"repeat","background-position":"center center","background-size":"auto","background-attachment":"scroll","background-type":"","background-media":"","overlay-type":"","overlay-color":"","overlay-opacity":"","overlay-gradient":""},"tablet":{"background-color":"","background-image":"","background-repeat":"repeat","background-position":"center center","background-size":"auto","background-attachment":"scroll","background-type":"","background-media":"","overlay-type":"","overlay-color":"","overlay-opacity":"","overlay-gradient":""},"mobile":{"background-color":"","background-image":"","background-repeat":"repeat","background-position":"center center","background-size":"auto","background-attachment":"scroll","background-type":"","background-media":"","overlay-type":"","overlay-color":"","overlay-opacity":"","overlay-gradient":""}},"ast-content-background-meta":{"desktop":{"background-color":"var(--ast-global-color-5)","background-image":"","background-repeat":"repeat","background-position":"center center","background-size":"auto","background-attachment":"scroll","background-type":"","background-media":"","overlay-type":"","overlay-color":"","overlay-opacity":"","overlay-gradient":""},"tablet":{"background-color":"var(--ast-global-color-5)","background-image":"","background-repeat":"repeat","background-position":"center center","background-size":"auto","background-attachment":"scroll","background-type":"","background-media":"","overlay-type":"","overlay-color":"","overlay-opacity":"","overlay-gradient":""},"mobile":{"background-color":"var(--ast-global-color-5)","background-image":"","background-repeat":"repeat","background-position":"center center","background-size":"auto","background-attachment":"scroll","background-type":"","background-media":"","overlay-type":"","overlay-color":"","overlay-opacity":"","overlay-gradient":""}}},"product_cat":[32,28,186],"product_tag":[188,187,189],"class_list":{"0":"post-2578","1":"product","2":"type-product","3":"status-publish","4":"has-post-thumbnail","6":"product_cat-edudem","7":"product_cat-libro","8":"product_cat-serie-trames","9":"product_tag-adolescencia","10":"product_tag-enfoques-interdisciplinares","11":"product_tag-musica","12":"desktop-align-left","13":"tablet-align-left","14":"mobile-align-left","16":"first","17":"instock","18":"shipping-taxable","19":"purchasable","20":"product-type-simple"},"acf":[],"uagb_featured_image_src":{"full":["https:\/\/biblio1.mdp.edu.ar\/centro-ventas\/wp-content\/uploads\/sites\/2\/2022\/07\/tapa-LAS-INDUSTRIAS-CULTURALES-para-catalogo-scaled.jpg",1770,2715,false],"thumbnail":["https:\/\/biblio1.mdp.edu.ar\/centro-ventas\/wp-content\/uploads\/sites\/2\/2022\/07\/tapa-LAS-INDUSTRIAS-CULTURALES-para-catalogo-scaled.jpg",98,150,false],"medium":["https:\/\/biblio1.mdp.edu.ar\/centro-ventas\/wp-content\/uploads\/sites\/2\/2022\/07\/tapa-LAS-INDUSTRIAS-CULTURALES-para-catalogo-scaled.jpg",196,300,false],"medium_large":["https:\/\/biblio1.mdp.edu.ar\/centro-ventas\/wp-content\/uploads\/sites\/2\/2022\/07\/tapa-LAS-INDUSTRIAS-CULTURALES-para-catalogo-scaled.jpg",768,1178,false],"large":["https:\/\/biblio1.mdp.edu.ar\/centro-ventas\/wp-content\/uploads\/sites\/2\/2022\/07\/tapa-LAS-INDUSTRIAS-CULTURALES-para-catalogo-scaled.jpg",668,1024,false],"1536x1536":["https:\/\/biblio1.mdp.edu.ar\/centro-ventas\/wp-content\/uploads\/sites\/2\/2022\/07\/tapa-LAS-INDUSTRIAS-CULTURALES-para-catalogo-scaled.jpg",1001,1536,false],"2048x2048":["https:\/\/biblio1.mdp.edu.ar\/centro-ventas\/wp-content\/uploads\/sites\/2\/2022\/07\/tapa-LAS-INDUSTRIAS-CULTURALES-para-catalogo-scaled.jpg",1335,2048,false],"woocommerce_thumbnail":["https:\/\/biblio1.mdp.edu.ar\/centro-ventas\/wp-content\/uploads\/sites\/2\/2022\/07\/tapa-LAS-INDUSTRIAS-CULTURALES-para-catalogo-scaled.jpg",300,460,false],"woocommerce_single":["https:\/\/biblio1.mdp.edu.ar\/centro-ventas\/wp-content\/uploads\/sites\/2\/2022\/07\/tapa-LAS-INDUSTRIAS-CULTURALES-para-catalogo-scaled.jpg",600,920,false],"woocommerce_gallery_thumbnail":["https:\/\/biblio1.mdp.edu.ar\/centro-ventas\/wp-content\/uploads\/sites\/2\/2022\/07\/tapa-LAS-INDUSTRIAS-CULTURALES-para-catalogo-100x100.jpg",100,100,true]},"uagb_author_info":{"display_name":"Cristina Bernabe","author_link":"https:\/\/biblio1.mdp.edu.ar\/centro-ventas\/author\/"},"uagb_comment_info":0,"uagb_excerpt":"En la presente obra el autor realiza un an\u00e1lisis sobre los modos en que las Industrias Culturales generan productos musicales destinados a los adolescentes. A partir de una encuesta realizada a los alumnos del Colegio Nacional Dr. Arturo Illia, dependiente de la Universidad Nacional de Mar del Plata, este trabajo pone el foco no s\u00f3lo&hellip;","_links":{"self":[{"href":"https:\/\/biblio1.mdp.edu.ar\/centro-ventas\/wp-json\/wp\/v2\/product\/2578","targetHints":{"allow":["GET"]}}],"collection":[{"href":"https:\/\/biblio1.mdp.edu.ar\/centro-ventas\/wp-json\/wp\/v2\/product"}],"about":[{"href":"https:\/\/biblio1.mdp.edu.ar\/centro-ventas\/wp-json\/wp\/v2\/types\/product"}],"wp:featuredmedia":[{"embeddable":true,"href":"https:\/\/biblio1.mdp.edu.ar\/centro-ventas\/wp-json\/wp\/v2\/media\/2579"}],"wp:attachment":[{"href":"https:\/\/biblio1.mdp.edu.ar\/centro-ventas\/wp-json\/wp\/v2\/media?parent=2578"}],"wp:term":[{"taxonomy":"product_cat","embeddable":true,"href":"https:\/\/biblio1.mdp.edu.ar\/centro-ventas\/wp-json\/wp\/v2\/product_cat?post=2578"},{"taxonomy":"product_tag","embeddable":true,"href":"https:\/\/biblio1.mdp.edu.ar\/centro-ventas\/wp-json\/wp\/v2\/product_tag?post=2578"}],"curies":[{"name":"wp","href":"https:\/\/api.w.org\/{rel}","templated":true}]}}