{"id":2552,"date":"2022-07-05T20:15:35","date_gmt":"2022-07-05T23:15:35","guid":{"rendered":"http:\/\/biblio1.mdp.edu.ar\/centro-ventas\/?post_type=product&#038;p=2552"},"modified":"2026-03-30T16:06:15","modified_gmt":"2026-03-30T19:06:15","slug":"la-estructura-del-sujeto-2","status":"publish","type":"product","link":"https:\/\/biblio1.mdp.edu.ar\/centro-ventas\/producto\/la-estructura-del-sujeto-2\/","title":{"rendered":"La estructura del sujeto"},"content":{"rendered":"<p>Este libro se nutre de la cl\u00ednica y la teor\u00eda psicoanal\u00edtica enriquecidas por otras disciplinas como la Literatura, la Filosof\u00eda o la L\u00f3gica. As\u00ed, se podr\u00e1n leer, en primer lugar, cuestiones ligadas a los enigm\u00e1ticos pavores nocturnos, a las psicosis en un aspecto delicado y sutil de su estructura, a la fantas\u00eda inconsciente como dimensi\u00f3n basal de la subjetividad, a la complejidad te\u00f3rica y cl\u00ednica de la inhibici\u00f3n neur\u00f3tica, tan frecuente en la consulta cl\u00ednica, a un fino rasgo cl\u00ednico de la estructura perversa; tambi\u00e9n ser\u00e1 posible avanzar sobre la problem\u00e1tica y necesaria repetici\u00f3n en la cura anal\u00edtica y las conflictivas y dolorosas fallas en la elaboraci\u00f3n de los duelos. Enseguida, con la intertextualidad en el \u00e1pice, la cr\u00edtica literaria argentina, parte de su polifon\u00eda de estilos, ocupar\u00e1 el primer plano que se continuar\u00e1 en reflexiones que, desde el campo psicoanal\u00edtico, se entrecruzan con la \u00c9tica y la Filosof\u00eda para interrogarse sobre el objeto \u00e9tico del Psicoan\u00e1lisis. Finalmente, un encuentro con una cl\u00ednica de la neurosis obsesiva no muy frecuente, compleja y extra\u00f1a; grandes obsesivos los denomina Lacan. Una traducci\u00f3n propia intenta alcanzar al castellano esta casu\u00edstica singular que publicara en su momento Ernest Jones.<\/p>\n","protected":false},"excerpt":{"rendered":"<p>Este libro se nutre de la cl\u00ednica y la teor\u00eda psicoanal\u00edtica enriquecidas por otras disciplinas como la Literatura, la Filosof\u00eda o la L\u00f3gica. As\u00ed, se podr\u00e1n leer, en primer lugar, cuestiones ligadas a los enigm\u00e1ticos pavores nocturnos, a las psicosis en un aspecto delicado y sutil de su estructura, a la fantas\u00eda inconsciente como dimensi\u00f3n [&hellip;]<\/p>\n","protected":false},"featured_media":2553,"template":"","meta":{"_acf_changed":false,"_eb_attr":"","_crdt_document":"","_uag_custom_page_level_css":"","_editorskit_title_hidden":false,"_editorskit_reading_time":0,"_editorskit_is_block_options_detached":false,"_editorskit_block_options_position":"{}","site-sidebar-layout":"default","site-content-layout":"default","ast-site-content-layout":"default","site-content-style":"default","site-sidebar-style":"default","ast-global-header-display":"","ast-banner-title-visibility":"","ast-main-header-display":"","ast-hfb-above-header-display":"","ast-hfb-below-header-display":"","ast-hfb-mobile-header-display":"","site-post-title":"","ast-breadcrumbs-content":"","ast-featured-img":"","footer-sml-layout":"","ast-disable-related-posts":"","theme-transparent-header-meta":"default","adv-header-id-meta":"","stick-header-meta":"","header-above-stick-meta":"","header-main-stick-meta":"","header-below-stick-meta":"","astra-migrate-meta-layouts":"default","ast-page-background-enabled":"default","ast-page-background-meta":{"desktop":{"background-color":"var(--ast-global-color-4)","background-image":"","background-repeat":"repeat","background-position":"center center","background-size":"auto","background-attachment":"scroll","background-type":"","background-media":"","overlay-type":"","overlay-color":"","overlay-opacity":"","overlay-gradient":""},"tablet":{"background-color":"","background-image":"","background-repeat":"repeat","background-position":"center center","background-size":"auto","background-attachment":"scroll","background-type":"","background-media":"","overlay-type":"","overlay-color":"","overlay-opacity":"","overlay-gradient":""},"mobile":{"background-color":"","background-image":"","background-repeat":"repeat","background-position":"center center","background-size":"auto","background-attachment":"scroll","background-type":"","background-media":"","overlay-type":"","overlay-color":"","overlay-opacity":"","overlay-gradient":""}},"ast-content-background-meta":{"desktop":{"background-color":"var(--ast-global-color-5)","background-image":"","background-repeat":"repeat","background-position":"center center","background-size":"auto","background-attachment":"scroll","background-type":"","background-media":"","overlay-type":"","overlay-color":"","overlay-opacity":"","overlay-gradient":""},"tablet":{"background-color":"var(--ast-global-color-5)","background-image":"","background-repeat":"repeat","background-position":"center center","background-size":"auto","background-attachment":"scroll","background-type":"","background-media":"","overlay-type":"","overlay-color":"","overlay-opacity":"","overlay-gradient":""},"mobile":{"background-color":"var(--ast-global-color-5)","background-image":"","background-repeat":"repeat","background-position":"center center","background-size":"auto","background-attachment":"scroll","background-type":"","background-media":"","overlay-type":"","overlay-color":"","overlay-opacity":"","overlay-gradient":""}}},"product_cat":[116,32,28],"product_tag":[],"class_list":{"0":"post-2552","1":"product","2":"type-product","3":"status-publish","4":"has-post-thumbnail","6":"product_cat-coleccion-bitacora","7":"product_cat-edudem","8":"product_cat-libro","9":"desktop-align-left","10":"tablet-align-left","11":"mobile-align-left","13":"first","14":"instock","15":"shipping-taxable","16":"purchasable","17":"product-type-simple"},"acf":[],"uagb_featured_image_src":{"full":["https:\/\/biblio1.mdp.edu.ar\/centro-ventas\/wp-content\/uploads\/sites\/2\/2022\/07\/la-esructura-del-sujeto.jpg",877,1227,false],"thumbnail":["https:\/\/biblio1.mdp.edu.ar\/centro-ventas\/wp-content\/uploads\/sites\/2\/2022\/07\/la-esructura-del-sujeto.jpg",107,150,false],"medium":["https:\/\/biblio1.mdp.edu.ar\/centro-ventas\/wp-content\/uploads\/sites\/2\/2022\/07\/la-esructura-del-sujeto.jpg",214,300,false],"medium_large":["https:\/\/biblio1.mdp.edu.ar\/centro-ventas\/wp-content\/uploads\/sites\/2\/2022\/07\/la-esructura-del-sujeto.jpg",768,1074,false],"large":["https:\/\/biblio1.mdp.edu.ar\/centro-ventas\/wp-content\/uploads\/sites\/2\/2022\/07\/la-esructura-del-sujeto.jpg",732,1024,false],"1536x1536":["https:\/\/biblio1.mdp.edu.ar\/centro-ventas\/wp-content\/uploads\/sites\/2\/2022\/07\/la-esructura-del-sujeto.jpg",877,1227,false],"2048x2048":["https:\/\/biblio1.mdp.edu.ar\/centro-ventas\/wp-content\/uploads\/sites\/2\/2022\/07\/la-esructura-del-sujeto.jpg",877,1227,false],"woocommerce_thumbnail":["https:\/\/biblio1.mdp.edu.ar\/centro-ventas\/wp-content\/uploads\/sites\/2\/2022\/07\/la-esructura-del-sujeto.jpg",300,420,false],"woocommerce_single":["https:\/\/biblio1.mdp.edu.ar\/centro-ventas\/wp-content\/uploads\/sites\/2\/2022\/07\/la-esructura-del-sujeto.jpg",600,839,false],"woocommerce_gallery_thumbnail":["https:\/\/biblio1.mdp.edu.ar\/centro-ventas\/wp-content\/uploads\/sites\/2\/2022\/07\/la-esructura-del-sujeto-100x100.jpg",100,100,true]},"uagb_author_info":{"display_name":"Cristina Bernabe","author_link":"https:\/\/biblio1.mdp.edu.ar\/centro-ventas\/author\/"},"uagb_comment_info":0,"uagb_excerpt":"Este libro se nutre de la cl\u00ednica y la teor\u00eda psicoanal\u00edtica enriquecidas por otras disciplinas como la Literatura, la Filosof\u00eda o la L\u00f3gica. As\u00ed, se podr\u00e1n leer, en primer lugar, cuestiones ligadas a los enigm\u00e1ticos pavores nocturnos, a las psicosis en un aspecto delicado y sutil de su estructura, a la fantas\u00eda inconsciente como dimensi\u00f3n&hellip;","_links":{"self":[{"href":"https:\/\/biblio1.mdp.edu.ar\/centro-ventas\/wp-json\/wp\/v2\/product\/2552","targetHints":{"allow":["GET"]}}],"collection":[{"href":"https:\/\/biblio1.mdp.edu.ar\/centro-ventas\/wp-json\/wp\/v2\/product"}],"about":[{"href":"https:\/\/biblio1.mdp.edu.ar\/centro-ventas\/wp-json\/wp\/v2\/types\/product"}],"wp:featuredmedia":[{"embeddable":true,"href":"https:\/\/biblio1.mdp.edu.ar\/centro-ventas\/wp-json\/wp\/v2\/media\/2553"}],"wp:attachment":[{"href":"https:\/\/biblio1.mdp.edu.ar\/centro-ventas\/wp-json\/wp\/v2\/media?parent=2552"}],"wp:term":[{"taxonomy":"product_cat","embeddable":true,"href":"https:\/\/biblio1.mdp.edu.ar\/centro-ventas\/wp-json\/wp\/v2\/product_cat?post=2552"},{"taxonomy":"product_tag","embeddable":true,"href":"https:\/\/biblio1.mdp.edu.ar\/centro-ventas\/wp-json\/wp\/v2\/product_tag?post=2552"}],"curies":[{"name":"wp","href":"https:\/\/api.w.org\/{rel}","templated":true}]}}