{"id":2548,"date":"2022-07-05T19:22:36","date_gmt":"2022-07-05T22:22:36","guid":{"rendered":"http:\/\/biblio1.mdp.edu.ar\/centro-ventas\/?post_type=product&#038;p=2548"},"modified":"2026-03-30T15:39:49","modified_gmt":"2026-03-30T18:39:49","slug":"el-chacho","status":"publish","type":"product","link":"https:\/\/biblio1.mdp.edu.ar\/centro-ventas\/producto\/el-chacho\/","title":{"rendered":"El Chacho"},"content":{"rendered":"<p>Domingo Faustino Sarmiento (San Juan, Provincias Unidas del R\u00edo de la Plata, 15 de febrero de 1811 \u2013 Asunci\u00f3n, Paraguay, 11 de septiembre de 1888) es una \ufb01gura insoslayable en la historia y literatura argentina. Un autodidacta que lleg\u00f3 a la presidencia de la naci\u00f3n. Adem\u00e1s de pol\u00edtico, fue escritor, periodista, estadista, docente y militar. Sarmiento, siempre controvertido y provocador, en estas p\u00e1ginas pone bajo su lupa al caudillo riojano \u00c1ngel Vicente Pe\u00f1aloza, m\u00e1s conocido como El Chacho. La presente publicaci\u00f3n tiene un doble atractivo: por una parte respeta la graf\u00eda original de la primera edici\u00f3n, de esta forma, indefectiblemente el lector tiene la posibilidad de acercase a la manera en que el autor conceb\u00eda la lengua y su uso, su teor\u00eda del espa\u00f1ol y su pensamiento. Y por otro lado, contiene un riguroso estudio preliminar a cargo de M\u00f3nica Bueno que recorre aquellos hitos constituyentes de una compleja red de relaciones y pensamiento que involucra tanto al pol\u00e9mico Sarmiento como a Jos\u00e9 Hern\u00e1ndez y al, en palabras del Sarmiento, \u201cb\u00e1rbaro, ignorante e indisciplinado\u201d Chacho Pe\u00f1aloza.<\/p>\n","protected":false},"excerpt":{"rendered":"<p>Domingo Faustino Sarmiento (San Juan, Provincias Unidas del R\u00edo de la Plata, 15 de febrero de 1811 \u2013 Asunci\u00f3n, Paraguay, 11 de septiembre de 1888) es una \ufb01gura insoslayable en la historia y literatura argentina. Un autodidacta que lleg\u00f3 a la presidencia de la naci\u00f3n. Adem\u00e1s de pol\u00edtico, fue escritor, periodista, estadista, docente y militar. [&hellip;]<\/p>\n","protected":false},"featured_media":2549,"template":"","meta":{"_acf_changed":false,"_eb_attr":"","_crdt_document":"","_uag_custom_page_level_css":"","_editorskit_title_hidden":false,"_editorskit_reading_time":0,"_editorskit_is_block_options_detached":false,"_editorskit_block_options_position":"{}","site-sidebar-layout":"default","site-content-layout":"default","ast-site-content-layout":"default","site-content-style":"default","site-sidebar-style":"default","ast-global-header-display":"","ast-banner-title-visibility":"","ast-main-header-display":"","ast-hfb-above-header-display":"","ast-hfb-below-header-display":"","ast-hfb-mobile-header-display":"","site-post-title":"","ast-breadcrumbs-content":"","ast-featured-img":"","footer-sml-layout":"","ast-disable-related-posts":"","theme-transparent-header-meta":"default","adv-header-id-meta":"","stick-header-meta":"","header-above-stick-meta":"","header-main-stick-meta":"","header-below-stick-meta":"","astra-migrate-meta-layouts":"set","ast-page-background-enabled":"default","ast-page-background-meta":{"desktop":{"background-color":"var(--ast-global-color-4)","background-image":"","background-repeat":"repeat","background-position":"center center","background-size":"auto","background-attachment":"scroll","background-type":"","background-media":"","overlay-type":"","overlay-color":"","overlay-opacity":"","overlay-gradient":""},"tablet":{"background-color":"","background-image":"","background-repeat":"repeat","background-position":"center center","background-size":"auto","background-attachment":"scroll","background-type":"","background-media":"","overlay-type":"","overlay-color":"","overlay-opacity":"","overlay-gradient":""},"mobile":{"background-color":"","background-image":"","background-repeat":"repeat","background-position":"center center","background-size":"auto","background-attachment":"scroll","background-type":"","background-media":"","overlay-type":"","overlay-color":"","overlay-opacity":"","overlay-gradient":""}},"ast-content-background-meta":{"desktop":{"background-color":"var(--ast-global-color-5)","background-image":"","background-repeat":"repeat","background-position":"center center","background-size":"auto","background-attachment":"scroll","background-type":"","background-media":"","overlay-type":"","overlay-color":"","overlay-opacity":"","overlay-gradient":""},"tablet":{"background-color":"var(--ast-global-color-5)","background-image":"","background-repeat":"repeat","background-position":"center center","background-size":"auto","background-attachment":"scroll","background-type":"","background-media":"","overlay-type":"","overlay-color":"","overlay-opacity":"","overlay-gradient":""},"mobile":{"background-color":"var(--ast-global-color-5)","background-image":"","background-repeat":"repeat","background-position":"center center","background-size":"auto","background-attachment":"scroll","background-type":"","background-media":"","overlay-type":"","overlay-color":"","overlay-opacity":"","overlay-gradient":""}}},"product_cat":[162,32,28],"product_tag":[380,379],"class_list":{"0":"post-2548","1":"product","2":"type-product","3":"status-publish","4":"has-post-thumbnail","6":"product_cat-coleccion-escritores-argentinos","7":"product_cat-edudem","8":"product_cat-libro","9":"product_tag-caudillo","10":"product_tag-sarmiento","11":"desktop-align-left","12":"tablet-align-left","13":"mobile-align-left","15":"first","16":"instock","17":"shipping-taxable","18":"purchasable","19":"product-type-simple"},"acf":[],"uagb_featured_image_src":{"full":["https:\/\/biblio1.mdp.edu.ar\/centro-ventas\/wp-content\/uploads\/sites\/2\/2022\/07\/chacho.jpg",1400,2261,false],"thumbnail":["https:\/\/biblio1.mdp.edu.ar\/centro-ventas\/wp-content\/uploads\/sites\/2\/2022\/07\/chacho.jpg",93,150,false],"medium":["https:\/\/biblio1.mdp.edu.ar\/centro-ventas\/wp-content\/uploads\/sites\/2\/2022\/07\/chacho.jpg",186,300,false],"medium_large":["https:\/\/biblio1.mdp.edu.ar\/centro-ventas\/wp-content\/uploads\/sites\/2\/2022\/07\/chacho.jpg",768,1240,false],"large":["https:\/\/biblio1.mdp.edu.ar\/centro-ventas\/wp-content\/uploads\/sites\/2\/2022\/07\/chacho.jpg",634,1024,false],"1536x1536":["https:\/\/biblio1.mdp.edu.ar\/centro-ventas\/wp-content\/uploads\/sites\/2\/2022\/07\/chacho.jpg",951,1536,false],"2048x2048":["https:\/\/biblio1.mdp.edu.ar\/centro-ventas\/wp-content\/uploads\/sites\/2\/2022\/07\/chacho.jpg",1268,2048,false],"woocommerce_thumbnail":["https:\/\/biblio1.mdp.edu.ar\/centro-ventas\/wp-content\/uploads\/sites\/2\/2022\/07\/chacho.jpg",300,485,false],"woocommerce_single":["https:\/\/biblio1.mdp.edu.ar\/centro-ventas\/wp-content\/uploads\/sites\/2\/2022\/07\/chacho.jpg",600,969,false],"woocommerce_gallery_thumbnail":["https:\/\/biblio1.mdp.edu.ar\/centro-ventas\/wp-content\/uploads\/sites\/2\/2022\/07\/chacho-100x100.jpg",100,100,true]},"uagb_author_info":{"display_name":"Cristina Bernabe","author_link":"https:\/\/biblio1.mdp.edu.ar\/centro-ventas\/author\/"},"uagb_comment_info":0,"uagb_excerpt":"Domingo Faustino Sarmiento (San Juan, Provincias Unidas del R\u00edo de la Plata, 15 de febrero de 1811 \u2013 Asunci\u00f3n, Paraguay, 11 de septiembre de 1888) es una \ufb01gura insoslayable en la historia y literatura argentina. Un autodidacta que lleg\u00f3 a la presidencia de la naci\u00f3n. Adem\u00e1s de pol\u00edtico, fue escritor, periodista, estadista, docente y militar.&hellip;","_links":{"self":[{"href":"https:\/\/biblio1.mdp.edu.ar\/centro-ventas\/wp-json\/wp\/v2\/product\/2548","targetHints":{"allow":["GET"]}}],"collection":[{"href":"https:\/\/biblio1.mdp.edu.ar\/centro-ventas\/wp-json\/wp\/v2\/product"}],"about":[{"href":"https:\/\/biblio1.mdp.edu.ar\/centro-ventas\/wp-json\/wp\/v2\/types\/product"}],"wp:featuredmedia":[{"embeddable":true,"href":"https:\/\/biblio1.mdp.edu.ar\/centro-ventas\/wp-json\/wp\/v2\/media\/2549"}],"wp:attachment":[{"href":"https:\/\/biblio1.mdp.edu.ar\/centro-ventas\/wp-json\/wp\/v2\/media?parent=2548"}],"wp:term":[{"taxonomy":"product_cat","embeddable":true,"href":"https:\/\/biblio1.mdp.edu.ar\/centro-ventas\/wp-json\/wp\/v2\/product_cat?post=2548"},{"taxonomy":"product_tag","embeddable":true,"href":"https:\/\/biblio1.mdp.edu.ar\/centro-ventas\/wp-json\/wp\/v2\/product_tag?post=2548"}],"curies":[{"name":"wp","href":"https:\/\/api.w.org\/{rel}","templated":true}]}}