{"id":2544,"date":"2022-07-05T18:32:58","date_gmt":"2022-07-05T21:32:58","guid":{"rendered":"http:\/\/biblio1.mdp.edu.ar\/centro-ventas\/?post_type=product&#038;p=2544"},"modified":"2026-04-01T15:07:45","modified_gmt":"2026-04-01T18:07:45","slug":"del-trabajo-a-la-casa-mujeres-y-precarizacion-laboral-en-la-industria-pesquera","status":"publish","type":"product","link":"https:\/\/biblio1.mdp.edu.ar\/centro-ventas\/producto\/del-trabajo-a-la-casa-mujeres-y-precarizacion-laboral-en-la-industria-pesquera\/","title":{"rendered":"Del trabajo a la casa: mujeres y precarizaci\u00f3n laboral en la industria pesquera"},"content":{"rendered":"<p>En la Mar del Plata de la d\u00e9cada de 1990 la crisis del empleo confluy\u00f3 con una crisis de recursos en el sector pesquero, producto de pol\u00edticas que habilitaron la sobreexplotaci\u00f3n y la incorporaci\u00f3n de flotas con mayor capacidad de captura y sin procesamiento en tierra. El trabajo se transform\u00f3 en variable de ajuste privilegiada de las empresas locales, a fines de preservar su ya golpeada rentabilidad. En este escenario las protecciones laborales se disolvieron de hecho y de derecho, por la proliferaci\u00f3n de los contratos de trabajo informales y la apropiaci\u00f3n de formas jur\u00eddicas destinadas a eludir las obligaciones de los empleadores. Las trabajadoras transitan una identidad a horcajadas entre el orgullo por su capacidad para enfrentar la adversidad del esfuerzo f\u00edsico, los horarios at\u00edpicos, las condiciones precarias de contrataci\u00f3n, y la aceptaci\u00f3n individual de sus \u201cfaltas\u201d en el \u00e1mbito del cuidado de los hijos. Expresan en primera persona que \u201cdejaban\u201d a sus hijos para salir a trabajar, y recae sobre ellas el reclamo de sus familias por las ausencias dom\u00e9sticas. Las desigualdades de g\u00e9nero y clase confluyen en sus narraciones. Sus voces nos sugieren que hubo tiempos mejores para ser trabajadora, aunque tal vez no para ser mujer.<\/p>\n<p>&nbsp;<\/p>\n","protected":false},"excerpt":{"rendered":"<p>En la Mar del Plata de la d\u00e9cada de 1990 la crisis del empleo confluy\u00f3 con una crisis de recursos en el sector pesquero, producto de pol\u00edticas que habilitaron la sobreexplotaci\u00f3n y la incorporaci\u00f3n de flotas con mayor capacidad de captura y sin procesamiento en tierra. El trabajo se transform\u00f3 en variable de ajuste privilegiada [&hellip;]<\/p>\n","protected":false},"featured_media":2545,"template":"","meta":{"_acf_changed":false,"_eb_attr":"","_crdt_document":"","_uag_custom_page_level_css":"","_editorskit_title_hidden":false,"_editorskit_reading_time":0,"_editorskit_is_block_options_detached":false,"_editorskit_block_options_position":"{}","site-sidebar-layout":"default","site-content-layout":"default","ast-site-content-layout":"default","site-content-style":"default","site-sidebar-style":"default","ast-global-header-display":"","ast-banner-title-visibility":"","ast-main-header-display":"","ast-hfb-above-header-display":"","ast-hfb-below-header-display":"","ast-hfb-mobile-header-display":"","site-post-title":"","ast-breadcrumbs-content":"","ast-featured-img":"","footer-sml-layout":"","ast-disable-related-posts":"","theme-transparent-header-meta":"default","adv-header-id-meta":"","stick-header-meta":"","header-above-stick-meta":"","header-main-stick-meta":"","header-below-stick-meta":"","astra-migrate-meta-layouts":"set","ast-page-background-enabled":"default","ast-page-background-meta":{"desktop":{"background-color":"var(--ast-global-color-4)","background-image":"","background-repeat":"repeat","background-position":"center center","background-size":"auto","background-attachment":"scroll","background-type":"","background-media":"","overlay-type":"","overlay-color":"","overlay-opacity":"","overlay-gradient":""},"tablet":{"background-color":"","background-image":"","background-repeat":"repeat","background-position":"center center","background-size":"auto","background-attachment":"scroll","background-type":"","background-media":"","overlay-type":"","overlay-color":"","overlay-opacity":"","overlay-gradient":""},"mobile":{"background-color":"","background-image":"","background-repeat":"repeat","background-position":"center center","background-size":"auto","background-attachment":"scroll","background-type":"","background-media":"","overlay-type":"","overlay-color":"","overlay-opacity":"","overlay-gradient":""}},"ast-content-background-meta":{"desktop":{"background-color":"var(--ast-global-color-5)","background-image":"","background-repeat":"repeat","background-position":"center center","background-size":"auto","background-attachment":"scroll","background-type":"","background-media":"","overlay-type":"","overlay-color":"","overlay-opacity":"","overlay-gradient":""},"tablet":{"background-color":"var(--ast-global-color-5)","background-image":"","background-repeat":"repeat","background-position":"center center","background-size":"auto","background-attachment":"scroll","background-type":"","background-media":"","overlay-type":"","overlay-color":"","overlay-opacity":"","overlay-gradient":""},"mobile":{"background-color":"var(--ast-global-color-5)","background-image":"","background-repeat":"repeat","background-position":"center center","background-size":"auto","background-attachment":"scroll","background-type":"","background-media":"","overlay-type":"","overlay-color":"","overlay-opacity":"","overlay-gradient":""}}},"product_cat":[125,32,28,637],"product_tag":[80,184],"class_list":{"0":"post-2544","1":"product","2":"type-product","3":"status-publish","4":"has-post-thumbnail","6":"product_cat-coleccion-temas-de-ciudadania-y-politica","7":"product_cat-edudem","8":"product_cat-libro","9":"product_cat-punto-de-venta-derecho","10":"product_tag-mar-del-plata","11":"product_tag-mujeres","12":"desktop-align-left","13":"tablet-align-left","14":"mobile-align-left","16":"first","17":"instock","18":"shipping-taxable","19":"purchasable","20":"product-type-simple"},"acf":[],"uagb_featured_image_src":{"full":["https:\/\/biblio1.mdp.edu.ar\/centro-ventas\/wp-content\/uploads\/sites\/2\/2022\/07\/9789874440518.jpg",1000,1468,false],"thumbnail":["https:\/\/biblio1.mdp.edu.ar\/centro-ventas\/wp-content\/uploads\/sites\/2\/2022\/07\/9789874440518.jpg",102,150,false],"medium":["https:\/\/biblio1.mdp.edu.ar\/centro-ventas\/wp-content\/uploads\/sites\/2\/2022\/07\/9789874440518.jpg",204,300,false],"medium_large":["https:\/\/biblio1.mdp.edu.ar\/centro-ventas\/wp-content\/uploads\/sites\/2\/2022\/07\/9789874440518.jpg",768,1127,false],"large":["https:\/\/biblio1.mdp.edu.ar\/centro-ventas\/wp-content\/uploads\/sites\/2\/2022\/07\/9789874440518.jpg",698,1024,false],"1536x1536":["https:\/\/biblio1.mdp.edu.ar\/centro-ventas\/wp-content\/uploads\/sites\/2\/2022\/07\/9789874440518.jpg",1000,1468,false],"2048x2048":["https:\/\/biblio1.mdp.edu.ar\/centro-ventas\/wp-content\/uploads\/sites\/2\/2022\/07\/9789874440518.jpg",1000,1468,false],"woocommerce_thumbnail":["https:\/\/biblio1.mdp.edu.ar\/centro-ventas\/wp-content\/uploads\/sites\/2\/2022\/07\/9789874440518.jpg",300,440,false],"woocommerce_single":["https:\/\/biblio1.mdp.edu.ar\/centro-ventas\/wp-content\/uploads\/sites\/2\/2022\/07\/9789874440518.jpg",600,881,false],"woocommerce_gallery_thumbnail":["https:\/\/biblio1.mdp.edu.ar\/centro-ventas\/wp-content\/uploads\/sites\/2\/2022\/07\/9789874440518-100x100.jpg",100,100,true]},"uagb_author_info":{"display_name":"Cristina Bernabe","author_link":"https:\/\/biblio1.mdp.edu.ar\/centro-ventas\/author\/"},"uagb_comment_info":0,"uagb_excerpt":"En la Mar del Plata de la d\u00e9cada de 1990 la crisis del empleo confluy\u00f3 con una crisis de recursos en el sector pesquero, producto de pol\u00edticas que habilitaron la sobreexplotaci\u00f3n y la incorporaci\u00f3n de flotas con mayor capacidad de captura y sin procesamiento en tierra. El trabajo se transform\u00f3 en variable de ajuste privilegiada&hellip;","_links":{"self":[{"href":"https:\/\/biblio1.mdp.edu.ar\/centro-ventas\/wp-json\/wp\/v2\/product\/2544","targetHints":{"allow":["GET"]}}],"collection":[{"href":"https:\/\/biblio1.mdp.edu.ar\/centro-ventas\/wp-json\/wp\/v2\/product"}],"about":[{"href":"https:\/\/biblio1.mdp.edu.ar\/centro-ventas\/wp-json\/wp\/v2\/types\/product"}],"wp:featuredmedia":[{"embeddable":true,"href":"https:\/\/biblio1.mdp.edu.ar\/centro-ventas\/wp-json\/wp\/v2\/media\/2545"}],"wp:attachment":[{"href":"https:\/\/biblio1.mdp.edu.ar\/centro-ventas\/wp-json\/wp\/v2\/media?parent=2544"}],"wp:term":[{"taxonomy":"product_cat","embeddable":true,"href":"https:\/\/biblio1.mdp.edu.ar\/centro-ventas\/wp-json\/wp\/v2\/product_cat?post=2544"},{"taxonomy":"product_tag","embeddable":true,"href":"https:\/\/biblio1.mdp.edu.ar\/centro-ventas\/wp-json\/wp\/v2\/product_tag?post=2544"}],"curies":[{"name":"wp","href":"https:\/\/api.w.org\/{rel}","templated":true}]}}