{"id":2540,"date":"2022-07-05T18:18:21","date_gmt":"2022-07-05T21:18:21","guid":{"rendered":"http:\/\/biblio1.mdp.edu.ar\/centro-ventas\/?post_type=product&#038;p=2540"},"modified":"2026-03-30T15:14:35","modified_gmt":"2026-03-30T18:14:35","slug":"ciencia-ensenanza-y-aprendizaje","status":"publish","type":"product","link":"https:\/\/biblio1.mdp.edu.ar\/centro-ventas\/producto\/ciencia-ensenanza-y-aprendizaje\/","title":{"rendered":"Ciencia, ense\u00f1anza y aprendizaje"},"content":{"rendered":"<p>En los \u00faltimos tiempos, ante la urgencia de promover cambios que conduzcan a formar profesionales acordes con las demandas actuales de la sociedad, la Universidad est\u00e1 siendo interrogada respecto no s\u00f3lo de la formaci\u00f3n con la que egresan sus estudiantes sino tambi\u00e9n de lo que ocurre dentro de sus aulas. Uno de los factores que explican la dificultad para gestionar estos cambios solicitados es la falta de atenci\u00f3n que se le ha dado a la influencia que tienen las concepciones de los profesores sobre la ense\u00f1anza y aprendizaje de su disciplina y sobre el propio conocimiento cient\u00edfico. Junto con las modificaciones de los planes de estudios que se vienen trabajando en las distintas carreras, se requiere tambi\u00e9n de la aparici\u00f3n de nuevas convicciones en los docentes que permitan colocar el aprendizaje en el centro del escenario \u00e1ulico, adoptando estrategias de ense\u00f1anza m\u00e1s din\u00e1micas y con un sentido constructivo del conocimiento. El prop\u00f3sito de este libro es describir las concepciones sobre el conocimiento cient\u00edfico, su ense\u00f1anza y su aprendizaje en docentes universitarios de ciencias exactas y naturales. Se profundiza en sus epistemolog\u00edas personales para analizar su origen, sus caracter\u00edsticas y la manera en que inciden tanto en su actuaci\u00f3n profesional como en el aprendizaje de sus estudiantes. Se trata de un libro destinado a docentes universitario y a investigadores en el campo de la ense\u00f1anza de las ciencias. Tambi\u00e9n es una lectura interesante para docentes que desarrollan su tarea en la Ense\u00f1anza Media ya que muchas de las cuestiones que se discuten son problem\u00e1ticas que aparecen con frecuencia en este nivel.<\/p>\n","protected":false},"excerpt":{"rendered":"<p>En los \u00faltimos tiempos, ante la urgencia de promover cambios que conduzcan a formar profesionales acordes con las demandas actuales de la sociedad, la Universidad est\u00e1 siendo interrogada respecto no s\u00f3lo de la formaci\u00f3n con la que egresan sus estudiantes sino tambi\u00e9n de lo que ocurre dentro de sus aulas. Uno de los factores que [&hellip;]<\/p>\n","protected":false},"featured_media":2541,"template":"","meta":{"_acf_changed":false,"_eb_attr":"","_crdt_document":"","_uag_custom_page_level_css":"","_editorskit_title_hidden":false,"_editorskit_reading_time":0,"_editorskit_is_block_options_detached":false,"_editorskit_block_options_position":"{}","site-sidebar-layout":"default","site-content-layout":"default","ast-site-content-layout":"default","site-content-style":"default","site-sidebar-style":"default","ast-global-header-display":"","ast-banner-title-visibility":"","ast-main-header-display":"","ast-hfb-above-header-display":"","ast-hfb-below-header-display":"","ast-hfb-mobile-header-display":"","site-post-title":"","ast-breadcrumbs-content":"","ast-featured-img":"","footer-sml-layout":"","ast-disable-related-posts":"","theme-transparent-header-meta":"default","adv-header-id-meta":"","stick-header-meta":"","header-above-stick-meta":"","header-main-stick-meta":"","header-below-stick-meta":"","astra-migrate-meta-layouts":"set","ast-page-background-enabled":"default","ast-page-background-meta":{"desktop":{"background-color":"var(--ast-global-color-4)","background-image":"","background-repeat":"repeat","background-position":"center center","background-size":"auto","background-attachment":"scroll","background-type":"","background-media":"","overlay-type":"","overlay-color":"","overlay-opacity":"","overlay-gradient":""},"tablet":{"background-color":"","background-image":"","background-repeat":"repeat","background-position":"center center","background-size":"auto","background-attachment":"scroll","background-type":"","background-media":"","overlay-type":"","overlay-color":"","overlay-opacity":"","overlay-gradient":""},"mobile":{"background-color":"","background-image":"","background-repeat":"repeat","background-position":"center center","background-size":"auto","background-attachment":"scroll","background-type":"","background-media":"","overlay-type":"","overlay-color":"","overlay-opacity":"","overlay-gradient":""}},"ast-content-background-meta":{"desktop":{"background-color":"var(--ast-global-color-5)","background-image":"","background-repeat":"repeat","background-position":"center center","background-size":"auto","background-attachment":"scroll","background-type":"","background-media":"","overlay-type":"","overlay-color":"","overlay-opacity":"","overlay-gradient":""},"tablet":{"background-color":"var(--ast-global-color-5)","background-image":"","background-repeat":"repeat","background-position":"center center","background-size":"auto","background-attachment":"scroll","background-type":"","background-media":"","overlay-type":"","overlay-color":"","overlay-opacity":"","overlay-gradient":""},"mobile":{"background-color":"var(--ast-global-color-5)","background-image":"","background-repeat":"repeat","background-position":"center center","background-size":"auto","background-attachment":"scroll","background-type":"","background-media":"","overlay-type":"","overlay-color":"","overlay-opacity":"","overlay-gradient":""}}},"product_cat":[115,32,28],"product_tag":[378,377,376],"class_list":{"0":"post-2540","1":"product","2":"type-product","3":"status-publish","4":"has-post-thumbnail","6":"product_cat-herramientas","7":"product_cat-edudem","8":"product_cat-libro","9":"product_tag-actualizacion-de-la-ensenanza","10":"product_tag-ensenanza-de-ciencias","11":"product_tag-ensenanza-universitaria","12":"desktop-align-left","13":"tablet-align-left","14":"mobile-align-left","16":"first","17":"instock","18":"shipping-taxable","19":"purchasable","20":"product-type-simple"},"acf":[],"uagb_featured_image_src":{"full":["https:\/\/biblio1.mdp.edu.ar\/centro-ventas\/wp-content\/uploads\/sites\/2\/2022\/07\/tapa_Ciencia-ensenanza-y-aprendizaje.jpg",1000,1500,false],"thumbnail":["https:\/\/biblio1.mdp.edu.ar\/centro-ventas\/wp-content\/uploads\/sites\/2\/2022\/07\/tapa_Ciencia-ensenanza-y-aprendizaje.jpg",100,150,false],"medium":["https:\/\/biblio1.mdp.edu.ar\/centro-ventas\/wp-content\/uploads\/sites\/2\/2022\/07\/tapa_Ciencia-ensenanza-y-aprendizaje.jpg",200,300,false],"medium_large":["https:\/\/biblio1.mdp.edu.ar\/centro-ventas\/wp-content\/uploads\/sites\/2\/2022\/07\/tapa_Ciencia-ensenanza-y-aprendizaje.jpg",768,1152,false],"large":["https:\/\/biblio1.mdp.edu.ar\/centro-ventas\/wp-content\/uploads\/sites\/2\/2022\/07\/tapa_Ciencia-ensenanza-y-aprendizaje.jpg",683,1024,false],"1536x1536":["https:\/\/biblio1.mdp.edu.ar\/centro-ventas\/wp-content\/uploads\/sites\/2\/2022\/07\/tapa_Ciencia-ensenanza-y-aprendizaje.jpg",1000,1500,false],"2048x2048":["https:\/\/biblio1.mdp.edu.ar\/centro-ventas\/wp-content\/uploads\/sites\/2\/2022\/07\/tapa_Ciencia-ensenanza-y-aprendizaje.jpg",1000,1500,false],"woocommerce_thumbnail":["https:\/\/biblio1.mdp.edu.ar\/centro-ventas\/wp-content\/uploads\/sites\/2\/2022\/07\/tapa_Ciencia-ensenanza-y-aprendizaje.jpg",300,450,false],"woocommerce_single":["https:\/\/biblio1.mdp.edu.ar\/centro-ventas\/wp-content\/uploads\/sites\/2\/2022\/07\/tapa_Ciencia-ensenanza-y-aprendizaje.jpg",600,900,false],"woocommerce_gallery_thumbnail":["https:\/\/biblio1.mdp.edu.ar\/centro-ventas\/wp-content\/uploads\/sites\/2\/2022\/07\/tapa_Ciencia-ensenanza-y-aprendizaje-100x100.jpg",100,100,true]},"uagb_author_info":{"display_name":"Cristina Bernabe","author_link":"https:\/\/biblio1.mdp.edu.ar\/centro-ventas\/author\/"},"uagb_comment_info":0,"uagb_excerpt":"En los \u00faltimos tiempos, ante la urgencia de promover cambios que conduzcan a formar profesionales acordes con las demandas actuales de la sociedad, la Universidad est\u00e1 siendo interrogada respecto no s\u00f3lo de la formaci\u00f3n con la que egresan sus estudiantes sino tambi\u00e9n de lo que ocurre dentro de sus aulas. Uno de los factores que&hellip;","_links":{"self":[{"href":"https:\/\/biblio1.mdp.edu.ar\/centro-ventas\/wp-json\/wp\/v2\/product\/2540","targetHints":{"allow":["GET"]}}],"collection":[{"href":"https:\/\/biblio1.mdp.edu.ar\/centro-ventas\/wp-json\/wp\/v2\/product"}],"about":[{"href":"https:\/\/biblio1.mdp.edu.ar\/centro-ventas\/wp-json\/wp\/v2\/types\/product"}],"wp:featuredmedia":[{"embeddable":true,"href":"https:\/\/biblio1.mdp.edu.ar\/centro-ventas\/wp-json\/wp\/v2\/media\/2541"}],"wp:attachment":[{"href":"https:\/\/biblio1.mdp.edu.ar\/centro-ventas\/wp-json\/wp\/v2\/media?parent=2540"}],"wp:term":[{"taxonomy":"product_cat","embeddable":true,"href":"https:\/\/biblio1.mdp.edu.ar\/centro-ventas\/wp-json\/wp\/v2\/product_cat?post=2540"},{"taxonomy":"product_tag","embeddable":true,"href":"https:\/\/biblio1.mdp.edu.ar\/centro-ventas\/wp-json\/wp\/v2\/product_tag?post=2540"}],"curies":[{"name":"wp","href":"https:\/\/api.w.org\/{rel}","templated":true}]}}