{"id":2536,"date":"2022-07-05T17:32:44","date_gmt":"2022-07-05T20:32:44","guid":{"rendered":"http:\/\/biblio1.mdp.edu.ar\/centro-ventas\/?post_type=product&#038;p=2536"},"modified":"2026-03-30T15:38:58","modified_gmt":"2026-03-30T18:38:58","slug":"el-amor-brujo","status":"publish","type":"product","link":"https:\/\/biblio1.mdp.edu.ar\/centro-ventas\/producto\/el-amor-brujo\/","title":{"rendered":"El amor brujo"},"content":{"rendered":"<h4>Sinopsis<\/h4>\n<p>&nbsp;<\/p>\n<p>Publicada por los Talleres Tipogr\u00e1ficos de Manuel Lorenzo Ra\u00f1\u00f3 en 1932,\u00a0<em>El amor brujo\u00a0<\/em>es la cuarta y \u00faltima novela del escritor argentino Roberto Arlt (1900-1942). Anunciada en el pr\u00f3logo de\u00a0<em>Los lanzallamas\u00a0<\/em>(1931), la novela cuenta centralmente la historia del ingeniero Estanislao Balder, un hombre casado y con un hijo de seis a\u00f1os, quien a los veintis\u00e9is a\u00f1os se enamora de Irene Loayza, una joven estudiante de diecis\u00e9is a\u00f1os. Un viaje en tranv\u00eda a Retiro de Irene posibilita el primer encuentro e introduce el destino de los amantes furtivos. Pero la novela no es una novela sobre el amor o no es precisamente una novela s\u00f3lo del amor entre una joven muchacha y un hombre maduro entregado a sus tribulaciones er\u00f3ticas. El hechizo de amor es la condici\u00f3n previa que encuentra el autor para deconstruir los escr\u00fapulos sobre el matrimonio y la creencia en la instituci\u00f3n familiar como sedes de la felicidad. En este sentido, la novela\u00a0puede leerse como una discusi\u00f3n sobre los valores del amor peque\u00f1o burgu\u00e9s y una refutaci\u00f3n de la moral hegem\u00f3nica en su \u00e9poca que impiden el amor y el deseo por fuera del matrimonio y del recinto hogare\u00f1o. Las costumbres socialmente aceptadas y el contrato matrimonial permitido no hacen otra cosa, dir\u00eda Arlt, que ocultar las condiciones de propiedad y de producci\u00f3n capitalista que legislan la moral y las buenas costumbres.<\/p>\n<p>&nbsp;<\/p>\n","protected":false},"excerpt":{"rendered":"<p>Sinopsis &nbsp; Publicada por los Talleres Tipogr\u00e1ficos de Manuel Lorenzo Ra\u00f1\u00f3 en 1932,\u00a0El amor brujo\u00a0es la cuarta y \u00faltima novela del escritor argentino Roberto Arlt (1900-1942). Anunciada en el pr\u00f3logo de\u00a0Los lanzallamas\u00a0(1931), la novela cuenta centralmente la historia del ingeniero Estanislao Balder, un hombre casado y con un hijo de seis a\u00f1os, quien a los [&hellip;]<\/p>\n","protected":false},"featured_media":2537,"template":"","meta":{"_acf_changed":false,"_eb_attr":"","_crdt_document":"","_uag_custom_page_level_css":"","_editorskit_title_hidden":false,"_editorskit_reading_time":0,"_editorskit_is_block_options_detached":false,"_editorskit_block_options_position":"{}","site-sidebar-layout":"default","site-content-layout":"default","ast-site-content-layout":"default","site-content-style":"default","site-sidebar-style":"default","ast-global-header-display":"","ast-banner-title-visibility":"","ast-main-header-display":"","ast-hfb-above-header-display":"","ast-hfb-below-header-display":"","ast-hfb-mobile-header-display":"","site-post-title":"","ast-breadcrumbs-content":"","ast-featured-img":"","footer-sml-layout":"","ast-disable-related-posts":"","theme-transparent-header-meta":"default","adv-header-id-meta":"","stick-header-meta":"","header-above-stick-meta":"","header-main-stick-meta":"","header-below-stick-meta":"","astra-migrate-meta-layouts":"default","ast-page-background-enabled":"default","ast-page-background-meta":{"desktop":{"background-color":"var(--ast-global-color-4)","background-image":"","background-repeat":"repeat","background-position":"center center","background-size":"auto","background-attachment":"scroll","background-type":"","background-media":"","overlay-type":"","overlay-color":"","overlay-opacity":"","overlay-gradient":""},"tablet":{"background-color":"","background-image":"","background-repeat":"repeat","background-position":"center center","background-size":"auto","background-attachment":"scroll","background-type":"","background-media":"","overlay-type":"","overlay-color":"","overlay-opacity":"","overlay-gradient":""},"mobile":{"background-color":"","background-image":"","background-repeat":"repeat","background-position":"center center","background-size":"auto","background-attachment":"scroll","background-type":"","background-media":"","overlay-type":"","overlay-color":"","overlay-opacity":"","overlay-gradient":""}},"ast-content-background-meta":{"desktop":{"background-color":"var(--ast-global-color-5)","background-image":"","background-repeat":"repeat","background-position":"center center","background-size":"auto","background-attachment":"scroll","background-type":"","background-media":"","overlay-type":"","overlay-color":"","overlay-opacity":"","overlay-gradient":""},"tablet":{"background-color":"var(--ast-global-color-5)","background-image":"","background-repeat":"repeat","background-position":"center center","background-size":"auto","background-attachment":"scroll","background-type":"","background-media":"","overlay-type":"","overlay-color":"","overlay-opacity":"","overlay-gradient":""},"mobile":{"background-color":"var(--ast-global-color-5)","background-image":"","background-repeat":"repeat","background-position":"center center","background-size":"auto","background-attachment":"scroll","background-type":"","background-media":"","overlay-type":"","overlay-color":"","overlay-opacity":"","overlay-gradient":""}}},"product_cat":[162,32,28],"product_tag":[],"class_list":{"0":"post-2536","1":"product","2":"type-product","3":"status-publish","4":"has-post-thumbnail","6":"product_cat-coleccion-escritores-argentinos","7":"product_cat-edudem","8":"product_cat-libro","9":"desktop-align-left","10":"tablet-align-left","11":"mobile-align-left","13":"first","14":"instock","15":"shipping-taxable","16":"purchasable","17":"product-type-simple"},"acf":[],"uagb_featured_image_src":{"full":["https:\/\/biblio1.mdp.edu.ar\/centro-ventas\/wp-content\/uploads\/sites\/2\/2022\/07\/tapa_amor_brujo-frente.jpg",1536,2482,false],"thumbnail":["https:\/\/biblio1.mdp.edu.ar\/centro-ventas\/wp-content\/uploads\/sites\/2\/2022\/07\/tapa_amor_brujo-frente.jpg",93,150,false],"medium":["https:\/\/biblio1.mdp.edu.ar\/centro-ventas\/wp-content\/uploads\/sites\/2\/2022\/07\/tapa_amor_brujo-frente.jpg",186,300,false],"medium_large":["https:\/\/biblio1.mdp.edu.ar\/centro-ventas\/wp-content\/uploads\/sites\/2\/2022\/07\/tapa_amor_brujo-frente.jpg",768,1241,false],"large":["https:\/\/biblio1.mdp.edu.ar\/centro-ventas\/wp-content\/uploads\/sites\/2\/2022\/07\/tapa_amor_brujo-frente.jpg",634,1024,false],"1536x1536":["https:\/\/biblio1.mdp.edu.ar\/centro-ventas\/wp-content\/uploads\/sites\/2\/2022\/07\/tapa_amor_brujo-frente.jpg",951,1536,false],"2048x2048":["https:\/\/biblio1.mdp.edu.ar\/centro-ventas\/wp-content\/uploads\/sites\/2\/2022\/07\/tapa_amor_brujo-frente.jpg",1267,2048,false],"woocommerce_thumbnail":["https:\/\/biblio1.mdp.edu.ar\/centro-ventas\/wp-content\/uploads\/sites\/2\/2022\/07\/tapa_amor_brujo-frente.jpg",300,485,false],"woocommerce_single":["https:\/\/biblio1.mdp.edu.ar\/centro-ventas\/wp-content\/uploads\/sites\/2\/2022\/07\/tapa_amor_brujo-frente.jpg",600,970,false],"woocommerce_gallery_thumbnail":["https:\/\/biblio1.mdp.edu.ar\/centro-ventas\/wp-content\/uploads\/sites\/2\/2022\/07\/tapa_amor_brujo-frente-100x100.jpg",100,100,true]},"uagb_author_info":{"display_name":"Cristina Bernabe","author_link":"https:\/\/biblio1.mdp.edu.ar\/centro-ventas\/author\/"},"uagb_comment_info":0,"uagb_excerpt":"Sinopsis &nbsp; Publicada por los Talleres Tipogr\u00e1ficos de Manuel Lorenzo Ra\u00f1\u00f3 en 1932,\u00a0El amor brujo\u00a0es la cuarta y \u00faltima novela del escritor argentino Roberto Arlt (1900-1942). Anunciada en el pr\u00f3logo de\u00a0Los lanzallamas\u00a0(1931), la novela cuenta centralmente la historia del ingeniero Estanislao Balder, un hombre casado y con un hijo de seis a\u00f1os, quien a los&hellip;","_links":{"self":[{"href":"https:\/\/biblio1.mdp.edu.ar\/centro-ventas\/wp-json\/wp\/v2\/product\/2536","targetHints":{"allow":["GET"]}}],"collection":[{"href":"https:\/\/biblio1.mdp.edu.ar\/centro-ventas\/wp-json\/wp\/v2\/product"}],"about":[{"href":"https:\/\/biblio1.mdp.edu.ar\/centro-ventas\/wp-json\/wp\/v2\/types\/product"}],"wp:featuredmedia":[{"embeddable":true,"href":"https:\/\/biblio1.mdp.edu.ar\/centro-ventas\/wp-json\/wp\/v2\/media\/2537"}],"wp:attachment":[{"href":"https:\/\/biblio1.mdp.edu.ar\/centro-ventas\/wp-json\/wp\/v2\/media?parent=2536"}],"wp:term":[{"taxonomy":"product_cat","embeddable":true,"href":"https:\/\/biblio1.mdp.edu.ar\/centro-ventas\/wp-json\/wp\/v2\/product_cat?post=2536"},{"taxonomy":"product_tag","embeddable":true,"href":"https:\/\/biblio1.mdp.edu.ar\/centro-ventas\/wp-json\/wp\/v2\/product_tag?post=2536"}],"curies":[{"name":"wp","href":"https:\/\/api.w.org\/{rel}","templated":true}]}}