{"id":2532,"date":"2022-07-05T15:49:41","date_gmt":"2022-07-05T18:49:41","guid":{"rendered":"http:\/\/biblio1.mdp.edu.ar\/centro-ventas\/?post_type=product&#038;p=2532"},"modified":"2026-03-30T16:47:46","modified_gmt":"2026-03-30T19:47:46","slug":"la-politica-en-plural","status":"publish","type":"product","link":"https:\/\/biblio1.mdp.edu.ar\/centro-ventas\/producto\/la-politica-en-plural\/","title":{"rendered":"La Pol\u00edtica en plural"},"content":{"rendered":"<p>Los trabajos reunidos en La pol\u00edtica en plural contribuyen a difundir perspectivas originales en el a\u0301mbito del ana\u0301lisis poli\u0301tico, con un fuerte e\u0301nfasis en los aportes de la sociologi\u0301a, la ciencia pol\u00edtica, la antropologi\u0301a y la historia al abordaje del estudio empi\u0301rico de la poli\u0301tica. Ofrecen herramientas conceptuales y metodolo\u0301gicas de inter\u00e9s para el investigador y el estudiante de grado y posgrado. Tambi\u00e9n buscan atraer a lectores no especializados que buscan desandar los discursos abstractos o superficiales sobre la pol\u00edtica contempor\u00e1nea. El car\u00e1cter plural de los estudios contenidos en este volumen da cuenta de la diversidad de aproximaciones a los hechos poli\u0301ticos que existen en las ciencias sociales. Pero tambie\u0301n alcanza a los diferentes objetos abordados en los capi\u0301tulos del libro (actitudes y comportamientos poli\u0301ticos, organizaciones y partidos poli\u0301ticos, instituciones poli\u0301ticas y poli\u0301ticas pu\u0301blicas) y a la insistencia en que ninguno de estos objetos es simple y homoge\u0301neo: se describen diversos modos de relacionarse con la poli\u0301tica, incluyendo las distintas maneras de votar o de protestar; se analizan distintos modos de ejercer la ciudadani\u0301a, incluyendo lo que suele presentarse de manera simplificada como clientelismo; se identifican maneras diferentes de hacer poli\u0301tica y ejercer funciones gubernamentales, como tambie\u0301n de llevar adelante una poli\u0301tica pu\u0301blica. La pol\u00edtica en plural re\u00fane entonces pluralidad de perspectivas y de objetos, pero es tambi\u00e9n una v\u00eda de acceso a la pluralidad de la vida pol\u00edtica. Las contribuciones reunidas en este libro tienen algo para decir sobre cada una de estas cuestiones.<\/p>\n","protected":false},"excerpt":{"rendered":"<p>Los trabajos reunidos en La pol\u00edtica en plural contribuyen a difundir perspectivas originales en el a\u0301mbito del ana\u0301lisis poli\u0301tico, con un fuerte e\u0301nfasis en los aportes de la sociologi\u0301a, la ciencia pol\u00edtica, la antropologi\u0301a y la historia al abordaje del estudio empi\u0301rico de la poli\u0301tica. Ofrecen herramientas conceptuales y metodolo\u0301gicas de inter\u00e9s para el investigador [&hellip;]<\/p>\n","protected":false},"featured_media":2533,"template":"","meta":{"_acf_changed":false,"_eb_attr":"","_crdt_document":"","_uag_custom_page_level_css":"","_editorskit_title_hidden":false,"_editorskit_reading_time":0,"_editorskit_is_block_options_detached":false,"_editorskit_block_options_position":"{}","site-sidebar-layout":"default","site-content-layout":"default","ast-site-content-layout":"default","site-content-style":"default","site-sidebar-style":"default","ast-global-header-display":"","ast-banner-title-visibility":"","ast-main-header-display":"","ast-hfb-above-header-display":"","ast-hfb-below-header-display":"","ast-hfb-mobile-header-display":"","site-post-title":"","ast-breadcrumbs-content":"","ast-featured-img":"","footer-sml-layout":"","ast-disable-related-posts":"","theme-transparent-header-meta":"default","adv-header-id-meta":"","stick-header-meta":"","header-above-stick-meta":"","header-main-stick-meta":"","header-below-stick-meta":"","astra-migrate-meta-layouts":"default","ast-page-background-enabled":"default","ast-page-background-meta":{"desktop":{"background-color":"var(--ast-global-color-4)","background-image":"","background-repeat":"repeat","background-position":"center center","background-size":"auto","background-attachment":"scroll","background-type":"","background-media":"","overlay-type":"","overlay-color":"","overlay-opacity":"","overlay-gradient":""},"tablet":{"background-color":"","background-image":"","background-repeat":"repeat","background-position":"center center","background-size":"auto","background-attachment":"scroll","background-type":"","background-media":"","overlay-type":"","overlay-color":"","overlay-opacity":"","overlay-gradient":""},"mobile":{"background-color":"","background-image":"","background-repeat":"repeat","background-position":"center center","background-size":"auto","background-attachment":"scroll","background-type":"","background-media":"","overlay-type":"","overlay-color":"","overlay-opacity":"","overlay-gradient":""}},"ast-content-background-meta":{"desktop":{"background-color":"var(--ast-global-color-5)","background-image":"","background-repeat":"repeat","background-position":"center center","background-size":"auto","background-attachment":"scroll","background-type":"","background-media":"","overlay-type":"","overlay-color":"","overlay-opacity":"","overlay-gradient":""},"tablet":{"background-color":"var(--ast-global-color-5)","background-image":"","background-repeat":"repeat","background-position":"center center","background-size":"auto","background-attachment":"scroll","background-type":"","background-media":"","overlay-type":"","overlay-color":"","overlay-opacity":"","overlay-gradient":""},"mobile":{"background-color":"var(--ast-global-color-5)","background-image":"","background-repeat":"repeat","background-position":"center center","background-size":"auto","background-attachment":"scroll","background-type":"","background-media":"","overlay-type":"","overlay-color":"","overlay-opacity":"","overlay-gradient":""}}},"product_cat":[125,32,28,637],"product_tag":[],"class_list":{"0":"post-2532","1":"product","2":"type-product","3":"status-publish","4":"has-post-thumbnail","6":"product_cat-coleccion-temas-de-ciudadania-y-politica","7":"product_cat-edudem","8":"product_cat-libro","9":"product_cat-punto-de-venta-derecho","10":"desktop-align-left","11":"tablet-align-left","12":"mobile-align-left","14":"first","15":"instock","16":"shipping-taxable","17":"purchasable","18":"product-type-simple"},"acf":[],"uagb_featured_image_src":{"full":["https:\/\/biblio1.mdp.edu.ar\/centro-ventas\/wp-content\/uploads\/sites\/2\/2022\/07\/plural.jpg",324,500,false],"thumbnail":["https:\/\/biblio1.mdp.edu.ar\/centro-ventas\/wp-content\/uploads\/sites\/2\/2022\/07\/plural.jpg",97,150,false],"medium":["https:\/\/biblio1.mdp.edu.ar\/centro-ventas\/wp-content\/uploads\/sites\/2\/2022\/07\/plural.jpg",194,300,false],"medium_large":["https:\/\/biblio1.mdp.edu.ar\/centro-ventas\/wp-content\/uploads\/sites\/2\/2022\/07\/plural.jpg",324,500,false],"large":["https:\/\/biblio1.mdp.edu.ar\/centro-ventas\/wp-content\/uploads\/sites\/2\/2022\/07\/plural.jpg",324,500,false],"1536x1536":["https:\/\/biblio1.mdp.edu.ar\/centro-ventas\/wp-content\/uploads\/sites\/2\/2022\/07\/plural.jpg",324,500,false],"2048x2048":["https:\/\/biblio1.mdp.edu.ar\/centro-ventas\/wp-content\/uploads\/sites\/2\/2022\/07\/plural.jpg",324,500,false],"woocommerce_thumbnail":["https:\/\/biblio1.mdp.edu.ar\/centro-ventas\/wp-content\/uploads\/sites\/2\/2022\/07\/plural.jpg",300,463,false],"woocommerce_single":["https:\/\/biblio1.mdp.edu.ar\/centro-ventas\/wp-content\/uploads\/sites\/2\/2022\/07\/plural.jpg",324,500,false],"woocommerce_gallery_thumbnail":["https:\/\/biblio1.mdp.edu.ar\/centro-ventas\/wp-content\/uploads\/sites\/2\/2022\/07\/plural-100x100.jpg",100,100,true]},"uagb_author_info":{"display_name":"Maria Balerdi","author_link":"https:\/\/biblio1.mdp.edu.ar\/centro-ventas\/author\/"},"uagb_comment_info":0,"uagb_excerpt":"Los trabajos reunidos en La pol\u00edtica en plural contribuyen a difundir perspectivas originales en el a\u0301mbito del ana\u0301lisis poli\u0301tico, con un fuerte e\u0301nfasis en los aportes de la sociologi\u0301a, la ciencia pol\u00edtica, la antropologi\u0301a y la historia al abordaje del estudio empi\u0301rico de la poli\u0301tica. Ofrecen herramientas conceptuales y metodolo\u0301gicas de inter\u00e9s para el investigador&hellip;","_links":{"self":[{"href":"https:\/\/biblio1.mdp.edu.ar\/centro-ventas\/wp-json\/wp\/v2\/product\/2532","targetHints":{"allow":["GET"]}}],"collection":[{"href":"https:\/\/biblio1.mdp.edu.ar\/centro-ventas\/wp-json\/wp\/v2\/product"}],"about":[{"href":"https:\/\/biblio1.mdp.edu.ar\/centro-ventas\/wp-json\/wp\/v2\/types\/product"}],"wp:featuredmedia":[{"embeddable":true,"href":"https:\/\/biblio1.mdp.edu.ar\/centro-ventas\/wp-json\/wp\/v2\/media\/2533"}],"wp:attachment":[{"href":"https:\/\/biblio1.mdp.edu.ar\/centro-ventas\/wp-json\/wp\/v2\/media?parent=2532"}],"wp:term":[{"taxonomy":"product_cat","embeddable":true,"href":"https:\/\/biblio1.mdp.edu.ar\/centro-ventas\/wp-json\/wp\/v2\/product_cat?post=2532"},{"taxonomy":"product_tag","embeddable":true,"href":"https:\/\/biblio1.mdp.edu.ar\/centro-ventas\/wp-json\/wp\/v2\/product_tag?post=2532"}],"curies":[{"name":"wp","href":"https:\/\/api.w.org\/{rel}","templated":true}]}}