{"id":2530,"date":"2022-07-05T15:43:46","date_gmt":"2022-07-05T18:43:46","guid":{"rendered":"http:\/\/biblio1.mdp.edu.ar\/centro-ventas\/?post_type=product&#038;p=2530"},"modified":"2026-03-30T16:13:04","modified_gmt":"2026-03-30T19:13:04","slug":"la-lucha-politica-y-los-derechos-economicos-sociales-y-culturales","status":"publish","type":"product","link":"https:\/\/biblio1.mdp.edu.ar\/centro-ventas\/producto\/la-lucha-politica-y-los-derechos-economicos-sociales-y-culturales\/","title":{"rendered":"La lucha pol\u00edtica y los derechos econ\u00f3micos, sociales y culturales"},"content":{"rendered":"<p>\u00bfPor qu\u00e9 todos los Derechos Humanos no son exigibles con el mismo alcance ante el Poder Judicial?<br \/>\nA esta simple pregunta a lo largo de los a\u00f1os se le han intentado varias respuestas, pero entendemos todas desde perspectivas distintas a la aqu\u00ed propuesta.<br \/>\nEn esta obra sostenemos que los or\u00edgenes de la creaci\u00f3n de los Derechos Econ\u00f3micos, Sociales y Culturales explican su actual estado de exigibilidad y justiciabilidad. Los derechos que necesariamente tienen sost\u00e9n en un mundo con justicia social, y los motivos de su afianzamiento en el campo jur\u00eddico, dan cuenta en gran medida sobre la fuerza del derecho concedida en la actualidad.<br \/>\nLa relativa autonom\u00eda del campo jur\u00eddico, rodeado y condicionado por una serie de capitales que delimitan su margen de maniobra, pero que a la vez lo colocan en un lugar de suma importancia en esa disputa entre los microcosmos sociales, revelan la otra parte de nuestro interrogante.<br \/>\nEl resto se lo dejamos al lector.<br \/>\nParafraseando una frase que dio vuelta al mundo, it\u00b4s politics, stupid.<\/p>\n<p><span class=\"pq6dq46d tbxw36s4 knj5qynh kvgmc6g5 ditlmg2l oygrvhab nvdbi5me sf5mxxl7 gl3lb2sf hhz5lgdu\"><img loading=\"lazy\" decoding=\"async\" src=\"https:\/\/static.xx.fbcdn.net\/images\/emoji.php\/v9\/taa\/1.5\/16\/1f449.png\" alt=\"\ud83d\udc49\" width=\"16\" height=\"16\" \/><\/span>\u00a0Jos\u00e9 Luis Zerillo<br \/>\nAbogado (UNMDP), Magister en Derechos Humanos (UNLP), 20 a\u00f1os de docencia en la materia de Derechos Humanos y Garant\u00edas Constitucionales (Abogac\u00eda UNMDP) y algunos menos en Derecho Pol\u00edtico (Cs. Pol\u00edticas UNMDP). Miembro de la Asamblea permanente por los Derechos Humanos y abogado litigante en causas de DD.HH. Se desempe\u00f1\u00f3 como director de Derechos Humanos de Mar del Plata y Director Provincial de Asistencia Social del Ministerio de Desarrollo de la Comunidad de la Provincia de Buenos Aires. Militante pol\u00edtico.<\/p>\n","protected":false},"excerpt":{"rendered":"<p>\u00bfPor qu\u00e9 todos los Derechos Humanos no son exigibles con el mismo alcance ante el Poder Judicial? A esta simple pregunta a lo largo de los a\u00f1os se le han intentado varias respuestas, pero entendemos todas desde perspectivas distintas a la aqu\u00ed propuesta. En esta obra sostenemos que los or\u00edgenes de la creaci\u00f3n de los [&hellip;]<\/p>\n","protected":false},"featured_media":2531,"template":"","meta":{"_acf_changed":false,"_eb_attr":"","_crdt_document":"","_uag_custom_page_level_css":"","_editorskit_title_hidden":false,"_editorskit_reading_time":0,"_editorskit_is_block_options_detached":false,"_editorskit_block_options_position":"{}","site-sidebar-layout":"default","site-content-layout":"default","ast-site-content-layout":"default","site-content-style":"default","site-sidebar-style":"default","ast-global-header-display":"","ast-banner-title-visibility":"","ast-main-header-display":"","ast-hfb-above-header-display":"","ast-hfb-below-header-display":"","ast-hfb-mobile-header-display":"","site-post-title":"","ast-breadcrumbs-content":"","ast-featured-img":"","footer-sml-layout":"","ast-disable-related-posts":"","theme-transparent-header-meta":"default","adv-header-id-meta":"","stick-header-meta":"","header-above-stick-meta":"","header-main-stick-meta":"","header-below-stick-meta":"","astra-migrate-meta-layouts":"default","ast-page-background-enabled":"default","ast-page-background-meta":{"desktop":{"background-color":"var(--ast-global-color-4)","background-image":"","background-repeat":"repeat","background-position":"center center","background-size":"auto","background-attachment":"scroll","background-type":"","background-media":"","overlay-type":"","overlay-color":"","overlay-opacity":"","overlay-gradient":""},"tablet":{"background-color":"","background-image":"","background-repeat":"repeat","background-position":"center center","background-size":"auto","background-attachment":"scroll","background-type":"","background-media":"","overlay-type":"","overlay-color":"","overlay-opacity":"","overlay-gradient":""},"mobile":{"background-color":"","background-image":"","background-repeat":"repeat","background-position":"center center","background-size":"auto","background-attachment":"scroll","background-type":"","background-media":"","overlay-type":"","overlay-color":"","overlay-opacity":"","overlay-gradient":""}},"ast-content-background-meta":{"desktop":{"background-color":"var(--ast-global-color-5)","background-image":"","background-repeat":"repeat","background-position":"center center","background-size":"auto","background-attachment":"scroll","background-type":"","background-media":"","overlay-type":"","overlay-color":"","overlay-opacity":"","overlay-gradient":""},"tablet":{"background-color":"var(--ast-global-color-5)","background-image":"","background-repeat":"repeat","background-position":"center center","background-size":"auto","background-attachment":"scroll","background-type":"","background-media":"","overlay-type":"","overlay-color":"","overlay-opacity":"","overlay-gradient":""},"mobile":{"background-color":"var(--ast-global-color-5)","background-image":"","background-repeat":"repeat","background-position":"center center","background-size":"auto","background-attachment":"scroll","background-type":"","background-media":"","overlay-type":"","overlay-color":"","overlay-opacity":"","overlay-gradient":""}}},"product_cat":[125,632,32,28,637],"product_tag":[],"class_list":{"0":"post-2530","1":"product","2":"type-product","3":"status-publish","4":"has-post-thumbnail","6":"product_cat-coleccion-temas-de-ciudadania-y-politica","7":"product_cat-derecho","8":"product_cat-edudem","9":"product_cat-libro","10":"product_cat-punto-de-venta-derecho","11":"desktop-align-left","12":"tablet-align-left","13":"mobile-align-left","15":"first","16":"instock","17":"shipping-taxable","18":"purchasable","19":"product-type-simple"},"acf":[],"uagb_featured_image_src":{"full":["https:\/\/biblio1.mdp.edu.ar\/centro-ventas\/wp-content\/uploads\/sites\/2\/2022\/07\/259606133_3064337183814621_7515946940313579923_n.jpg",285,451,false],"thumbnail":["https:\/\/biblio1.mdp.edu.ar\/centro-ventas\/wp-content\/uploads\/sites\/2\/2022\/07\/259606133_3064337183814621_7515946940313579923_n.jpg",95,150,false],"medium":["https:\/\/biblio1.mdp.edu.ar\/centro-ventas\/wp-content\/uploads\/sites\/2\/2022\/07\/259606133_3064337183814621_7515946940313579923_n.jpg",190,300,false],"medium_large":["https:\/\/biblio1.mdp.edu.ar\/centro-ventas\/wp-content\/uploads\/sites\/2\/2022\/07\/259606133_3064337183814621_7515946940313579923_n.jpg",285,451,false],"large":["https:\/\/biblio1.mdp.edu.ar\/centro-ventas\/wp-content\/uploads\/sites\/2\/2022\/07\/259606133_3064337183814621_7515946940313579923_n.jpg",285,451,false],"1536x1536":["https:\/\/biblio1.mdp.edu.ar\/centro-ventas\/wp-content\/uploads\/sites\/2\/2022\/07\/259606133_3064337183814621_7515946940313579923_n.jpg",285,451,false],"2048x2048":["https:\/\/biblio1.mdp.edu.ar\/centro-ventas\/wp-content\/uploads\/sites\/2\/2022\/07\/259606133_3064337183814621_7515946940313579923_n.jpg",285,451,false],"woocommerce_thumbnail":["https:\/\/biblio1.mdp.edu.ar\/centro-ventas\/wp-content\/uploads\/sites\/2\/2022\/07\/259606133_3064337183814621_7515946940313579923_n.jpg",285,451,false],"woocommerce_single":["https:\/\/biblio1.mdp.edu.ar\/centro-ventas\/wp-content\/uploads\/sites\/2\/2022\/07\/259606133_3064337183814621_7515946940313579923_n.jpg",285,451,false],"woocommerce_gallery_thumbnail":["https:\/\/biblio1.mdp.edu.ar\/centro-ventas\/wp-content\/uploads\/sites\/2\/2022\/07\/259606133_3064337183814621_7515946940313579923_n-100x100.jpg",100,100,true]},"uagb_author_info":{"display_name":"Maria Balerdi","author_link":"https:\/\/biblio1.mdp.edu.ar\/centro-ventas\/author\/"},"uagb_comment_info":0,"uagb_excerpt":"\u00bfPor qu\u00e9 todos los Derechos Humanos no son exigibles con el mismo alcance ante el Poder Judicial? A esta simple pregunta a lo largo de los a\u00f1os se le han intentado varias respuestas, pero entendemos todas desde perspectivas distintas a la aqu\u00ed propuesta. En esta obra sostenemos que los or\u00edgenes de la creaci\u00f3n de los&hellip;","_links":{"self":[{"href":"https:\/\/biblio1.mdp.edu.ar\/centro-ventas\/wp-json\/wp\/v2\/product\/2530","targetHints":{"allow":["GET"]}}],"collection":[{"href":"https:\/\/biblio1.mdp.edu.ar\/centro-ventas\/wp-json\/wp\/v2\/product"}],"about":[{"href":"https:\/\/biblio1.mdp.edu.ar\/centro-ventas\/wp-json\/wp\/v2\/types\/product"}],"wp:featuredmedia":[{"embeddable":true,"href":"https:\/\/biblio1.mdp.edu.ar\/centro-ventas\/wp-json\/wp\/v2\/media\/2531"}],"wp:attachment":[{"href":"https:\/\/biblio1.mdp.edu.ar\/centro-ventas\/wp-json\/wp\/v2\/media?parent=2530"}],"wp:term":[{"taxonomy":"product_cat","embeddable":true,"href":"https:\/\/biblio1.mdp.edu.ar\/centro-ventas\/wp-json\/wp\/v2\/product_cat?post=2530"},{"taxonomy":"product_tag","embeddable":true,"href":"https:\/\/biblio1.mdp.edu.ar\/centro-ventas\/wp-json\/wp\/v2\/product_tag?post=2530"}],"curies":[{"name":"wp","href":"https:\/\/api.w.org\/{rel}","templated":true}]}}