{"id":2528,"date":"2022-07-05T15:38:46","date_gmt":"2022-07-05T18:38:46","guid":{"rendered":"http:\/\/biblio1.mdp.edu.ar\/centro-ventas\/?post_type=product&#038;p=2528"},"modified":"2026-03-30T15:42:31","modified_gmt":"2026-03-30T18:42:31","slug":"el-rostro-humano-de-las-politicas-educativas","status":"publish","type":"product","link":"https:\/\/biblio1.mdp.edu.ar\/centro-ventas\/producto\/el-rostro-humano-de-las-politicas-educativas\/","title":{"rendered":"El rostro humano de las pol\u00edticas educativas"},"content":{"rendered":"<p>Desde la restituci\u00f3n democr\u00e1tica de 1983, en Argentina, han transcurrido diversos procesos que buscaron poner en marcha proyectos de formaci\u00f3n docente. Pueden identificarse m\u00faltiples experiencias que tuvieron diferentes intenciones en sus planificaciones y objetivos, e intensidades variadas en sus efectos, pero que, indudablemente dejaron huellas que hoy perviven en las instituciones, en los sistemas educativos provinciales y en la vida de los propios sujetos. La obra que presentamos interpreta la pol\u00edtica p\u00fablica de formaci\u00f3n docente denominada Polos de Desarrollo, trastoca el sentido lineal del tiempo y convida al lector a recorrerla desde las propias narrativas (auto)biogr\u00e1ficas de quienes la llevaron a cabo en sus diversos niveles y territorios de concreci\u00f3n entre los a\u00f1os 2000 y 2010. La relevancia de su indagaci\u00f3n se funda en la necesidad de sistematizar y recuperar una pol\u00edtica educativa de formaci\u00f3n de maestros que no ha sido analizada hasta el momento y que presenta, como veremos en el despliegue de este libro, particularidades did\u00e1cticas, pedag\u00f3gicas y pol\u00edticas que enriquecieron el espacio formativo en el nivel superior y que, en la actualidad, podr\u00edan aportar al fortalecimiento de programas y pol\u00edticas sobre formaci\u00f3n inicial y permanente de los docentes argentinos.<\/p>\n","protected":false},"excerpt":{"rendered":"<p>Desde la restituci\u00f3n democr\u00e1tica de 1983, en Argentina, han transcurrido diversos procesos que buscaron poner en marcha proyectos de formaci\u00f3n docente. Pueden identificarse m\u00faltiples experiencias que tuvieron diferentes intenciones en sus planificaciones y objetivos, e intensidades variadas en sus efectos, pero que, indudablemente dejaron huellas que hoy perviven en las instituciones, en los sistemas educativos [&hellip;]<\/p>\n","protected":false},"featured_media":2529,"template":"","meta":{"_acf_changed":false,"_eb_attr":"","_crdt_document":"","_uag_custom_page_level_css":"","_editorskit_title_hidden":false,"_editorskit_reading_time":0,"_editorskit_is_block_options_detached":false,"_editorskit_block_options_position":"{}","site-sidebar-layout":"default","site-content-layout":"default","ast-site-content-layout":"default","site-content-style":"default","site-sidebar-style":"default","ast-global-header-display":"","ast-banner-title-visibility":"","ast-main-header-display":"","ast-hfb-above-header-display":"","ast-hfb-below-header-display":"","ast-hfb-mobile-header-display":"","site-post-title":"","ast-breadcrumbs-content":"","ast-featured-img":"","footer-sml-layout":"","ast-disable-related-posts":"","theme-transparent-header-meta":"default","adv-header-id-meta":"","stick-header-meta":"","header-above-stick-meta":"","header-main-stick-meta":"","header-below-stick-meta":"","astra-migrate-meta-layouts":"default","ast-page-background-enabled":"default","ast-page-background-meta":{"desktop":{"background-color":"var(--ast-global-color-4)","background-image":"","background-repeat":"repeat","background-position":"center center","background-size":"auto","background-attachment":"scroll","background-type":"","background-media":"","overlay-type":"","overlay-color":"","overlay-opacity":"","overlay-gradient":""},"tablet":{"background-color":"","background-image":"","background-repeat":"repeat","background-position":"center center","background-size":"auto","background-attachment":"scroll","background-type":"","background-media":"","overlay-type":"","overlay-color":"","overlay-opacity":"","overlay-gradient":""},"mobile":{"background-color":"","background-image":"","background-repeat":"repeat","background-position":"center center","background-size":"auto","background-attachment":"scroll","background-type":"","background-media":"","overlay-type":"","overlay-color":"","overlay-opacity":"","overlay-gradient":""}},"ast-content-background-meta":{"desktop":{"background-color":"var(--ast-global-color-5)","background-image":"","background-repeat":"repeat","background-position":"center center","background-size":"auto","background-attachment":"scroll","background-type":"","background-media":"","overlay-type":"","overlay-color":"","overlay-opacity":"","overlay-gradient":""},"tablet":{"background-color":"var(--ast-global-color-5)","background-image":"","background-repeat":"repeat","background-position":"center center","background-size":"auto","background-attachment":"scroll","background-type":"","background-media":"","overlay-type":"","overlay-color":"","overlay-opacity":"","overlay-gradient":""},"mobile":{"background-color":"var(--ast-global-color-5)","background-image":"","background-repeat":"repeat","background-position":"center center","background-size":"auto","background-attachment":"scroll","background-type":"","background-media":"","overlay-type":"","overlay-color":"","overlay-opacity":"","overlay-gradient":""}}},"product_cat":[32,28,124],"product_tag":[],"class_list":{"0":"post-2528","1":"product","2":"type-product","3":"status-publish","4":"has-post-thumbnail","6":"product_cat-edudem","7":"product_cat-libro","8":"product_cat-serie-simbolos","9":"desktop-align-left","10":"tablet-align-left","11":"mobile-align-left","13":"first","14":"instock","15":"shipping-taxable","16":"purchasable","17":"product-type-simple"},"acf":[],"uagb_featured_image_src":{"full":["https:\/\/biblio1.mdp.edu.ar\/centro-ventas\/wp-content\/uploads\/sites\/2\/2022\/07\/276151247_3150932295155109_6076354498646088771_n.jpg",442,673,false],"thumbnail":["https:\/\/biblio1.mdp.edu.ar\/centro-ventas\/wp-content\/uploads\/sites\/2\/2022\/07\/276151247_3150932295155109_6076354498646088771_n.jpg",99,150,false],"medium":["https:\/\/biblio1.mdp.edu.ar\/centro-ventas\/wp-content\/uploads\/sites\/2\/2022\/07\/276151247_3150932295155109_6076354498646088771_n.jpg",197,300,false],"medium_large":["https:\/\/biblio1.mdp.edu.ar\/centro-ventas\/wp-content\/uploads\/sites\/2\/2022\/07\/276151247_3150932295155109_6076354498646088771_n.jpg",442,673,false],"large":["https:\/\/biblio1.mdp.edu.ar\/centro-ventas\/wp-content\/uploads\/sites\/2\/2022\/07\/276151247_3150932295155109_6076354498646088771_n.jpg",442,673,false],"1536x1536":["https:\/\/biblio1.mdp.edu.ar\/centro-ventas\/wp-content\/uploads\/sites\/2\/2022\/07\/276151247_3150932295155109_6076354498646088771_n.jpg",442,673,false],"2048x2048":["https:\/\/biblio1.mdp.edu.ar\/centro-ventas\/wp-content\/uploads\/sites\/2\/2022\/07\/276151247_3150932295155109_6076354498646088771_n.jpg",442,673,false],"woocommerce_thumbnail":["https:\/\/biblio1.mdp.edu.ar\/centro-ventas\/wp-content\/uploads\/sites\/2\/2022\/07\/276151247_3150932295155109_6076354498646088771_n.jpg",300,457,false],"woocommerce_single":["https:\/\/biblio1.mdp.edu.ar\/centro-ventas\/wp-content\/uploads\/sites\/2\/2022\/07\/276151247_3150932295155109_6076354498646088771_n.jpg",442,673,false],"woocommerce_gallery_thumbnail":["https:\/\/biblio1.mdp.edu.ar\/centro-ventas\/wp-content\/uploads\/sites\/2\/2022\/07\/276151247_3150932295155109_6076354498646088771_n-100x100.jpg",100,100,true]},"uagb_author_info":{"display_name":"Maria Balerdi","author_link":"https:\/\/biblio1.mdp.edu.ar\/centro-ventas\/author\/"},"uagb_comment_info":0,"uagb_excerpt":"Desde la restituci\u00f3n democr\u00e1tica de 1983, en Argentina, han transcurrido diversos procesos que buscaron poner en marcha proyectos de formaci\u00f3n docente. Pueden identificarse m\u00faltiples experiencias que tuvieron diferentes intenciones en sus planificaciones y objetivos, e intensidades variadas en sus efectos, pero que, indudablemente dejaron huellas que hoy perviven en las instituciones, en los sistemas educativos&hellip;","_links":{"self":[{"href":"https:\/\/biblio1.mdp.edu.ar\/centro-ventas\/wp-json\/wp\/v2\/product\/2528","targetHints":{"allow":["GET"]}}],"collection":[{"href":"https:\/\/biblio1.mdp.edu.ar\/centro-ventas\/wp-json\/wp\/v2\/product"}],"about":[{"href":"https:\/\/biblio1.mdp.edu.ar\/centro-ventas\/wp-json\/wp\/v2\/types\/product"}],"wp:featuredmedia":[{"embeddable":true,"href":"https:\/\/biblio1.mdp.edu.ar\/centro-ventas\/wp-json\/wp\/v2\/media\/2529"}],"wp:attachment":[{"href":"https:\/\/biblio1.mdp.edu.ar\/centro-ventas\/wp-json\/wp\/v2\/media?parent=2528"}],"wp:term":[{"taxonomy":"product_cat","embeddable":true,"href":"https:\/\/biblio1.mdp.edu.ar\/centro-ventas\/wp-json\/wp\/v2\/product_cat?post=2528"},{"taxonomy":"product_tag","embeddable":true,"href":"https:\/\/biblio1.mdp.edu.ar\/centro-ventas\/wp-json\/wp\/v2\/product_tag?post=2528"}],"curies":[{"name":"wp","href":"https:\/\/api.w.org\/{rel}","templated":true}]}}