{"id":2522,"date":"2022-07-05T15:28:20","date_gmt":"2022-07-05T18:28:20","guid":{"rendered":"http:\/\/biblio1.mdp.edu.ar\/centro-ventas\/?post_type=product&#038;p=2522"},"modified":"2026-03-30T15:40:29","modified_gmt":"2026-03-30T18:40:29","slug":"el-mapa-social-de-mar-del-plata","status":"publish","type":"product","link":"https:\/\/biblio1.mdp.edu.ar\/centro-ventas\/producto\/el-mapa-social-de-mar-del-plata\/","title":{"rendered":"El mapa Social de Mar del Plata"},"content":{"rendered":"<p>\u00abLa ciudad es, cada vez m\u00e1s, el espacio geogr\u00e1fico preferido para el asentamiento de la poblaci\u00f3n. Las caracter\u00edsticas de su forma interior, las transformaciones de sus paisajes y estructuras, la profundizaci\u00f3n de las desigualdades sociales que impactan en los barrios, en el espacio vivido, con mayor \u00e9nfasis en las \u00faltimas d\u00e9cadas, se convierten en el motivo principal de esta obra. La protagoniza Mar del Plata, ciudad natal y querida de la autora y de tantos argentinos por ser un s\u00edmbolo de espacio de ocio, de recreaci\u00f3n, de diversi\u00f3n. Estudiar el mapa social de esta ciudad, permite descubrir y conocer los espacios luminosos y los espacios opacos que la conforman, y entrar en su din\u00e1mica. Esta meta se logra a trav\u00e9s de la mirada geogr\u00e1fica, en sus enfoques disciplinares cuantitativo y cr\u00edtico, para explicar el espacio urbano en su totalidad y en sus partes, sumergirse en la escala geogr\u00e1fica grande, la correspondiente a la vida cotidiana de sus habitantes. La figura de una TomoGeograf\u00eda Computarizada se debe a que el trabajo fue realizado, en gran medida, bajo las herramientas de los Sistemas de Informaci\u00f3n Geogr\u00e1fica. De tal manera, los procedimientos realizados logran producir im\u00e1genes de las configuraciones espaciales en diferentes momentos de la historia reciente, brindando con detalle la regionalizaci\u00f3n interna de la ciudad.\u00bb<\/p>\n","protected":false},"excerpt":{"rendered":"<p>\u00abLa ciudad es, cada vez m\u00e1s, el espacio geogr\u00e1fico preferido para el asentamiento de la poblaci\u00f3n. Las caracter\u00edsticas de su forma interior, las transformaciones de sus paisajes y estructuras, la profundizaci\u00f3n de las desigualdades sociales que impactan en los barrios, en el espacio vivido, con mayor \u00e9nfasis en las \u00faltimas d\u00e9cadas, se convierten en el [&hellip;]<\/p>\n","protected":false},"featured_media":2523,"template":"","meta":{"_acf_changed":false,"_eb_attr":"","_crdt_document":"","_uag_custom_page_level_css":"","_editorskit_title_hidden":false,"_editorskit_reading_time":0,"_editorskit_is_block_options_detached":false,"_editorskit_block_options_position":"{}","site-sidebar-layout":"default","site-content-layout":"default","ast-site-content-layout":"default","site-content-style":"default","site-sidebar-style":"default","ast-global-header-display":"","ast-banner-title-visibility":"","ast-main-header-display":"","ast-hfb-above-header-display":"","ast-hfb-below-header-display":"","ast-hfb-mobile-header-display":"","site-post-title":"","ast-breadcrumbs-content":"","ast-featured-img":"","footer-sml-layout":"","ast-disable-related-posts":"","theme-transparent-header-meta":"default","adv-header-id-meta":"","stick-header-meta":"","header-above-stick-meta":"","header-main-stick-meta":"","header-below-stick-meta":"","astra-migrate-meta-layouts":"default","ast-page-background-enabled":"default","ast-page-background-meta":{"desktop":{"background-color":"var(--ast-global-color-4)","background-image":"","background-repeat":"repeat","background-position":"center center","background-size":"auto","background-attachment":"scroll","background-type":"","background-media":"","overlay-type":"","overlay-color":"","overlay-opacity":"","overlay-gradient":""},"tablet":{"background-color":"","background-image":"","background-repeat":"repeat","background-position":"center center","background-size":"auto","background-attachment":"scroll","background-type":"","background-media":"","overlay-type":"","overlay-color":"","overlay-opacity":"","overlay-gradient":""},"mobile":{"background-color":"","background-image":"","background-repeat":"repeat","background-position":"center center","background-size":"auto","background-attachment":"scroll","background-type":"","background-media":"","overlay-type":"","overlay-color":"","overlay-opacity":"","overlay-gradient":""}},"ast-content-background-meta":{"desktop":{"background-color":"var(--ast-global-color-5)","background-image":"","background-repeat":"repeat","background-position":"center center","background-size":"auto","background-attachment":"scroll","background-type":"","background-media":"","overlay-type":"","overlay-color":"","overlay-opacity":"","overlay-gradient":""},"tablet":{"background-color":"var(--ast-global-color-5)","background-image":"","background-repeat":"repeat","background-position":"center center","background-size":"auto","background-attachment":"scroll","background-type":"","background-media":"","overlay-type":"","overlay-color":"","overlay-opacity":"","overlay-gradient":""},"mobile":{"background-color":"var(--ast-global-color-5)","background-image":"","background-repeat":"repeat","background-position":"center center","background-size":"auto","background-attachment":"scroll","background-type":"","background-media":"","overlay-type":"","overlay-color":"","overlay-opacity":"","overlay-gradient":""}}},"product_cat":[115,32,28],"product_tag":[],"class_list":{"0":"post-2522","1":"product","2":"type-product","3":"status-publish","4":"has-post-thumbnail","6":"product_cat-herramientas","7":"product_cat-edudem","8":"product_cat-libro","9":"desktop-align-left","10":"tablet-align-left","11":"mobile-align-left","13":"first","14":"instock","15":"shipping-taxable","16":"purchasable","17":"product-type-simple"},"acf":[],"uagb_featured_image_src":{"full":["https:\/\/biblio1.mdp.edu.ar\/centro-ventas\/wp-content\/uploads\/sites\/2\/2022\/07\/279031136_3172339923014346_5566714639467575542_n.jpg",445,674,false],"thumbnail":["https:\/\/biblio1.mdp.edu.ar\/centro-ventas\/wp-content\/uploads\/sites\/2\/2022\/07\/279031136_3172339923014346_5566714639467575542_n.jpg",99,150,false],"medium":["https:\/\/biblio1.mdp.edu.ar\/centro-ventas\/wp-content\/uploads\/sites\/2\/2022\/07\/279031136_3172339923014346_5566714639467575542_n.jpg",198,300,false],"medium_large":["https:\/\/biblio1.mdp.edu.ar\/centro-ventas\/wp-content\/uploads\/sites\/2\/2022\/07\/279031136_3172339923014346_5566714639467575542_n.jpg",445,674,false],"large":["https:\/\/biblio1.mdp.edu.ar\/centro-ventas\/wp-content\/uploads\/sites\/2\/2022\/07\/279031136_3172339923014346_5566714639467575542_n.jpg",445,674,false],"1536x1536":["https:\/\/biblio1.mdp.edu.ar\/centro-ventas\/wp-content\/uploads\/sites\/2\/2022\/07\/279031136_3172339923014346_5566714639467575542_n.jpg",445,674,false],"2048x2048":["https:\/\/biblio1.mdp.edu.ar\/centro-ventas\/wp-content\/uploads\/sites\/2\/2022\/07\/279031136_3172339923014346_5566714639467575542_n.jpg",445,674,false],"woocommerce_thumbnail":["https:\/\/biblio1.mdp.edu.ar\/centro-ventas\/wp-content\/uploads\/sites\/2\/2022\/07\/279031136_3172339923014346_5566714639467575542_n.jpg",300,454,false],"woocommerce_single":["https:\/\/biblio1.mdp.edu.ar\/centro-ventas\/wp-content\/uploads\/sites\/2\/2022\/07\/279031136_3172339923014346_5566714639467575542_n.jpg",445,674,false],"woocommerce_gallery_thumbnail":["https:\/\/biblio1.mdp.edu.ar\/centro-ventas\/wp-content\/uploads\/sites\/2\/2022\/07\/279031136_3172339923014346_5566714639467575542_n-100x100.jpg",100,100,true]},"uagb_author_info":{"display_name":"Maria Balerdi","author_link":"https:\/\/biblio1.mdp.edu.ar\/centro-ventas\/author\/"},"uagb_comment_info":0,"uagb_excerpt":"\u00abLa ciudad es, cada vez m\u00e1s, el espacio geogr\u00e1fico preferido para el asentamiento de la poblaci\u00f3n. Las caracter\u00edsticas de su forma interior, las transformaciones de sus paisajes y estructuras, la profundizaci\u00f3n de las desigualdades sociales que impactan en los barrios, en el espacio vivido, con mayor \u00e9nfasis en las \u00faltimas d\u00e9cadas, se convierten en el&hellip;","_links":{"self":[{"href":"https:\/\/biblio1.mdp.edu.ar\/centro-ventas\/wp-json\/wp\/v2\/product\/2522","targetHints":{"allow":["GET"]}}],"collection":[{"href":"https:\/\/biblio1.mdp.edu.ar\/centro-ventas\/wp-json\/wp\/v2\/product"}],"about":[{"href":"https:\/\/biblio1.mdp.edu.ar\/centro-ventas\/wp-json\/wp\/v2\/types\/product"}],"wp:featuredmedia":[{"embeddable":true,"href":"https:\/\/biblio1.mdp.edu.ar\/centro-ventas\/wp-json\/wp\/v2\/media\/2523"}],"wp:attachment":[{"href":"https:\/\/biblio1.mdp.edu.ar\/centro-ventas\/wp-json\/wp\/v2\/media?parent=2522"}],"wp:term":[{"taxonomy":"product_cat","embeddable":true,"href":"https:\/\/biblio1.mdp.edu.ar\/centro-ventas\/wp-json\/wp\/v2\/product_cat?post=2522"},{"taxonomy":"product_tag","embeddable":true,"href":"https:\/\/biblio1.mdp.edu.ar\/centro-ventas\/wp-json\/wp\/v2\/product_tag?post=2522"}],"curies":[{"name":"wp","href":"https:\/\/api.w.org\/{rel}","templated":true}]}}