{"id":2516,"date":"2022-07-05T15:06:00","date_gmt":"2022-07-05T18:06:00","guid":{"rendered":"http:\/\/biblio1.mdp.edu.ar\/centro-ventas\/?post_type=product&#038;p=2516"},"modified":"2026-03-30T15:14:57","modified_gmt":"2026-03-30T18:14:57","slug":"cine-liquido-estetica-de-mercado-en-el-cine-americano","status":"publish","type":"product","link":"https:\/\/biblio1.mdp.edu.ar\/centro-ventas\/producto\/cine-liquido-estetica-de-mercado-en-el-cine-americano\/","title":{"rendered":"Cine l\u00edquido. Est\u00e9tica de mercado en el cine americano"},"content":{"rendered":"<div class=\"cxmmr5t8 oygrvhab hcukyx3x c1et5uql o9v6fnle ii04i59q\">\n<div dir=\"auto\">El autor realiza un estudio de la est\u00e9tica cinematogr\u00e1fica de los Estados Unidos, y a trav\u00e9s de ella, de la sociedad, la pol\u00edtica y la historia. Las categor\u00edas gen\u00e9ricas tratadas son la ciencia ficci\u00f3n, especies del policial y el suspenso y el subg\u00e9nero de terror dedicado al zombie filmado. Propone una aproximaci\u00f3n filos\u00f3fica y cultural a la producci\u00f3n de Hollywood y su influencia e importancia en el cine global y la cultura de masas en el per\u00edodo de los \u00faltimos treinta a\u00f1os; desde la ca\u00edda del Muro (1989) a la presidencia de Donald Trump (2016-2020), etapa caratulada como posmodernidad (Lyotard, Vattimo, Habermas) seguida por nuestra \u00e9poca contempor\u00e1nea, que otros rebautizan posthumanismo (Peperell, Haraway, Sloterdijk) y humanidad postorg\u00e1nica (Sibilia). El t\u00edtulo sigue el an\u00e1lisis cultural de la modernidad l\u00edquida de Bauman (2000 y reediciones).<\/div>\n<div dir=\"auto\">Se trata de un ensayo de necesaria erudici\u00f3n en cuanto a la informaci\u00f3n sobre pel\u00edculas y series de televisi\u00f3n, muy actual e incluso de posibilidades populares por el recorte temporal y la familiaridad del lector-espectador con su contenido. La amenidad del relato y la estructura se refieren a hechos hist\u00f3ricos recientes y su interpretaci\u00f3n fictiva y documental.<\/div>\n<\/div>\n<div class=\"cxmmr5t8 oygrvhab hcukyx3x c1et5uql o9v6fnle ii04i59q\">\n<div dir=\"auto\">Gabriel Cabrejas es profesor en Letras, magister y doctor en Historia y ense\u00f1a est\u00e9tica del cine e historia del arte desde hace treinta a\u00f1os en la Universidad de Mar del Plata. En el balneario tambi\u00e9n es periodista cultural y de pol\u00edtica en FM 96.5 Residencias. Entre sus aficiones vocacionales y amorosas est\u00e1n pel\u00edculas como El Ciudadano, Milagro en Mil\u00e1n y Cinema Paradiso, las novelas de Faulkner, las aventuras de Nippur de Lagash, los \u00f1oquis a la bolo\u00f1esa, los gatos atigrados, y despertar junto a la mujer que ama.<\/div>\n<\/div>\n","protected":false},"excerpt":{"rendered":"<p>El autor realiza un estudio de la est\u00e9tica cinematogr\u00e1fica de los Estados Unidos, y a trav\u00e9s de ella, de la sociedad, la pol\u00edtica y la historia. Las categor\u00edas gen\u00e9ricas tratadas son la ciencia ficci\u00f3n, especies del policial y el suspenso y el subg\u00e9nero de terror dedicado al zombie filmado. Propone una aproximaci\u00f3n filos\u00f3fica y cultural [&hellip;]<\/p>\n","protected":false},"featured_media":2517,"template":"","meta":{"_acf_changed":false,"_eb_attr":"","_crdt_document":"","_uag_custom_page_level_css":"","_editorskit_title_hidden":false,"_editorskit_reading_time":0,"_editorskit_is_block_options_detached":false,"_editorskit_block_options_position":"{}","site-sidebar-layout":"default","site-content-layout":"default","ast-site-content-layout":"default","site-content-style":"default","site-sidebar-style":"default","ast-global-header-display":"","ast-banner-title-visibility":"","ast-main-header-display":"","ast-hfb-above-header-display":"","ast-hfb-below-header-display":"","ast-hfb-mobile-header-display":"","site-post-title":"","ast-breadcrumbs-content":"","ast-featured-img":"","footer-sml-layout":"","ast-disable-related-posts":"","theme-transparent-header-meta":"default","adv-header-id-meta":"","stick-header-meta":"","header-above-stick-meta":"","header-main-stick-meta":"","header-below-stick-meta":"","astra-migrate-meta-layouts":"set","ast-page-background-enabled":"default","ast-page-background-meta":{"desktop":{"background-color":"var(--ast-global-color-4)","background-image":"","background-repeat":"repeat","background-position":"center center","background-size":"auto","background-attachment":"scroll","background-type":"","background-media":"","overlay-type":"","overlay-color":"","overlay-opacity":"","overlay-gradient":""},"tablet":{"background-color":"","background-image":"","background-repeat":"repeat","background-position":"center center","background-size":"auto","background-attachment":"scroll","background-type":"","background-media":"","overlay-type":"","overlay-color":"","overlay-opacity":"","overlay-gradient":""},"mobile":{"background-color":"","background-image":"","background-repeat":"repeat","background-position":"center center","background-size":"auto","background-attachment":"scroll","background-type":"","background-media":"","overlay-type":"","overlay-color":"","overlay-opacity":"","overlay-gradient":""}},"ast-content-background-meta":{"desktop":{"background-color":"var(--ast-global-color-5)","background-image":"","background-repeat":"repeat","background-position":"center center","background-size":"auto","background-attachment":"scroll","background-type":"","background-media":"","overlay-type":"","overlay-color":"","overlay-opacity":"","overlay-gradient":""},"tablet":{"background-color":"var(--ast-global-color-5)","background-image":"","background-repeat":"repeat","background-position":"center center","background-size":"auto","background-attachment":"scroll","background-type":"","background-media":"","overlay-type":"","overlay-color":"","overlay-opacity":"","overlay-gradient":""},"mobile":{"background-color":"var(--ast-global-color-5)","background-image":"","background-repeat":"repeat","background-position":"center center","background-size":"auto","background-attachment":"scroll","background-type":"","background-media":"","overlay-type":"","overlay-color":"","overlay-opacity":"","overlay-gradient":""}}},"product_cat":[32,28,124],"product_tag":[],"class_list":{"0":"post-2516","1":"product","2":"type-product","3":"status-publish","4":"has-post-thumbnail","6":"product_cat-edudem","7":"product_cat-libro","8":"product_cat-serie-simbolos","9":"desktop-align-left","10":"tablet-align-left","11":"mobile-align-left","13":"first","14":"instock","15":"shipping-taxable","16":"purchasable","17":"product-type-simple"},"acf":[],"uagb_featured_image_src":{"full":["https:\/\/biblio1.mdp.edu.ar\/centro-ventas\/wp-content\/uploads\/sites\/2\/2022\/07\/TAPA-simbolos-cine-liquido-scaled.jpg",1770,2716,false],"thumbnail":["https:\/\/biblio1.mdp.edu.ar\/centro-ventas\/wp-content\/uploads\/sites\/2\/2022\/07\/TAPA-simbolos-cine-liquido-scaled.jpg",98,150,false],"medium":["https:\/\/biblio1.mdp.edu.ar\/centro-ventas\/wp-content\/uploads\/sites\/2\/2022\/07\/TAPA-simbolos-cine-liquido-scaled.jpg",196,300,false],"medium_large":["https:\/\/biblio1.mdp.edu.ar\/centro-ventas\/wp-content\/uploads\/sites\/2\/2022\/07\/TAPA-simbolos-cine-liquido-scaled.jpg",768,1178,false],"large":["https:\/\/biblio1.mdp.edu.ar\/centro-ventas\/wp-content\/uploads\/sites\/2\/2022\/07\/TAPA-simbolos-cine-liquido-scaled.jpg",667,1024,false],"1536x1536":["https:\/\/biblio1.mdp.edu.ar\/centro-ventas\/wp-content\/uploads\/sites\/2\/2022\/07\/TAPA-simbolos-cine-liquido-scaled.jpg",1001,1536,false],"2048x2048":["https:\/\/biblio1.mdp.edu.ar\/centro-ventas\/wp-content\/uploads\/sites\/2\/2022\/07\/TAPA-simbolos-cine-liquido-scaled.jpg",1335,2048,false],"woocommerce_thumbnail":["https:\/\/biblio1.mdp.edu.ar\/centro-ventas\/wp-content\/uploads\/sites\/2\/2022\/07\/TAPA-simbolos-cine-liquido-scaled.jpg",300,460,false],"woocommerce_single":["https:\/\/biblio1.mdp.edu.ar\/centro-ventas\/wp-content\/uploads\/sites\/2\/2022\/07\/TAPA-simbolos-cine-liquido-scaled.jpg",600,921,false],"woocommerce_gallery_thumbnail":["https:\/\/biblio1.mdp.edu.ar\/centro-ventas\/wp-content\/uploads\/sites\/2\/2022\/07\/TAPA-simbolos-cine-liquido-100x100.jpg",100,100,true]},"uagb_author_info":{"display_name":"Maria Balerdi","author_link":"https:\/\/biblio1.mdp.edu.ar\/centro-ventas\/author\/"},"uagb_comment_info":0,"uagb_excerpt":"El autor realiza un estudio de la est\u00e9tica cinematogr\u00e1fica de los Estados Unidos, y a trav\u00e9s de ella, de la sociedad, la pol\u00edtica y la historia. Las categor\u00edas gen\u00e9ricas tratadas son la ciencia ficci\u00f3n, especies del policial y el suspenso y el subg\u00e9nero de terror dedicado al zombie filmado. Propone una aproximaci\u00f3n filos\u00f3fica y cultural&hellip;","_links":{"self":[{"href":"https:\/\/biblio1.mdp.edu.ar\/centro-ventas\/wp-json\/wp\/v2\/product\/2516","targetHints":{"allow":["GET"]}}],"collection":[{"href":"https:\/\/biblio1.mdp.edu.ar\/centro-ventas\/wp-json\/wp\/v2\/product"}],"about":[{"href":"https:\/\/biblio1.mdp.edu.ar\/centro-ventas\/wp-json\/wp\/v2\/types\/product"}],"wp:featuredmedia":[{"embeddable":true,"href":"https:\/\/biblio1.mdp.edu.ar\/centro-ventas\/wp-json\/wp\/v2\/media\/2517"}],"wp:attachment":[{"href":"https:\/\/biblio1.mdp.edu.ar\/centro-ventas\/wp-json\/wp\/v2\/media?parent=2516"}],"wp:term":[{"taxonomy":"product_cat","embeddable":true,"href":"https:\/\/biblio1.mdp.edu.ar\/centro-ventas\/wp-json\/wp\/v2\/product_cat?post=2516"},{"taxonomy":"product_tag","embeddable":true,"href":"https:\/\/biblio1.mdp.edu.ar\/centro-ventas\/wp-json\/wp\/v2\/product_tag?post=2516"}],"curies":[{"name":"wp","href":"https:\/\/api.w.org\/{rel}","templated":true}]}}