{"id":2514,"date":"2022-07-05T15:02:19","date_gmt":"2022-07-05T18:02:19","guid":{"rendered":"http:\/\/biblio1.mdp.edu.ar\/centro-ventas\/?post_type=product&#038;p=2514"},"modified":"2026-03-30T13:50:16","modified_gmt":"2026-03-30T16:50:16","slug":"aspectos-practicos-del-procedimiento-laboral-en-la-prov-de-bs-as","status":"publish","type":"product","link":"https:\/\/biblio1.mdp.edu.ar\/centro-ventas\/producto\/aspectos-practicos-del-procedimiento-laboral-en-la-prov-de-bs-as\/","title":{"rendered":"Aspectos pr\u00e1cticos del procedimiento laboral en la prov. De Bs As"},"content":{"rendered":"<div class=\"cxmmr5t8 oygrvhab hcukyx3x c1et5uql o9v6fnle ii04i59q\">\n<div dir=\"auto\">\n<div class=\"cxmmr5t8 oygrvhab hcukyx3x c1et5uql o9v6fnle ii04i59q\">\n<div dir=\"auto\">En v\u00edsperas de la implementaci\u00f3n de la nueva ley ritual laboral bonaerense, 15057, la presente obra reflexiona sobre las principales diferencias y modificaciones que implica esta reforma ritual.<\/div>\n<div dir=\"auto\">El autor observa las problem\u00e1ticas de \u00edndole procesal que se advirtieron a lo largo de la vigencia de la ley 11.653; realiza cuestionamientos que no se acaban en un an\u00e1lisis meramente normativo, sino que tambi\u00e9n pretende explicitar ciertos fen\u00f3menos socioculturales que variablemente inciden en la implementaci\u00f3n del procedimiento en general y laboral en particular.<\/div>\n<div dir=\"auto\">En su reconstrucci\u00f3n, los problemas que el autor da cuenta no fenecen con la ley 11.653 sino que muchos de ellos perdurar\u00e1n con la vigencia de la nueva ley; en este sentido destaca los beneficios de la reforma y ensaya las inconveniencias negociales del texto sancionado.<\/div>\n<\/div>\n<div class=\"cxmmr5t8 oygrvhab hcukyx3x c1et5uql o9v6fnle ii04i59q\">\n<div dir=\"auto\">Adri\u00e1n Enrico Sanguineti es egresado de la Facultad de Derecho de la Universidad Nacional de Mar del Plata (2007), desde la mencionada fecha ejerce la profesi\u00f3n de abogado en el fuero local, ha publicado trabajos online en la editorial Rubinzal-Culzoni y es Mag\u00edster en Derecho del Trabajo y Relaciones Laborales Internacionales egresado de la UNTREF (2021).<\/div>\n<\/div>\n<\/div>\n<\/div>\n","protected":false},"excerpt":{"rendered":"<p>En v\u00edsperas de la implementaci\u00f3n de la nueva ley ritual laboral bonaerense, 15057, la presente obra reflexiona sobre las principales diferencias y modificaciones que implica esta reforma ritual. El autor observa las problem\u00e1ticas de \u00edndole procesal que se advirtieron a lo largo de la vigencia de la ley 11.653; realiza cuestionamientos que no se acaban [&hellip;]<\/p>\n","protected":false},"featured_media":2519,"template":"","meta":{"_acf_changed":false,"_eb_attr":"","_crdt_document":"","_uag_custom_page_level_css":"","_editorskit_title_hidden":false,"_editorskit_reading_time":0,"_editorskit_is_block_options_detached":false,"_editorskit_block_options_position":"{}","site-sidebar-layout":"default","site-content-layout":"default","ast-site-content-layout":"default","site-content-style":"default","site-sidebar-style":"default","ast-global-header-display":"","ast-banner-title-visibility":"","ast-main-header-display":"","ast-hfb-above-header-display":"","ast-hfb-below-header-display":"","ast-hfb-mobile-header-display":"","site-post-title":"","ast-breadcrumbs-content":"","ast-featured-img":"","footer-sml-layout":"","ast-disable-related-posts":"","theme-transparent-header-meta":"default","adv-header-id-meta":"","stick-header-meta":"","header-above-stick-meta":"","header-main-stick-meta":"","header-below-stick-meta":"","astra-migrate-meta-layouts":"set","ast-page-background-enabled":"default","ast-page-background-meta":{"desktop":{"background-color":"var(--ast-global-color-4)","background-image":"","background-repeat":"repeat","background-position":"center center","background-size":"auto","background-attachment":"scroll","background-type":"","background-media":"","overlay-type":"","overlay-color":"","overlay-opacity":"","overlay-gradient":""},"tablet":{"background-color":"","background-image":"","background-repeat":"repeat","background-position":"center center","background-size":"auto","background-attachment":"scroll","background-type":"","background-media":"","overlay-type":"","overlay-color":"","overlay-opacity":"","overlay-gradient":""},"mobile":{"background-color":"","background-image":"","background-repeat":"repeat","background-position":"center center","background-size":"auto","background-attachment":"scroll","background-type":"","background-media":"","overlay-type":"","overlay-color":"","overlay-opacity":"","overlay-gradient":""}},"ast-content-background-meta":{"desktop":{"background-color":"var(--ast-global-color-5)","background-image":"","background-repeat":"repeat","background-position":"center center","background-size":"auto","background-attachment":"scroll","background-type":"","background-media":"","overlay-type":"","overlay-color":"","overlay-opacity":"","overlay-gradient":""},"tablet":{"background-color":"var(--ast-global-color-5)","background-image":"","background-repeat":"repeat","background-position":"center center","background-size":"auto","background-attachment":"scroll","background-type":"","background-media":"","overlay-type":"","overlay-color":"","overlay-opacity":"","overlay-gradient":""},"mobile":{"background-color":"var(--ast-global-color-5)","background-image":"","background-repeat":"repeat","background-position":"center center","background-size":"auto","background-attachment":"scroll","background-type":"","background-media":"","overlay-type":"","overlay-color":"","overlay-opacity":"","overlay-gradient":""}}},"product_cat":[115,632,32,28,637],"product_tag":[374,372,373],"class_list":{"0":"post-2514","1":"product","2":"type-product","3":"status-publish","4":"has-post-thumbnail","6":"product_cat-herramientas","7":"product_cat-derecho","8":"product_cat-edudem","9":"product_cat-libro","10":"product_cat-punto-de-venta-derecho","11":"product_tag-derecho-laboral","12":"product_tag-ley-11-653","13":"product_tag-ley-15-057","14":"desktop-align-left","15":"tablet-align-left","16":"mobile-align-left","18":"first","19":"outofstock","20":"shipping-taxable","21":"purchasable","22":"product-type-simple"},"acf":[],"uagb_featured_image_src":{"full":["https:\/\/biblio1.mdp.edu.ar\/centro-ventas\/wp-content\/uploads\/sites\/2\/2022\/07\/Aspectos-practicos-del-procedimiento-laboral-en-la-prov.-De-Bs-As-1.jpg",633,948,false],"thumbnail":["https:\/\/biblio1.mdp.edu.ar\/centro-ventas\/wp-content\/uploads\/sites\/2\/2022\/07\/Aspectos-practicos-del-procedimiento-laboral-en-la-prov.-De-Bs-As-1.jpg",100,150,false],"medium":["https:\/\/biblio1.mdp.edu.ar\/centro-ventas\/wp-content\/uploads\/sites\/2\/2022\/07\/Aspectos-practicos-del-procedimiento-laboral-en-la-prov.-De-Bs-As-1.jpg",200,300,false],"medium_large":["https:\/\/biblio1.mdp.edu.ar\/centro-ventas\/wp-content\/uploads\/sites\/2\/2022\/07\/Aspectos-practicos-del-procedimiento-laboral-en-la-prov.-De-Bs-As-1.jpg",633,948,false],"large":["https:\/\/biblio1.mdp.edu.ar\/centro-ventas\/wp-content\/uploads\/sites\/2\/2022\/07\/Aspectos-practicos-del-procedimiento-laboral-en-la-prov.-De-Bs-As-1.jpg",633,948,false],"1536x1536":["https:\/\/biblio1.mdp.edu.ar\/centro-ventas\/wp-content\/uploads\/sites\/2\/2022\/07\/Aspectos-practicos-del-procedimiento-laboral-en-la-prov.-De-Bs-As-1.jpg",633,948,false],"2048x2048":["https:\/\/biblio1.mdp.edu.ar\/centro-ventas\/wp-content\/uploads\/sites\/2\/2022\/07\/Aspectos-practicos-del-procedimiento-laboral-en-la-prov.-De-Bs-As-1.jpg",633,948,false],"woocommerce_thumbnail":["https:\/\/biblio1.mdp.edu.ar\/centro-ventas\/wp-content\/uploads\/sites\/2\/2022\/07\/Aspectos-practicos-del-procedimiento-laboral-en-la-prov.-De-Bs-As-1.jpg",300,449,false],"woocommerce_single":["https:\/\/biblio1.mdp.edu.ar\/centro-ventas\/wp-content\/uploads\/sites\/2\/2022\/07\/Aspectos-practicos-del-procedimiento-laboral-en-la-prov.-De-Bs-As-1.jpg",600,899,false],"woocommerce_gallery_thumbnail":["https:\/\/biblio1.mdp.edu.ar\/centro-ventas\/wp-content\/uploads\/sites\/2\/2022\/07\/Aspectos-practicos-del-procedimiento-laboral-en-la-prov.-De-Bs-As-1-100x100.jpg",100,100,true]},"uagb_author_info":{"display_name":"Maria Balerdi","author_link":"https:\/\/biblio1.mdp.edu.ar\/centro-ventas\/author\/"},"uagb_comment_info":0,"uagb_excerpt":"En v\u00edsperas de la implementaci\u00f3n de la nueva ley ritual laboral bonaerense, 15057, la presente obra reflexiona sobre las principales diferencias y modificaciones que implica esta reforma ritual. El autor observa las problem\u00e1ticas de \u00edndole procesal que se advirtieron a lo largo de la vigencia de la ley 11.653; realiza cuestionamientos que no se acaban&hellip;","_links":{"self":[{"href":"https:\/\/biblio1.mdp.edu.ar\/centro-ventas\/wp-json\/wp\/v2\/product\/2514","targetHints":{"allow":["GET"]}}],"collection":[{"href":"https:\/\/biblio1.mdp.edu.ar\/centro-ventas\/wp-json\/wp\/v2\/product"}],"about":[{"href":"https:\/\/biblio1.mdp.edu.ar\/centro-ventas\/wp-json\/wp\/v2\/types\/product"}],"wp:featuredmedia":[{"embeddable":true,"href":"https:\/\/biblio1.mdp.edu.ar\/centro-ventas\/wp-json\/wp\/v2\/media\/2519"}],"wp:attachment":[{"href":"https:\/\/biblio1.mdp.edu.ar\/centro-ventas\/wp-json\/wp\/v2\/media?parent=2514"}],"wp:term":[{"taxonomy":"product_cat","embeddable":true,"href":"https:\/\/biblio1.mdp.edu.ar\/centro-ventas\/wp-json\/wp\/v2\/product_cat?post=2514"},{"taxonomy":"product_tag","embeddable":true,"href":"https:\/\/biblio1.mdp.edu.ar\/centro-ventas\/wp-json\/wp\/v2\/product_tag?post=2514"}],"curies":[{"name":"wp","href":"https:\/\/api.w.org\/{rel}","templated":true}]}}