{"id":2513,"date":"2022-07-05T14:58:17","date_gmt":"2022-07-05T17:58:17","guid":{"rendered":"http:\/\/biblio1.mdp.edu.ar\/centro-ventas\/?post_type=product&#038;p=2513"},"modified":"2026-03-30T15:57:04","modified_gmt":"2026-03-30T18:57:04","slug":"la-argentina-como-drama-el-teatro-de-mauricio-kartun-en-perspectiva","status":"publish","type":"product","link":"https:\/\/biblio1.mdp.edu.ar\/centro-ventas\/producto\/la-argentina-como-drama-el-teatro-de-mauricio-kartun-en-perspectiva\/","title":{"rendered":"La Argentina como drama. El teatro de Mauricio Kartun en perspectiva"},"content":{"rendered":"<p>La autora nos propone un recorrido por lad obra del escritor argentino Mauricio Kartun a fin de comprender el proceso que lo llev\u00f3 a definir el tipo de teatro pol\u00edtico que produce en la actualidad. Su teatro permite, por un lado, el estudio de una po\u00e9tica individual que sirve para pensar la historia del teatro nacional pero, a su vez, posibilita revisar la historia del pa\u00eds, pues la dramaturgia de Kartun dialoga de manera permanente con la serie social, pol\u00edtica e hist\u00f3rica de su contexto de producci\u00f3n. De esta forma, la ficci\u00f3n teatral, en su vertiente de teatro pol\u00edtico, se erige como contradiscurso disruptivo con un posicionamiento ideol\u00f3gico contundente. La articulaci\u00f3n de met\u00e1foras po\u00e9ticas, concebidas como un todo, construye, por refracci\u00f3n, un rompecabezas que alude a la constituci\u00f3n de un relato de identidad, que da cuenta de manera cr\u00edtica de cierta idiosincrasia argentina.<\/p>\n<p>Podemos afirmar, sin temor a exagerar, que Kartun es ya hoy un autor cl\u00e1sico para el teatro nacional. Sin embargo, no existe todav\u00eda un estudio global que efect\u00fae una periodizaci\u00f3n de su obra, observe sus marcas distintivas y desentra\u00f1e su concepci\u00f3n acerca del fen\u00f3meno dram\u00e1tico y su forma particular de construir un tipo de teatro pol\u00edtico, como lo realiza este libro. Una publicaci\u00f3n de este tipo contribuye, entonces, a cubrir un vac\u00edo prioritario para comprender una parte importante de la historia de la cultura nacional.<\/p>\n","protected":false},"excerpt":{"rendered":"<p>La autora nos propone un recorrido por lad obra del escritor argentino Mauricio Kartun a fin de comprender el proceso que lo llev\u00f3 a definir el tipo de teatro pol\u00edtico que produce en la actualidad. Su teatro permite, por un lado, el estudio de una po\u00e9tica individual que sirve para pensar la historia del teatro [&hellip;]<\/p>\n","protected":false},"featured_media":2556,"template":"","meta":{"_acf_changed":false,"_eb_attr":"","_crdt_document":"","_uag_custom_page_level_css":"","_editorskit_title_hidden":false,"_editorskit_reading_time":0,"_editorskit_is_block_options_detached":false,"_editorskit_block_options_position":"{}","site-sidebar-layout":"default","site-content-layout":"default","ast-site-content-layout":"default","site-content-style":"default","site-sidebar-style":"default","ast-global-header-display":"","ast-banner-title-visibility":"","ast-main-header-display":"","ast-hfb-above-header-display":"","ast-hfb-below-header-display":"","ast-hfb-mobile-header-display":"","site-post-title":"","ast-breadcrumbs-content":"","ast-featured-img":"","footer-sml-layout":"","ast-disable-related-posts":"","theme-transparent-header-meta":"default","adv-header-id-meta":"","stick-header-meta":"","header-above-stick-meta":"","header-main-stick-meta":"","header-below-stick-meta":"","astra-migrate-meta-layouts":"set","ast-page-background-enabled":"default","ast-page-background-meta":{"desktop":{"background-color":"var(--ast-global-color-4)","background-image":"","background-repeat":"repeat","background-position":"center center","background-size":"auto","background-attachment":"scroll","background-type":"","background-media":"","overlay-type":"","overlay-color":"","overlay-opacity":"","overlay-gradient":""},"tablet":{"background-color":"","background-image":"","background-repeat":"repeat","background-position":"center center","background-size":"auto","background-attachment":"scroll","background-type":"","background-media":"","overlay-type":"","overlay-color":"","overlay-opacity":"","overlay-gradient":""},"mobile":{"background-color":"","background-image":"","background-repeat":"repeat","background-position":"center center","background-size":"auto","background-attachment":"scroll","background-type":"","background-media":"","overlay-type":"","overlay-color":"","overlay-opacity":"","overlay-gradient":""}},"ast-content-background-meta":{"desktop":{"background-color":"var(--ast-global-color-5)","background-image":"","background-repeat":"repeat","background-position":"center center","background-size":"auto","background-attachment":"scroll","background-type":"","background-media":"","overlay-type":"","overlay-color":"","overlay-opacity":"","overlay-gradient":""},"tablet":{"background-color":"var(--ast-global-color-5)","background-image":"","background-repeat":"repeat","background-position":"center center","background-size":"auto","background-attachment":"scroll","background-type":"","background-media":"","overlay-type":"","overlay-color":"","overlay-opacity":"","overlay-gradient":""},"mobile":{"background-color":"var(--ast-global-color-5)","background-image":"","background-repeat":"repeat","background-position":"center center","background-size":"auto","background-attachment":"scroll","background-type":"","background-media":"","overlay-type":"","overlay-color":"","overlay-opacity":"","overlay-gradient":""}}},"product_cat":[32,28,124],"product_tag":[],"class_list":{"0":"post-2513","1":"product","2":"type-product","3":"status-publish","4":"has-post-thumbnail","6":"product_cat-edudem","7":"product_cat-libro","8":"product_cat-serie-simbolos","9":"desktop-align-left","10":"tablet-align-left","11":"mobile-align-left","13":"first","14":"instock","15":"shipping-taxable","16":"purchasable","17":"product-type-simple"},"acf":[],"uagb_featured_image_src":{"full":["https:\/\/biblio1.mdp.edu.ar\/centro-ventas\/wp-content\/uploads\/sites\/2\/2022\/07\/TAPA-simbolos-la-argentina-como-drama-scaled.jpg",1770,2716,false],"thumbnail":["https:\/\/biblio1.mdp.edu.ar\/centro-ventas\/wp-content\/uploads\/sites\/2\/2022\/07\/TAPA-simbolos-la-argentina-como-drama-scaled.jpg",98,150,false],"medium":["https:\/\/biblio1.mdp.edu.ar\/centro-ventas\/wp-content\/uploads\/sites\/2\/2022\/07\/TAPA-simbolos-la-argentina-como-drama-scaled.jpg",196,300,false],"medium_large":["https:\/\/biblio1.mdp.edu.ar\/centro-ventas\/wp-content\/uploads\/sites\/2\/2022\/07\/TAPA-simbolos-la-argentina-como-drama-scaled.jpg",768,1178,false],"large":["https:\/\/biblio1.mdp.edu.ar\/centro-ventas\/wp-content\/uploads\/sites\/2\/2022\/07\/TAPA-simbolos-la-argentina-como-drama-scaled.jpg",667,1024,false],"1536x1536":["https:\/\/biblio1.mdp.edu.ar\/centro-ventas\/wp-content\/uploads\/sites\/2\/2022\/07\/TAPA-simbolos-la-argentina-como-drama-scaled.jpg",1001,1536,false],"2048x2048":["https:\/\/biblio1.mdp.edu.ar\/centro-ventas\/wp-content\/uploads\/sites\/2\/2022\/07\/TAPA-simbolos-la-argentina-como-drama-scaled.jpg",1335,2048,false],"woocommerce_thumbnail":["https:\/\/biblio1.mdp.edu.ar\/centro-ventas\/wp-content\/uploads\/sites\/2\/2022\/07\/TAPA-simbolos-la-argentina-como-drama-scaled.jpg",300,460,false],"woocommerce_single":["https:\/\/biblio1.mdp.edu.ar\/centro-ventas\/wp-content\/uploads\/sites\/2\/2022\/07\/TAPA-simbolos-la-argentina-como-drama-scaled.jpg",600,921,false],"woocommerce_gallery_thumbnail":["https:\/\/biblio1.mdp.edu.ar\/centro-ventas\/wp-content\/uploads\/sites\/2\/2022\/07\/TAPA-simbolos-la-argentina-como-drama-100x100.jpg",100,100,true]},"uagb_author_info":{"display_name":"Maria Balerdi","author_link":"https:\/\/biblio1.mdp.edu.ar\/centro-ventas\/author\/"},"uagb_comment_info":0,"uagb_excerpt":"La autora nos propone un recorrido por lad obra del escritor argentino Mauricio Kartun a fin de comprender el proceso que lo llev\u00f3 a definir el tipo de teatro pol\u00edtico que produce en la actualidad. Su teatro permite, por un lado, el estudio de una po\u00e9tica individual que sirve para pensar la historia del teatro&hellip;","_links":{"self":[{"href":"https:\/\/biblio1.mdp.edu.ar\/centro-ventas\/wp-json\/wp\/v2\/product\/2513","targetHints":{"allow":["GET"]}}],"collection":[{"href":"https:\/\/biblio1.mdp.edu.ar\/centro-ventas\/wp-json\/wp\/v2\/product"}],"about":[{"href":"https:\/\/biblio1.mdp.edu.ar\/centro-ventas\/wp-json\/wp\/v2\/types\/product"}],"wp:featuredmedia":[{"embeddable":true,"href":"https:\/\/biblio1.mdp.edu.ar\/centro-ventas\/wp-json\/wp\/v2\/media\/2556"}],"wp:attachment":[{"href":"https:\/\/biblio1.mdp.edu.ar\/centro-ventas\/wp-json\/wp\/v2\/media?parent=2513"}],"wp:term":[{"taxonomy":"product_cat","embeddable":true,"href":"https:\/\/biblio1.mdp.edu.ar\/centro-ventas\/wp-json\/wp\/v2\/product_cat?post=2513"},{"taxonomy":"product_tag","embeddable":true,"href":"https:\/\/biblio1.mdp.edu.ar\/centro-ventas\/wp-json\/wp\/v2\/product_tag?post=2513"}],"curies":[{"name":"wp","href":"https:\/\/api.w.org\/{rel}","templated":true}]}}