{"id":2509,"date":"2022-07-05T14:52:41","date_gmt":"2022-07-05T17:52:41","guid":{"rendered":"http:\/\/biblio1.mdp.edu.ar\/centro-ventas\/?post_type=product&#038;p=2509"},"modified":"2026-03-30T16:51:24","modified_gmt":"2026-03-30T19:51:24","slug":"las-adicciones-toxicas","status":"publish","type":"product","link":"https:\/\/biblio1.mdp.edu.ar\/centro-ventas\/producto\/las-adicciones-toxicas\/","title":{"rendered":"Las adicciones t\u00f3xicas"},"content":{"rendered":"<p>En el vasto \u00e1mbito de las obras sobre toxicoman\u00edas, este libro nos sorprende con el descubrimiento de todo lo que el psicoan\u00e1lisis puede aportar a la teor\u00eda y a la pr\u00e1ctica cl\u00ednica de esta problem\u00e1tica. Original, abierta, \u00fanica, la obra exprime los textos de Freud y de Lacan, y de otros autores cl\u00e1sicos y actuales, para construir una teor\u00eda de las adicciones, que parte de lo inalcanzable que resulta al sujeto el objeto de satisfacci\u00f3n (Das Ding).<\/p>\n<p>Se trata, en lo m\u00e1s real, de una \u201cabstinencia estructural\u201d de goce, que produce en ciertos sujetos un dolor insoportable y una incoercible compulsi\u00f3n a los t\u00f3xicos en pos de un alivio inmediato y por qu\u00e9 no, de una felicidad ilusoriamente a la mano. Pero pronto el destello de la intoxicaci\u00f3n se degrada en la calma del placer, donde el goce del flash, como el del orgasmo, se escurre en el mismo momento en que se alcanza, bien lejos del para\u00edso prometido.<\/p>\n<p>El adicto, se\u00f1ala el autor, carece de alguno de los medios que Freud ordena en una serie de recursos simb\u00f3licos para soportar el camino meton\u00edmico de esperas y demoras que le permitir\u00edan al sujeto transformar el acoso pulsional en \u201cel tiempo del deseo\u201d. Queda as\u00ed a expensas de un mandato superyoico que exige el goce inmediato, \u201ccortocircuito\u201d que oculta ese \u201capetito de la muerte\u201d que refiere Lacan en La Familia.<\/p>\n","protected":false},"excerpt":{"rendered":"<p>En el vasto \u00e1mbito de las obras sobre toxicoman\u00edas, este libro nos sorprende con el descubrimiento de todo lo que el psicoan\u00e1lisis puede aportar a la teor\u00eda y a la pr\u00e1ctica cl\u00ednica de esta problem\u00e1tica. Original, abierta, \u00fanica, la obra exprime los textos de Freud y de Lacan, y de otros autores cl\u00e1sicos y actuales, [&hellip;]<\/p>\n","protected":false},"featured_media":2511,"template":"","meta":{"_acf_changed":false,"_eb_attr":"","_crdt_document":"","_uag_custom_page_level_css":"","_editorskit_title_hidden":false,"_editorskit_reading_time":0,"_editorskit_is_block_options_detached":false,"_editorskit_block_options_position":"{}","site-sidebar-layout":"default","site-content-layout":"default","ast-site-content-layout":"default","site-content-style":"default","site-sidebar-style":"default","ast-global-header-display":"","ast-banner-title-visibility":"","ast-main-header-display":"","ast-hfb-above-header-display":"","ast-hfb-below-header-display":"","ast-hfb-mobile-header-display":"","site-post-title":"","ast-breadcrumbs-content":"","ast-featured-img":"","footer-sml-layout":"","ast-disable-related-posts":"","theme-transparent-header-meta":"default","adv-header-id-meta":"","stick-header-meta":"","header-above-stick-meta":"","header-main-stick-meta":"","header-below-stick-meta":"","astra-migrate-meta-layouts":"default","ast-page-background-enabled":"default","ast-page-background-meta":{"desktop":{"background-color":"var(--ast-global-color-4)","background-image":"","background-repeat":"repeat","background-position":"center center","background-size":"auto","background-attachment":"scroll","background-type":"","background-media":"","overlay-type":"","overlay-color":"","overlay-opacity":"","overlay-gradient":""},"tablet":{"background-color":"","background-image":"","background-repeat":"repeat","background-position":"center center","background-size":"auto","background-attachment":"scroll","background-type":"","background-media":"","overlay-type":"","overlay-color":"","overlay-opacity":"","overlay-gradient":""},"mobile":{"background-color":"","background-image":"","background-repeat":"repeat","background-position":"center center","background-size":"auto","background-attachment":"scroll","background-type":"","background-media":"","overlay-type":"","overlay-color":"","overlay-opacity":"","overlay-gradient":""}},"ast-content-background-meta":{"desktop":{"background-color":"var(--ast-global-color-5)","background-image":"","background-repeat":"repeat","background-position":"center center","background-size":"auto","background-attachment":"scroll","background-type":"","background-media":"","overlay-type":"","overlay-color":"","overlay-opacity":"","overlay-gradient":""},"tablet":{"background-color":"var(--ast-global-color-5)","background-image":"","background-repeat":"repeat","background-position":"center center","background-size":"auto","background-attachment":"scroll","background-type":"","background-media":"","overlay-type":"","overlay-color":"","overlay-opacity":"","overlay-gradient":""},"mobile":{"background-color":"var(--ast-global-color-5)","background-image":"","background-repeat":"repeat","background-position":"center center","background-size":"auto","background-attachment":"scroll","background-type":"","background-media":"","overlay-type":"","overlay-color":"","overlay-opacity":"","overlay-gradient":""}}},"product_cat":[116,32,28,183],"product_tag":[659,582,70],"class_list":{"0":"post-2509","1":"product","2":"type-product","3":"status-publish","4":"has-post-thumbnail","6":"product_cat-coleccion-bitacora","7":"product_cat-edudem","8":"product_cat-libro","9":"product_cat-psicologia","10":"product_tag-adicciones","11":"product_tag-psicoanalisis","12":"product_tag-psicologia","13":"desktop-align-left","14":"tablet-align-left","15":"mobile-align-left","17":"first","18":"instock","19":"shipping-taxable","20":"purchasable","21":"product-type-simple"},"acf":[],"uagb_featured_image_src":{"full":["https:\/\/biblio1.mdp.edu.ar\/centro-ventas\/wp-content\/uploads\/sites\/2\/2022\/07\/las-adicciones-toxicas-scaled.jpg",1770,2716,false],"thumbnail":["https:\/\/biblio1.mdp.edu.ar\/centro-ventas\/wp-content\/uploads\/sites\/2\/2022\/07\/las-adicciones-toxicas-scaled.jpg",98,150,false],"medium":["https:\/\/biblio1.mdp.edu.ar\/centro-ventas\/wp-content\/uploads\/sites\/2\/2022\/07\/las-adicciones-toxicas-scaled.jpg",196,300,false],"medium_large":["https:\/\/biblio1.mdp.edu.ar\/centro-ventas\/wp-content\/uploads\/sites\/2\/2022\/07\/las-adicciones-toxicas-scaled.jpg",768,1178,false],"large":["https:\/\/biblio1.mdp.edu.ar\/centro-ventas\/wp-content\/uploads\/sites\/2\/2022\/07\/las-adicciones-toxicas-scaled.jpg",667,1024,false],"1536x1536":["https:\/\/biblio1.mdp.edu.ar\/centro-ventas\/wp-content\/uploads\/sites\/2\/2022\/07\/las-adicciones-toxicas-scaled.jpg",1001,1536,false],"2048x2048":["https:\/\/biblio1.mdp.edu.ar\/centro-ventas\/wp-content\/uploads\/sites\/2\/2022\/07\/las-adicciones-toxicas-scaled.jpg",1335,2048,false],"woocommerce_thumbnail":["https:\/\/biblio1.mdp.edu.ar\/centro-ventas\/wp-content\/uploads\/sites\/2\/2022\/07\/las-adicciones-toxicas-scaled.jpg",300,460,false],"woocommerce_single":["https:\/\/biblio1.mdp.edu.ar\/centro-ventas\/wp-content\/uploads\/sites\/2\/2022\/07\/las-adicciones-toxicas-scaled.jpg",600,921,false],"woocommerce_gallery_thumbnail":["https:\/\/biblio1.mdp.edu.ar\/centro-ventas\/wp-content\/uploads\/sites\/2\/2022\/07\/las-adicciones-toxicas-100x100.jpg",100,100,true]},"uagb_author_info":{"display_name":"Maria Balerdi","author_link":"https:\/\/biblio1.mdp.edu.ar\/centro-ventas\/author\/"},"uagb_comment_info":0,"uagb_excerpt":"En el vasto \u00e1mbito de las obras sobre toxicoman\u00edas, este libro nos sorprende con el descubrimiento de todo lo que el psicoan\u00e1lisis puede aportar a la teor\u00eda y a la pr\u00e1ctica cl\u00ednica de esta problem\u00e1tica. Original, abierta, \u00fanica, la obra exprime los textos de Freud y de Lacan, y de otros autores cl\u00e1sicos y actuales,&hellip;","_links":{"self":[{"href":"https:\/\/biblio1.mdp.edu.ar\/centro-ventas\/wp-json\/wp\/v2\/product\/2509","targetHints":{"allow":["GET"]}}],"collection":[{"href":"https:\/\/biblio1.mdp.edu.ar\/centro-ventas\/wp-json\/wp\/v2\/product"}],"about":[{"href":"https:\/\/biblio1.mdp.edu.ar\/centro-ventas\/wp-json\/wp\/v2\/types\/product"}],"wp:featuredmedia":[{"embeddable":true,"href":"https:\/\/biblio1.mdp.edu.ar\/centro-ventas\/wp-json\/wp\/v2\/media\/2511"}],"wp:attachment":[{"href":"https:\/\/biblio1.mdp.edu.ar\/centro-ventas\/wp-json\/wp\/v2\/media?parent=2509"}],"wp:term":[{"taxonomy":"product_cat","embeddable":true,"href":"https:\/\/biblio1.mdp.edu.ar\/centro-ventas\/wp-json\/wp\/v2\/product_cat?post=2509"},{"taxonomy":"product_tag","embeddable":true,"href":"https:\/\/biblio1.mdp.edu.ar\/centro-ventas\/wp-json\/wp\/v2\/product_tag?post=2509"}],"curies":[{"name":"wp","href":"https:\/\/api.w.org\/{rel}","templated":true}]}}