{"id":2500,"date":"2022-06-23T19:32:41","date_gmt":"2022-06-23T22:32:41","guid":{"rendered":"http:\/\/biblio1.mdp.edu.ar\/centro-ventas\/?post_type=product&#038;p=2500"},"modified":"2025-10-16T17:02:59","modified_gmt":"2025-10-16T20:02:59","slug":"historia-de-la-ciudad-de-dios","status":"publish","type":"product","link":"https:\/\/biblio1.mdp.edu.ar\/centro-ventas\/producto\/historia-de-la-ciudad-de-dios\/","title":{"rendered":"Historias de la Ciudad de Dios"},"content":{"rendered":"<div id=\"app\"><main class=\"main\"><\/p>\n<div class=\"container-fluid\">\n<div id=\"info\" class=\"container book detail\">\n<div class=\"row\">\n<div class=\"col-2 col-sm-3 col-md-4 book-top-left d-none d-sm-block\"><\/div>\n<div class=\"col-12 col-sm-9 col-md-8 book-top-center\">\n<div class=\"card-custom\">\n<div class=\"row\">\n<div class=\"col-7 col-sm-12\">\n<div class=\"rating\"><i class=\"far fa-star\"><\/i>\u00a0<span style=\"font-size: 16px;font-weight: bold\">Colecci\u00f3n:<\/span><\/div>\n<\/div>\n<\/div>\n<\/div>\n<\/div>\n<\/div>\n<\/div>\n<\/div>\n<p><\/main><\/div>\n<div class=\"container-fluid content-block countable\">\n<div id=\"fichaTecnica\" class=\"container\">\n<div class=\"row\">\n<div class=\"col-md-9\">\n<div class=\"row\">\n<div class=\"col-12 col-sm-12 col-md-12 col-lg-6\">\n<dl class=\"row\">\n<dd class=\"col-7 col-md-9 col-lg-7\">Narrativa contempor\u00e1nea<\/dd>\n<\/dl>\n<\/div>\n<div class=\"col-12 col-sm-12 col-md-12 col-lg-6\"><\/div>\n<\/div>\n<\/div>\n<\/div>\n<\/div>\n<\/div>\n<div id=\"author\" class=\"container-fluid content-block countable\" data-gtm-vis-first-on-screen-30715057_45=\"4114\">\n<div class=\"container\">\n<div class=\"row\">\n<div class=\"col-md-3\">\n<h2 class=\"page-title left\">pasolini, Pier Paolo<\/h2>\n<\/div>\n<div id=\"moduleBio\" class=\"col-md-9\">\n<div id=\"collapseBio\" class=\"collapse show\">Pier Paolo Pasolini (Bolonia, 1922 &#8211; Ostia, 1975) Poeta, novelista, autor de obras teatrales, cr\u00edtico literario, ensayista y polemista, Pasolini es una de las figuras cruciales de la cultura italiana del siglo xx. Personalidad compleja y provocativa, en su faceta de escritor intent\u00f3 revalorizar lo popular como veh\u00edculo de expresi\u00f3n de la realidad. Entre sus obras po\u00e9ticas destacan La mejor juventud o Las cenizas de Gramsci, y entre sus novelas Una vida violenta, Mujeres de Roma y, sobre todo, Chavales del arroyo. En 1961 inici\u00f3 su carrera cinematogr\u00e1fica, en la que defendi\u00f3 el lenguaje popular y la investigaci\u00f3n abierta y adogm\u00e1tica de la realidad. En sus pel\u00edculas inserta escenas l\u00edricas con el m\u00e1s descarnado realismo, lo que convierte su obra en una de las m\u00e1s originales de nuestro tiempo<\/div>\n<\/div>\n<\/div>\n<\/div>\n<\/div>\n","protected":false},"excerpt":{"rendered":"<p>\u00a0Colecci\u00f3n: Narrativa contempor\u00e1nea pasolini, Pier Paolo Pier Paolo Pasolini (Bolonia, 1922 &#8211; Ostia, 1975) Poeta, novelista, autor de obras teatrales, cr\u00edtico literario, ensayista y polemista, Pasolini es una de las figuras cruciales de la cultura italiana del siglo xx. Personalidad compleja y provocativa, en su faceta de escritor intent\u00f3 revalorizar lo popular como veh\u00edculo de [&hellip;]<\/p>\n","protected":false},"featured_media":2501,"template":"","meta":{"_acf_changed":false,"_eb_attr":"","_crdt_document":"","_uag_custom_page_level_css":"","_editorskit_title_hidden":false,"_editorskit_reading_time":0,"_editorskit_is_block_options_detached":false,"_editorskit_block_options_position":"{}","site-sidebar-layout":"default","site-content-layout":"default","ast-site-content-layout":"default","site-content-style":"default","site-sidebar-style":"default","ast-global-header-display":"","ast-banner-title-visibility":"","ast-main-header-display":"","ast-hfb-above-header-display":"","ast-hfb-below-header-display":"","ast-hfb-mobile-header-display":"","site-post-title":"","ast-breadcrumbs-content":"","ast-featured-img":"","footer-sml-layout":"","ast-disable-related-posts":"","theme-transparent-header-meta":"default","adv-header-id-meta":"","stick-header-meta":"","header-above-stick-meta":"","header-main-stick-meta":"","header-below-stick-meta":"","astra-migrate-meta-layouts":"default","ast-page-background-enabled":"default","ast-page-background-meta":{"desktop":{"background-color":"var(--ast-global-color-4)","background-image":"","background-repeat":"repeat","background-position":"center center","background-size":"auto","background-attachment":"scroll","background-type":"","background-media":"","overlay-type":"","overlay-color":"","overlay-opacity":"","overlay-gradient":""},"tablet":{"background-color":"","background-image":"","background-repeat":"repeat","background-position":"center center","background-size":"auto","background-attachment":"scroll","background-type":"","background-media":"","overlay-type":"","overlay-color":"","overlay-opacity":"","overlay-gradient":""},"mobile":{"background-color":"","background-image":"","background-repeat":"repeat","background-position":"center center","background-size":"auto","background-attachment":"scroll","background-type":"","background-media":"","overlay-type":"","overlay-color":"","overlay-opacity":"","overlay-gradient":""}},"ast-content-background-meta":{"desktop":{"background-color":"var(--ast-global-color-5)","background-image":"","background-repeat":"repeat","background-position":"center center","background-size":"auto","background-attachment":"scroll","background-type":"","background-media":"","overlay-type":"","overlay-color":"","overlay-opacity":"","overlay-gradient":""},"tablet":{"background-color":"var(--ast-global-color-5)","background-image":"","background-repeat":"repeat","background-position":"center center","background-size":"auto","background-attachment":"scroll","background-type":"","background-media":"","overlay-type":"","overlay-color":"","overlay-opacity":"","overlay-gradient":""},"mobile":{"background-color":"var(--ast-global-color-5)","background-image":"","background-repeat":"repeat","background-position":"center center","background-size":"auto","background-attachment":"scroll","background-type":"","background-media":"","overlay-type":"","overlay-color":"","overlay-opacity":"","overlay-gradient":""}}},"product_cat":[130,28],"product_tag":[],"class_list":{"0":"post-2500","1":"product","2":"type-product","3":"status-publish","4":"has-post-thumbnail","6":"product_cat-eudeba-libro","7":"product_cat-libro","8":"desktop-align-left","9":"tablet-align-left","10":"mobile-align-left","12":"first","13":"instock","14":"shipping-taxable","15":"purchasable","16":"product-type-simple"},"acf":[],"uagb_featured_image_src":{"full":["https:\/\/biblio1.mdp.edu.ar\/centro-ventas\/wp-content\/uploads\/sites\/2\/2022\/06\/historias-de-la-cuidad.jpg",175,268,false],"thumbnail":["https:\/\/biblio1.mdp.edu.ar\/centro-ventas\/wp-content\/uploads\/sites\/2\/2022\/06\/historias-de-la-cuidad.jpg",98,150,false],"medium":["https:\/\/biblio1.mdp.edu.ar\/centro-ventas\/wp-content\/uploads\/sites\/2\/2022\/06\/historias-de-la-cuidad.jpg",175,268,false],"medium_large":["https:\/\/biblio1.mdp.edu.ar\/centro-ventas\/wp-content\/uploads\/sites\/2\/2022\/06\/historias-de-la-cuidad.jpg",175,268,false],"large":["https:\/\/biblio1.mdp.edu.ar\/centro-ventas\/wp-content\/uploads\/sites\/2\/2022\/06\/historias-de-la-cuidad.jpg",175,268,false],"1536x1536":["https:\/\/biblio1.mdp.edu.ar\/centro-ventas\/wp-content\/uploads\/sites\/2\/2022\/06\/historias-de-la-cuidad.jpg",175,268,false],"2048x2048":["https:\/\/biblio1.mdp.edu.ar\/centro-ventas\/wp-content\/uploads\/sites\/2\/2022\/06\/historias-de-la-cuidad.jpg",175,268,false],"woocommerce_thumbnail":["https:\/\/biblio1.mdp.edu.ar\/centro-ventas\/wp-content\/uploads\/sites\/2\/2022\/06\/historias-de-la-cuidad.jpg",175,268,false],"woocommerce_single":["https:\/\/biblio1.mdp.edu.ar\/centro-ventas\/wp-content\/uploads\/sites\/2\/2022\/06\/historias-de-la-cuidad.jpg",175,268,false],"woocommerce_gallery_thumbnail":["https:\/\/biblio1.mdp.edu.ar\/centro-ventas\/wp-content\/uploads\/sites\/2\/2022\/06\/historias-de-la-cuidad-100x100.jpg",100,100,true]},"uagb_author_info":{"display_name":"Cristina Bernabe","author_link":"https:\/\/biblio1.mdp.edu.ar\/centro-ventas\/author\/"},"uagb_comment_info":0,"uagb_excerpt":"\u00a0Colecci\u00f3n: Narrativa contempor\u00e1nea pasolini, Pier Paolo Pier Paolo Pasolini (Bolonia, 1922 &#8211; Ostia, 1975) Poeta, novelista, autor de obras teatrales, cr\u00edtico literario, ensayista y polemista, Pasolini es una de las figuras cruciales de la cultura italiana del siglo xx. Personalidad compleja y provocativa, en su faceta de escritor intent\u00f3 revalorizar lo popular como veh\u00edculo de&hellip;","_links":{"self":[{"href":"https:\/\/biblio1.mdp.edu.ar\/centro-ventas\/wp-json\/wp\/v2\/product\/2500","targetHints":{"allow":["GET"]}}],"collection":[{"href":"https:\/\/biblio1.mdp.edu.ar\/centro-ventas\/wp-json\/wp\/v2\/product"}],"about":[{"href":"https:\/\/biblio1.mdp.edu.ar\/centro-ventas\/wp-json\/wp\/v2\/types\/product"}],"wp:featuredmedia":[{"embeddable":true,"href":"https:\/\/biblio1.mdp.edu.ar\/centro-ventas\/wp-json\/wp\/v2\/media\/2501"}],"wp:attachment":[{"href":"https:\/\/biblio1.mdp.edu.ar\/centro-ventas\/wp-json\/wp\/v2\/media?parent=2500"}],"wp:term":[{"taxonomy":"product_cat","embeddable":true,"href":"https:\/\/biblio1.mdp.edu.ar\/centro-ventas\/wp-json\/wp\/v2\/product_cat?post=2500"},{"taxonomy":"product_tag","embeddable":true,"href":"https:\/\/biblio1.mdp.edu.ar\/centro-ventas\/wp-json\/wp\/v2\/product_tag?post=2500"}],"curies":[{"name":"wp","href":"https:\/\/api.w.org\/{rel}","templated":true}]}}