{"id":2436,"date":"2022-06-15T20:41:15","date_gmt":"2022-06-15T20:41:15","guid":{"rendered":"http:\/\/biblio1.mdp.edu.ar\/centro-ventas\/?post_type=product&#038;p=2436"},"modified":"2025-06-18T14:58:36","modified_gmt":"2025-06-18T17:58:36","slug":"1100-no52-atv-arquitectos","status":"publish","type":"product","link":"https:\/\/biblio1.mdp.edu.ar\/centro-ventas\/producto\/1100-no52-atv-arquitectos\/","title":{"rendered":"1:100 &#8211; N\u00ba52 &#8211; ATV Arquitectos"},"content":{"rendered":"<table border=\"0\" width=\"100%\" cellspacing=\"0\" cellpadding=\"0\">\n<tbody>\n<tr>\n<td width=\"295\">\n<table border=\"0\" width=\"100%\" cellspacing=\"0\" cellpadding=\"0\">\n<tbody>\n<tr>\n<td class=\"textoBase\" colspan=\"2\"><span class=\"arial12Bold\">Editorial<\/span><br \/>\n<span class=\"arial11\">La formaci\u00f3n del estudio ATV Arquitectos se dio pr\u00e1cticamente a la par que la de 1:100 Ediciones, y desde entonces comenzamos a intercambiar ideas y conceptos tanto de arquitectura como de dise\u00f1o. Nuestros caminos siempre se vieron conectados, ya sea por cuestiones relacionadas a lo profesional o a lo acad\u00e9mico, y siempre compartiendo su producci\u00f3n y avances.<br \/>\nM\u00e1s de 10 a\u00f1os despu\u00e9s, habiendo incursionado en vivienda multifamiliar, hoteles, concursos y otros tantos proyectos, decidimos publicar su obra en nuestras p\u00e1ginas destacando su \u00faltimo proyecto de vivienda unifamiliar, la casa Marino. Con esta obra, el estudio nos da la posibilidad de investigar una interesante propuesta de trabajo, en tres tipolog\u00edas de vivienda, con una misma l\u00ednea de pensamiento proyectual. Se destaca en las dos primeras (Marino y Ravignani) el cuidadoso trabajo estructural que propone ATV, permiti\u00e9ndose as\u00ed ampliar los l\u00edmites del dise\u00f1o a partir del material y aventur\u00e1ndose a decisiones innovadoras, pero sin dejar de lado las cuestiones funcionales o incluso los requerimientos del mercado actual en Argentina.<\/span><\/td>\n<\/tr>\n<\/tbody>\n<\/table>\n<\/td>\n<\/tr>\n<\/tbody>\n<\/table>\n","protected":false},"excerpt":{"rendered":"<p>Editorial La formaci\u00f3n del estudio ATV Arquitectos se dio pr\u00e1cticamente a la par que la de 1:100 Ediciones, y desde entonces comenzamos a intercambiar ideas y conceptos tanto de arquitectura como de dise\u00f1o. Nuestros caminos siempre se vieron conectados, ya sea por cuestiones relacionadas a lo profesional o a lo acad\u00e9mico, y siempre compartiendo su [&hellip;]<\/p>\n","protected":false},"featured_media":2446,"template":"","meta":{"_acf_changed":false,"_eb_attr":"","_crdt_document":"","_uag_custom_page_level_css":"","_editorskit_title_hidden":false,"_editorskit_reading_time":0,"_editorskit_is_block_options_detached":false,"_editorskit_block_options_position":"{}","site-sidebar-layout":"default","site-content-layout":"default","ast-site-content-layout":"default","site-content-style":"default","site-sidebar-style":"default","ast-global-header-display":"","ast-banner-title-visibility":"","ast-main-header-display":"","ast-hfb-above-header-display":"","ast-hfb-below-header-display":"","ast-hfb-mobile-header-display":"","site-post-title":"","ast-breadcrumbs-content":"","ast-featured-img":"","footer-sml-layout":"","ast-disable-related-posts":"","theme-transparent-header-meta":"default","adv-header-id-meta":"","stick-header-meta":"","header-above-stick-meta":"","header-main-stick-meta":"","header-below-stick-meta":"","astra-migrate-meta-layouts":"default","ast-page-background-enabled":"default","ast-page-background-meta":{"desktop":{"background-color":"var(--ast-global-color-4)","background-image":"","background-repeat":"repeat","background-position":"center center","background-size":"auto","background-attachment":"scroll","background-type":"","background-media":"","overlay-type":"","overlay-color":"","overlay-opacity":"","overlay-gradient":""},"tablet":{"background-color":"","background-image":"","background-repeat":"repeat","background-position":"center center","background-size":"auto","background-attachment":"scroll","background-type":"","background-media":"","overlay-type":"","overlay-color":"","overlay-opacity":"","overlay-gradient":""},"mobile":{"background-color":"","background-image":"","background-repeat":"repeat","background-position":"center center","background-size":"auto","background-attachment":"scroll","background-type":"","background-media":"","overlay-type":"","overlay-color":"","overlay-opacity":"","overlay-gradient":""}},"ast-content-background-meta":{"desktop":{"background-color":"var(--ast-global-color-5)","background-image":"","background-repeat":"repeat","background-position":"center center","background-size":"auto","background-attachment":"scroll","background-type":"","background-media":"","overlay-type":"","overlay-color":"","overlay-opacity":"","overlay-gradient":""},"tablet":{"background-color":"var(--ast-global-color-5)","background-image":"","background-repeat":"repeat","background-position":"center center","background-size":"auto","background-attachment":"scroll","background-type":"","background-media":"","overlay-type":"","overlay-color":"","overlay-opacity":"","overlay-gradient":""},"mobile":{"background-color":"var(--ast-global-color-5)","background-image":"","background-repeat":"repeat","background-position":"center center","background-size":"auto","background-attachment":"scroll","background-type":"","background-media":"","overlay-type":"","overlay-color":"","overlay-opacity":"","overlay-gradient":""}}},"product_cat":[179,31],"product_tag":[76,36],"class_list":{"0":"post-2436","1":"product","2":"type-product","3":"status-publish","4":"has-post-thumbnail","6":"product_cat-1100-revistas","7":"product_cat-revistas","8":"product_tag-arquitectos","9":"product_tag-arquitectura","10":"desktop-align-left","11":"tablet-align-left","12":"mobile-align-left","14":"first","15":"outofstock","16":"shipping-taxable","17":"product-type-simple"},"acf":[],"uagb_featured_image_src":{"full":["https:\/\/biblio1.mdp.edu.ar\/centro-ventas\/wp-content\/uploads\/sites\/2\/2022\/06\/IMG_1629.jpg",750,563,false],"thumbnail":["https:\/\/biblio1.mdp.edu.ar\/centro-ventas\/wp-content\/uploads\/sites\/2\/2022\/06\/IMG_1629.jpg",150,113,false],"medium":["https:\/\/biblio1.mdp.edu.ar\/centro-ventas\/wp-content\/uploads\/sites\/2\/2022\/06\/IMG_1629.jpg",300,225,false],"medium_large":["https:\/\/biblio1.mdp.edu.ar\/centro-ventas\/wp-content\/uploads\/sites\/2\/2022\/06\/IMG_1629.jpg",750,563,false],"large":["https:\/\/biblio1.mdp.edu.ar\/centro-ventas\/wp-content\/uploads\/sites\/2\/2022\/06\/IMG_1629.jpg",750,563,false],"1536x1536":["https:\/\/biblio1.mdp.edu.ar\/centro-ventas\/wp-content\/uploads\/sites\/2\/2022\/06\/IMG_1629.jpg",750,563,false],"2048x2048":["https:\/\/biblio1.mdp.edu.ar\/centro-ventas\/wp-content\/uploads\/sites\/2\/2022\/06\/IMG_1629.jpg",750,563,false],"woocommerce_thumbnail":["https:\/\/biblio1.mdp.edu.ar\/centro-ventas\/wp-content\/uploads\/sites\/2\/2022\/06\/IMG_1629.jpg",300,225,false],"woocommerce_single":["https:\/\/biblio1.mdp.edu.ar\/centro-ventas\/wp-content\/uploads\/sites\/2\/2022\/06\/IMG_1629.jpg",600,450,false],"woocommerce_gallery_thumbnail":["https:\/\/biblio1.mdp.edu.ar\/centro-ventas\/wp-content\/uploads\/sites\/2\/2022\/06\/IMG_1629-100x100.jpg",100,100,true]},"uagb_author_info":{"display_name":"Cristina Bernabe","author_link":"https:\/\/biblio1.mdp.edu.ar\/centro-ventas\/author\/"},"uagb_comment_info":0,"uagb_excerpt":"Editorial La formaci\u00f3n del estudio ATV Arquitectos se dio pr\u00e1cticamente a la par que la de 1:100 Ediciones, y desde entonces comenzamos a intercambiar ideas y conceptos tanto de arquitectura como de dise\u00f1o. Nuestros caminos siempre se vieron conectados, ya sea por cuestiones relacionadas a lo profesional o a lo acad\u00e9mico, y siempre compartiendo su&hellip;","_links":{"self":[{"href":"https:\/\/biblio1.mdp.edu.ar\/centro-ventas\/wp-json\/wp\/v2\/product\/2436","targetHints":{"allow":["GET"]}}],"collection":[{"href":"https:\/\/biblio1.mdp.edu.ar\/centro-ventas\/wp-json\/wp\/v2\/product"}],"about":[{"href":"https:\/\/biblio1.mdp.edu.ar\/centro-ventas\/wp-json\/wp\/v2\/types\/product"}],"wp:featuredmedia":[{"embeddable":true,"href":"https:\/\/biblio1.mdp.edu.ar\/centro-ventas\/wp-json\/wp\/v2\/media\/2446"}],"wp:attachment":[{"href":"https:\/\/biblio1.mdp.edu.ar\/centro-ventas\/wp-json\/wp\/v2\/media?parent=2436"}],"wp:term":[{"taxonomy":"product_cat","embeddable":true,"href":"https:\/\/biblio1.mdp.edu.ar\/centro-ventas\/wp-json\/wp\/v2\/product_cat?post=2436"},{"taxonomy":"product_tag","embeddable":true,"href":"https:\/\/biblio1.mdp.edu.ar\/centro-ventas\/wp-json\/wp\/v2\/product_tag?post=2436"}],"curies":[{"name":"wp","href":"https:\/\/api.w.org\/{rel}","templated":true}]}}