{"id":2427,"date":"2022-06-15T19:42:46","date_gmt":"2022-06-15T22:42:46","guid":{"rendered":"http:\/\/biblio1.mdp.edu.ar\/centro-ventas\/?post_type=product&#038;p=2427"},"modified":"2024-02-27T15:55:52","modified_gmt":"2024-02-27T18:55:52","slug":"1100-no46-camilo-avellaneda","status":"publish","type":"product","link":"https:\/\/biblio1.mdp.edu.ar\/centro-ventas\/producto\/1100-no46-camilo-avellaneda\/","title":{"rendered":"1:100 &#8211; N\u00ba46 &#8211; Camilo Avellaneda"},"content":{"rendered":"<p>Ubicaci\u00f3n: Colombia.<br \/>\nP\u00e1ginas: 80.<br \/>\nIncluye l\u00e1mina deplegable, tama\u00f1o 45x62cm.<br \/>\nFecha de edici\u00f3n: Noviembre 2013<br \/>\nISSN: 1669-5380<br \/>\nStock disponible<\/p>\n<p>Proyectos incluidos: 3<br \/>\nFotograf\u00edas a color: 38<br \/>\nFotograf\u00edas en ByN: 15<br \/>\nPlanimetr\u00eda incluida:<br \/>\nPlantas: 16<br \/>\nAlzadas: 8<br \/>\nCortes: 4<br \/>\nIm\u00e1genes de maqueta: 3<br \/>\nCroquis: 1<br \/>\nMobiliario: Poltrona Paimio.<\/p>\n<p>Notas incluidas escritas por:<br \/>\nArq. Ricardo Daza.<br \/>\nCargo: Investigador Docente de la Universidad Nacional<br \/>\nde Colombia y Director del Museo Leopoldo Rother<br \/>\nde la Universidad Nacional de Colombia.<br \/>\nArq. Carlos Naranjo.<br \/>\nCargo: Profesor Asociado, Universidad Nacional de<br \/>\nColombia.<br \/>\nArq. Ricardo Blanco.<br \/>\nCargo: Director de posgrado DIMO y ex director de<br \/>\nla carrera de dise\u00f1o industrial en la FADU-UBA, Acad\u00e9mico<br \/>\nde numero en la Academia Nacional de Bellas Artes.<\/p>\n<p>Trayectoria.<br \/>\nEntrevista.<br \/>\nMemoria descriptiva.<br \/>\nFicha t\u00e9cnica.<\/p>\n<p>PERFIL DEL ARQUITECTO.<br \/>\nObras destacadas:<br \/>\nCasa Aycardi.<br \/>\nEdificio C&amp;T.<br \/>\nBiblioteca Central.<br \/>\nNacionalidad del arquitecto:<br \/>\nColombia.<\/p>\n","protected":false},"excerpt":{"rendered":"<p>Ubicaci\u00f3n: Colombia. P\u00e1ginas: 80. Incluye l\u00e1mina deplegable, tama\u00f1o 45x62cm. Fecha de edici\u00f3n: Noviembre 2013 ISSN: 1669-5380 Stock disponible Proyectos incluidos: 3 Fotograf\u00edas a color: 38 Fotograf\u00edas en ByN: 15 Planimetr\u00eda incluida: Plantas: 16 Alzadas: 8 Cortes: 4 Im\u00e1genes de maqueta: 3 Croquis: 1 Mobiliario: Poltrona Paimio. Notas incluidas escritas por: Arq. Ricardo Daza. Cargo: Investigador [&hellip;]<\/p>\n","protected":false},"featured_media":2428,"template":"","meta":{"_acf_changed":false,"_eb_attr":"","_crdt_document":"","_uag_custom_page_level_css":"","_editorskit_title_hidden":false,"_editorskit_reading_time":0,"_editorskit_is_block_options_detached":false,"_editorskit_block_options_position":"{}","site-sidebar-layout":"default","site-content-layout":"default","ast-site-content-layout":"default","site-content-style":"default","site-sidebar-style":"default","ast-global-header-display":"","ast-banner-title-visibility":"","ast-main-header-display":"","ast-hfb-above-header-display":"","ast-hfb-below-header-display":"","ast-hfb-mobile-header-display":"","site-post-title":"","ast-breadcrumbs-content":"","ast-featured-img":"","footer-sml-layout":"","ast-disable-related-posts":"","theme-transparent-header-meta":"default","adv-header-id-meta":"","stick-header-meta":"","header-above-stick-meta":"","header-main-stick-meta":"","header-below-stick-meta":"","astra-migrate-meta-layouts":"default","ast-page-background-enabled":"default","ast-page-background-meta":{"desktop":{"background-color":"var(--ast-global-color-4)","background-image":"","background-repeat":"repeat","background-position":"center center","background-size":"auto","background-attachment":"scroll","background-type":"","background-media":"","overlay-type":"","overlay-color":"","overlay-opacity":"","overlay-gradient":""},"tablet":{"background-color":"","background-image":"","background-repeat":"repeat","background-position":"center center","background-size":"auto","background-attachment":"scroll","background-type":"","background-media":"","overlay-type":"","overlay-color":"","overlay-opacity":"","overlay-gradient":""},"mobile":{"background-color":"","background-image":"","background-repeat":"repeat","background-position":"center center","background-size":"auto","background-attachment":"scroll","background-type":"","background-media":"","overlay-type":"","overlay-color":"","overlay-opacity":"","overlay-gradient":""}},"ast-content-background-meta":{"desktop":{"background-color":"var(--ast-global-color-5)","background-image":"","background-repeat":"repeat","background-position":"center center","background-size":"auto","background-attachment":"scroll","background-type":"","background-media":"","overlay-type":"","overlay-color":"","overlay-opacity":"","overlay-gradient":""},"tablet":{"background-color":"var(--ast-global-color-5)","background-image":"","background-repeat":"repeat","background-position":"center center","background-size":"auto","background-attachment":"scroll","background-type":"","background-media":"","overlay-type":"","overlay-color":"","overlay-opacity":"","overlay-gradient":""},"mobile":{"background-color":"var(--ast-global-color-5)","background-image":"","background-repeat":"repeat","background-position":"center center","background-size":"auto","background-attachment":"scroll","background-type":"","background-media":"","overlay-type":"","overlay-color":"","overlay-opacity":"","overlay-gradient":""}}},"product_cat":[179,31],"product_tag":[76,36],"class_list":{"0":"post-2427","1":"product","2":"type-product","3":"status-publish","4":"has-post-thumbnail","6":"product_cat-1100-revistas","7":"product_cat-revistas","8":"product_tag-arquitectos","9":"product_tag-arquitectura","10":"desktop-align-left","11":"tablet-align-left","12":"mobile-align-left","14":"first","15":"instock","16":"sale","17":"shipping-taxable","18":"purchasable","19":"product-type-simple"},"acf":[],"uagb_featured_image_src":{"full":["https:\/\/biblio1.mdp.edu.ar\/centro-ventas\/wp-content\/uploads\/sites\/2\/2022\/06\/tapa-461-f2e916a066b5a9ef1215175163019958-1024-1024.jpg",1003,754,false],"thumbnail":["https:\/\/biblio1.mdp.edu.ar\/centro-ventas\/wp-content\/uploads\/sites\/2\/2022\/06\/tapa-461-f2e916a066b5a9ef1215175163019958-1024-1024.jpg",150,113,false],"medium":["https:\/\/biblio1.mdp.edu.ar\/centro-ventas\/wp-content\/uploads\/sites\/2\/2022\/06\/tapa-461-f2e916a066b5a9ef1215175163019958-1024-1024.jpg",300,226,false],"medium_large":["https:\/\/biblio1.mdp.edu.ar\/centro-ventas\/wp-content\/uploads\/sites\/2\/2022\/06\/tapa-461-f2e916a066b5a9ef1215175163019958-1024-1024.jpg",768,577,false],"large":["https:\/\/biblio1.mdp.edu.ar\/centro-ventas\/wp-content\/uploads\/sites\/2\/2022\/06\/tapa-461-f2e916a066b5a9ef1215175163019958-1024-1024.jpg",1003,754,false],"1536x1536":["https:\/\/biblio1.mdp.edu.ar\/centro-ventas\/wp-content\/uploads\/sites\/2\/2022\/06\/tapa-461-f2e916a066b5a9ef1215175163019958-1024-1024.jpg",1003,754,false],"2048x2048":["https:\/\/biblio1.mdp.edu.ar\/centro-ventas\/wp-content\/uploads\/sites\/2\/2022\/06\/tapa-461-f2e916a066b5a9ef1215175163019958-1024-1024.jpg",1003,754,false],"woocommerce_thumbnail":["https:\/\/biblio1.mdp.edu.ar\/centro-ventas\/wp-content\/uploads\/sites\/2\/2022\/06\/tapa-461-f2e916a066b5a9ef1215175163019958-1024-1024.jpg",300,226,false],"woocommerce_single":["https:\/\/biblio1.mdp.edu.ar\/centro-ventas\/wp-content\/uploads\/sites\/2\/2022\/06\/tapa-461-f2e916a066b5a9ef1215175163019958-1024-1024.jpg",600,451,false],"woocommerce_gallery_thumbnail":["https:\/\/biblio1.mdp.edu.ar\/centro-ventas\/wp-content\/uploads\/sites\/2\/2022\/06\/tapa-461-f2e916a066b5a9ef1215175163019958-1024-1024-100x100.jpg",100,100,true]},"uagb_author_info":{"display_name":"Cristina Bernabe","author_link":"https:\/\/biblio1.mdp.edu.ar\/centro-ventas\/author\/"},"uagb_comment_info":0,"uagb_excerpt":"Ubicaci\u00f3n: Colombia. P\u00e1ginas: 80. Incluye l\u00e1mina deplegable, tama\u00f1o 45x62cm. Fecha de edici\u00f3n: Noviembre 2013 ISSN: 1669-5380 Stock disponible Proyectos incluidos: 3 Fotograf\u00edas a color: 38 Fotograf\u00edas en ByN: 15 Planimetr\u00eda incluida: Plantas: 16 Alzadas: 8 Cortes: 4 Im\u00e1genes de maqueta: 3 Croquis: 1 Mobiliario: Poltrona Paimio. Notas incluidas escritas por: Arq. Ricardo Daza. Cargo: Investigador&hellip;","_links":{"self":[{"href":"https:\/\/biblio1.mdp.edu.ar\/centro-ventas\/wp-json\/wp\/v2\/product\/2427","targetHints":{"allow":["GET"]}}],"collection":[{"href":"https:\/\/biblio1.mdp.edu.ar\/centro-ventas\/wp-json\/wp\/v2\/product"}],"about":[{"href":"https:\/\/biblio1.mdp.edu.ar\/centro-ventas\/wp-json\/wp\/v2\/types\/product"}],"wp:featuredmedia":[{"embeddable":true,"href":"https:\/\/biblio1.mdp.edu.ar\/centro-ventas\/wp-json\/wp\/v2\/media\/2428"}],"wp:attachment":[{"href":"https:\/\/biblio1.mdp.edu.ar\/centro-ventas\/wp-json\/wp\/v2\/media?parent=2427"}],"wp:term":[{"taxonomy":"product_cat","embeddable":true,"href":"https:\/\/biblio1.mdp.edu.ar\/centro-ventas\/wp-json\/wp\/v2\/product_cat?post=2427"},{"taxonomy":"product_tag","embeddable":true,"href":"https:\/\/biblio1.mdp.edu.ar\/centro-ventas\/wp-json\/wp\/v2\/product_tag?post=2427"}],"curies":[{"name":"wp","href":"https:\/\/api.w.org\/{rel}","templated":true}]}}