{"id":2182,"date":"2022-04-11T18:24:26","date_gmt":"2022-04-11T21:24:26","guid":{"rendered":"http:\/\/biblio1.mdp.edu.ar\/centro-ventas\/?post_type=product&#038;p=2182"},"modified":"2024-04-09T16:59:49","modified_gmt":"2024-04-09T19:59:49","slug":"trabajo-decente-diagnostico-y-aportes-para-la-medicion-del-mercado-laboral-local-mar-del-plata-1996-2002","status":"publish","type":"product","link":"https:\/\/biblio1.mdp.edu.ar\/centro-ventas\/producto\/trabajo-decente-diagnostico-y-aportes-para-la-medicion-del-mercado-laboral-local-mar-del-plata-1996-2002\/","title":{"rendered":"Trabajo decente: diagn\u00f3stico y aportes para la medici\u00f3n del mercado laboral local. Mar del Plata 1996-2002"},"content":{"rendered":"<p>Desde la publicaci\u00f3n en 1996 de \u00abMar del Plata en transici\u00f3n. Mercado de trabajo local y estrategias familiares\u00bb, los integrantes del Grupo Estudios del Trabajo han participado en numerosos foros nacionales e internacionales donde el tema de trabajo ha sido el eje de la discusi\u00f3n y la reflexi\u00f3n. Durante estos a\u00f1os los miembros del GrET se han avocado al estudio, desde diversas perspectivas transdisciplinarias, de la problem\u00e1tica laboral. Ello se refleja en su producci\u00f3n cient\u00edfica, en la b\u00fasqueda de formaci\u00f3n permanente, en la capacitaci\u00f3n de recursos humanos y en la actividad docente. En este compilado de art\u00edculos, cada apartado aporta elementos sustantivos al an\u00e1lisis de las relaciones laborales bajo la mirada de la cr\u00edtica del impacto que las transformaciones recientes han tenido en la cantidad y calidad de empleo. Desde la visi\u00f3n del Trabajo Decente, se busca contribuir al diagn\u00f3stico de la situaci\u00f3n local y con ello al logro del mejoramiento del bienestar de la poblaci\u00f3n.<\/p>\n","protected":false},"excerpt":{"rendered":"<p>Desde la publicaci\u00f3n en 1996 de \u00abMar del Plata en transici\u00f3n. Mercado de trabajo local y estrategias familiares\u00bb, los integrantes del Grupo Estudios del Trabajo han participado en numerosos foros nacionales e internacionales donde el tema de trabajo ha sido el eje de la discusi\u00f3n y la reflexi\u00f3n. Durante estos a\u00f1os los miembros del GrET [&hellip;]<\/p>\n","protected":false},"featured_media":2183,"template":"","meta":{"_acf_changed":false,"_eb_attr":"","_crdt_document":"","_uag_custom_page_level_css":"","_editorskit_title_hidden":false,"_editorskit_reading_time":0,"_editorskit_is_block_options_detached":false,"_editorskit_block_options_position":"{}","site-sidebar-layout":"default","site-content-layout":"","ast-site-content-layout":"default","site-content-style":"default","site-sidebar-style":"default","ast-global-header-display":"","ast-banner-title-visibility":"","ast-main-header-display":"","ast-hfb-above-header-display":"","ast-hfb-below-header-display":"","ast-hfb-mobile-header-display":"","site-post-title":"","ast-breadcrumbs-content":"","ast-featured-img":"","footer-sml-layout":"","ast-disable-related-posts":"","theme-transparent-header-meta":"","adv-header-id-meta":"","stick-header-meta":"","header-above-stick-meta":"","header-main-stick-meta":"","header-below-stick-meta":"","astra-migrate-meta-layouts":"default","ast-page-background-enabled":"default","ast-page-background-meta":{"desktop":{"background-color":"var(--ast-global-color-4)","background-image":"","background-repeat":"repeat","background-position":"center center","background-size":"auto","background-attachment":"scroll","background-type":"","background-media":"","overlay-type":"","overlay-color":"","overlay-opacity":"","overlay-gradient":""},"tablet":{"background-color":"","background-image":"","background-repeat":"repeat","background-position":"center center","background-size":"auto","background-attachment":"scroll","background-type":"","background-media":"","overlay-type":"","overlay-color":"","overlay-opacity":"","overlay-gradient":""},"mobile":{"background-color":"","background-image":"","background-repeat":"repeat","background-position":"center center","background-size":"auto","background-attachment":"scroll","background-type":"","background-media":"","overlay-type":"","overlay-color":"","overlay-opacity":"","overlay-gradient":""}},"ast-content-background-meta":{"desktop":{"background-color":"var(--ast-global-color-5)","background-image":"","background-repeat":"repeat","background-position":"center center","background-size":"auto","background-attachment":"scroll","background-type":"","background-media":"","overlay-type":"","overlay-color":"","overlay-opacity":"","overlay-gradient":""},"tablet":{"background-color":"var(--ast-global-color-5)","background-image":"","background-repeat":"repeat","background-position":"center center","background-size":"auto","background-attachment":"scroll","background-type":"","background-media":"","overlay-type":"","overlay-color":"","overlay-opacity":"","overlay-gradient":""},"mobile":{"background-color":"var(--ast-global-color-5)","background-image":"","background-repeat":"repeat","background-position":"center center","background-size":"auto","background-attachment":"scroll","background-type":"","background-media":"","overlay-type":"","overlay-color":"","overlay-opacity":"","overlay-gradient":""}}},"product_cat":[173,28,167],"product_tag":[174,80,175],"class_list":{"0":"post-2182","1":"product","2":"type-product","3":"status-publish","4":"has-post-thumbnail","6":"product_cat-ediciones-suarez","7":"product_cat-libro","8":"product_cat-mar-del-plata","9":"product_tag-estudios-sociales","10":"product_tag-mar-del-plata","11":"product_tag-trabajo","12":"desktop-align-left","13":"tablet-align-left","14":"mobile-align-left","16":"first","17":"instock","18":"shipping-taxable","19":"purchasable","20":"product-type-simple"},"acf":[],"uagb_featured_image_src":{"full":["https:\/\/biblio1.mdp.edu.ar\/centro-ventas\/wp-content\/uploads\/sites\/2\/2022\/04\/9879494687.jpg",1793,2545,false],"thumbnail":["https:\/\/biblio1.mdp.edu.ar\/centro-ventas\/wp-content\/uploads\/sites\/2\/2022\/04\/9879494687-150x150.jpg",150,150,true],"medium":["https:\/\/biblio1.mdp.edu.ar\/centro-ventas\/wp-content\/uploads\/sites\/2\/2022\/04\/9879494687-211x300.jpg",211,300,true],"medium_large":["https:\/\/biblio1.mdp.edu.ar\/centro-ventas\/wp-content\/uploads\/sites\/2\/2022\/04\/9879494687-768x1090.jpg",768,1090,true],"large":["https:\/\/biblio1.mdp.edu.ar\/centro-ventas\/wp-content\/uploads\/sites\/2\/2022\/04\/9879494687-721x1024.jpg",721,1024,true],"1536x1536":["https:\/\/biblio1.mdp.edu.ar\/centro-ventas\/wp-content\/uploads\/sites\/2\/2022\/04\/9879494687.jpg",1082,1536,false],"2048x2048":["https:\/\/biblio1.mdp.edu.ar\/centro-ventas\/wp-content\/uploads\/sites\/2\/2022\/04\/9879494687.jpg",1443,2048,false],"woocommerce_thumbnail":["https:\/\/biblio1.mdp.edu.ar\/centro-ventas\/wp-content\/uploads\/sites\/2\/2022\/04\/9879494687-250x355.jpg",250,355,true],"woocommerce_single":["https:\/\/biblio1.mdp.edu.ar\/centro-ventas\/wp-content\/uploads\/sites\/2\/2022\/04\/9879494687-721x1024.jpg",600,852,true],"woocommerce_gallery_thumbnail":["https:\/\/biblio1.mdp.edu.ar\/centro-ventas\/wp-content\/uploads\/sites\/2\/2022\/04\/9879494687-100x100.jpg",100,100,true]},"uagb_author_info":{"display_name":"Cristina Bernabe","author_link":"https:\/\/biblio1.mdp.edu.ar\/centro-ventas\/author\/"},"uagb_comment_info":0,"uagb_excerpt":"Desde la publicaci\u00f3n en 1996 de \u00abMar del Plata en transici\u00f3n. Mercado de trabajo local y estrategias familiares\u00bb, los integrantes del Grupo Estudios del Trabajo han participado en numerosos foros nacionales e internacionales donde el tema de trabajo ha sido el eje de la discusi\u00f3n y la reflexi\u00f3n. Durante estos a\u00f1os los miembros del GrET&hellip;","_links":{"self":[{"href":"https:\/\/biblio1.mdp.edu.ar\/centro-ventas\/wp-json\/wp\/v2\/product\/2182","targetHints":{"allow":["GET"]}}],"collection":[{"href":"https:\/\/biblio1.mdp.edu.ar\/centro-ventas\/wp-json\/wp\/v2\/product"}],"about":[{"href":"https:\/\/biblio1.mdp.edu.ar\/centro-ventas\/wp-json\/wp\/v2\/types\/product"}],"wp:featuredmedia":[{"embeddable":true,"href":"https:\/\/biblio1.mdp.edu.ar\/centro-ventas\/wp-json\/wp\/v2\/media\/2183"}],"wp:attachment":[{"href":"https:\/\/biblio1.mdp.edu.ar\/centro-ventas\/wp-json\/wp\/v2\/media?parent=2182"}],"wp:term":[{"taxonomy":"product_cat","embeddable":true,"href":"https:\/\/biblio1.mdp.edu.ar\/centro-ventas\/wp-json\/wp\/v2\/product_cat?post=2182"},{"taxonomy":"product_tag","embeddable":true,"href":"https:\/\/biblio1.mdp.edu.ar\/centro-ventas\/wp-json\/wp\/v2\/product_tag?post=2182"}],"curies":[{"name":"wp","href":"https:\/\/api.w.org\/{rel}","templated":true}]}}