{"id":2180,"date":"2022-04-11T17:13:59","date_gmt":"2022-04-11T20:13:59","guid":{"rendered":"http:\/\/biblio1.mdp.edu.ar\/centro-ventas\/?post_type=product&#038;p=2180"},"modified":"2025-10-16T16:02:52","modified_gmt":"2025-10-16T19:02:52","slug":"eficacia-y-legitimidad-en-las-practicas-cientificas-los-textos-galileanos-tras-la-huella-de-paul-feyerabend","status":"publish","type":"product","link":"https:\/\/biblio1.mdp.edu.ar\/centro-ventas\/producto\/eficacia-y-legitimidad-en-las-practicas-cientificas-los-textos-galileanos-tras-la-huella-de-paul-feyerabend\/","title":{"rendered":"Eficacia y legitimidad en las pr\u00e1cticas cient\u00edficas  &#8211; Los textos galileanos tras la huella de Paul Feyerabend"},"content":{"rendered":"<p>El contrapunto que propone este libro entre los argumentos de Paul\u00a0 Feyerabend y los textos de Galileo Galilei nos permite reflexionar no s\u00f3lo sobre la relaci\u00f3n fruct\u00edfera entre filosof\u00eda e historia de la ciencia, sino tambi\u00e9n acerca de la posibilidad y la necesidad de dialogo entre tradiciones diferentes, sean \u00e9stas cient\u00edficas o culturales. La visita a los escritos de Galileo nos ayudar\u00e1n a desligar el reconocimiento de los necesarios procesos de negociaci\u00f3n de la pr\u00e1ctica cient\u00edfica \u2013en tanto pr\u00e1ctica de actores diferentes\u2013 de una conclusi\u00f3n relativista respecto del conocimiento cient\u00edfico. Si bien el autor cuestiona la imagen del Galileo ret\u00f3rico propuesta por el fil\u00f3sofo austr\u00edaco, al mismo tiempo se encarga de rescatar la importancia de su defensa del ideal humanista de conocimiento como marco para obtener los consensos y puntos de equilibrio que conduzcan a pr\u00e1cticas que sean, adem\u00e1s de eficientes, leg\u00edtimas y responsables.<\/p>\n","protected":false},"excerpt":{"rendered":"<p>El contrapunto que propone este libro entre los argumentos de Paul\u00a0 Feyerabend y los textos de Galileo Galilei nos permite reflexionar no s\u00f3lo sobre la relaci\u00f3n fruct\u00edfera entre filosof\u00eda e historia de la ciencia, sino tambi\u00e9n acerca de la posibilidad y la necesidad de dialogo entre tradiciones diferentes, sean \u00e9stas cient\u00edficas o culturales. La visita [&hellip;]<\/p>\n","protected":false},"featured_media":2181,"template":"","meta":{"_acf_changed":false,"_eb_attr":"","_crdt_document":"","_uag_custom_page_level_css":"","_editorskit_title_hidden":false,"_editorskit_reading_time":0,"_editorskit_is_block_options_detached":false,"_editorskit_block_options_position":"{}","site-sidebar-layout":"default","site-content-layout":"","ast-site-content-layout":"default","site-content-style":"default","site-sidebar-style":"default","ast-global-header-display":"","ast-banner-title-visibility":"","ast-main-header-display":"","ast-hfb-above-header-display":"","ast-hfb-below-header-display":"","ast-hfb-mobile-header-display":"","site-post-title":"","ast-breadcrumbs-content":"","ast-featured-img":"","footer-sml-layout":"","ast-disable-related-posts":"","theme-transparent-header-meta":"","adv-header-id-meta":"","stick-header-meta":"","header-above-stick-meta":"","header-main-stick-meta":"","header-below-stick-meta":"","astra-migrate-meta-layouts":"default","ast-page-background-enabled":"default","ast-page-background-meta":{"desktop":{"background-color":"var(--ast-global-color-4)","background-image":"","background-repeat":"repeat","background-position":"center center","background-size":"auto","background-attachment":"scroll","background-type":"","background-media":"","overlay-type":"","overlay-color":"","overlay-opacity":"","overlay-gradient":""},"tablet":{"background-color":"","background-image":"","background-repeat":"repeat","background-position":"center center","background-size":"auto","background-attachment":"scroll","background-type":"","background-media":"","overlay-type":"","overlay-color":"","overlay-opacity":"","overlay-gradient":""},"mobile":{"background-color":"","background-image":"","background-repeat":"repeat","background-position":"center center","background-size":"auto","background-attachment":"scroll","background-type":"","background-media":"","overlay-type":"","overlay-color":"","overlay-opacity":"","overlay-gradient":""}},"ast-content-background-meta":{"desktop":{"background-color":"var(--ast-global-color-5)","background-image":"","background-repeat":"repeat","background-position":"center center","background-size":"auto","background-attachment":"scroll","background-type":"","background-media":"","overlay-type":"","overlay-color":"","overlay-opacity":"","overlay-gradient":""},"tablet":{"background-color":"var(--ast-global-color-5)","background-image":"","background-repeat":"repeat","background-position":"center center","background-size":"auto","background-attachment":"scroll","background-type":"","background-media":"","overlay-type":"","overlay-color":"","overlay-opacity":"","overlay-gradient":""},"mobile":{"background-color":"var(--ast-global-color-5)","background-image":"","background-repeat":"repeat","background-position":"center center","background-size":"auto","background-attachment":"scroll","background-type":"","background-media":"","overlay-type":"","overlay-color":"","overlay-opacity":"","overlay-gradient":""}}},"product_cat":[130,28],"product_tag":[],"class_list":{"0":"post-2180","1":"product","2":"type-product","3":"status-publish","4":"has-post-thumbnail","6":"product_cat-eudeba-libro","7":"product_cat-libro","8":"desktop-align-left","9":"tablet-align-left","10":"mobile-align-left","12":"first","13":"instock","14":"shipping-taxable","15":"purchasable","16":"product-type-simple"},"acf":[],"uagb_featured_image_src":{"full":["https:\/\/biblio1.mdp.edu.ar\/centro-ventas\/wp-content\/uploads\/sites\/2\/2022\/04\/9789502318622.jpg",171,224,false],"thumbnail":["https:\/\/biblio1.mdp.edu.ar\/centro-ventas\/wp-content\/uploads\/sites\/2\/2022\/04\/9789502318622-150x150.jpg",150,150,true],"medium":["https:\/\/biblio1.mdp.edu.ar\/centro-ventas\/wp-content\/uploads\/sites\/2\/2022\/04\/9789502318622.jpg",171,224,false],"medium_large":["https:\/\/biblio1.mdp.edu.ar\/centro-ventas\/wp-content\/uploads\/sites\/2\/2022\/04\/9789502318622.jpg",171,224,false],"large":["https:\/\/biblio1.mdp.edu.ar\/centro-ventas\/wp-content\/uploads\/sites\/2\/2022\/04\/9789502318622.jpg",171,224,false],"1536x1536":["https:\/\/biblio1.mdp.edu.ar\/centro-ventas\/wp-content\/uploads\/sites\/2\/2022\/04\/9789502318622.jpg",171,224,false],"2048x2048":["https:\/\/biblio1.mdp.edu.ar\/centro-ventas\/wp-content\/uploads\/sites\/2\/2022\/04\/9789502318622.jpg",171,224,false],"woocommerce_thumbnail":["https:\/\/biblio1.mdp.edu.ar\/centro-ventas\/wp-content\/uploads\/sites\/2\/2022\/04\/9789502318622.jpg",171,224,false],"woocommerce_single":["https:\/\/biblio1.mdp.edu.ar\/centro-ventas\/wp-content\/uploads\/sites\/2\/2022\/04\/9789502318622.jpg",171,224,false],"woocommerce_gallery_thumbnail":["https:\/\/biblio1.mdp.edu.ar\/centro-ventas\/wp-content\/uploads\/sites\/2\/2022\/04\/9789502318622-100x100.jpg",100,100,true]},"uagb_author_info":{"display_name":"Cristina Bernabe","author_link":"https:\/\/biblio1.mdp.edu.ar\/centro-ventas\/author\/"},"uagb_comment_info":0,"uagb_excerpt":"El contrapunto que propone este libro entre los argumentos de Paul\u00a0 Feyerabend y los textos de Galileo Galilei nos permite reflexionar no s\u00f3lo sobre la relaci\u00f3n fruct\u00edfera entre filosof\u00eda e historia de la ciencia, sino tambi\u00e9n acerca de la posibilidad y la necesidad de dialogo entre tradiciones diferentes, sean \u00e9stas cient\u00edficas o culturales. La visita&hellip;","_links":{"self":[{"href":"https:\/\/biblio1.mdp.edu.ar\/centro-ventas\/wp-json\/wp\/v2\/product\/2180","targetHints":{"allow":["GET"]}}],"collection":[{"href":"https:\/\/biblio1.mdp.edu.ar\/centro-ventas\/wp-json\/wp\/v2\/product"}],"about":[{"href":"https:\/\/biblio1.mdp.edu.ar\/centro-ventas\/wp-json\/wp\/v2\/types\/product"}],"wp:featuredmedia":[{"embeddable":true,"href":"https:\/\/biblio1.mdp.edu.ar\/centro-ventas\/wp-json\/wp\/v2\/media\/2181"}],"wp:attachment":[{"href":"https:\/\/biblio1.mdp.edu.ar\/centro-ventas\/wp-json\/wp\/v2\/media?parent=2180"}],"wp:term":[{"taxonomy":"product_cat","embeddable":true,"href":"https:\/\/biblio1.mdp.edu.ar\/centro-ventas\/wp-json\/wp\/v2\/product_cat?post=2180"},{"taxonomy":"product_tag","embeddable":true,"href":"https:\/\/biblio1.mdp.edu.ar\/centro-ventas\/wp-json\/wp\/v2\/product_tag?post=2180"}],"curies":[{"name":"wp","href":"https:\/\/api.w.org\/{rel}","templated":true}]}}