{"id":2169,"date":"2022-03-31T18:54:45","date_gmt":"2022-03-31T21:54:45","guid":{"rendered":"http:\/\/biblio1.mdp.edu.ar\/centro-ventas\/?post_type=product&#038;p=2169"},"modified":"2024-04-09T17:05:44","modified_gmt":"2024-04-09T20:05:44","slug":"casas-con-estructura-de-acero","status":"publish","type":"product","link":"https:\/\/biblio1.mdp.edu.ar\/centro-ventas\/producto\/casas-con-estructura-de-acero\/","title":{"rendered":"Casas con estructura de acero"},"content":{"rendered":"<p>El presente libro est\u00e1 dirigido particularmente a los estudiantes y profesionales relacionados con el mundo de la construcci\u00f3n, interesados en\u00a0 profundizar algunos aspectos del sistema de construcci\u00f3n con perfiles de acero galvanizado liviano Steel Framing. en lo relacionado con la documentaci\u00f3n de obra. Se brindan una serie de pautas generales para efectuar un legajo de obra cuya tem\u00e1tica es la vivienda unifamiliar, las que han sido utilizadas a lo largo de varios a\u00f1os de experiencia constructiva. Se ejemplifican 8 trabajos, con las memorias descriptivas y t\u00e9cnicas que pautaron los proyectos, los planos de arquitectura, los elementos componentes del sistema en cada caso, los planos de detalle m\u00e1s significativos, acentuando la graficaci\u00f3n de lo referente a la estructura del sistema. La gama de ejemplos contempla desde ampliaciones de construcciones existentes hasta obras nuevas de diferente complejidad. El presente libro est\u00e1 dirigido particularmente a los estudiantes y profesionales relacionados con el mundo de la construcci\u00f3n, interesados en profundizar algunos aspectos del sistema de construcci\u00f3n con perfiles de acero galvanizado liviano Steel Framing. en lo relacionado con la documentaci\u00f3n de obra. Se brindan una serie de pautas generales para efectuar un legajo de obra cuya tem\u00e1tica es la vivienda unifamiliar, las que han sido utilizadas a lo largo de varios a\u00f1os de experiencia constructiva. Se ejemplifican 8 trabajos, con las memorias descriptivas y t\u00e9cnicas que pautaron los proyectos, los planos de arquitectura, los elementos componentes del sistema en cada caso, los planos de detalle m\u00e1s significativos, acentuando la graficacion de lo referente a la estructura del sistema. La gama de ejemplos contempla desde ampliaciones de construcciones existentes hasta obras nuevas de diferente complejidad.<\/p>\n","protected":false},"excerpt":{"rendered":"<p>El presente libro est\u00e1 dirigido particularmente a los estudiantes y profesionales relacionados con el mundo de la construcci\u00f3n, interesados en\u00a0 profundizar algunos aspectos del sistema de construcci\u00f3n con perfiles de acero galvanizado liviano Steel Framing. en lo relacionado con la documentaci\u00f3n de obra. Se brindan una serie de pautas generales para efectuar un legajo de [&hellip;]<\/p>\n","protected":false},"featured_media":2170,"template":"","meta":{"_acf_changed":false,"_eb_attr":"","_crdt_document":"","_uag_custom_page_level_css":"","_editorskit_title_hidden":false,"_editorskit_reading_time":0,"_editorskit_is_block_options_detached":false,"_editorskit_block_options_position":"{}","site-sidebar-layout":"default","site-content-layout":"","ast-site-content-layout":"default","site-content-style":"default","site-sidebar-style":"default","ast-global-header-display":"","ast-banner-title-visibility":"","ast-main-header-display":"","ast-hfb-above-header-display":"","ast-hfb-below-header-display":"","ast-hfb-mobile-header-display":"","site-post-title":"","ast-breadcrumbs-content":"","ast-featured-img":"","footer-sml-layout":"","ast-disable-related-posts":"","theme-transparent-header-meta":"","adv-header-id-meta":"","stick-header-meta":"","header-above-stick-meta":"","header-main-stick-meta":"","header-below-stick-meta":"","astra-migrate-meta-layouts":"default","ast-page-background-enabled":"default","ast-page-background-meta":{"desktop":{"background-color":"var(--ast-global-color-4)","background-image":"","background-repeat":"repeat","background-position":"center center","background-size":"auto","background-attachment":"scroll","background-type":"","background-media":"","overlay-type":"","overlay-color":"","overlay-opacity":"","overlay-gradient":""},"tablet":{"background-color":"","background-image":"","background-repeat":"repeat","background-position":"center center","background-size":"auto","background-attachment":"scroll","background-type":"","background-media":"","overlay-type":"","overlay-color":"","overlay-opacity":"","overlay-gradient":""},"mobile":{"background-color":"","background-image":"","background-repeat":"repeat","background-position":"center center","background-size":"auto","background-attachment":"scroll","background-type":"","background-media":"","overlay-type":"","overlay-color":"","overlay-opacity":"","overlay-gradient":""}},"ast-content-background-meta":{"desktop":{"background-color":"var(--ast-global-color-5)","background-image":"","background-repeat":"repeat","background-position":"center center","background-size":"auto","background-attachment":"scroll","background-type":"","background-media":"","overlay-type":"","overlay-color":"","overlay-opacity":"","overlay-gradient":""},"tablet":{"background-color":"var(--ast-global-color-5)","background-image":"","background-repeat":"repeat","background-position":"center center","background-size":"auto","background-attachment":"scroll","background-type":"","background-media":"","overlay-type":"","overlay-color":"","overlay-opacity":"","overlay-gradient":""},"mobile":{"background-color":"var(--ast-global-color-5)","background-image":"","background-repeat":"repeat","background-position":"center center","background-size":"auto","background-attachment":"scroll","background-type":"","background-media":"","overlay-type":"","overlay-color":"","overlay-opacity":"","overlay-gradient":""}}},"product_cat":[28,170],"product_tag":[],"class_list":{"0":"post-2169","1":"product","2":"type-product","3":"status-publish","4":"has-post-thumbnail","6":"product_cat-libro","7":"product_cat-nobuko","8":"desktop-align-left","9":"tablet-align-left","10":"mobile-align-left","12":"first","13":"instock","14":"shipping-taxable","15":"purchasable","16":"product-type-simple"},"acf":[],"uagb_featured_image_src":{"full":["https:\/\/biblio1.mdp.edu.ar\/centro-ventas\/wp-content\/uploads\/sites\/2\/2022\/03\/casasConEstructuradeAcero.jpg",360,254,false],"thumbnail":["https:\/\/biblio1.mdp.edu.ar\/centro-ventas\/wp-content\/uploads\/sites\/2\/2022\/03\/casasConEstructuradeAcero-150x150.jpg",150,150,true],"medium":["https:\/\/biblio1.mdp.edu.ar\/centro-ventas\/wp-content\/uploads\/sites\/2\/2022\/03\/casasConEstructuradeAcero-300x212.jpg",300,212,true],"medium_large":["https:\/\/biblio1.mdp.edu.ar\/centro-ventas\/wp-content\/uploads\/sites\/2\/2022\/03\/casasConEstructuradeAcero.jpg",360,254,false],"large":["https:\/\/biblio1.mdp.edu.ar\/centro-ventas\/wp-content\/uploads\/sites\/2\/2022\/03\/casasConEstructuradeAcero.jpg",360,254,false],"1536x1536":["https:\/\/biblio1.mdp.edu.ar\/centro-ventas\/wp-content\/uploads\/sites\/2\/2022\/03\/casasConEstructuradeAcero.jpg",360,254,false],"2048x2048":["https:\/\/biblio1.mdp.edu.ar\/centro-ventas\/wp-content\/uploads\/sites\/2\/2022\/03\/casasConEstructuradeAcero.jpg",360,254,false],"woocommerce_thumbnail":["https:\/\/biblio1.mdp.edu.ar\/centro-ventas\/wp-content\/uploads\/sites\/2\/2022\/03\/casasConEstructuradeAcero-250x176.jpg",250,176,true],"woocommerce_single":["https:\/\/biblio1.mdp.edu.ar\/centro-ventas\/wp-content\/uploads\/sites\/2\/2022\/03\/casasConEstructuradeAcero.jpg",360,254,false],"woocommerce_gallery_thumbnail":["https:\/\/biblio1.mdp.edu.ar\/centro-ventas\/wp-content\/uploads\/sites\/2\/2022\/03\/casasConEstructuradeAcero-100x100.jpg",100,100,true]},"uagb_author_info":{"display_name":"Cristina Bernabe","author_link":"https:\/\/biblio1.mdp.edu.ar\/centro-ventas\/author\/"},"uagb_comment_info":0,"uagb_excerpt":"El presente libro est\u00e1 dirigido particularmente a los estudiantes y profesionales relacionados con el mundo de la construcci\u00f3n, interesados en\u00a0 profundizar algunos aspectos del sistema de construcci\u00f3n con perfiles de acero galvanizado liviano Steel Framing. en lo relacionado con la documentaci\u00f3n de obra. Se brindan una serie de pautas generales para efectuar un legajo de&hellip;","_links":{"self":[{"href":"https:\/\/biblio1.mdp.edu.ar\/centro-ventas\/wp-json\/wp\/v2\/product\/2169","targetHints":{"allow":["GET"]}}],"collection":[{"href":"https:\/\/biblio1.mdp.edu.ar\/centro-ventas\/wp-json\/wp\/v2\/product"}],"about":[{"href":"https:\/\/biblio1.mdp.edu.ar\/centro-ventas\/wp-json\/wp\/v2\/types\/product"}],"wp:featuredmedia":[{"embeddable":true,"href":"https:\/\/biblio1.mdp.edu.ar\/centro-ventas\/wp-json\/wp\/v2\/media\/2170"}],"wp:attachment":[{"href":"https:\/\/biblio1.mdp.edu.ar\/centro-ventas\/wp-json\/wp\/v2\/media?parent=2169"}],"wp:term":[{"taxonomy":"product_cat","embeddable":true,"href":"https:\/\/biblio1.mdp.edu.ar\/centro-ventas\/wp-json\/wp\/v2\/product_cat?post=2169"},{"taxonomy":"product_tag","embeddable":true,"href":"https:\/\/biblio1.mdp.edu.ar\/centro-ventas\/wp-json\/wp\/v2\/product_tag?post=2169"}],"curies":[{"name":"wp","href":"https:\/\/api.w.org\/{rel}","templated":true}]}}