{"id":2163,"date":"2022-03-29T17:34:28","date_gmt":"2022-03-29T20:34:28","guid":{"rendered":"http:\/\/biblio1.mdp.edu.ar\/centro-ventas\/?post_type=product&#038;p=2163"},"modified":"2026-03-30T13:52:05","modified_gmt":"2026-03-30T16:52:05","slug":"bajo-otros-soles-miradas-a-traves-de-folletos-postales-avisos-pubilicitarios-y-fotografias-mar-del-plata-1900-1970","status":"publish","type":"product","link":"https:\/\/biblio1.mdp.edu.ar\/centro-ventas\/producto\/bajo-otros-soles-miradas-a-traves-de-folletos-postales-avisos-pubilicitarios-y-fotografias-mar-del-plata-1900-1970\/","title":{"rendered":"Bajo otros soles. Miradas a trav\u00e9s de folletos, postales, avisos pubilicitarios y fotograf\u00edas Mar del Plata 1900-1970"},"content":{"rendered":"<p>\u00abBajo otros soles\u00bb indaga acerca de la construcci\u00f3n de la imagen\u00a0 de la ciudad, problem\u00e1tica que se ha convertido en un elemento clave para la puesta en movimiento de las pol\u00edticas urbanas. Estas pol\u00edticas, a su vez, est\u00e1n sostenidas por las representaciones sociales que orientan los pasos y decisiones a seguir. Cada autor aborda una lectura interpretativa de la Historia Urbana y de la Historia Cultural entre los a\u00f1os 1900- 1970. Los diferentes cap\u00edtulos del<br \/>\nlibro transitan hechos heterog\u00e9neos de la cultura visual y, en cada uno se reconocen las evocaciones del pasado.<\/p>\n","protected":false},"excerpt":{"rendered":"<p>\u00abBajo otros soles\u00bb indaga acerca de la construcci\u00f3n de la imagen\u00a0 de la ciudad, problem\u00e1tica que se ha convertido en un elemento clave para la puesta en movimiento de las pol\u00edticas urbanas. Estas pol\u00edticas, a su vez, est\u00e1n sostenidas por las representaciones sociales que orientan los pasos y decisiones a seguir. Cada autor aborda una [&hellip;]<\/p>\n","protected":false},"featured_media":2164,"template":"","meta":{"_acf_changed":false,"_eb_attr":"","_crdt_document":"","_uag_custom_page_level_css":"","_editorskit_title_hidden":false,"_editorskit_reading_time":0,"_editorskit_is_block_options_detached":false,"_editorskit_block_options_position":"{}","site-sidebar-layout":"default","site-content-layout":"default","ast-site-content-layout":"default","site-content-style":"default","site-sidebar-style":"default","ast-global-header-display":"","ast-banner-title-visibility":"","ast-main-header-display":"","ast-hfb-above-header-display":"","ast-hfb-below-header-display":"","ast-hfb-mobile-header-display":"","site-post-title":"","ast-breadcrumbs-content":"","ast-featured-img":"","footer-sml-layout":"","ast-disable-related-posts":"","theme-transparent-header-meta":"default","adv-header-id-meta":"","stick-header-meta":"","header-above-stick-meta":"","header-main-stick-meta":"","header-below-stick-meta":"","astra-migrate-meta-layouts":"set","ast-page-background-enabled":"default","ast-page-background-meta":{"desktop":{"background-color":"var(--ast-global-color-4)","background-image":"","background-repeat":"repeat","background-position":"center center","background-size":"auto","background-attachment":"scroll","background-type":"","background-media":"","overlay-type":"","overlay-color":"","overlay-opacity":"","overlay-gradient":""},"tablet":{"background-color":"","background-image":"","background-repeat":"repeat","background-position":"center center","background-size":"auto","background-attachment":"scroll","background-type":"","background-media":"","overlay-type":"","overlay-color":"","overlay-opacity":"","overlay-gradient":""},"mobile":{"background-color":"","background-image":"","background-repeat":"repeat","background-position":"center center","background-size":"auto","background-attachment":"scroll","background-type":"","background-media":"","overlay-type":"","overlay-color":"","overlay-opacity":"","overlay-gradient":""}},"ast-content-background-meta":{"desktop":{"background-color":"var(--ast-global-color-5)","background-image":"","background-repeat":"repeat","background-position":"center center","background-size":"auto","background-attachment":"scroll","background-type":"","background-media":"","overlay-type":"","overlay-color":"","overlay-opacity":"","overlay-gradient":""},"tablet":{"background-color":"var(--ast-global-color-5)","background-image":"","background-repeat":"repeat","background-position":"center center","background-size":"auto","background-attachment":"scroll","background-type":"","background-media":"","overlay-type":"","overlay-color":"","overlay-opacity":"","overlay-gradient":""},"mobile":{"background-color":"var(--ast-global-color-5)","background-image":"","background-repeat":"repeat","background-position":"center center","background-size":"auto","background-attachment":"scroll","background-type":"","background-media":"","overlay-type":"","overlay-color":"","overlay-opacity":"","overlay-gradient":""}}},"product_cat":[32,164,28,167],"product_tag":[80],"class_list":{"0":"post-2163","1":"product","2":"type-product","3":"status-publish","4":"has-post-thumbnail","6":"product_cat-edudem","7":"product_cat-coleccion-leciart","8":"product_cat-libro","9":"product_cat-mar-del-plata","10":"product_tag-mar-del-plata","11":"desktop-align-left","12":"tablet-align-left","13":"mobile-align-left","15":"first","16":"instock","17":"shipping-taxable","18":"purchasable","19":"product-type-simple"},"acf":[],"uagb_featured_image_src":{"full":["https:\/\/biblio1.mdp.edu.ar\/centro-ventas\/wp-content\/uploads\/sites\/2\/2022\/03\/BajoOtrosSoles.jpg",275,359,false],"thumbnail":["https:\/\/biblio1.mdp.edu.ar\/centro-ventas\/wp-content\/uploads\/sites\/2\/2022\/03\/BajoOtrosSoles-150x150.jpg",150,150,true],"medium":["https:\/\/biblio1.mdp.edu.ar\/centro-ventas\/wp-content\/uploads\/sites\/2\/2022\/03\/BajoOtrosSoles-230x300.jpg",230,300,true],"medium_large":["https:\/\/biblio1.mdp.edu.ar\/centro-ventas\/wp-content\/uploads\/sites\/2\/2022\/03\/BajoOtrosSoles.jpg",275,359,false],"large":["https:\/\/biblio1.mdp.edu.ar\/centro-ventas\/wp-content\/uploads\/sites\/2\/2022\/03\/BajoOtrosSoles.jpg",275,359,false],"1536x1536":["https:\/\/biblio1.mdp.edu.ar\/centro-ventas\/wp-content\/uploads\/sites\/2\/2022\/03\/BajoOtrosSoles.jpg",275,359,false],"2048x2048":["https:\/\/biblio1.mdp.edu.ar\/centro-ventas\/wp-content\/uploads\/sites\/2\/2022\/03\/BajoOtrosSoles.jpg",275,359,false],"woocommerce_thumbnail":["https:\/\/biblio1.mdp.edu.ar\/centro-ventas\/wp-content\/uploads\/sites\/2\/2022\/03\/BajoOtrosSoles-250x326.jpg",250,326,true],"woocommerce_single":["https:\/\/biblio1.mdp.edu.ar\/centro-ventas\/wp-content\/uploads\/sites\/2\/2022\/03\/BajoOtrosSoles.jpg",275,359,false],"woocommerce_gallery_thumbnail":["https:\/\/biblio1.mdp.edu.ar\/centro-ventas\/wp-content\/uploads\/sites\/2\/2022\/03\/BajoOtrosSoles-100x100.jpg",100,100,true]},"uagb_author_info":{"display_name":"Cristina Bernabe","author_link":"https:\/\/biblio1.mdp.edu.ar\/centro-ventas\/author\/"},"uagb_comment_info":0,"uagb_excerpt":"\u00abBajo otros soles\u00bb indaga acerca de la construcci\u00f3n de la imagen\u00a0 de la ciudad, problem\u00e1tica que se ha convertido en un elemento clave para la puesta en movimiento de las pol\u00edticas urbanas. Estas pol\u00edticas, a su vez, est\u00e1n sostenidas por las representaciones sociales que orientan los pasos y decisiones a seguir. Cada autor aborda una&hellip;","_links":{"self":[{"href":"https:\/\/biblio1.mdp.edu.ar\/centro-ventas\/wp-json\/wp\/v2\/product\/2163","targetHints":{"allow":["GET"]}}],"collection":[{"href":"https:\/\/biblio1.mdp.edu.ar\/centro-ventas\/wp-json\/wp\/v2\/product"}],"about":[{"href":"https:\/\/biblio1.mdp.edu.ar\/centro-ventas\/wp-json\/wp\/v2\/types\/product"}],"wp:featuredmedia":[{"embeddable":true,"href":"https:\/\/biblio1.mdp.edu.ar\/centro-ventas\/wp-json\/wp\/v2\/media\/2164"}],"wp:attachment":[{"href":"https:\/\/biblio1.mdp.edu.ar\/centro-ventas\/wp-json\/wp\/v2\/media?parent=2163"}],"wp:term":[{"taxonomy":"product_cat","embeddable":true,"href":"https:\/\/biblio1.mdp.edu.ar\/centro-ventas\/wp-json\/wp\/v2\/product_cat?post=2163"},{"taxonomy":"product_tag","embeddable":true,"href":"https:\/\/biblio1.mdp.edu.ar\/centro-ventas\/wp-json\/wp\/v2\/product_tag?post=2163"}],"curies":[{"name":"wp","href":"https:\/\/api.w.org\/{rel}","templated":true}]}}