{"id":2108,"date":"2022-03-14T05:07:03","date_gmt":"2022-03-14T08:07:03","guid":{"rendered":"http:\/\/biblio1.mdp.edu.ar\/centro-ventas\/?post_type=product&#038;p=2108"},"modified":"2026-03-30T15:34:45","modified_gmt":"2026-03-30T18:34:45","slug":"desbordes-politicas-del-lenguaje-y-la-creacion","status":"publish","type":"product","link":"https:\/\/biblio1.mdp.edu.ar\/centro-ventas\/producto\/desbordes-politicas-del-lenguaje-y-la-creacion\/","title":{"rendered":"Desbordes . Pol\u00edticas del lenguaje y la creaci\u00f3n"},"content":{"rendered":"<p>Los ensayos de este volumen proponen, una conexi\u00f3n reelaborada entre\u00a0 literatura y pol\u00edtica: la pol\u00edtica inmanente que se desplaza (disiente, resiste)<br \/>\nal orden de los discursos, a los dispositivos de poder ocultos en el entramado social y textual. Este disenso no se limita a representar un estado de cosas, sino que por su conexi\u00f3n intensa con la vida, genera nuevas formas de lo posible.<br \/>\nEste libro propone al lector la traves\u00eda \u2013inevitablemente intensa\u2013 por una zona de la producci\u00f3n literaria argentina y latinoamericana que desborda las categor\u00edas tradicionales de los g\u00e9neros y las convenciones est\u00e9ticas e ideol\u00f3gicas. Esa es la raz\u00f3n del t\u00edtulo del volumen y el eje problem\u00e1tico que vertebra tanto la reflexi\u00f3n cr\u00edtica como la diversidad de los textos abordados. Su din\u00e1mica de resistencia y desborde de lo sabido y consabido se despliega en cada momento de este libro colectivo y plural, rehuyendo el imperativo racionalista de dar soluci\u00f3n a los problemas y respuestas definitivas a las preguntas formuladas, por cuanto a ese movimiento de proliferaci\u00f3n indefinida pertenece la literatura y el arte contempor\u00e1neos.<\/p>\n<p>21 X 15cm &#8211; 200 P\u00c1G. \/ 2019<\/p>\n<p>&nbsp;<\/p>\n<p>&nbsp;<\/p>\n","protected":false},"excerpt":{"rendered":"<p>Los ensayos de este volumen proponen, una conexi\u00f3n reelaborada entre\u00a0 literatura y pol\u00edtica: la pol\u00edtica inmanente que se desplaza (disiente, resiste) al orden de los discursos, a los dispositivos de poder ocultos en el entramado social y textual. Este disenso no se limita a representar un estado de cosas, sino que por su conexi\u00f3n intensa [&hellip;]<\/p>\n","protected":false},"featured_media":2109,"template":"","meta":{"_acf_changed":false,"_eb_attr":"","_crdt_document":"","_uag_custom_page_level_css":"","_editorskit_title_hidden":false,"_editorskit_reading_time":0,"_editorskit_is_block_options_detached":false,"_editorskit_block_options_position":"{}","site-sidebar-layout":"default","site-content-layout":"","ast-site-content-layout":"default","site-content-style":"default","site-sidebar-style":"default","ast-global-header-display":"","ast-banner-title-visibility":"","ast-main-header-display":"","ast-hfb-above-header-display":"","ast-hfb-below-header-display":"","ast-hfb-mobile-header-display":"","site-post-title":"","ast-breadcrumbs-content":"","ast-featured-img":"","footer-sml-layout":"","ast-disable-related-posts":"","theme-transparent-header-meta":"","adv-header-id-meta":"","stick-header-meta":"","header-above-stick-meta":"","header-main-stick-meta":"","header-below-stick-meta":"","astra-migrate-meta-layouts":"default","ast-page-background-enabled":"default","ast-page-background-meta":{"desktop":{"background-color":"var(--ast-global-color-4)","background-image":"","background-repeat":"repeat","background-position":"center center","background-size":"auto","background-attachment":"scroll","background-type":"","background-media":"","overlay-type":"","overlay-color":"","overlay-opacity":"","overlay-gradient":""},"tablet":{"background-color":"","background-image":"","background-repeat":"repeat","background-position":"center center","background-size":"auto","background-attachment":"scroll","background-type":"","background-media":"","overlay-type":"","overlay-color":"","overlay-opacity":"","overlay-gradient":""},"mobile":{"background-color":"","background-image":"","background-repeat":"repeat","background-position":"center center","background-size":"auto","background-attachment":"scroll","background-type":"","background-media":"","overlay-type":"","overlay-color":"","overlay-opacity":"","overlay-gradient":""}},"ast-content-background-meta":{"desktop":{"background-color":"var(--ast-global-color-5)","background-image":"","background-repeat":"repeat","background-position":"center center","background-size":"auto","background-attachment":"scroll","background-type":"","background-media":"","overlay-type":"","overlay-color":"","overlay-opacity":"","overlay-gradient":""},"tablet":{"background-color":"var(--ast-global-color-5)","background-image":"","background-repeat":"repeat","background-position":"center center","background-size":"auto","background-attachment":"scroll","background-type":"","background-media":"","overlay-type":"","overlay-color":"","overlay-opacity":"","overlay-gradient":""},"mobile":{"background-color":"var(--ast-global-color-5)","background-image":"","background-repeat":"repeat","background-position":"center center","background-size":"auto","background-attachment":"scroll","background-type":"","background-media":"","overlay-type":"","overlay-color":"","overlay-opacity":"","overlay-gradient":""}}},"product_cat":[32,28,124],"product_tag":[53],"class_list":{"0":"post-2108","1":"product","2":"type-product","3":"status-publish","4":"has-post-thumbnail","6":"product_cat-edudem","7":"product_cat-libro","8":"product_cat-serie-simbolos","9":"product_tag-humanidades-y-ciencias-sociales","10":"desktop-align-left","11":"tablet-align-left","12":"mobile-align-left","14":"first","15":"instock","16":"shipping-taxable","17":"purchasable","18":"product-type-simple"},"acf":[],"uagb_featured_image_src":{"full":["https:\/\/biblio1.mdp.edu.ar\/centro-ventas\/wp-content\/uploads\/sites\/2\/2022\/03\/desbordes.png",275,393,false],"thumbnail":["https:\/\/biblio1.mdp.edu.ar\/centro-ventas\/wp-content\/uploads\/sites\/2\/2022\/03\/desbordes-150x150.png",150,150,true],"medium":["https:\/\/biblio1.mdp.edu.ar\/centro-ventas\/wp-content\/uploads\/sites\/2\/2022\/03\/desbordes-210x300.png",210,300,true],"medium_large":["https:\/\/biblio1.mdp.edu.ar\/centro-ventas\/wp-content\/uploads\/sites\/2\/2022\/03\/desbordes.png",275,393,false],"large":["https:\/\/biblio1.mdp.edu.ar\/centro-ventas\/wp-content\/uploads\/sites\/2\/2022\/03\/desbordes.png",275,393,false],"1536x1536":["https:\/\/biblio1.mdp.edu.ar\/centro-ventas\/wp-content\/uploads\/sites\/2\/2022\/03\/desbordes.png",275,393,false],"2048x2048":["https:\/\/biblio1.mdp.edu.ar\/centro-ventas\/wp-content\/uploads\/sites\/2\/2022\/03\/desbordes.png",275,393,false],"woocommerce_thumbnail":["https:\/\/biblio1.mdp.edu.ar\/centro-ventas\/wp-content\/uploads\/sites\/2\/2022\/03\/desbordes-250x357.png",250,357,true],"woocommerce_single":["https:\/\/biblio1.mdp.edu.ar\/centro-ventas\/wp-content\/uploads\/sites\/2\/2022\/03\/desbordes.png",275,393,false],"woocommerce_gallery_thumbnail":["https:\/\/biblio1.mdp.edu.ar\/centro-ventas\/wp-content\/uploads\/sites\/2\/2022\/03\/desbordes-100x100.png",100,100,true]},"uagb_author_info":{"display_name":"Cristina Bernabe","author_link":"https:\/\/biblio1.mdp.edu.ar\/centro-ventas\/author\/"},"uagb_comment_info":0,"uagb_excerpt":"Los ensayos de este volumen proponen, una conexi\u00f3n reelaborada entre\u00a0 literatura y pol\u00edtica: la pol\u00edtica inmanente que se desplaza (disiente, resiste) al orden de los discursos, a los dispositivos de poder ocultos en el entramado social y textual. Este disenso no se limita a representar un estado de cosas, sino que por su conexi\u00f3n intensa&hellip;","_links":{"self":[{"href":"https:\/\/biblio1.mdp.edu.ar\/centro-ventas\/wp-json\/wp\/v2\/product\/2108","targetHints":{"allow":["GET"]}}],"collection":[{"href":"https:\/\/biblio1.mdp.edu.ar\/centro-ventas\/wp-json\/wp\/v2\/product"}],"about":[{"href":"https:\/\/biblio1.mdp.edu.ar\/centro-ventas\/wp-json\/wp\/v2\/types\/product"}],"wp:featuredmedia":[{"embeddable":true,"href":"https:\/\/biblio1.mdp.edu.ar\/centro-ventas\/wp-json\/wp\/v2\/media\/2109"}],"wp:attachment":[{"href":"https:\/\/biblio1.mdp.edu.ar\/centro-ventas\/wp-json\/wp\/v2\/media?parent=2108"}],"wp:term":[{"taxonomy":"product_cat","embeddable":true,"href":"https:\/\/biblio1.mdp.edu.ar\/centro-ventas\/wp-json\/wp\/v2\/product_cat?post=2108"},{"taxonomy":"product_tag","embeddable":true,"href":"https:\/\/biblio1.mdp.edu.ar\/centro-ventas\/wp-json\/wp\/v2\/product_tag?post=2108"}],"curies":[{"name":"wp","href":"https:\/\/api.w.org\/{rel}","templated":true}]}}