{"id":2072,"date":"2020-08-27T01:04:20","date_gmt":"2020-08-27T04:04:20","guid":{"rendered":"http:\/\/biblio1.mdp.edu.ar\/centro-ventas\/?post_type=product&#038;p=2072"},"modified":"2026-03-30T17:06:08","modified_gmt":"2026-03-30T20:06:08","slug":"los-anos-60-un-modelo-para-amar","status":"publish","type":"product","link":"https:\/\/biblio1.mdp.edu.ar\/centro-ventas\/producto\/los-anos-60-un-modelo-para-amar\/","title":{"rendered":"Los a\u00f1os 60, un modelo para amar"},"content":{"rendered":"<p>En los sesenta se detuvo el siglo. Todas las energ\u00edas creadoras, las resistencias sociales, las\u00a0 revoluciones culturales, la lucha contra el poder, confluyeron en una d\u00e9cada transformadora que no dej\u00f3 de repercutir en el planeta, una globalizaci\u00f3n pol\u00edtica pero alternativa, que desarroll\u00f3 un arte absolutamente nuevo, hasta en un balneario argentino aparentemente inmune a los cambios como Mar del Plata.<br \/>\nTanto es lo que produjo que este libro llega a registrar los primeros a\u00f1os, tal la riqueza de la vida teatral en una ciudad que experimenta el\u00a0 nacimiento del movimiento independiente, la primera y ef\u00edmera Comedia Municipal, la neovanguardia y una lenta politizaci\u00f3n de la escena que deber\u00e1 confrontar a la censura, el onganiato, las persecuciones e incomprensiones de un lenguaje arrasador y revulsivo en todos los \u00f3rdenes.<\/p>\n<p>21 X 15 cm. \u2013 290 PAG. \/ 2017<\/p>\n","protected":false},"excerpt":{"rendered":"<p>En los sesenta se detuvo el siglo. Todas las energ\u00edas creadoras, las resistencias sociales, las\u00a0 revoluciones culturales, la lucha contra el poder, confluyeron en una d\u00e9cada transformadora que no dej\u00f3 de repercutir en el planeta, una globalizaci\u00f3n pol\u00edtica pero alternativa, que desarroll\u00f3 un arte absolutamente nuevo, hasta en un balneario argentino aparentemente inmune a los [&hellip;]<\/p>\n","protected":false},"featured_media":2073,"template":"","meta":{"_acf_changed":false,"_eb_attr":"","_crdt_document":"","_uag_custom_page_level_css":"","_editorskit_title_hidden":false,"_editorskit_reading_time":0,"_editorskit_is_block_options_detached":false,"_editorskit_block_options_position":"{}","site-sidebar-layout":"default","site-content-layout":"","ast-site-content-layout":"default","site-content-style":"default","site-sidebar-style":"default","ast-global-header-display":"","ast-banner-title-visibility":"","ast-main-header-display":"","ast-hfb-above-header-display":"","ast-hfb-below-header-display":"","ast-hfb-mobile-header-display":"","site-post-title":"","ast-breadcrumbs-content":"","ast-featured-img":"","footer-sml-layout":"","ast-disable-related-posts":"","theme-transparent-header-meta":"default","adv-header-id-meta":"","stick-header-meta":"","header-above-stick-meta":"","header-main-stick-meta":"","header-below-stick-meta":"","astra-migrate-meta-layouts":"set","ast-page-background-enabled":"default","ast-page-background-meta":{"desktop":{"background-color":"var(--ast-global-color-4)","background-image":"","background-repeat":"repeat","background-position":"center center","background-size":"auto","background-attachment":"scroll","background-type":"","background-media":"","overlay-type":"","overlay-color":"","overlay-opacity":"","overlay-gradient":""},"tablet":{"background-color":"","background-image":"","background-repeat":"repeat","background-position":"center center","background-size":"auto","background-attachment":"scroll","background-type":"","background-media":"","overlay-type":"","overlay-color":"","overlay-opacity":"","overlay-gradient":""},"mobile":{"background-color":"","background-image":"","background-repeat":"repeat","background-position":"center center","background-size":"auto","background-attachment":"scroll","background-type":"","background-media":"","overlay-type":"","overlay-color":"","overlay-opacity":"","overlay-gradient":""}},"ast-content-background-meta":{"desktop":{"background-color":"var(--ast-global-color-5)","background-image":"","background-repeat":"repeat","background-position":"center center","background-size":"auto","background-attachment":"scroll","background-type":"","background-media":"","overlay-type":"","overlay-color":"","overlay-opacity":"","overlay-gradient":""},"tablet":{"background-color":"var(--ast-global-color-5)","background-image":"","background-repeat":"repeat","background-position":"center center","background-size":"auto","background-attachment":"scroll","background-type":"","background-media":"","overlay-type":"","overlay-color":"","overlay-opacity":"","overlay-gradient":""},"mobile":{"background-color":"var(--ast-global-color-5)","background-image":"","background-repeat":"repeat","background-position":"center center","background-size":"auto","background-attachment":"scroll","background-type":"","background-media":"","overlay-type":"","overlay-color":"","overlay-opacity":"","overlay-gradient":""}}},"product_cat":[28,124],"product_tag":[53,80,166],"class_list":{"0":"post-2072","1":"product","2":"type-product","3":"status-publish","4":"has-post-thumbnail","6":"product_cat-libro","7":"product_cat-serie-simbolos","8":"product_tag-humanidades-y-ciencias-sociales","9":"product_tag-mar-del-plata","10":"product_tag-teatro","11":"desktop-align-left","12":"tablet-align-left","13":"mobile-align-left","15":"first","16":"instock","17":"shipping-taxable","18":"purchasable","19":"product-type-simple"},"acf":[],"uagb_featured_image_src":{"full":["https:\/\/biblio1.mdp.edu.ar\/centro-ventas\/wp-content\/uploads\/sites\/2\/2020\/08\/Captura-de-pantalla-de-2020-08-26-22-01-27.png",376,523,false],"thumbnail":["https:\/\/biblio1.mdp.edu.ar\/centro-ventas\/wp-content\/uploads\/sites\/2\/2020\/08\/Captura-de-pantalla-de-2020-08-26-22-01-27-150x150.png",150,150,true],"medium":["https:\/\/biblio1.mdp.edu.ar\/centro-ventas\/wp-content\/uploads\/sites\/2\/2020\/08\/Captura-de-pantalla-de-2020-08-26-22-01-27-216x300.png",216,300,true],"medium_large":["https:\/\/biblio1.mdp.edu.ar\/centro-ventas\/wp-content\/uploads\/sites\/2\/2020\/08\/Captura-de-pantalla-de-2020-08-26-22-01-27.png",376,523,false],"large":["https:\/\/biblio1.mdp.edu.ar\/centro-ventas\/wp-content\/uploads\/sites\/2\/2020\/08\/Captura-de-pantalla-de-2020-08-26-22-01-27.png",376,523,false],"1536x1536":["https:\/\/biblio1.mdp.edu.ar\/centro-ventas\/wp-content\/uploads\/sites\/2\/2020\/08\/Captura-de-pantalla-de-2020-08-26-22-01-27.png",376,523,false],"2048x2048":["https:\/\/biblio1.mdp.edu.ar\/centro-ventas\/wp-content\/uploads\/sites\/2\/2020\/08\/Captura-de-pantalla-de-2020-08-26-22-01-27.png",376,523,false],"woocommerce_thumbnail":["https:\/\/biblio1.mdp.edu.ar\/centro-ventas\/wp-content\/uploads\/sites\/2\/2020\/08\/Captura-de-pantalla-de-2020-08-26-22-01-27-350x487.png",300,417,true],"woocommerce_single":["https:\/\/biblio1.mdp.edu.ar\/centro-ventas\/wp-content\/uploads\/sites\/2\/2020\/08\/Captura-de-pantalla-de-2020-08-26-22-01-27.png",376,523,false],"woocommerce_gallery_thumbnail":["https:\/\/biblio1.mdp.edu.ar\/centro-ventas\/wp-content\/uploads\/sites\/2\/2020\/08\/Captura-de-pantalla-de-2020-08-26-22-01-27-100x100.png",100,100,true]},"uagb_author_info":{"display_name":"Cristina Bernabe","author_link":"https:\/\/biblio1.mdp.edu.ar\/centro-ventas\/author\/"},"uagb_comment_info":0,"uagb_excerpt":"En los sesenta se detuvo el siglo. Todas las energ\u00edas creadoras, las resistencias sociales, las\u00a0 revoluciones culturales, la lucha contra el poder, confluyeron en una d\u00e9cada transformadora que no dej\u00f3 de repercutir en el planeta, una globalizaci\u00f3n pol\u00edtica pero alternativa, que desarroll\u00f3 un arte absolutamente nuevo, hasta en un balneario argentino aparentemente inmune a los&hellip;","_links":{"self":[{"href":"https:\/\/biblio1.mdp.edu.ar\/centro-ventas\/wp-json\/wp\/v2\/product\/2072","targetHints":{"allow":["GET"]}}],"collection":[{"href":"https:\/\/biblio1.mdp.edu.ar\/centro-ventas\/wp-json\/wp\/v2\/product"}],"about":[{"href":"https:\/\/biblio1.mdp.edu.ar\/centro-ventas\/wp-json\/wp\/v2\/types\/product"}],"wp:featuredmedia":[{"embeddable":true,"href":"https:\/\/biblio1.mdp.edu.ar\/centro-ventas\/wp-json\/wp\/v2\/media\/2073"}],"wp:attachment":[{"href":"https:\/\/biblio1.mdp.edu.ar\/centro-ventas\/wp-json\/wp\/v2\/media?parent=2072"}],"wp:term":[{"taxonomy":"product_cat","embeddable":true,"href":"https:\/\/biblio1.mdp.edu.ar\/centro-ventas\/wp-json\/wp\/v2\/product_cat?post=2072"},{"taxonomy":"product_tag","embeddable":true,"href":"https:\/\/biblio1.mdp.edu.ar\/centro-ventas\/wp-json\/wp\/v2\/product_tag?post=2072"}],"curies":[{"name":"wp","href":"https:\/\/api.w.org\/{rel}","templated":true}]}}