{"id":2070,"date":"2020-08-27T00:49:32","date_gmt":"2020-08-27T03:49:32","guid":{"rendered":"http:\/\/biblio1.mdp.edu.ar\/centro-ventas\/?post_type=product&#038;p=2070"},"modified":"2026-04-01T15:04:01","modified_gmt":"2026-04-01T18:04:01","slug":"vida-cotidiana-en-la-edad-media","status":"publish","type":"product","link":"https:\/\/biblio1.mdp.edu.ar\/centro-ventas\/producto\/vida-cotidiana-en-la-edad-media\/","title":{"rendered":"Vida cotidiana en la Edad Media"},"content":{"rendered":"<p>Los tiempos medievales han dejado innumerable cantidad de testimonios que nos posibilitan conocer c\u00f3mo viv\u00edan hombres y mujeres de la Edad Media. A partir de registros materiales y escritos de diversa \u00edndole es posible acercarse a las vivencias cotidianas de aquellos tiempos, tanto en lo referido a las grandes familias \u2013nobiliarias y burguesas- como a la gente del com\u00fan \u2013sean habitantes de las ciudades o campesinos-, en un contexto temporal, que abarca de los siglos V al XV. Esta amplia cronolog\u00eda nos permite apreciar cambios y\u00a0 continuidades, tensiones y transformaciones en el vivir, convivir y morir propios del medioevo.<br \/>\n21 X 15 cm. \u2013 360 PAG.<\/p>\n","protected":false},"excerpt":{"rendered":"<p>Los tiempos medievales han dejado innumerable cantidad de testimonios que nos posibilitan conocer c\u00f3mo viv\u00edan hombres y mujeres de la Edad Media. A partir de registros materiales y escritos de diversa \u00edndole es posible acercarse a las vivencias cotidianas de aquellos tiempos, tanto en lo referido a las grandes familias \u2013nobiliarias y burguesas- como a [&hellip;]<\/p>\n","protected":false},"featured_media":2071,"template":"","meta":{"_acf_changed":false,"_eb_attr":"","_crdt_document":"","_uag_custom_page_level_css":"","_editorskit_title_hidden":false,"_editorskit_reading_time":0,"_editorskit_is_block_options_detached":false,"_editorskit_block_options_position":"{}","site-sidebar-layout":"default","site-content-layout":"","ast-site-content-layout":"default","site-content-style":"default","site-sidebar-style":"default","ast-global-header-display":"","ast-banner-title-visibility":"","ast-main-header-display":"","ast-hfb-above-header-display":"","ast-hfb-below-header-display":"","ast-hfb-mobile-header-display":"","site-post-title":"","ast-breadcrumbs-content":"","ast-featured-img":"","footer-sml-layout":"","ast-disable-related-posts":"","theme-transparent-header-meta":"","adv-header-id-meta":"","stick-header-meta":"","header-above-stick-meta":"","header-main-stick-meta":"","header-below-stick-meta":"","astra-migrate-meta-layouts":"default","ast-page-background-enabled":"default","ast-page-background-meta":{"desktop":{"background-color":"var(--ast-global-color-4)","background-image":"","background-repeat":"repeat","background-position":"center center","background-size":"auto","background-attachment":"scroll","background-type":"","background-media":"","overlay-type":"","overlay-color":"","overlay-opacity":"","overlay-gradient":""},"tablet":{"background-color":"","background-image":"","background-repeat":"repeat","background-position":"center center","background-size":"auto","background-attachment":"scroll","background-type":"","background-media":"","overlay-type":"","overlay-color":"","overlay-opacity":"","overlay-gradient":""},"mobile":{"background-color":"","background-image":"","background-repeat":"repeat","background-position":"center center","background-size":"auto","background-attachment":"scroll","background-type":"","background-media":"","overlay-type":"","overlay-color":"","overlay-opacity":"","overlay-gradient":""}},"ast-content-background-meta":{"desktop":{"background-color":"var(--ast-global-color-5)","background-image":"","background-repeat":"repeat","background-position":"center center","background-size":"auto","background-attachment":"scroll","background-type":"","background-media":"","overlay-type":"","overlay-color":"","overlay-opacity":"","overlay-gradient":""},"tablet":{"background-color":"var(--ast-global-color-5)","background-image":"","background-repeat":"repeat","background-position":"center center","background-size":"auto","background-attachment":"scroll","background-type":"","background-media":"","overlay-type":"","overlay-color":"","overlay-opacity":"","overlay-gradient":""},"mobile":{"background-color":"var(--ast-global-color-5)","background-image":"","background-repeat":"repeat","background-position":"center center","background-size":"auto","background-attachment":"scroll","background-type":"","background-media":"","overlay-type":"","overlay-color":"","overlay-opacity":"","overlay-gradient":""}}},"product_cat":[28,124],"product_tag":[140,165,53],"class_list":{"0":"post-2070","1":"product","2":"type-product","3":"status-publish","4":"has-post-thumbnail","6":"product_cat-libro","7":"product_cat-serie-simbolos","8":"product_tag-antropologia","9":"product_tag-edad-media","10":"product_tag-humanidades-y-ciencias-sociales","11":"desktop-align-left","12":"tablet-align-left","13":"mobile-align-left","15":"first","16":"instock","17":"shipping-taxable","18":"purchasable","19":"product-type-simple"},"acf":[],"uagb_featured_image_src":{"full":["https:\/\/biblio1.mdp.edu.ar\/centro-ventas\/wp-content\/uploads\/sites\/2\/2020\/08\/Captura-de-pantalla-de-2020-08-26-21-44-07.png",401,562,false],"thumbnail":["https:\/\/biblio1.mdp.edu.ar\/centro-ventas\/wp-content\/uploads\/sites\/2\/2020\/08\/Captura-de-pantalla-de-2020-08-26-21-44-07-150x150.png",150,150,true],"medium":["https:\/\/biblio1.mdp.edu.ar\/centro-ventas\/wp-content\/uploads\/sites\/2\/2020\/08\/Captura-de-pantalla-de-2020-08-26-21-44-07-214x300.png",214,300,true],"medium_large":["https:\/\/biblio1.mdp.edu.ar\/centro-ventas\/wp-content\/uploads\/sites\/2\/2020\/08\/Captura-de-pantalla-de-2020-08-26-21-44-07.png",401,562,false],"large":["https:\/\/biblio1.mdp.edu.ar\/centro-ventas\/wp-content\/uploads\/sites\/2\/2020\/08\/Captura-de-pantalla-de-2020-08-26-21-44-07.png",401,562,false],"1536x1536":["https:\/\/biblio1.mdp.edu.ar\/centro-ventas\/wp-content\/uploads\/sites\/2\/2020\/08\/Captura-de-pantalla-de-2020-08-26-21-44-07.png",401,562,false],"2048x2048":["https:\/\/biblio1.mdp.edu.ar\/centro-ventas\/wp-content\/uploads\/sites\/2\/2020\/08\/Captura-de-pantalla-de-2020-08-26-21-44-07.png",401,562,false],"woocommerce_thumbnail":["https:\/\/biblio1.mdp.edu.ar\/centro-ventas\/wp-content\/uploads\/sites\/2\/2020\/08\/Captura-de-pantalla-de-2020-08-26-21-44-07-350x491.png",300,421,true],"woocommerce_single":["https:\/\/biblio1.mdp.edu.ar\/centro-ventas\/wp-content\/uploads\/sites\/2\/2020\/08\/Captura-de-pantalla-de-2020-08-26-21-44-07.png",401,562,false],"woocommerce_gallery_thumbnail":["https:\/\/biblio1.mdp.edu.ar\/centro-ventas\/wp-content\/uploads\/sites\/2\/2020\/08\/Captura-de-pantalla-de-2020-08-26-21-44-07-100x100.png",100,100,true]},"uagb_author_info":{"display_name":"Cristina Bernabe","author_link":"https:\/\/biblio1.mdp.edu.ar\/centro-ventas\/author\/"},"uagb_comment_info":0,"uagb_excerpt":"Los tiempos medievales han dejado innumerable cantidad de testimonios que nos posibilitan conocer c\u00f3mo viv\u00edan hombres y mujeres de la Edad Media. A partir de registros materiales y escritos de diversa \u00edndole es posible acercarse a las vivencias cotidianas de aquellos tiempos, tanto en lo referido a las grandes familias \u2013nobiliarias y burguesas- como a&hellip;","_links":{"self":[{"href":"https:\/\/biblio1.mdp.edu.ar\/centro-ventas\/wp-json\/wp\/v2\/product\/2070","targetHints":{"allow":["GET"]}}],"collection":[{"href":"https:\/\/biblio1.mdp.edu.ar\/centro-ventas\/wp-json\/wp\/v2\/product"}],"about":[{"href":"https:\/\/biblio1.mdp.edu.ar\/centro-ventas\/wp-json\/wp\/v2\/types\/product"}],"wp:featuredmedia":[{"embeddable":true,"href":"https:\/\/biblio1.mdp.edu.ar\/centro-ventas\/wp-json\/wp\/v2\/media\/2071"}],"wp:attachment":[{"href":"https:\/\/biblio1.mdp.edu.ar\/centro-ventas\/wp-json\/wp\/v2\/media?parent=2070"}],"wp:term":[{"taxonomy":"product_cat","embeddable":true,"href":"https:\/\/biblio1.mdp.edu.ar\/centro-ventas\/wp-json\/wp\/v2\/product_cat?post=2070"},{"taxonomy":"product_tag","embeddable":true,"href":"https:\/\/biblio1.mdp.edu.ar\/centro-ventas\/wp-json\/wp\/v2\/product_tag?post=2070"}],"curies":[{"name":"wp","href":"https:\/\/api.w.org\/{rel}","templated":true}]}}