{"id":2068,"date":"2020-08-27T00:29:46","date_gmt":"2020-08-27T03:29:46","guid":{"rendered":"http:\/\/biblio1.mdp.edu.ar\/centro-ventas\/?post_type=product&#038;p=2068"},"modified":"2026-03-30T17:04:40","modified_gmt":"2026-03-30T20:04:40","slug":"latinoamerica-entre-lenguajes-y-lenguas","status":"publish","type":"product","link":"https:\/\/biblio1.mdp.edu.ar\/centro-ventas\/producto\/latinoamerica-entre-lenguajes-y-lenguas\/","title":{"rendered":"Latinoam\u00e9rica entre lenguajes y lenguas"},"content":{"rendered":"<p>Latinoam\u00e9rica en inicio del t\u00edtulo de este volumen inscribe la aspiraci\u00f3n convocante y restauradora que nos impulsa, aunque tambi\u00e9n procura anunciar la concurrencia de distintas \u00e1reas del continente a partir de lecturas cr\u00edticas que indagan\u00a0 textualidades donde lenguajes y lenguas (en desglose o ensamble) se traman. Son ensayos sobre autores y est\u00e9ticas m\u00e1s y menos estudiados en nuestro medio que reponen un elenco de textos narrativos, po\u00e9ticos, ensay\u00edsticos,\u00a0 cinematogr\u00e1ficos, musicales, pict\u00f3ricos, etc. cuya puesta en una escena compartida fractura de alg\u00fan modo la percepci\u00f3n del \u201ctiempo lineal o acumulativo que habitualmente domina\u201d (Escobar), permitiendo distinguir, moment\u00e1neamente y por ciertos reenv\u00edos, las simultaneidades fragmentadas que componen el cuerpo social.M\u00f3nica Marinone<\/p>\n<p>15 x 21 cm. &#8211; 408 PAG.<\/p>\n","protected":false},"excerpt":{"rendered":"<p>Latinoam\u00e9rica en inicio del t\u00edtulo de este volumen inscribe la aspiraci\u00f3n convocante y restauradora que nos impulsa, aunque tambi\u00e9n procura anunciar la concurrencia de distintas \u00e1reas del continente a partir de lecturas cr\u00edticas que indagan\u00a0 textualidades donde lenguajes y lenguas (en desglose o ensamble) se traman. Son ensayos sobre autores y est\u00e9ticas m\u00e1s y menos [&hellip;]<\/p>\n","protected":false},"featured_media":2069,"template":"","meta":{"_acf_changed":false,"_eb_attr":"","_crdt_document":"","_uag_custom_page_level_css":"","_editorskit_title_hidden":false,"_editorskit_reading_time":0,"_editorskit_is_block_options_detached":false,"_editorskit_block_options_position":"{}","site-sidebar-layout":"default","site-content-layout":"default","ast-site-content-layout":"default","site-content-style":"default","site-sidebar-style":"default","ast-global-header-display":"","ast-banner-title-visibility":"","ast-main-header-display":"","ast-hfb-above-header-display":"","ast-hfb-below-header-display":"","ast-hfb-mobile-header-display":"","site-post-title":"","ast-breadcrumbs-content":"","ast-featured-img":"","footer-sml-layout":"","ast-disable-related-posts":"","theme-transparent-header-meta":"default","adv-header-id-meta":"","stick-header-meta":"","header-above-stick-meta":"","header-main-stick-meta":"","header-below-stick-meta":"","astra-migrate-meta-layouts":"default","ast-page-background-enabled":"default","ast-page-background-meta":{"desktop":{"background-color":"var(--ast-global-color-4)","background-image":"","background-repeat":"repeat","background-position":"center center","background-size":"auto","background-attachment":"scroll","background-type":"","background-media":"","overlay-type":"","overlay-color":"","overlay-opacity":"","overlay-gradient":""},"tablet":{"background-color":"","background-image":"","background-repeat":"repeat","background-position":"center center","background-size":"auto","background-attachment":"scroll","background-type":"","background-media":"","overlay-type":"","overlay-color":"","overlay-opacity":"","overlay-gradient":""},"mobile":{"background-color":"","background-image":"","background-repeat":"repeat","background-position":"center center","background-size":"auto","background-attachment":"scroll","background-type":"","background-media":"","overlay-type":"","overlay-color":"","overlay-opacity":"","overlay-gradient":""}},"ast-content-background-meta":{"desktop":{"background-color":"var(--ast-global-color-5)","background-image":"","background-repeat":"repeat","background-position":"center center","background-size":"auto","background-attachment":"scroll","background-type":"","background-media":"","overlay-type":"","overlay-color":"","overlay-opacity":"","overlay-gradient":""},"tablet":{"background-color":"var(--ast-global-color-5)","background-image":"","background-repeat":"repeat","background-position":"center center","background-size":"auto","background-attachment":"scroll","background-type":"","background-media":"","overlay-type":"","overlay-color":"","overlay-opacity":"","overlay-gradient":""},"mobile":{"background-color":"var(--ast-global-color-5)","background-image":"","background-repeat":"repeat","background-position":"center center","background-size":"auto","background-attachment":"scroll","background-type":"","background-media":"","overlay-type":"","overlay-color":"","overlay-opacity":"","overlay-gradient":""}}},"product_cat":[32,28,124],"product_tag":[],"class_list":{"0":"post-2068","1":"product","2":"type-product","3":"status-publish","4":"has-post-thumbnail","6":"product_cat-edudem","7":"product_cat-libro","8":"product_cat-serie-simbolos","9":"desktop-align-left","10":"tablet-align-left","11":"mobile-align-left","13":"first","14":"instock","15":"shipping-taxable","16":"purchasable","17":"product-type-simple"},"acf":[],"uagb_featured_image_src":{"full":["https:\/\/biblio1.mdp.edu.ar\/centro-ventas\/wp-content\/uploads\/sites\/2\/2020\/08\/Captura-de-pantalla-de-2020-08-26-21-29-04.png",270,373,false],"thumbnail":["https:\/\/biblio1.mdp.edu.ar\/centro-ventas\/wp-content\/uploads\/sites\/2\/2020\/08\/Captura-de-pantalla-de-2020-08-26-21-29-04-150x150.png",150,150,true],"medium":["https:\/\/biblio1.mdp.edu.ar\/centro-ventas\/wp-content\/uploads\/sites\/2\/2020\/08\/Captura-de-pantalla-de-2020-08-26-21-29-04-217x300.png",217,300,true],"medium_large":["https:\/\/biblio1.mdp.edu.ar\/centro-ventas\/wp-content\/uploads\/sites\/2\/2020\/08\/Captura-de-pantalla-de-2020-08-26-21-29-04.png",270,373,false],"large":["https:\/\/biblio1.mdp.edu.ar\/centro-ventas\/wp-content\/uploads\/sites\/2\/2020\/08\/Captura-de-pantalla-de-2020-08-26-21-29-04.png",270,373,false],"1536x1536":["https:\/\/biblio1.mdp.edu.ar\/centro-ventas\/wp-content\/uploads\/sites\/2\/2020\/08\/Captura-de-pantalla-de-2020-08-26-21-29-04.png",270,373,false],"2048x2048":["https:\/\/biblio1.mdp.edu.ar\/centro-ventas\/wp-content\/uploads\/sites\/2\/2020\/08\/Captura-de-pantalla-de-2020-08-26-21-29-04.png",270,373,false],"woocommerce_thumbnail":["https:\/\/biblio1.mdp.edu.ar\/centro-ventas\/wp-content\/uploads\/sites\/2\/2020\/08\/Captura-de-pantalla-de-2020-08-26-21-29-04.png",270,373,false],"woocommerce_single":["https:\/\/biblio1.mdp.edu.ar\/centro-ventas\/wp-content\/uploads\/sites\/2\/2020\/08\/Captura-de-pantalla-de-2020-08-26-21-29-04.png",270,373,false],"woocommerce_gallery_thumbnail":["https:\/\/biblio1.mdp.edu.ar\/centro-ventas\/wp-content\/uploads\/sites\/2\/2020\/08\/Captura-de-pantalla-de-2020-08-26-21-29-04-100x100.png",100,100,true]},"uagb_author_info":{"display_name":"Cristina Bernabe","author_link":"https:\/\/biblio1.mdp.edu.ar\/centro-ventas\/author\/"},"uagb_comment_info":0,"uagb_excerpt":"Latinoam\u00e9rica en inicio del t\u00edtulo de este volumen inscribe la aspiraci\u00f3n convocante y restauradora que nos impulsa, aunque tambi\u00e9n procura anunciar la concurrencia de distintas \u00e1reas del continente a partir de lecturas cr\u00edticas que indagan\u00a0 textualidades donde lenguajes y lenguas (en desglose o ensamble) se traman. Son ensayos sobre autores y est\u00e9ticas m\u00e1s y menos&hellip;","_links":{"self":[{"href":"https:\/\/biblio1.mdp.edu.ar\/centro-ventas\/wp-json\/wp\/v2\/product\/2068","targetHints":{"allow":["GET"]}}],"collection":[{"href":"https:\/\/biblio1.mdp.edu.ar\/centro-ventas\/wp-json\/wp\/v2\/product"}],"about":[{"href":"https:\/\/biblio1.mdp.edu.ar\/centro-ventas\/wp-json\/wp\/v2\/types\/product"}],"wp:featuredmedia":[{"embeddable":true,"href":"https:\/\/biblio1.mdp.edu.ar\/centro-ventas\/wp-json\/wp\/v2\/media\/2069"}],"wp:attachment":[{"href":"https:\/\/biblio1.mdp.edu.ar\/centro-ventas\/wp-json\/wp\/v2\/media?parent=2068"}],"wp:term":[{"taxonomy":"product_cat","embeddable":true,"href":"https:\/\/biblio1.mdp.edu.ar\/centro-ventas\/wp-json\/wp\/v2\/product_cat?post=2068"},{"taxonomy":"product_tag","embeddable":true,"href":"https:\/\/biblio1.mdp.edu.ar\/centro-ventas\/wp-json\/wp\/v2\/product_tag?post=2068"}],"curies":[{"name":"wp","href":"https:\/\/api.w.org\/{rel}","templated":true}]}}