{"id":2057,"date":"2020-08-26T22:47:03","date_gmt":"2020-08-27T01:47:03","guid":{"rendered":"http:\/\/biblio1.mdp.edu.ar\/centro-ventas\/?post_type=product&#038;p=2057"},"modified":"2026-03-30T13:44:25","modified_gmt":"2026-03-30T16:44:25","slug":"alfonsina-storni-antologia-poetica","status":"publish","type":"product","link":"https:\/\/biblio1.mdp.edu.ar\/centro-ventas\/producto\/alfonsina-storni-antologia-poetica\/","title":{"rendered":"Alfonsina Storni. Antolog\u00eda Po\u00e9tica"},"content":{"rendered":"<p>\u201cEl pr\u00f3logo dibuja una trayectoria sinuosa que recorre minuciosamente los\u00a0 mojones cronol\u00f3gicos de los poemarios de Alfonsina para mostrar sus b\u00fasquedas, los avances y retrocesos de sus intentos\u00a0 renovadores y a la vez las persistencias en el dise\u00f1o de las autofiguraciones de la poeta: tal vez este aspecto sea el m\u00e1s densamente trabajado en su lectura, mostrando las\u00a0 im\u00e1genes donde se asoman los anuncios de la muerte. Estas caracter\u00edsticas no obstan a que el pr\u00f3logo informe al lector sobre los necesarios contextos de\u00a0 lectura; qui\u00e9nes desde\u00f1aron la poes\u00eda de Alfonsina \u2013as\u00ed los j\u00f3venes de la vanguardia pues privilegiaban otras est\u00e9ticas- tambi\u00e9n qui\u00e9nes la valoraron. El\u00a0 studio sobre la autora. Espero as\u00ed al lector con la seguridad de brindarle una\u00a0 antolog\u00eda \u00fatil para capturar globalmente la figura y la poes\u00eda de Alfonsina\u201d<\/p>\n<p>21 X 13 cm. \u2013 315 PAG.<\/p>\n","protected":false},"excerpt":{"rendered":"<p>\u201cEl pr\u00f3logo dibuja una trayectoria sinuosa que recorre minuciosamente los\u00a0 mojones cronol\u00f3gicos de los poemarios de Alfonsina para mostrar sus b\u00fasquedas, los avances y retrocesos de sus intentos\u00a0 renovadores y a la vez las persistencias en el dise\u00f1o de las autofiguraciones de la poeta: tal vez este aspecto sea el m\u00e1s densamente trabajado en su [&hellip;]<\/p>\n","protected":false},"featured_media":2062,"template":"","meta":{"_acf_changed":false,"_eb_attr":"","_crdt_document":"","_uag_custom_page_level_css":"","_editorskit_title_hidden":false,"_editorskit_reading_time":0,"_editorskit_is_block_options_detached":false,"_editorskit_block_options_position":"{}","site-sidebar-layout":"default","site-content-layout":"","ast-site-content-layout":"default","site-content-style":"default","site-sidebar-style":"default","ast-global-header-display":"","ast-banner-title-visibility":"","ast-main-header-display":"","ast-hfb-above-header-display":"","ast-hfb-below-header-display":"","ast-hfb-mobile-header-display":"","site-post-title":"","ast-breadcrumbs-content":"","ast-featured-img":"","footer-sml-layout":"","ast-disable-related-posts":"","theme-transparent-header-meta":"default","adv-header-id-meta":"","stick-header-meta":"","header-above-stick-meta":"","header-main-stick-meta":"","header-below-stick-meta":"","astra-migrate-meta-layouts":"set","ast-page-background-enabled":"default","ast-page-background-meta":{"desktop":{"background-color":"var(--ast-global-color-4)","background-image":"","background-repeat":"repeat","background-position":"center center","background-size":"auto","background-attachment":"scroll","background-type":"","background-media":"","overlay-type":"","overlay-color":"","overlay-opacity":"","overlay-gradient":""},"tablet":{"background-color":"","background-image":"","background-repeat":"repeat","background-position":"center center","background-size":"auto","background-attachment":"scroll","background-type":"","background-media":"","overlay-type":"","overlay-color":"","overlay-opacity":"","overlay-gradient":""},"mobile":{"background-color":"","background-image":"","background-repeat":"repeat","background-position":"center center","background-size":"auto","background-attachment":"scroll","background-type":"","background-media":"","overlay-type":"","overlay-color":"","overlay-opacity":"","overlay-gradient":""}},"ast-content-background-meta":{"desktop":{"background-color":"var(--ast-global-color-5)","background-image":"","background-repeat":"repeat","background-position":"center center","background-size":"auto","background-attachment":"scroll","background-type":"","background-media":"","overlay-type":"","overlay-color":"","overlay-opacity":"","overlay-gradient":""},"tablet":{"background-color":"var(--ast-global-color-5)","background-image":"","background-repeat":"repeat","background-position":"center center","background-size":"auto","background-attachment":"scroll","background-type":"","background-media":"","overlay-type":"","overlay-color":"","overlay-opacity":"","overlay-gradient":""},"mobile":{"background-color":"var(--ast-global-color-5)","background-image":"","background-repeat":"repeat","background-position":"center center","background-size":"auto","background-attachment":"scroll","background-type":"","background-media":"","overlay-type":"","overlay-color":"","overlay-opacity":"","overlay-gradient":""}}},"product_cat":[162,32,28],"product_tag":[359,360,54,163,62,139],"class_list":{"0":"post-2057","1":"product","2":"type-product","3":"status-publish","4":"has-post-thumbnail","6":"product_cat-coleccion-escritores-argentinos","7":"product_cat-edudem","8":"product_cat-libro","9":"product_tag-alfonsina","10":"product_tag-alfonsina-storni","11":"product_tag-coleccion-escritores-argentinos","12":"product_tag-letras","13":"product_tag-literatura","14":"product_tag-poesia","15":"desktop-align-left","16":"tablet-align-left","17":"mobile-align-left","19":"first","20":"instock","21":"featured","22":"shipping-taxable","23":"purchasable","24":"product-type-simple"},"acf":[],"uagb_featured_image_src":{"full":["https:\/\/biblio1.mdp.edu.ar\/centro-ventas\/wp-content\/uploads\/sites\/2\/2020\/08\/antologiaAlfonsina1.jpg",255,399,false],"thumbnail":["https:\/\/biblio1.mdp.edu.ar\/centro-ventas\/wp-content\/uploads\/sites\/2\/2020\/08\/antologiaAlfonsina1-150x150.jpg",150,150,true],"medium":["https:\/\/biblio1.mdp.edu.ar\/centro-ventas\/wp-content\/uploads\/sites\/2\/2020\/08\/antologiaAlfonsina1-192x300.jpg",192,300,true],"medium_large":["https:\/\/biblio1.mdp.edu.ar\/centro-ventas\/wp-content\/uploads\/sites\/2\/2020\/08\/antologiaAlfonsina1.jpg",255,399,false],"large":["https:\/\/biblio1.mdp.edu.ar\/centro-ventas\/wp-content\/uploads\/sites\/2\/2020\/08\/antologiaAlfonsina1.jpg",255,399,false],"1536x1536":["https:\/\/biblio1.mdp.edu.ar\/centro-ventas\/wp-content\/uploads\/sites\/2\/2020\/08\/antologiaAlfonsina1.jpg",255,399,false],"2048x2048":["https:\/\/biblio1.mdp.edu.ar\/centro-ventas\/wp-content\/uploads\/sites\/2\/2020\/08\/antologiaAlfonsina1.jpg",255,399,false],"woocommerce_thumbnail":["https:\/\/biblio1.mdp.edu.ar\/centro-ventas\/wp-content\/uploads\/sites\/2\/2020\/08\/antologiaAlfonsina1.jpg",255,399,false],"woocommerce_single":["https:\/\/biblio1.mdp.edu.ar\/centro-ventas\/wp-content\/uploads\/sites\/2\/2020\/08\/antologiaAlfonsina1.jpg",255,399,false],"woocommerce_gallery_thumbnail":["https:\/\/biblio1.mdp.edu.ar\/centro-ventas\/wp-content\/uploads\/sites\/2\/2020\/08\/antologiaAlfonsina1-100x100.jpg",100,100,true]},"uagb_author_info":{"display_name":"Cristina Bernabe","author_link":"https:\/\/biblio1.mdp.edu.ar\/centro-ventas\/author\/"},"uagb_comment_info":0,"uagb_excerpt":"\u201cEl pr\u00f3logo dibuja una trayectoria sinuosa que recorre minuciosamente los\u00a0 mojones cronol\u00f3gicos de los poemarios de Alfonsina para mostrar sus b\u00fasquedas, los avances y retrocesos de sus intentos\u00a0 renovadores y a la vez las persistencias en el dise\u00f1o de las autofiguraciones de la poeta: tal vez este aspecto sea el m\u00e1s densamente trabajado en su&hellip;","_links":{"self":[{"href":"https:\/\/biblio1.mdp.edu.ar\/centro-ventas\/wp-json\/wp\/v2\/product\/2057","targetHints":{"allow":["GET"]}}],"collection":[{"href":"https:\/\/biblio1.mdp.edu.ar\/centro-ventas\/wp-json\/wp\/v2\/product"}],"about":[{"href":"https:\/\/biblio1.mdp.edu.ar\/centro-ventas\/wp-json\/wp\/v2\/types\/product"}],"wp:featuredmedia":[{"embeddable":true,"href":"https:\/\/biblio1.mdp.edu.ar\/centro-ventas\/wp-json\/wp\/v2\/media\/2062"}],"wp:attachment":[{"href":"https:\/\/biblio1.mdp.edu.ar\/centro-ventas\/wp-json\/wp\/v2\/media?parent=2057"}],"wp:term":[{"taxonomy":"product_cat","embeddable":true,"href":"https:\/\/biblio1.mdp.edu.ar\/centro-ventas\/wp-json\/wp\/v2\/product_cat?post=2057"},{"taxonomy":"product_tag","embeddable":true,"href":"https:\/\/biblio1.mdp.edu.ar\/centro-ventas\/wp-json\/wp\/v2\/product_tag?post=2057"}],"curies":[{"name":"wp","href":"https:\/\/api.w.org\/{rel}","templated":true}]}}