{"id":2014,"date":"2020-03-05T22:02:38","date_gmt":"2020-03-06T01:02:38","guid":{"rendered":"http:\/\/biblio1.mdp.edu.ar\/centro-ventas\/?post_type=product&#038;p=2014"},"modified":"2025-12-03T13:41:02","modified_gmt":"2025-12-03T16:41:02","slug":"174-humanizando-la-arquitectura-para-la-salud","status":"publish","type":"product","link":"https:\/\/biblio1.mdp.edu.ar\/centro-ventas\/producto\/174-humanizando-la-arquitectura-para-la-salud\/","title":{"rendered":"174 &#8211; HUMANIZANDO LA ARQUITECTURA PARA LA SALUD"},"content":{"rendered":"<div class=\"view-header\">REVISTA 174 &#8211; \u00cdNDICE Y CONTENIDOS<\/div>\n<div class=\"view-content normal\">\n<div class=\"indice-columna left\">\n<div class=\"views-row views-row-1 views-row-odd views-row-first views-row-column-0\">\n<div id=\"node-26482\" class=\"node-indice teaser marcado\">\n<div><\/div>\n<div class=\"nro\">1 &#8211;\u00a0EDITORIAL<\/div>\n<div class=\"subtitulo\">HUMANIZANDO LA ARQUITECTURA PARA LA SALUD<\/div>\n<div class=\"autor\">Por FERNANDO DIEZ<\/div>\n<div class=\"body\"><\/div>\n<\/div>\n<\/div>\n<div class=\"views-row views-row-2 views-row-even views-row-column-0\">\n<div id=\"node-26483\" class=\"node-indice teaser\">\n<div class=\"nro\">2<\/div>\n<h3>\u00cdNDICE<\/h3>\n<div class=\"subtitulo\"><\/div>\n<div class=\"body\"><\/div>\n<\/div>\n<\/div>\n<div class=\"views-row views-row-3 views-row-odd views-row-column-0\">\n<div id=\"node-26484\" class=\"node-indice teaser\">\n<div class=\"nro\">4<\/div>\n<h3>CARTELERA<\/h3>\n<div class=\"subtitulo\"><\/div>\n<div class=\"body\"><\/div>\n<\/div>\n<\/div>\n<div class=\"views-row views-row-4 views-row-even views-row-column-0\">\n<div id=\"node-26485\" class=\"node-indice teaser\">\n<div class=\"nro\">8<\/div>\n<h3>PASADO Y PRESENTE EN LA OBRA DE RODOLFO MACHADO Y JORGE SILVETTI<\/h3>\n<div class=\"subtitulo\"><\/div>\n<div class=\"autor nolink\">Por JORGE FRANCISCO LIERNUR<\/div>\n<div class=\"body\"><\/div>\n<\/div>\n<\/div>\n<div class=\"views-row views-row-5 views-row-odd views-row-column-0\">\n<div id=\"node-26486\" class=\"node-indice teaser\">\n<div class=\"nro\">10<\/div>\n<h3>MACHADO SILVETTI EN ARGENTINA: CULMINACI\u00d3N Y COMIENZO<\/h3>\n<div class=\"subtitulo\"><\/div>\n<div class=\"autor nolink\">Por FERNANDO DIEZ<\/div>\n<div class=\"body\"><\/div>\n<\/div>\n<\/div>\n<div class=\"views-row views-row-6 views-row-even views-row-column-0\">\n<div id=\"node-26487\" class=\"node-indice teaser\">\n<div class=\"nro\">20<\/div>\n<h3>EDIFICIO ZETTA POLO DOT<\/h3>\n<div class=\"subtitulo\"><\/div>\n<div class=\"body\">\n<p>MACHADO SILVETTI<\/p>\n<\/div>\n<\/div>\n<\/div>\n<div class=\"views-row views-row-7 views-row-odd views-row-column-0\">\n<div id=\"node-26488\" class=\"node-indice teaser marcado\">\n<div class=\"nro\">34<\/div>\n<h3>OFICINAS MERCADO LIBRE DOT<\/h3>\n<div class=\"subtitulo\"><\/div>\n<div class=\"body\">\n<p>ESTUDIO ELIA IRASTORZA \u2013 BMA ARQUITECTOS Y ASOCIADOS \u2013 METHANOIA<\/p>\n<\/div>\n<\/div>\n<\/div>\n<div class=\"views-row views-row-8 views-row-even views-row-column-0\">\n<div id=\"node-26489\" class=\"node-indice teaser\">\n<div class=\"nro\">42<\/div>\n<h3>PROTAGONISMO RESPONSABLE<\/h3>\n<div class=\"subtitulo\"><\/div>\n<div class=\"autor nolink\">Por EZEQUIEL VESPA<\/div>\n<div class=\"body\"><\/div>\n<\/div>\n<\/div>\n<div class=\"views-row views-row-9 views-row-odd views-row-column-0\">\n<div id=\"node-26490\" class=\"node-indice teaser marcado\">\n<div class=\"nro\">44<\/div>\n<h3>AMPLIACI\u00d3N FUNDACI\u00d3N SANTA FE DE BOGOT\u00c1<\/h3>\n<div class=\"subtitulo\"><\/div>\n<div class=\"body\">\n<p>EL EQUIPO MAZZANTI<\/p>\n<\/div>\n<\/div>\n<\/div>\n<div class=\"views-row views-row-10 views-row-even views-row-column-0\">\n<div id=\"node-26491\" class=\"node-indice teaser\">\n<div class=\"nro\">54<\/div>\n<h3>SANATORIO ANCHORENA SAN MART\u00cdN<\/h3>\n<div class=\"subtitulo\"><\/div>\n<div class=\"body\">\n<p>AFS ARQUITECTOS (LILIANA FONT, MANUEL ALVARADO, ALFREDO SARTORIO, JAVIER SARTORIO, MARCELO FATTORINI)<\/p>\n<\/div>\n<\/div>\n<\/div>\n<div class=\"views-row views-row-11 views-row-odd views-row-column-0\">\n<div id=\"node-26492\" class=\"node-indice teaser\">\n<div class=\"nro\">66<\/div>\n<h3>ARQUITECTURA PARA LA SALUD<\/h3>\n<div class=\"subtitulo\"><\/div>\n<div class=\"autor nolink\">Por LILIANA FONT<\/div>\n<div class=\"body\"><\/div>\n<\/div>\n<\/div>\n<div class=\"views-row views-row-12 views-row-even views-row-column-0\">\n<div id=\"node-26493\" class=\"node-indice teaser\">\n<div class=\"nro\">68<\/div>\n<h3>ATM\u00d3SFERA SALUDABLE<\/h3>\n<div class=\"subtitulo\"><\/div>\n<div class=\"autor nolink\">Por ABRIL FERN\u00c1NDEZ ZAGHINI<\/div>\n<div class=\"body\"><\/div>\n<\/div>\n<\/div>\n<div class=\"views-row views-row-13 views-row-odd views-row-column-0\">\n<div id=\"node-26494\" class=\"node-indice teaser\">\n<div class=\"nro\">70<\/div>\n<h3>CEMAFE<\/h3>\n<div class=\"subtitulo\"><\/div>\n<div class=\"body\">\n<p>MARIO COREA ARQUITECTURA \u2013 UNIDAD DE PROY. ESPECIALES, MINISTERIO DE OBRAS P\u00daBLICAS, GOBIERNO DE SANTA FE<\/p>\n<\/div>\n<\/div>\n<\/div>\n<div class=\"views-row views-row-14 views-row-even views-row-column-0\">\n<div id=\"node-26495\" class=\"node-indice teaser\">\n<div class=\"nro\">76<\/div>\n<h3>HOSPITAL DR. GUTI\u00c9RREZ<\/h3>\n<div class=\"subtitulo\"><\/div>\n<div class=\"body\">\n<p>MARIO COREA ARQUITECTURA \u2013 UNIDAD DE PROYECTOS ESPECIALES, MINISTERIO DE OBRAS P\u00daBLICAS, GOBIERNO DE SANTA FE<\/p>\n<\/div>\n<\/div>\n<\/div>\n<\/div>\n<div class=\"indice-columna right\">\n<div class=\"views-row views-row-15 views-row-odd views-row-column-1\">\n<div id=\"node-26496\" class=\"node-indice teaser\">\n<div class=\"nro\">82<\/div>\n<h3>SANATORIO Y CENTRO NACIONAL DE REHABILITACI\u00d3N DEL BANCO DE SEGUROS DEL ESTADO<\/h3>\n<div class=\"subtitulo\"><\/div>\n<div class=\"body\">\n<p>F\u00c1BRICA DEL PAISAJE (FABIO AYERRA, MARCOS CASTAINGS, JAVIER LANZA Y DIEGO P\u00c9REZ)<\/p>\n<\/div>\n<\/div>\n<\/div>\n<div class=\"views-row views-row-16 views-row-even views-row-column-1\">\n<div id=\"node-26497\" class=\"node-indice teaser\">\n<div class=\"nro\">92<\/div>\n<h3>LA SALUD DE LAS ARQUITECTURAS ATEMPERADAS<\/h3>\n<div class=\"subtitulo\"><\/div>\n<div class=\"autor nolink\">Por MART\u00cdN DI PECO<\/div>\n<div class=\"body\"><\/div>\n<\/div>\n<\/div>\n<div class=\"views-row views-row-17 views-row-odd views-row-column-1\">\n<div id=\"node-26498\" class=\"node-indice teaser\">\n<div class=\"nro\">94<\/div>\n<h3>COMPLEJO MUNICIPAL DE REHABILITACI\u00d3N PSICOF\u00cdSICA Y SALUD MENTAL DE SAN MART\u00cdN<\/h3>\n<div class=\"subtitulo\"><\/div>\n<div class=\"body\">\n<p>PIERETTI, ATTAR, RUIZ, MICHIENZI, GALLINO, PORCAR<\/p>\n<\/div>\n<\/div>\n<\/div>\n<div class=\"views-row views-row-18 views-row-even views-row-column-1\">\n<div id=\"node-26499\" class=\"node-indice teaser\">\n<div class=\"nro\">100<\/div>\n<h3>EDIFICIO DE LABORATORIOS DE LA C\u00c1MARA ARBITRAL DE CEREALES<\/h3>\n<div class=\"subtitulo\"><\/div>\n<div class=\"body\">\n<p>DUA ARQUITECTOS (GUSTAVO BARRIRERO, LEANDRO COPELLO, DAVINA BONINO)<\/p>\n<\/div>\n<\/div>\n<\/div>\n<div class=\"views-row views-row-19 views-row-odd views-row-column-1\">\n<div id=\"node-26500\" class=\"node-indice teaser\">\n<div class=\"nro\">106<\/div>\n<h3>CENTRO M\u00c9DICO SOCIAL SCC LAS TOSCAS<\/h3>\n<div class=\"subtitulo\"><\/div>\n<div class=\"body\">\n<p>BAARQS. GUILLERMO BANCHINI ARQUITECTOS<\/p>\n<\/div>\n<\/div>\n<\/div>\n<div class=\"views-row views-row-20 views-row-even views-row-column-1\">\n<div id=\"node-26501\" class=\"node-indice teaser\">\n<div class=\"nro\">112<\/div>\n<h3>ACTIVAR EL DISE\u00d1O: UN PATRIMONIO CULTURAL QUE ANIDA EN LOS OBJETOS<\/h3>\n<div class=\"subtitulo\"><\/div>\n<div class=\"autor nolink\">Por CECILIA DUR\u00c1N<\/div>\n<div class=\"body\"><\/div>\n<\/div>\n<\/div>\n<div class=\"views-row views-row-21 views-row-odd views-row-column-1\">\n<div id=\"node-26502\" class=\"node-indice teaser\">\n<div class=\"nro\">118<\/div>\n<h3>EXPOSICIONES<\/h3>\n<div class=\"subtitulo\">LO NUEVO ES HISTORIA<\/div>\n<div class=\"autor nolink\">Por CECILIA DUR\u00c1N<\/div>\n<div class=\"body\"><\/div>\n<\/div>\n<\/div>\n<div class=\"views-row views-row-22 views-row-even views-row-column-1\">\n<div id=\"node-26503\" class=\"node-indice teaser\">\n<div class=\"nro\">121<\/div>\n<h3>PROYECTOS<\/h3>\n<div class=\"subtitulo\">UNA PEQUE\u00d1A CIUDAD TERAP\u00c9UTICA EN LA PATAGONIA<\/div>\n<div class=\"body\">\n<p>CONCURSO HOSPITAL NORPATAG\u00d3NICO EN NEUQU\u00c9N<\/p>\n<\/div>\n<\/div>\n<\/div>\n<div class=\"views-row views-row-23 views-row-odd views-row-column-1\">\n<div id=\"node-26504\" class=\"node-indice teaser\">\n<div class=\"nro\">124<\/div>\n<h3>CUADERNOS DE VIAJE<\/h3>\n<div class=\"subtitulo\">LA VIENA DE OTTO WAGNER EN EL PAPEL<\/div>\n<div class=\"autor nolink\">Por IGNACIO ROS DE OLANO<\/div>\n<div class=\"body\"><\/div>\n<\/div>\n<\/div>\n<div class=\"views-row views-row-24 views-row-even views-row-column-1\">\n<div id=\"node-26505\" class=\"node-indice teaser\">\n<div class=\"nro\">125<\/div>\n<h3>REVELACIONES<\/h3>\n<div class=\"subtitulo\">EL TEATRO Y LA BIBLIOTECA EN ATENAS. (I) TESEO Y ADRIANO<\/div>\n<div class=\"autor nolink\">Por RITA MOLINOS Y MARIO SABUGO<\/div>\n<div class=\"body\"><\/div>\n<\/div>\n<\/div>\n<div class=\"views-row views-row-25 views-row-odd views-row-column-1\">\n<div id=\"node-26506\" class=\"node-indice teaser\">\n<div class=\"nro\">126<\/div>\n<h3>NOTICIAS<\/h3>\n<div class=\"subtitulo\"><\/div>\n<div class=\"body\"><\/div>\n<\/div>\n<\/div>\n<div class=\"views-row views-row-26 views-row-even views-row-column-1\">\n<div id=\"node-26507\" class=\"node-indice teaser\">\n<div class=\"nro\">127<\/div>\n<h3>TEXTURAS<\/h3>\n<div class=\"subtitulo\">CAT\u00c1STROFE NATURAL. MINER\u00cdA ILEGAL EN AMAZONIA<\/div>\n<div class=\"autor nolink\">Por ROBERTO FERN\u00c1NDEZ<\/div>\n<div class=\"body\"><\/div>\n<\/div>\n<\/div>\n<div class=\"views-row views-row-27 views-row-odd views-row-last views-row-column-1\">\n<div id=\"node-26508\" class=\"node-indice teaser\">\n<div class=\"nro\">128<\/div>\n<h3>POST SCRIPTUM<\/h3>\n<div class=\"subtitulo\">EL F\u00d3RUM DE TOKIO. 30 A\u00d1OS DE UN PARADIGMA<\/div>\n<div><\/div>\n<div class=\"autor nolink\">Por CARLOS GUSTAVO GIM\u00c9NEZ<\/div>\n<\/div>\n<\/div>\n<\/div>\n<\/div>\n","protected":false},"excerpt":{"rendered":"<p>REVISTA 174 &#8211; \u00cdNDICE Y CONTENIDOS 1 &#8211;\u00a0EDITORIAL HUMANIZANDO LA ARQUITECTURA PARA LA SALUD Por FERNANDO DIEZ 2 \u00cdNDICE 4 CARTELERA 8 PASADO Y PRESENTE EN LA OBRA DE RODOLFO MACHADO Y JORGE SILVETTI Por JORGE FRANCISCO LIERNUR 10 MACHADO SILVETTI EN ARGENTINA: CULMINACI\u00d3N Y COMIENZO Por FERNANDO DIEZ 20 EDIFICIO ZETTA POLO DOT MACHADO [&hellip;]<\/p>\n","protected":false},"featured_media":2037,"template":"","meta":{"_acf_changed":false,"_eb_attr":"","_crdt_document":"","_uag_custom_page_level_css":"","_editorskit_title_hidden":false,"_editorskit_reading_time":0,"_editorskit_is_block_options_detached":false,"_editorskit_block_options_position":"{}","site-sidebar-layout":"default","site-content-layout":"","ast-site-content-layout":"default","site-content-style":"default","site-sidebar-style":"default","ast-global-header-display":"","ast-banner-title-visibility":"","ast-main-header-display":"","ast-hfb-above-header-display":"","ast-hfb-below-header-display":"","ast-hfb-mobile-header-display":"","site-post-title":"","ast-breadcrumbs-content":"","ast-featured-img":"","footer-sml-layout":"","ast-disable-related-posts":"","theme-transparent-header-meta":"","adv-header-id-meta":"","stick-header-meta":"","header-above-stick-meta":"","header-main-stick-meta":"","header-below-stick-meta":"","astra-migrate-meta-layouts":"default","ast-page-background-enabled":"default","ast-page-background-meta":{"desktop":{"background-color":"var(--ast-global-color-4)","background-image":"","background-repeat":"repeat","background-position":"center center","background-size":"auto","background-attachment":"scroll","background-type":"","background-media":"","overlay-type":"","overlay-color":"","overlay-opacity":"","overlay-gradient":""},"tablet":{"background-color":"","background-image":"","background-repeat":"repeat","background-position":"center center","background-size":"auto","background-attachment":"scroll","background-type":"","background-media":"","overlay-type":"","overlay-color":"","overlay-opacity":"","overlay-gradient":""},"mobile":{"background-color":"","background-image":"","background-repeat":"repeat","background-position":"center center","background-size":"auto","background-attachment":"scroll","background-type":"","background-media":"","overlay-type":"","overlay-color":"","overlay-opacity":"","overlay-gradient":""}},"ast-content-background-meta":{"desktop":{"background-color":"var(--ast-global-color-5)","background-image":"","background-repeat":"repeat","background-position":"center center","background-size":"auto","background-attachment":"scroll","background-type":"","background-media":"","overlay-type":"","overlay-color":"","overlay-opacity":"","overlay-gradient":""},"tablet":{"background-color":"var(--ast-global-color-5)","background-image":"","background-repeat":"repeat","background-position":"center center","background-size":"auto","background-attachment":"scroll","background-type":"","background-media":"","overlay-type":"","overlay-color":"","overlay-opacity":"","overlay-gradient":""},"mobile":{"background-color":"var(--ast-global-color-5)","background-image":"","background-repeat":"repeat","background-position":"center center","background-size":"auto","background-attachment":"scroll","background-type":"","background-media":"","overlay-type":"","overlay-color":"","overlay-opacity":"","overlay-gradient":""}}},"product_cat":[128,31,34],"product_tag":[36],"class_list":{"0":"post-2014","1":"product","2":"type-product","3":"status-publish","4":"has-post-thumbnail","6":"product_cat-arquitectura","7":"product_cat-revistas","8":"product_cat-summa","9":"product_tag-arquitectura","10":"desktop-align-left","11":"tablet-align-left","12":"mobile-align-left","14":"first","15":"outofstock","16":"shipping-taxable","17":"product-type-simple"},"acf":[],"uagb_featured_image_src":{"full":["https:\/\/biblio1.mdp.edu.ar\/centro-ventas\/wp-content\/uploads\/sites\/2\/2020\/03\/174-salud.jpg",600,831,false],"thumbnail":["https:\/\/biblio1.mdp.edu.ar\/centro-ventas\/wp-content\/uploads\/sites\/2\/2020\/03\/174-salud-150x150.jpg",150,150,true],"medium":["https:\/\/biblio1.mdp.edu.ar\/centro-ventas\/wp-content\/uploads\/sites\/2\/2020\/03\/174-salud-217x300.jpg",217,300,true],"medium_large":["https:\/\/biblio1.mdp.edu.ar\/centro-ventas\/wp-content\/uploads\/sites\/2\/2020\/03\/174-salud.jpg",600,831,false],"large":["https:\/\/biblio1.mdp.edu.ar\/centro-ventas\/wp-content\/uploads\/sites\/2\/2020\/03\/174-salud.jpg",600,831,false],"1536x1536":["https:\/\/biblio1.mdp.edu.ar\/centro-ventas\/wp-content\/uploads\/sites\/2\/2020\/03\/174-salud.jpg",600,831,false],"2048x2048":["https:\/\/biblio1.mdp.edu.ar\/centro-ventas\/wp-content\/uploads\/sites\/2\/2020\/03\/174-salud.jpg",600,831,false],"woocommerce_thumbnail":["https:\/\/biblio1.mdp.edu.ar\/centro-ventas\/wp-content\/uploads\/sites\/2\/2020\/03\/174-salud-350x485.jpg",300,416,true],"woocommerce_single":["https:\/\/biblio1.mdp.edu.ar\/centro-ventas\/wp-content\/uploads\/sites\/2\/2020\/03\/174-salud.jpg",600,831,false],"woocommerce_gallery_thumbnail":["https:\/\/biblio1.mdp.edu.ar\/centro-ventas\/wp-content\/uploads\/sites\/2\/2020\/03\/174-salud-100x100.jpg",100,100,true]},"uagb_author_info":{"display_name":"Cristina Bernabe","author_link":"https:\/\/biblio1.mdp.edu.ar\/centro-ventas\/author\/"},"uagb_comment_info":0,"uagb_excerpt":"REVISTA 174 &#8211; \u00cdNDICE Y CONTENIDOS 1 &#8211;\u00a0EDITORIAL HUMANIZANDO LA ARQUITECTURA PARA LA SALUD Por FERNANDO DIEZ 2 \u00cdNDICE 4 CARTELERA 8 PASADO Y PRESENTE EN LA OBRA DE RODOLFO MACHADO Y JORGE SILVETTI Por JORGE FRANCISCO LIERNUR 10 MACHADO SILVETTI EN ARGENTINA: CULMINACI\u00d3N Y COMIENZO Por FERNANDO DIEZ 20 EDIFICIO ZETTA POLO DOT MACHADO&hellip;","_links":{"self":[{"href":"https:\/\/biblio1.mdp.edu.ar\/centro-ventas\/wp-json\/wp\/v2\/product\/2014","targetHints":{"allow":["GET"]}}],"collection":[{"href":"https:\/\/biblio1.mdp.edu.ar\/centro-ventas\/wp-json\/wp\/v2\/product"}],"about":[{"href":"https:\/\/biblio1.mdp.edu.ar\/centro-ventas\/wp-json\/wp\/v2\/types\/product"}],"wp:featuredmedia":[{"embeddable":true,"href":"https:\/\/biblio1.mdp.edu.ar\/centro-ventas\/wp-json\/wp\/v2\/media\/2037"}],"wp:attachment":[{"href":"https:\/\/biblio1.mdp.edu.ar\/centro-ventas\/wp-json\/wp\/v2\/media?parent=2014"}],"wp:term":[{"taxonomy":"product_cat","embeddable":true,"href":"https:\/\/biblio1.mdp.edu.ar\/centro-ventas\/wp-json\/wp\/v2\/product_cat?post=2014"},{"taxonomy":"product_tag","embeddable":true,"href":"https:\/\/biblio1.mdp.edu.ar\/centro-ventas\/wp-json\/wp\/v2\/product_tag?post=2014"}],"curies":[{"name":"wp","href":"https:\/\/api.w.org\/{rel}","templated":true}]}}