{"id":1970,"date":"2019-11-29T18:27:01","date_gmt":"2019-11-29T18:27:01","guid":{"rendered":"http:\/\/biblio1.mdp.edu.ar\/centro-ventas\/?post_type=product&#038;p=1970"},"modified":"2025-10-16T17:05:03","modified_gmt":"2025-10-16T20:05:03","slug":"intelectuales-politica-y-poder","status":"publish","type":"product","link":"https:\/\/biblio1.mdp.edu.ar\/centro-ventas\/producto\/intelectuales-politica-y-poder\/","title":{"rendered":"Intelectuales, Pol\u00edtica y poder"},"content":{"rendered":"<section id=\"ContentPlaceHolderContenido_rptFicha_sectionResenia_0\" class=\"resenia lResenia\">\n<p id=\"ContentPlaceHolderContenido_rptFicha_prop_description_0\" class=\"collapse in resenia\">Este libro re\u00fane los trabajos cl\u00e1sicos de Pierre Bourdieu -lejanos en el tiempo, pero siempre vigentes y actuales- sobre la tarea y el compromiso del investigador social, sus herramientas de combate, su papel frente a la legitimaci\u00f3n del poder real y simb\u00f3lico operando en las pr\u00e1cticas sociales y entre los sujetos-objetos del conocimiento. En palabras del autor: \u00ablos intelectuales deben dotarse de medios de expresi\u00f3n aut\u00f3nomos, independientes de los requerimientos p\u00fablicos o privados, y organizarse colectivamente para poner sus propias armas al servicio de los combates progresistas\u00bb.<\/p>\n<\/section>\n<div class=\"row\">\n<div class=\"col-md-12\">\n<section class=\"rank padding-top\">\n<h2 id=\"ContentPlaceHolderContenido_rptFicha_productosNovedadesPorCategoria_0_productosDestacados_0_contenedorTitulo_0\" class=\"clearfix subrayado\"><\/h2>\n<\/section>\n<\/div>\n<\/div>\n","protected":false},"excerpt":{"rendered":"<p>Este libro re\u00fane los trabajos cl\u00e1sicos de Pierre Bourdieu -lejanos en el tiempo, pero siempre vigentes y actuales- sobre la tarea y el compromiso del investigador social, sus herramientas de combate, su papel frente a la legitimaci\u00f3n del poder real y simb\u00f3lico operando en las pr\u00e1cticas sociales y entre los sujetos-objetos del conocimiento. En palabras [&hellip;]<\/p>\n","protected":false},"featured_media":1971,"template":"","meta":{"_acf_changed":false,"_eb_attr":"","_crdt_document":"","_uag_custom_page_level_css":"","_editorskit_title_hidden":false,"_editorskit_reading_time":0,"_editorskit_is_block_options_detached":false,"_editorskit_block_options_position":"{}","site-sidebar-layout":"default","site-content-layout":"","ast-site-content-layout":"default","site-content-style":"default","site-sidebar-style":"default","ast-global-header-display":"","ast-banner-title-visibility":"","ast-main-header-display":"","ast-hfb-above-header-display":"","ast-hfb-below-header-display":"","ast-hfb-mobile-header-display":"","site-post-title":"","ast-breadcrumbs-content":"","ast-featured-img":"","footer-sml-layout":"","ast-disable-related-posts":"","theme-transparent-header-meta":"default","adv-header-id-meta":"","stick-header-meta":"","header-above-stick-meta":"","header-main-stick-meta":"","header-below-stick-meta":"","astra-migrate-meta-layouts":"set","ast-page-background-enabled":"default","ast-page-background-meta":{"desktop":{"background-color":"var(--ast-global-color-4)","background-image":"","background-repeat":"repeat","background-position":"center center","background-size":"auto","background-attachment":"scroll","background-type":"","background-media":"","overlay-type":"","overlay-color":"","overlay-opacity":"","overlay-gradient":""},"tablet":{"background-color":"","background-image":"","background-repeat":"repeat","background-position":"center center","background-size":"auto","background-attachment":"scroll","background-type":"","background-media":"","overlay-type":"","overlay-color":"","overlay-opacity":"","overlay-gradient":""},"mobile":{"background-color":"","background-image":"","background-repeat":"repeat","background-position":"center center","background-size":"auto","background-attachment":"scroll","background-type":"","background-media":"","overlay-type":"","overlay-color":"","overlay-opacity":"","overlay-gradient":""}},"ast-content-background-meta":{"desktop":{"background-color":"var(--ast-global-color-5)","background-image":"","background-repeat":"repeat","background-position":"center center","background-size":"auto","background-attachment":"scroll","background-type":"","background-media":"","overlay-type":"","overlay-color":"","overlay-opacity":"","overlay-gradient":""},"tablet":{"background-color":"var(--ast-global-color-5)","background-image":"","background-repeat":"repeat","background-position":"center center","background-size":"auto","background-attachment":"scroll","background-type":"","background-media":"","overlay-type":"","overlay-color":"","overlay-opacity":"","overlay-gradient":""},"mobile":{"background-color":"var(--ast-global-color-5)","background-image":"","background-repeat":"repeat","background-position":"center center","background-size":"auto","background-attachment":"scroll","background-type":"","background-media":"","overlay-type":"","overlay-color":"","overlay-opacity":"","overlay-gradient":""}}},"product_cat":[130,28],"product_tag":[53,119],"class_list":{"0":"post-1970","1":"product","2":"type-product","3":"status-publish","4":"has-post-thumbnail","6":"product_cat-eudeba-libro","7":"product_cat-libro","8":"product_tag-humanidades-y-ciencias-sociales","9":"product_tag-politica","10":"desktop-align-left","11":"tablet-align-left","12":"mobile-align-left","14":"first","15":"instock","16":"shipping-taxable","17":"purchasable","18":"product-type-simple"},"acf":[],"uagb_featured_image_src":{"full":["https:\/\/biblio1.mdp.edu.ar\/centro-ventas\/wp-content\/uploads\/sites\/2\/2019\/11\/intelectuales.jpg",288,426,false],"thumbnail":["https:\/\/biblio1.mdp.edu.ar\/centro-ventas\/wp-content\/uploads\/sites\/2\/2019\/11\/intelectuales-150x150.jpg",150,150,true],"medium":["https:\/\/biblio1.mdp.edu.ar\/centro-ventas\/wp-content\/uploads\/sites\/2\/2019\/11\/intelectuales-203x300.jpg",203,300,true],"medium_large":["https:\/\/biblio1.mdp.edu.ar\/centro-ventas\/wp-content\/uploads\/sites\/2\/2019\/11\/intelectuales.jpg",288,426,false],"large":["https:\/\/biblio1.mdp.edu.ar\/centro-ventas\/wp-content\/uploads\/sites\/2\/2019\/11\/intelectuales.jpg",288,426,false],"1536x1536":["https:\/\/biblio1.mdp.edu.ar\/centro-ventas\/wp-content\/uploads\/sites\/2\/2019\/11\/intelectuales.jpg",288,426,false],"2048x2048":["https:\/\/biblio1.mdp.edu.ar\/centro-ventas\/wp-content\/uploads\/sites\/2\/2019\/11\/intelectuales.jpg",288,426,false],"woocommerce_thumbnail":["https:\/\/biblio1.mdp.edu.ar\/centro-ventas\/wp-content\/uploads\/sites\/2\/2019\/11\/intelectuales.jpg",288,426,false],"woocommerce_single":["https:\/\/biblio1.mdp.edu.ar\/centro-ventas\/wp-content\/uploads\/sites\/2\/2019\/11\/intelectuales.jpg",288,426,false],"woocommerce_gallery_thumbnail":["https:\/\/biblio1.mdp.edu.ar\/centro-ventas\/wp-content\/uploads\/sites\/2\/2019\/11\/intelectuales-100x100.jpg",100,100,true]},"uagb_author_info":{"display_name":"Cristina Bernabe","author_link":"https:\/\/biblio1.mdp.edu.ar\/centro-ventas\/author\/"},"uagb_comment_info":0,"uagb_excerpt":"Este libro re\u00fane los trabajos cl\u00e1sicos de Pierre Bourdieu -lejanos en el tiempo, pero siempre vigentes y actuales- sobre la tarea y el compromiso del investigador social, sus herramientas de combate, su papel frente a la legitimaci\u00f3n del poder real y simb\u00f3lico operando en las pr\u00e1cticas sociales y entre los sujetos-objetos del conocimiento. En palabras&hellip;","_links":{"self":[{"href":"https:\/\/biblio1.mdp.edu.ar\/centro-ventas\/wp-json\/wp\/v2\/product\/1970","targetHints":{"allow":["GET"]}}],"collection":[{"href":"https:\/\/biblio1.mdp.edu.ar\/centro-ventas\/wp-json\/wp\/v2\/product"}],"about":[{"href":"https:\/\/biblio1.mdp.edu.ar\/centro-ventas\/wp-json\/wp\/v2\/types\/product"}],"wp:featuredmedia":[{"embeddable":true,"href":"https:\/\/biblio1.mdp.edu.ar\/centro-ventas\/wp-json\/wp\/v2\/media\/1971"}],"wp:attachment":[{"href":"https:\/\/biblio1.mdp.edu.ar\/centro-ventas\/wp-json\/wp\/v2\/media?parent=1970"}],"wp:term":[{"taxonomy":"product_cat","embeddable":true,"href":"https:\/\/biblio1.mdp.edu.ar\/centro-ventas\/wp-json\/wp\/v2\/product_cat?post=1970"},{"taxonomy":"product_tag","embeddable":true,"href":"https:\/\/biblio1.mdp.edu.ar\/centro-ventas\/wp-json\/wp\/v2\/product_tag?post=1970"}],"curies":[{"name":"wp","href":"https:\/\/api.w.org\/{rel}","templated":true}]}}