{"id":1957,"date":"2019-10-25T19:34:58","date_gmt":"2019-10-25T22:34:58","guid":{"rendered":"http:\/\/biblio1.mdp.edu.ar\/centro-ventas\/?post_type=product&#038;p=1957"},"modified":"2024-02-19T16:11:23","modified_gmt":"2024-02-19T19:11:23","slug":"manual-washington-de-especialidades-clinicas-enfermedades-infecciosas-2a-ed-2014","status":"publish","type":"product","link":"https:\/\/biblio1.mdp.edu.ar\/centro-ventas\/producto\/manual-washington-de-especialidades-clinicas-enfermedades-infecciosas-2a-ed-2014\/","title":{"rendered":"Manual Washington de especialidades cl\u00ednicas. Enfermedades infecciosas 2a ed. 2014"},"content":{"rendered":"<p><span class=\"a-text-bold a-text-italic\"><u>Manuales Washington \u00a1La serie de referencia para los residentes!<\/u><\/span><br \/>\nUn manual elaborado por internos, m\u00e9dicos residentes y otros profesionales del Department of Medicine de la Washington University School of Medicine. Como es habitual en esta serie, se presenta la informaci\u00f3n necesaria para proporcionar al paciente una atenci\u00f3n de la m\u00e1xima calidad, recogi\u00e9ndose la informaci\u00f3n para el estudiante en sus rotaciones en el servicio de enfermedades infecciosas, para el residente y el estudiante de medicina que debe realizar estudios de casos cl\u00ednicos.<br \/>\n<span class=\"a-text-bold\">Caracter\u00edsticas Principlaes:\u00bb<\/span><\/p>\n<ul class=\"a-unordered-list a-vertical\">\n<li><span class=\"a-list-item\">Tratan aspectos como la sepsis y la fiebre aguda, la fiebre de origen desconocido y la bacteremia, as\u00ed como las infecciones de distintas regiones y sistemas, como del sistema cardiovascular, las infecciones respiratorias, del tracto hepatobiliar y gastrointestinal, las infecciones del conducto urinario, \u00f3seas y articulares, las infecciones del sistema nervioso central, y las de transmisi\u00f3n sexual.<\/span><\/li>\n<li><span class=\"a-list-item\">Abordan tambi\u00e9n las <span class=\"a-text-bold\">infecciones por el virus de<\/span> la inmunodeficiencia humana y las infecciones oportunistas asociadas con dicho virus, las micosis end\u00e9micas, las infecciones zoon\u00f3ticas y por ectopar\u00e1sitos, y las infecciones protozoarias y helm\u00ednticas.<\/span><\/li>\n<\/ul>\n","protected":false},"excerpt":{"rendered":"<p>Manuales Washington \u00a1La serie de referencia para los residentes! Un manual elaborado por internos, m\u00e9dicos residentes y otros profesionales del Department of Medicine de la Washington University School of Medicine. Como es habitual en esta serie, se presenta la informaci\u00f3n necesaria para proporcionar al paciente una atenci\u00f3n de la m\u00e1xima calidad, recogi\u00e9ndose la informaci\u00f3n para [&hellip;]<\/p>\n","protected":false},"featured_media":1958,"template":"","meta":{"_acf_changed":false,"_eb_attr":"","_crdt_document":"","_uag_custom_page_level_css":"","_editorskit_title_hidden":false,"_editorskit_reading_time":0,"_editorskit_is_block_options_detached":false,"_editorskit_block_options_position":"{}","site-sidebar-layout":"default","site-content-layout":"","ast-site-content-layout":"default","site-content-style":"default","site-sidebar-style":"default","ast-global-header-display":"","ast-banner-title-visibility":"","ast-main-header-display":"","ast-hfb-above-header-display":"","ast-hfb-below-header-display":"","ast-hfb-mobile-header-display":"","site-post-title":"","ast-breadcrumbs-content":"","ast-featured-img":"","footer-sml-layout":"","ast-disable-related-posts":"","theme-transparent-header-meta":"","adv-header-id-meta":"","stick-header-meta":"","header-above-stick-meta":"","header-main-stick-meta":"","header-below-stick-meta":"","astra-migrate-meta-layouts":"default","ast-page-background-enabled":"default","ast-page-background-meta":{"desktop":{"background-color":"var(--ast-global-color-4)","background-image":"","background-repeat":"repeat","background-position":"center center","background-size":"auto","background-attachment":"scroll","background-type":"","background-media":"","overlay-type":"","overlay-color":"","overlay-opacity":"","overlay-gradient":""},"tablet":{"background-color":"","background-image":"","background-repeat":"repeat","background-position":"center center","background-size":"auto","background-attachment":"scroll","background-type":"","background-media":"","overlay-type":"","overlay-color":"","overlay-opacity":"","overlay-gradient":""},"mobile":{"background-color":"","background-image":"","background-repeat":"repeat","background-position":"center center","background-size":"auto","background-attachment":"scroll","background-type":"","background-media":"","overlay-type":"","overlay-color":"","overlay-opacity":"","overlay-gradient":""}},"ast-content-background-meta":{"desktop":{"background-color":"var(--ast-global-color-5)","background-image":"","background-repeat":"repeat","background-position":"center center","background-size":"auto","background-attachment":"scroll","background-type":"","background-media":"","overlay-type":"","overlay-color":"","overlay-opacity":"","overlay-gradient":""},"tablet":{"background-color":"var(--ast-global-color-5)","background-image":"","background-repeat":"repeat","background-position":"center center","background-size":"auto","background-attachment":"scroll","background-type":"","background-media":"","overlay-type":"","overlay-color":"","overlay-opacity":"","overlay-gradient":""},"mobile":{"background-color":"var(--ast-global-color-5)","background-image":"","background-repeat":"repeat","background-position":"center center","background-size":"auto","background-attachment":"scroll","background-type":"","background-media":"","overlay-type":"","overlay-color":"","overlay-opacity":"","overlay-gradient":""}}},"product_cat":[28,29,168],"product_tag":[],"class_list":{"0":"post-1957","1":"product","2":"type-product","3":"status-publish","4":"has-post-thumbnail","6":"product_cat-libro","7":"product_cat-medicina","8":"product_cat-salud","9":"desktop-align-left","10":"tablet-align-left","11":"mobile-align-left","13":"first","14":"instock","15":"shipping-taxable","16":"purchasable","17":"product-type-simple"},"acf":[],"uagb_featured_image_src":{"full":["https:\/\/biblio1.mdp.edu.ar\/centro-ventas\/wp-content\/uploads\/sites\/2\/2019\/10\/MWI02.jpg",249,400,false],"thumbnail":["https:\/\/biblio1.mdp.edu.ar\/centro-ventas\/wp-content\/uploads\/sites\/2\/2019\/10\/MWI02-150x150.jpg",150,150,true],"medium":["https:\/\/biblio1.mdp.edu.ar\/centro-ventas\/wp-content\/uploads\/sites\/2\/2019\/10\/MWI02-187x300.jpg",187,300,true],"medium_large":["https:\/\/biblio1.mdp.edu.ar\/centro-ventas\/wp-content\/uploads\/sites\/2\/2019\/10\/MWI02.jpg",249,400,false],"large":["https:\/\/biblio1.mdp.edu.ar\/centro-ventas\/wp-content\/uploads\/sites\/2\/2019\/10\/MWI02.jpg",249,400,false],"1536x1536":["https:\/\/biblio1.mdp.edu.ar\/centro-ventas\/wp-content\/uploads\/sites\/2\/2019\/10\/MWI02.jpg",249,400,false],"2048x2048":["https:\/\/biblio1.mdp.edu.ar\/centro-ventas\/wp-content\/uploads\/sites\/2\/2019\/10\/MWI02.jpg",249,400,false],"woocommerce_thumbnail":["https:\/\/biblio1.mdp.edu.ar\/centro-ventas\/wp-content\/uploads\/sites\/2\/2019\/10\/MWI02.jpg",249,400,false],"woocommerce_single":["https:\/\/biblio1.mdp.edu.ar\/centro-ventas\/wp-content\/uploads\/sites\/2\/2019\/10\/MWI02.jpg",249,400,false],"woocommerce_gallery_thumbnail":["https:\/\/biblio1.mdp.edu.ar\/centro-ventas\/wp-content\/uploads\/sites\/2\/2019\/10\/MWI02-100x100.jpg",100,100,true]},"uagb_author_info":{"display_name":"Cristina Bernabe","author_link":"https:\/\/biblio1.mdp.edu.ar\/centro-ventas\/author\/"},"uagb_comment_info":0,"uagb_excerpt":"Manuales Washington \u00a1La serie de referencia para los residentes! Un manual elaborado por internos, m\u00e9dicos residentes y otros profesionales del Department of Medicine de la Washington University School of Medicine. Como es habitual en esta serie, se presenta la informaci\u00f3n necesaria para proporcionar al paciente una atenci\u00f3n de la m\u00e1xima calidad, recogi\u00e9ndose la informaci\u00f3n para&hellip;","_links":{"self":[{"href":"https:\/\/biblio1.mdp.edu.ar\/centro-ventas\/wp-json\/wp\/v2\/product\/1957","targetHints":{"allow":["GET"]}}],"collection":[{"href":"https:\/\/biblio1.mdp.edu.ar\/centro-ventas\/wp-json\/wp\/v2\/product"}],"about":[{"href":"https:\/\/biblio1.mdp.edu.ar\/centro-ventas\/wp-json\/wp\/v2\/types\/product"}],"wp:featuredmedia":[{"embeddable":true,"href":"https:\/\/biblio1.mdp.edu.ar\/centro-ventas\/wp-json\/wp\/v2\/media\/1958"}],"wp:attachment":[{"href":"https:\/\/biblio1.mdp.edu.ar\/centro-ventas\/wp-json\/wp\/v2\/media?parent=1957"}],"wp:term":[{"taxonomy":"product_cat","embeddable":true,"href":"https:\/\/biblio1.mdp.edu.ar\/centro-ventas\/wp-json\/wp\/v2\/product_cat?post=1957"},{"taxonomy":"product_tag","embeddable":true,"href":"https:\/\/biblio1.mdp.edu.ar\/centro-ventas\/wp-json\/wp\/v2\/product_tag?post=1957"}],"curies":[{"name":"wp","href":"https:\/\/api.w.org\/{rel}","templated":true}]}}