{"id":1917,"date":"2019-10-02T19:36:57","date_gmt":"2019-10-02T22:36:57","guid":{"rendered":"http:\/\/biblio1.mdp.edu.ar\/centro-ventas\/?post_type=product&#038;p=1917"},"modified":"2025-05-21T13:48:42","modified_gmt":"2025-05-21T16:48:42","slug":"quimica-chang-ed-11a","status":"publish","type":"product","link":"https:\/\/biblio1.mdp.edu.ar\/centro-ventas\/producto\/quimica-chang-ed-11a\/","title":{"rendered":"Qu\u00edmica &#8211; Chang Ed 11\u00aa"},"content":{"rendered":"<div id=\"descriptionAndDetails\" class=\"a-section a-spacing-extra-large\">\n<div id=\"productDescription_feature_div\" class=\"feature\" data-feature-name=\"productDescription\" data-cel-widget=\"productDescription_feature_div\">\n<div id=\"productDescription_feature_div\" class=\"a-row feature\" data-feature-name=\"productDescription\" data-template-name=\"productDescription\" data-cel-widget=\"productDescription_feature_div\">\n<h2 class=\"books\"><strong>Descripci\u00f3n del producto<\/strong><\/h2>\n<div id=\"productDescription\" class=\"a-section a-spacing-small\">\n<p>El prop\u00f3sito de los autores de Qu\u00edmica es presentar un texto claro y conciso para no abrumar a los lectores con una profusi\u00f3n de informaci\u00f3n innecesaria y, al mismo tiempo, suficientemente amplio de modo que prepare a los estudiantes para avanzar al siguiente nivel de aprendizaje. La alentadora realimentaci\u00f3n que se ha reci bido de instructores y estudiantes ha convencido a los autores de que este estilo es eficaz. Al igual que en sus diez ediciones anteriores, los autores han procurado lograr un claro equilibrio entre la teor\u00eda y las aplicaci\u00f3n. Tambi\u00e9n han dado particular importancia en presentar los principios b\u00e1sicos con ejemplos de la vida diaria. Lo nuevo en esta edici\u00f3n: &#8211; Ken Goldsby se asoci\u00f3 con Raymond Chang como coautor en la und\u00e9cima edici\u00f3n de Qu\u00edmica. La experiencia de Ken en qu\u00edmica org\u00e1nica ha a\u00f1adido claridad al contenido y a los problemas. &#8211; Nueva organizaci\u00f3n de los cap\u00edtulos que permite a quienes ense\u00f1an qu\u00edmica nuclear introducir este material inmediatamente despu\u00e9s de terminar con la electroqu\u00edmica. Adem\u00e1s de reconocer la creciente importancia de la medicina nuclear y el actual debate sobre el papel que jugar\u00e1 la energ\u00eda nuclear en la resoluci\u00f3n de las necesidades energ\u00e9ticas futuras, la ubicaci\u00f3n del tema de energ\u00eda nuclear antes de la qu\u00edmica atmosf\u00e9rica ayuda a la explicaci\u00f3n de la contaminaci\u00f3n con rad\u00f3n. &#8211; Se agregaron numerosos problemas de fin de cap\u00edtulo, que ponen a prueba la capacidad del estudiante para interpretar datos gr\u00e1ficos y para explicar conceptos. &#8211; Se agreg\u00f3 un nuevo tipo de problemas llamados Interpretaci\u00f3n, modelaci\u00f3n y estimaci\u00f3n. Estos problemas est\u00e1n dise\u00f1ados para mostrar a los estudiantes a resolver problemas del mundo real. &#8211; Se incorporaron nuevas secciones de Revisi\u00f3n de conceptos a la mayor\u00eda de los cap\u00edtulos. &#8211; Se actualizaron los ensayos de Qu\u00edmica en acci\u00f3n sobre &#8216;C\u00e9lulas grasas blancas, c\u00e9lulas grasas marr\u00f3n y cura para la obesidad&#8217; en el cap\u00edtulo 6, &#8216;Buckyballs y grafeno&#8217; en el cap\u00edtulo 10 y &#8216;El sudario de<\/p>\n<\/div>\n<\/div>\n<\/div>\n<\/div>\n<div id=\"rightRail\" class=\"a-box btfRightRail\">\n<div class=\"a-box-inner\">\n<div id=\"kcpAppBaseBox_\" class=\"kcpAppBaseBox_\"><\/div>\n<\/div>\n<\/div>\n<div id=\"detail_bullets_id\"><strong>\u00ccndice de contenidos<\/strong><\/div>\n<p>. Qu\u00edmica: El estudio del cambio 1<\/p>\n<p>2. \u00c1tomos, mol\u00e9culas y iones 38<\/p>\n<p>3. Relaciones de masa en las reacciones qu\u00edmicas 75<\/p>\n<p>4. Reacciones en disoluci\u00f3n acuosa 118<\/p>\n<p>5. Gases 172<\/p>\n<p>6. Termoqu\u00edmica 230<\/p>\n<p>7. Teor\u00eda cu\u00e1ntica y la estructura electr\u00f3nica de los \u00e1tomos 276<\/p>\n<p>8. Relaciones peri\u00f3dicas entre los elementos 328<\/p>\n<p>9. Enlace qu\u00edmico I: Conceptos b\u00e1sicos 370<\/p>\n<p>10. Enlace qu\u00edmico II: Geometr\u00eda molecular e hibridaci\u00f3n de orbitales at\u00f3micos<\/p>\n<p>11. Fuerzas intermoleculares y l\u00edquidos y s\u00f3lidos 467<\/p>\n<p>12. Propiedades f\u00edsicas de las disoluciones 520<\/p>\n<p>13. Cin\u00e9tica qu\u00edmica 564<\/p>\n<p>14. Equilibrio qu\u00edmico 623<\/p>\n<p>15. \u00c1cidos y bases 668<\/p>\n<p>16. Equilibrios \u00e1cido-base y equilibrios de solubilidad 722<\/p>\n<p>17. Entrop\u00eda, energ\u00eda libre y equilibrio 778<\/p>\n<p>18. Electroqu\u00edmica 814<\/p>\n<p>19. Qu\u00edmica nuclear 864<\/p>\n<p>20. Qu\u00edmica en la atm\u00f3sfera 902<\/p>\n<p>21. Metalurgia y la qu\u00edmica de los metales 932<\/p>\n<p>22. Elementos no met\u00e1licos y sus compuestos 958<\/p>\n<p>23. Qu\u00edmica de los metales de transici\u00f3n y compuestos de coordinaci\u00f3n 996<\/p>\n<p>24. Qu\u00edmica org\u00e1nica 1027<\/p>\n<p>25. Pol\u00edmeros org\u00e1nicos sint\u00e9ticos y naturales 1060<\/p>\n<p>Ap\u00e9ndice 1 Derivaci\u00f3n de los nombres de los elementos 1086<\/p>\n<p>Ap\u00e9ndice 2 Unidades para la constante de los gases 1092<\/p>\n<p>Ap\u00e9ndice 3 Datos termodin\u00e1micos a 1 atm y 25 \u00b0C 1093<\/p>\n<p>Ap\u00e9ndice 4 Operaciones matem\u00e1ticas 1098<\/p>\n","protected":false},"excerpt":{"rendered":"<p>Descripci\u00f3n del producto El prop\u00f3sito de los autores de Qu\u00edmica es presentar un texto claro y conciso para no abrumar a los lectores con una profusi\u00f3n de informaci\u00f3n innecesaria y, al mismo tiempo, suficientemente amplio de modo que prepare a los estudiantes para avanzar al siguiente nivel de aprendizaje. La alentadora realimentaci\u00f3n que se ha [&hellip;]<\/p>\n","protected":false},"featured_media":1919,"template":"","meta":{"_acf_changed":false,"_eb_attr":"","_crdt_document":"","_uag_custom_page_level_css":"","_editorskit_title_hidden":false,"_editorskit_reading_time":0,"_editorskit_is_block_options_detached":false,"_editorskit_block_options_position":"{}","site-sidebar-layout":"default","site-content-layout":"default","ast-site-content-layout":"default","site-content-style":"default","site-sidebar-style":"default","ast-global-header-display":"","ast-banner-title-visibility":"","ast-main-header-display":"","ast-hfb-above-header-display":"","ast-hfb-below-header-display":"","ast-hfb-mobile-header-display":"","site-post-title":"","ast-breadcrumbs-content":"","ast-featured-img":"","footer-sml-layout":"","ast-disable-related-posts":"","theme-transparent-header-meta":"default","adv-header-id-meta":"","stick-header-meta":"","header-above-stick-meta":"","header-main-stick-meta":"","header-below-stick-meta":"","astra-migrate-meta-layouts":"default","ast-page-background-enabled":"default","ast-page-background-meta":{"desktop":{"background-color":"var(--ast-global-color-4)","background-image":"","background-repeat":"repeat","background-position":"center center","background-size":"auto","background-attachment":"scroll","background-type":"","background-media":"","overlay-type":"","overlay-color":"","overlay-opacity":"","overlay-gradient":""},"tablet":{"background-color":"","background-image":"","background-repeat":"repeat","background-position":"center center","background-size":"auto","background-attachment":"scroll","background-type":"","background-media":"","overlay-type":"","overlay-color":"","overlay-opacity":"","overlay-gradient":""},"mobile":{"background-color":"","background-image":"","background-repeat":"repeat","background-position":"center center","background-size":"auto","background-attachment":"scroll","background-type":"","background-media":"","overlay-type":"","overlay-color":"","overlay-opacity":"","overlay-gradient":""}},"ast-content-background-meta":{"desktop":{"background-color":"var(--ast-global-color-5)","background-image":"","background-repeat":"repeat","background-position":"center center","background-size":"auto","background-attachment":"scroll","background-type":"","background-media":"","overlay-type":"","overlay-color":"","overlay-opacity":"","overlay-gradient":""},"tablet":{"background-color":"var(--ast-global-color-5)","background-image":"","background-repeat":"repeat","background-position":"center center","background-size":"auto","background-attachment":"scroll","background-type":"","background-media":"","overlay-type":"","overlay-color":"","overlay-opacity":"","overlay-gradient":""},"mobile":{"background-color":"var(--ast-global-color-5)","background-image":"","background-repeat":"repeat","background-position":"center center","background-size":"auto","background-attachment":"scroll","background-type":"","background-media":"","overlay-type":"","overlay-color":"","overlay-opacity":"","overlay-gradient":""}}},"product_cat":[28,29,168],"product_tag":[],"class_list":{"0":"post-1917","1":"product","2":"type-product","3":"status-publish","4":"has-post-thumbnail","6":"product_cat-libro","7":"product_cat-medicina","8":"product_cat-salud","9":"desktop-align-left","10":"tablet-align-left","11":"mobile-align-left","13":"first","14":"outofstock","15":"shipping-taxable","16":"product-type-simple"},"acf":[],"uagb_featured_image_src":{"full":["https:\/\/biblio1.mdp.edu.ar\/centro-ventas\/wp-content\/uploads\/sites\/2\/2019\/10\/mini_magick20190112-21675-mjqyg.png",600,776,false],"thumbnail":["https:\/\/biblio1.mdp.edu.ar\/centro-ventas\/wp-content\/uploads\/sites\/2\/2019\/10\/mini_magick20190112-21675-mjqyg-150x150.png",150,150,true],"medium":["https:\/\/biblio1.mdp.edu.ar\/centro-ventas\/wp-content\/uploads\/sites\/2\/2019\/10\/mini_magick20190112-21675-mjqyg-232x300.png",232,300,true],"medium_large":["https:\/\/biblio1.mdp.edu.ar\/centro-ventas\/wp-content\/uploads\/sites\/2\/2019\/10\/mini_magick20190112-21675-mjqyg.png",600,776,false],"large":["https:\/\/biblio1.mdp.edu.ar\/centro-ventas\/wp-content\/uploads\/sites\/2\/2019\/10\/mini_magick20190112-21675-mjqyg.png",600,776,false],"1536x1536":["https:\/\/biblio1.mdp.edu.ar\/centro-ventas\/wp-content\/uploads\/sites\/2\/2019\/10\/mini_magick20190112-21675-mjqyg.png",600,776,false],"2048x2048":["https:\/\/biblio1.mdp.edu.ar\/centro-ventas\/wp-content\/uploads\/sites\/2\/2019\/10\/mini_magick20190112-21675-mjqyg.png",600,776,false],"woocommerce_thumbnail":["https:\/\/biblio1.mdp.edu.ar\/centro-ventas\/wp-content\/uploads\/sites\/2\/2019\/10\/mini_magick20190112-21675-mjqyg-350x453.png",300,388,true],"woocommerce_single":["https:\/\/biblio1.mdp.edu.ar\/centro-ventas\/wp-content\/uploads\/sites\/2\/2019\/10\/mini_magick20190112-21675-mjqyg.png",600,776,false],"woocommerce_gallery_thumbnail":["https:\/\/biblio1.mdp.edu.ar\/centro-ventas\/wp-content\/uploads\/sites\/2\/2019\/10\/mini_magick20190112-21675-mjqyg-100x100.png",100,100,true]},"uagb_author_info":{"display_name":"Cristina Bernabe","author_link":"https:\/\/biblio1.mdp.edu.ar\/centro-ventas\/author\/"},"uagb_comment_info":0,"uagb_excerpt":"Descripci\u00f3n del producto El prop\u00f3sito de los autores de Qu\u00edmica es presentar un texto claro y conciso para no abrumar a los lectores con una profusi\u00f3n de informaci\u00f3n innecesaria y, al mismo tiempo, suficientemente amplio de modo que prepare a los estudiantes para avanzar al siguiente nivel de aprendizaje. La alentadora realimentaci\u00f3n que se ha&hellip;","_links":{"self":[{"href":"https:\/\/biblio1.mdp.edu.ar\/centro-ventas\/wp-json\/wp\/v2\/product\/1917","targetHints":{"allow":["GET"]}}],"collection":[{"href":"https:\/\/biblio1.mdp.edu.ar\/centro-ventas\/wp-json\/wp\/v2\/product"}],"about":[{"href":"https:\/\/biblio1.mdp.edu.ar\/centro-ventas\/wp-json\/wp\/v2\/types\/product"}],"wp:featuredmedia":[{"embeddable":true,"href":"https:\/\/biblio1.mdp.edu.ar\/centro-ventas\/wp-json\/wp\/v2\/media\/1919"}],"wp:attachment":[{"href":"https:\/\/biblio1.mdp.edu.ar\/centro-ventas\/wp-json\/wp\/v2\/media?parent=1917"}],"wp:term":[{"taxonomy":"product_cat","embeddable":true,"href":"https:\/\/biblio1.mdp.edu.ar\/centro-ventas\/wp-json\/wp\/v2\/product_cat?post=1917"},{"taxonomy":"product_tag","embeddable":true,"href":"https:\/\/biblio1.mdp.edu.ar\/centro-ventas\/wp-json\/wp\/v2\/product_tag?post=1917"}],"curies":[{"name":"wp","href":"https:\/\/api.w.org\/{rel}","templated":true}]}}