{"id":1914,"date":"2019-10-02T19:27:55","date_gmt":"2019-10-02T22:27:55","guid":{"rendered":"http:\/\/biblio1.mdp.edu.ar\/centro-ventas\/?post_type=product&#038;p=1914"},"modified":"2024-02-19T16:13:05","modified_gmt":"2024-02-19T19:13:05","slug":"terapia-ocupacional-ed-12","status":"publish","type":"product","link":"https:\/\/biblio1.mdp.edu.ar\/centro-ventas\/producto\/terapia-ocupacional-ed-12\/","title":{"rendered":"Terapia Ocupacional Ed 12\u00b0"},"content":{"rendered":"<header><\/header>\n<p>&nbsp;<\/p>\n<h3 class=\"KeyTitle\">Puntos clave<\/h3>\n<h3 class=\"KeyTitle\">Nuevos contenidos sobre temas actuales y de reciente aparici\u00f3n, como los entornos f\u00edsicos y virtuales, el proceso de intervenci\u00f3n individual frente al grupal y el basado en la poblaci\u00f3n, las necesidades de los pacientes y el centro emocional y la comunicaci\u00f3n e interacci\u00f3n social.<\/h3>\n<h3 class=\"KeyTitle\"><span style=\"font-size: 1rem;line-height: 1.66\">Valiosos recuadros especiales en cada cap\u00edtulo que abordan:<\/span><\/h3>\n<p>Aspectos pr\u00e1cticos, una situaci\u00f3n de la pr\u00e1ctica relacionada con el contenido y preguntas que incitan al razonamiento cr\u00edtico.<\/p>\n<p>Aspectos \u00e9ticos, un escenario relevante del cap\u00edtulo que plantea un desaf\u00edo \u00e9tico para los profesionales.<\/p>\n<p>Estudio de casos, ejemplos de evaluaci\u00f3n e intervenci\u00f3n de terapia ocupacional en la pr\u00e1ctica especializada.<\/p>\n<p>Comentarios sobre la evidencia, breve an\u00e1lisis sobre la informaci\u00f3n disponible que sustenta la pr\u00e1ctica.<\/p>\n<h4 class=\"accordionTitle\">Descripci\u00f3n<\/h4>\n<p>Esta nueva edici\u00f3n de Terapia Ocupacional de Willard y Spackman contin\u00faa una larga tradici\u00f3n iniciada hace casi setenta a\u00f1os y que le ha permitido transformarse en un \u00edcono de la especialidad. Es el texto que introduce a los estudiantes en el intrincado campo de la profesi\u00f3n recientemente elegida y, a la vez, constituye un recurso invalorable para el estudio de los conocimientos y pr\u00e1cticas esenciales para el ejercicio de la disciplina. Sus cap\u00edtulos ofrecen, en un lenguaje accesible, informaci\u00f3n relevante y compleja sobre las diversas facetas de la ocupaci\u00f3n con un enfoque centrado en el paciente, y la descripci\u00f3n del proceso de terapia ocupacional en una variedad de escenarios. Entre sus caracter\u00edsticas m\u00e1s importantes se encuentran:<\/p>\n<p>La restructuraci\u00f3n de las unidades para mejorar la claridad y resaltar la relaci\u00f3n de los contenidos con el Marco de Trabajo para la Pr\u00e1ctica de la Terapia Ocupacional: Dominio y Proceso, AOTA, 2.\u00aa edici\u00f3n, y la Clasificaci\u00f3n Internacional del Funcionamiento, de la discapacidad y de la Salud (CIF) de la Organizaci\u00f3n Mundial de la Salud (OMS).<\/p>\n<p>El dise\u00f1o gr\u00e1fico novedoso, ahora totalmente en color, que implica una gran mejora desde la perspectiva visual.<\/p>\n<p>Las nuevas unidades sobre Teor\u00edas generales que sustentan la pr\u00e1ctica, pero que se originan fuera de esta disciplina, como el modelo de recuperaci\u00f3n y las teor\u00edas de promoci\u00f3n de la salud, del aprendizaje y de los cambios de conducta; y Contexto de la pr\u00e1ctica: terapeutas en acci\u00f3n, que ejemplifican la toma de decisiones del terapeuta en diferentes \u00e1mbitos terap\u00e9uticos y dentro de un variado espectro de atenci\u00f3n.<\/p>\n<p>Los nuevos contenidos sobre temas actuales y de reciente aparici\u00f3n, como los entornos f\u00edsicos y virtuales, el proceso de intervenci\u00f3n individual frente al grupal y el basado en la poblaci\u00f3n, las necesidades de los pacientes y el centro emocional y la comunicaci\u00f3n e interacci\u00f3n social.<\/p>\n<p>Los valiosos recuadros especiales en cada cap\u00edtulo que abordan: Aspectos pr\u00e1cticos, una situaci\u00f3n de la pr\u00e1ctica relacionada con el contenido y preguntas que incitan al razonamiento cr\u00edtico; Aspectos \u00e9ticos, un escenario relevante del cap\u00edtulo que plantea un desaf\u00edo \u00e9tico para los profesionales; Estudio de casos, ejemplos de evaluaci\u00f3n e intervenci\u00f3n de terapia ocupacional en la pr\u00e1ctica especializada; y Comentario sobre la evidencia, breve an\u00e1lisis sobre la informaci\u00f3n disponible que sustenta la pr\u00e1ctica, o si la evidencia no es concluyente y se requiere m\u00e1s investigaci\u00f3n.<\/p>\n<p>&nbsp;<\/p>\n<p>Los Ap\u00e9ndices son res\u00famenes, nuevos y actualizados, de recursos y evidencias sobre los trastornos habituales que se tratan en los servicios de terapia ocupacional, y un listado alfab\u00e9tico de las diferentes pruebas de valoraci\u00f3n.<\/p>\n<p>El Glosario con definiciones de t\u00e9rminos clave de los cap\u00edtulos y terminolog\u00eda importante de documentos oficiales.<\/p>\n<p>Una obra imprescindible para quienes se est\u00e1n preparando para ingresar en el campo de la terapia ocupacional o ya se encuentran trabajando en \u00e9l y deseen respuestas para los interrogantes sobre su pr\u00e1ctica cotidiana.<\/p>\n<p>&nbsp;<\/p>\n<h4 class=\"accordionTitle accordionOpen\">\u00cdndice de Contenidos<\/h4>\n<div class=\"accordionContent pulir last\">\n<p>UNIDAD I Terapia ocupacional: perfil de la profesi\u00f3n<br \/>\nUNIDAD II La naturaleza ocupacional de los seres humanos<br \/>\nUNIDAD III Perspectivas de las narraciones sobre la ocupaci\u00f3n y la discapacidad<br \/>\nUNIDAD IV La ocupaci\u00f3n en contexto<br \/>\nUNIDAD V Factores personales y desempe\u00f1o ocupacional<br \/>\nUNIDAD VI An\u00e1lisis de la ocupaci\u00f3n<br \/>\nUNIDAD VII El proceso terap\u00e9utico<br \/>\nUNIDAD VIII Conceptos y habilidades esenciales<br \/>\nUNIDAD IX Teor\u00edas sobre el desempe\u00f1o ocupacional en la pr\u00e1ctica<br \/>\nUNIDAD X Teor\u00edas generales que sustentan la pr\u00e1ctica<br \/>\nUNIDAD XI Evaluaci\u00f3n, intervenci\u00f3n y resultados de las ocupaciones<br \/>\nUNIDAD XII Intervenciones guiadas por la teor\u00eda: ejemplos de campo<br \/>\nUNIDAD XIII El contexto de la pr\u00e1ctica: terapeutas en acci\u00f3n<br \/>\nUNIDAD XIV Desarrollo profesional<br \/>\nUNIDAD XV Gesti\u00f3n en terapia ocupacional<br \/>\nAP\u00c9NDICE I Enfermedades frecuentes, recursos y evidencias<br \/>\nAP\u00c9NDICE II Cuadro de pruebas de valoraci\u00f3n: lista alfab\u00e9tica por t\u00edtulo<br \/>\nGLOSARIO<br \/>\n\u00cdNDICE ANAL\u00cdTICO<\/p>\n<\/div>\n<h4 class=\"accordionTitle accordionOpen\">P\u00fablico al que va dirigido<\/h4>\n<div class=\"accordionContent pulir last\">\n<p>Est\u00e1 dirigida tanto a estudiantes como a profesores y profesionales de la terapia ocupacional que se est\u00e9n preparando para ingresar en el campo de la terapia ocupacional o ya se encuentran trabajando en \u00e9l y deseen respuestas para los interrogantes sobre su pr\u00e1ctica cotidiana<\/p>\n<\/div>\n<p>&nbsp;<\/p>\n<p>&nbsp;<\/p>\n<p>&nbsp;<\/p>\n<p>&nbsp;<\/p>\n","protected":false},"excerpt":{"rendered":"<p>&nbsp; Puntos clave Nuevos contenidos sobre temas actuales y de reciente aparici\u00f3n, como los entornos f\u00edsicos y virtuales, el proceso de intervenci\u00f3n individual frente al grupal y el basado en la poblaci\u00f3n, las necesidades de los pacientes y el centro emocional y la comunicaci\u00f3n e interacci\u00f3n social. Valiosos recuadros especiales en cada cap\u00edtulo que abordan: [&hellip;]<\/p>\n","protected":false},"featured_media":1916,"template":"","meta":{"_acf_changed":false,"_eb_attr":"","_crdt_document":"","_uag_custom_page_level_css":"","_editorskit_title_hidden":false,"_editorskit_reading_time":0,"_editorskit_is_block_options_detached":false,"_editorskit_block_options_position":"{}","site-sidebar-layout":"default","site-content-layout":"default","ast-site-content-layout":"default","site-content-style":"default","site-sidebar-style":"default","ast-global-header-display":"","ast-banner-title-visibility":"","ast-main-header-display":"","ast-hfb-above-header-display":"","ast-hfb-below-header-display":"","ast-hfb-mobile-header-display":"","site-post-title":"","ast-breadcrumbs-content":"","ast-featured-img":"","footer-sml-layout":"","ast-disable-related-posts":"","theme-transparent-header-meta":"default","adv-header-id-meta":"","stick-header-meta":"","header-above-stick-meta":"","header-main-stick-meta":"","header-below-stick-meta":"","astra-migrate-meta-layouts":"default","ast-page-background-enabled":"default","ast-page-background-meta":{"desktop":{"background-color":"var(--ast-global-color-4)","background-image":"","background-repeat":"repeat","background-position":"center center","background-size":"auto","background-attachment":"scroll","background-type":"","background-media":"","overlay-type":"","overlay-color":"","overlay-opacity":"","overlay-gradient":""},"tablet":{"background-color":"","background-image":"","background-repeat":"repeat","background-position":"center center","background-size":"auto","background-attachment":"scroll","background-type":"","background-media":"","overlay-type":"","overlay-color":"","overlay-opacity":"","overlay-gradient":""},"mobile":{"background-color":"","background-image":"","background-repeat":"repeat","background-position":"center center","background-size":"auto","background-attachment":"scroll","background-type":"","background-media":"","overlay-type":"","overlay-color":"","overlay-opacity":"","overlay-gradient":""}},"ast-content-background-meta":{"desktop":{"background-color":"var(--ast-global-color-5)","background-image":"","background-repeat":"repeat","background-position":"center center","background-size":"auto","background-attachment":"scroll","background-type":"","background-media":"","overlay-type":"","overlay-color":"","overlay-opacity":"","overlay-gradient":""},"tablet":{"background-color":"var(--ast-global-color-5)","background-image":"","background-repeat":"repeat","background-position":"center center","background-size":"auto","background-attachment":"scroll","background-type":"","background-media":"","overlay-type":"","overlay-color":"","overlay-opacity":"","overlay-gradient":""},"mobile":{"background-color":"var(--ast-global-color-5)","background-image":"","background-repeat":"repeat","background-position":"center center","background-size":"auto","background-attachment":"scroll","background-type":"","background-media":"","overlay-type":"","overlay-color":"","overlay-opacity":"","overlay-gradient":""}}},"product_cat":[28,29,168],"product_tag":[],"class_list":{"0":"post-1914","1":"product","2":"type-product","3":"status-publish","4":"has-post-thumbnail","6":"product_cat-libro","7":"product_cat-medicina","8":"product_cat-salud","9":"desktop-align-left","10":"tablet-align-left","11":"mobile-align-left","13":"first","14":"instock","15":"shipping-taxable","16":"purchasable","17":"product-type-simple"},"acf":[],"uagb_featured_image_src":{"full":["https:\/\/biblio1.mdp.edu.ar\/centro-ventas\/wp-content\/uploads\/sites\/2\/2019\/10\/works.5691.cover_.w_800.q_95.jpg.jpg",800,1024,false],"thumbnail":["https:\/\/biblio1.mdp.edu.ar\/centro-ventas\/wp-content\/uploads\/sites\/2\/2019\/10\/works.5691.cover_.w_800.q_95.jpg-150x150.jpg",150,150,true],"medium":["https:\/\/biblio1.mdp.edu.ar\/centro-ventas\/wp-content\/uploads\/sites\/2\/2019\/10\/works.5691.cover_.w_800.q_95.jpg-234x300.jpg",234,300,true],"medium_large":["https:\/\/biblio1.mdp.edu.ar\/centro-ventas\/wp-content\/uploads\/sites\/2\/2019\/10\/works.5691.cover_.w_800.q_95.jpg-768x983.jpg",768,983,true],"large":["https:\/\/biblio1.mdp.edu.ar\/centro-ventas\/wp-content\/uploads\/sites\/2\/2019\/10\/works.5691.cover_.w_800.q_95.jpg-800x1024.jpg",800,1024,true],"1536x1536":["https:\/\/biblio1.mdp.edu.ar\/centro-ventas\/wp-content\/uploads\/sites\/2\/2019\/10\/works.5691.cover_.w_800.q_95.jpg.jpg",800,1024,false],"2048x2048":["https:\/\/biblio1.mdp.edu.ar\/centro-ventas\/wp-content\/uploads\/sites\/2\/2019\/10\/works.5691.cover_.w_800.q_95.jpg.jpg",800,1024,false],"woocommerce_thumbnail":["https:\/\/biblio1.mdp.edu.ar\/centro-ventas\/wp-content\/uploads\/sites\/2\/2019\/10\/works.5691.cover_.w_800.q_95.jpg-350x448.jpg",300,384,true],"woocommerce_single":["https:\/\/biblio1.mdp.edu.ar\/centro-ventas\/wp-content\/uploads\/sites\/2\/2019\/10\/works.5691.cover_.w_800.q_95.jpg-768x983.jpg",600,768,true],"woocommerce_gallery_thumbnail":["https:\/\/biblio1.mdp.edu.ar\/centro-ventas\/wp-content\/uploads\/sites\/2\/2019\/10\/works.5691.cover_.w_800.q_95.jpg-100x100.jpg",100,100,true]},"uagb_author_info":{"display_name":"Cristina Bernabe","author_link":"https:\/\/biblio1.mdp.edu.ar\/centro-ventas\/author\/"},"uagb_comment_info":0,"uagb_excerpt":"&nbsp; Puntos clave Nuevos contenidos sobre temas actuales y de reciente aparici\u00f3n, como los entornos f\u00edsicos y virtuales, el proceso de intervenci\u00f3n individual frente al grupal y el basado en la poblaci\u00f3n, las necesidades de los pacientes y el centro emocional y la comunicaci\u00f3n e interacci\u00f3n social. Valiosos recuadros especiales en cada cap\u00edtulo que abordan:&hellip;","_links":{"self":[{"href":"https:\/\/biblio1.mdp.edu.ar\/centro-ventas\/wp-json\/wp\/v2\/product\/1914","targetHints":{"allow":["GET"]}}],"collection":[{"href":"https:\/\/biblio1.mdp.edu.ar\/centro-ventas\/wp-json\/wp\/v2\/product"}],"about":[{"href":"https:\/\/biblio1.mdp.edu.ar\/centro-ventas\/wp-json\/wp\/v2\/types\/product"}],"wp:featuredmedia":[{"embeddable":true,"href":"https:\/\/biblio1.mdp.edu.ar\/centro-ventas\/wp-json\/wp\/v2\/media\/1916"}],"wp:attachment":[{"href":"https:\/\/biblio1.mdp.edu.ar\/centro-ventas\/wp-json\/wp\/v2\/media?parent=1914"}],"wp:term":[{"taxonomy":"product_cat","embeddable":true,"href":"https:\/\/biblio1.mdp.edu.ar\/centro-ventas\/wp-json\/wp\/v2\/product_cat?post=1914"},{"taxonomy":"product_tag","embeddable":true,"href":"https:\/\/biblio1.mdp.edu.ar\/centro-ventas\/wp-json\/wp\/v2\/product_tag?post=1914"}],"curies":[{"name":"wp","href":"https:\/\/api.w.org\/{rel}","templated":true}]}}