{"id":1911,"date":"2019-09-27T18:49:54","date_gmt":"2019-09-27T18:49:54","guid":{"rendered":"http:\/\/biblio1.mdp.edu.ar\/centro-ventas\/?post_type=product&#038;p=1911"},"modified":"2024-04-09T17:20:11","modified_gmt":"2024-04-09T20:20:11","slug":"herramientas-para-el-gestor-cultural","status":"publish","type":"product","link":"https:\/\/biblio1.mdp.edu.ar\/centro-ventas\/producto\/herramientas-para-el-gestor-cultural\/","title":{"rendered":"Herramientas para el Gestor Cultural"},"content":{"rendered":"<p><strong class=\"title\">Resumen<\/strong><\/p>\n<p>La palabra gesti\u00f3n proviene del lat\u00edn gestio, -nis y se refiere a la acci\u00f3n de gestionar y administrar algo. En el campo de la cultura se asocia al proceso de organizar recursos y procedimientos con el fin de garantizar la eficacia y eficiencia de la administraci\u00f3n de bienes y servicios culturales, y el desarrollo de planes, proyectos y programas culturales. La gesti\u00f3n cultural es un campo de actuaci\u00f3n relativamente nuevo que aun est\u00e1 en fase de estructuraci\u00f3n y definici\u00f3n. Martinell Sempere (2001) expresa que existe una necesidad de gestionar adecuadamente los recursos y posibilidades de los diferentes sectores de la cultura, por eso los gestores culturales \u201chan ido adquiriendo, en los \u00faltimos a\u00f1os, unos perfiles profesionales y unas formas de actuar identificables\u201d. La aparici\u00f3n del gestor cultural como profesional juega un rol importante en la innovaci\u00f3n y reproducci\u00f3n de las acciones culturales. Herramientas para el Gestor Cultural est\u00e1 dirigido especialmente para los gestores culturales profesionales y aquellas personas que trabajan a diario en el sector cultural. Es un instrumento descriptivo del recorrido que deben hacer aquellas personas que lideran grupos u organizaciones culturales, iniciando el camino con los conceptos b\u00e1sicos para el dise\u00f1o de una organizaci\u00f3n cultural, el diagn\u00f3stico y la formulaci\u00f3n de la propuesta; el pensamiento estrat\u00e9gico y el liderazgo como pilares para el desarrollo de las mismas, y un modelo de autoevaluaci\u00f3n que permite al profesional retroalimentar a la organizaci\u00f3n con un aprendizaje innovador, continuo y sostenido.<\/p>\n","protected":false},"excerpt":{"rendered":"<p>Resumen La palabra gesti\u00f3n proviene del lat\u00edn gestio, -nis y se refiere a la acci\u00f3n de gestionar y administrar algo. En el campo de la cultura se asocia al proceso de organizar recursos y procedimientos con el fin de garantizar la eficacia y eficiencia de la administraci\u00f3n de bienes y servicios culturales, y el desarrollo [&hellip;]<\/p>\n","protected":false},"featured_media":1912,"template":"","meta":{"_acf_changed":false,"_eb_attr":"","_crdt_document":"","_uag_custom_page_level_css":"","_editorskit_title_hidden":false,"_editorskit_reading_time":0,"_editorskit_is_block_options_detached":false,"_editorskit_block_options_position":"{}","site-sidebar-layout":"default","site-content-layout":"","ast-site-content-layout":"default","site-content-style":"default","site-sidebar-style":"default","ast-global-header-display":"","ast-banner-title-visibility":"","ast-main-header-display":"","ast-hfb-above-header-display":"","ast-hfb-below-header-display":"","ast-hfb-mobile-header-display":"","site-post-title":"","ast-breadcrumbs-content":"","ast-featured-img":"","footer-sml-layout":"","ast-disable-related-posts":"","theme-transparent-header-meta":"","adv-header-id-meta":"","stick-header-meta":"","header-above-stick-meta":"","header-main-stick-meta":"","header-below-stick-meta":"","astra-migrate-meta-layouts":"default","ast-page-background-enabled":"default","ast-page-background-meta":{"desktop":{"background-color":"var(--ast-global-color-4)","background-image":"","background-repeat":"repeat","background-position":"center center","background-size":"auto","background-attachment":"scroll","background-type":"","background-media":"","overlay-type":"","overlay-color":"","overlay-opacity":"","overlay-gradient":""},"tablet":{"background-color":"","background-image":"","background-repeat":"repeat","background-position":"center center","background-size":"auto","background-attachment":"scroll","background-type":"","background-media":"","overlay-type":"","overlay-color":"","overlay-opacity":"","overlay-gradient":""},"mobile":{"background-color":"","background-image":"","background-repeat":"repeat","background-position":"center center","background-size":"auto","background-attachment":"scroll","background-type":"","background-media":"","overlay-type":"","overlay-color":"","overlay-opacity":"","overlay-gradient":""}},"ast-content-background-meta":{"desktop":{"background-color":"var(--ast-global-color-5)","background-image":"","background-repeat":"repeat","background-position":"center center","background-size":"auto","background-attachment":"scroll","background-type":"","background-media":"","overlay-type":"","overlay-color":"","overlay-opacity":"","overlay-gradient":""},"tablet":{"background-color":"var(--ast-global-color-5)","background-image":"","background-repeat":"repeat","background-position":"center center","background-size":"auto","background-attachment":"scroll","background-type":"","background-media":"","overlay-type":"","overlay-color":"","overlay-opacity":"","overlay-gradient":""},"mobile":{"background-color":"var(--ast-global-color-5)","background-image":"","background-repeat":"repeat","background-position":"center center","background-size":"auto","background-attachment":"scroll","background-type":"","background-media":"","overlay-type":"","overlay-color":"","overlay-opacity":"","overlay-gradient":""}}},"product_cat":[28,154],"product_tag":[153],"class_list":{"0":"post-1911","1":"product","2":"type-product","3":"status-publish","4":"has-post-thumbnail","6":"product_cat-libro","7":"product_cat-tinta-libre","8":"product_tag-gestion-cultural","9":"desktop-align-left","10":"tablet-align-left","11":"mobile-align-left","13":"first","14":"instock","15":"shipping-taxable","16":"purchasable","17":"product-type-simple"},"acf":[],"uagb_featured_image_src":{"full":["https:\/\/biblio1.mdp.edu.ar\/centro-ventas\/wp-content\/uploads\/sites\/2\/2019\/09\/Herramientas-para-la-gestion-cultural-Tapa-web.jpg",411,614,false],"thumbnail":["https:\/\/biblio1.mdp.edu.ar\/centro-ventas\/wp-content\/uploads\/sites\/2\/2019\/09\/Herramientas-para-la-gestion-cultural-Tapa-web-150x150.jpg",150,150,true],"medium":["https:\/\/biblio1.mdp.edu.ar\/centro-ventas\/wp-content\/uploads\/sites\/2\/2019\/09\/Herramientas-para-la-gestion-cultural-Tapa-web-201x300.jpg",201,300,true],"medium_large":["https:\/\/biblio1.mdp.edu.ar\/centro-ventas\/wp-content\/uploads\/sites\/2\/2019\/09\/Herramientas-para-la-gestion-cultural-Tapa-web.jpg",411,614,false],"large":["https:\/\/biblio1.mdp.edu.ar\/centro-ventas\/wp-content\/uploads\/sites\/2\/2019\/09\/Herramientas-para-la-gestion-cultural-Tapa-web.jpg",411,614,false],"1536x1536":["https:\/\/biblio1.mdp.edu.ar\/centro-ventas\/wp-content\/uploads\/sites\/2\/2019\/09\/Herramientas-para-la-gestion-cultural-Tapa-web.jpg",411,614,false],"2048x2048":["https:\/\/biblio1.mdp.edu.ar\/centro-ventas\/wp-content\/uploads\/sites\/2\/2019\/09\/Herramientas-para-la-gestion-cultural-Tapa-web.jpg",411,614,false],"woocommerce_thumbnail":["https:\/\/biblio1.mdp.edu.ar\/centro-ventas\/wp-content\/uploads\/sites\/2\/2019\/09\/Herramientas-para-la-gestion-cultural-Tapa-web-350x523.jpg",300,448,true],"woocommerce_single":["https:\/\/biblio1.mdp.edu.ar\/centro-ventas\/wp-content\/uploads\/sites\/2\/2019\/09\/Herramientas-para-la-gestion-cultural-Tapa-web.jpg",411,614,false],"woocommerce_gallery_thumbnail":["https:\/\/biblio1.mdp.edu.ar\/centro-ventas\/wp-content\/uploads\/sites\/2\/2019\/09\/Herramientas-para-la-gestion-cultural-Tapa-web-100x100.jpg",100,100,true]},"uagb_author_info":{"display_name":"Cristina Bernabe","author_link":"https:\/\/biblio1.mdp.edu.ar\/centro-ventas\/author\/"},"uagb_comment_info":0,"uagb_excerpt":"Resumen La palabra gesti\u00f3n proviene del lat\u00edn gestio, -nis y se refiere a la acci\u00f3n de gestionar y administrar algo. En el campo de la cultura se asocia al proceso de organizar recursos y procedimientos con el fin de garantizar la eficacia y eficiencia de la administraci\u00f3n de bienes y servicios culturales, y el desarrollo&hellip;","_links":{"self":[{"href":"https:\/\/biblio1.mdp.edu.ar\/centro-ventas\/wp-json\/wp\/v2\/product\/1911","targetHints":{"allow":["GET"]}}],"collection":[{"href":"https:\/\/biblio1.mdp.edu.ar\/centro-ventas\/wp-json\/wp\/v2\/product"}],"about":[{"href":"https:\/\/biblio1.mdp.edu.ar\/centro-ventas\/wp-json\/wp\/v2\/types\/product"}],"wp:featuredmedia":[{"embeddable":true,"href":"https:\/\/biblio1.mdp.edu.ar\/centro-ventas\/wp-json\/wp\/v2\/media\/1912"}],"wp:attachment":[{"href":"https:\/\/biblio1.mdp.edu.ar\/centro-ventas\/wp-json\/wp\/v2\/media?parent=1911"}],"wp:term":[{"taxonomy":"product_cat","embeddable":true,"href":"https:\/\/biblio1.mdp.edu.ar\/centro-ventas\/wp-json\/wp\/v2\/product_cat?post=1911"},{"taxonomy":"product_tag","embeddable":true,"href":"https:\/\/biblio1.mdp.edu.ar\/centro-ventas\/wp-json\/wp\/v2\/product_tag?post=1911"}],"curies":[{"name":"wp","href":"https:\/\/api.w.org\/{rel}","templated":true}]}}