{"id":1899,"date":"2019-09-27T18:36:53","date_gmt":"2019-09-27T18:36:53","guid":{"rendered":"http:\/\/biblio1.mdp.edu.ar\/centro-ventas\/?post_type=product&#038;p=1899"},"modified":"2024-02-27T15:27:50","modified_gmt":"2024-02-27T18:27:50","slug":"elaborando-un-proyecto-cultural-guia-para-la-formulacion-de-proyectos-culturales-y-comunitarios","status":"publish","type":"product","link":"https:\/\/biblio1.mdp.edu.ar\/centro-ventas\/producto\/elaborando-un-proyecto-cultural-guia-para-la-formulacion-de-proyectos-culturales-y-comunitarios\/","title":{"rendered":"Elaborando un proyecto cultural &#8211; Gu\u00eda para la formulaci\u00f3n de proyectos culturales y comunitarios"},"content":{"rendered":"<p>Con pr\u00f3logo de Claudio di Gir\u00f3lamo y arte de portada de Alejandro \u201cMono\u201d Gonz\u00e1lez, ya est\u00e1 a disposici\u00f3n del p\u00fablico la tercera edici\u00f3n corregida del libro \u201cElaborando un proyecto cultural: gu\u00eda para la formulaci\u00f3n de proyectos culturales y comunitarios\u201d, del gestor cultural Roberto Guerra.<\/p>\n<p>Roberto, presenta lo que denomina \u201cun esfuerzo por fortalecer el sentido y reducir la distancia entre ideas y acciones, buscando posibilitar el acceso de los artistas, gestores y organizaciones culturales a los recursos para concretar sus iniciativas\u201d.<\/p>\n<p>El libro (180 P\u00e1gs. 21 x 21 cts. ilustrado) consta de seis cap\u00edtulos que transitan desde la intervenci\u00f3n sociocultural a la sistematizaci\u00f3n de experiencias, buscando visualizar las diversas fases de formulaci\u00f3n de un proyecto, en di\u00e1logo con sus procesos operacionales y las herramientas para el quehacer cultural y comunitario. En su parte final, incorpora un glosario con m\u00e1s de 150 conceptos referidos a la formulaci\u00f3n de proyectos y una ficha tipo, resultado del an\u00e1lisis de los principales fondos concursables.<\/p>\n<p>La nueva edici\u00f3n del libro ha sido acogida con entusiasmo por el sector cultural, siendo calificado como \u201cel m\u00e1s completo y complejo\u201d libro de su tipo en el pa\u00eds, constituy\u00e9ndose en un texto de referencia en la materia.<\/p>\n<p>\u201cRoberto no habla desde la c\u00e1tedra. Sus argumentos, su lenguaje sencillo y expl\u00edcito, sus cuadros, sus notas y hasta su glosario final tienen el sello de una experiencia personal de trabajo exhaustivo en terreno. Va encontrando soluciones a problemas reales y concretos que se presentan en la cotidianeidad del transcurrir de un proceso creativo y de realizaci\u00f3n cultural sin necesidad de crear situaciones hipot\u00e9ticas \u201ctipo\u201d, de car\u00e1cter ficticio\u201d, se\u00f1ala di Gir\u00f3lamo en el pr\u00f3logo.<\/p>\n<p>El libro ha sido presentado con \u00e9xito en Chile en las ciudades de Arica, Vicu\u00f1a, Coquimbo, Santiago, Quillota, Valpara\u00edso, Vi\u00f1a del Mar, Pichilemu, Concepci\u00f3n, Valdivia, Punta Arenas, adem\u00e1s de Managua (Nicaragua), Ciudad de M\u00e9xico, Ciudad Obreg\u00f3n, Los Mochis, Guadalajara (M\u00e9xico), Quito (Ecuador), Buenos Aires, Mar del Plata (Argentina), La Paz, Cochabamba, Sucre (Bolivia) y Cali (Colombia)<\/p>\n","protected":false},"excerpt":{"rendered":"<p>Con pr\u00f3logo de Claudio di Gir\u00f3lamo y arte de portada de Alejandro \u201cMono\u201d Gonz\u00e1lez, ya est\u00e1 a disposici\u00f3n del p\u00fablico la tercera edici\u00f3n corregida del libro \u201cElaborando un proyecto cultural: gu\u00eda para la formulaci\u00f3n de proyectos culturales y comunitarios\u201d, del gestor cultural Roberto Guerra. Roberto, presenta lo que denomina \u201cun esfuerzo por fortalecer el sentido [&hellip;]<\/p>\n","protected":false},"featured_media":1902,"template":"","meta":{"_acf_changed":false,"_eb_attr":"","_crdt_document":"","_uag_custom_page_level_css":"","_editorskit_title_hidden":false,"_editorskit_reading_time":0,"_editorskit_is_block_options_detached":false,"_editorskit_block_options_position":"{}","site-sidebar-layout":"default","site-content-layout":"","ast-site-content-layout":"default","site-content-style":"default","site-sidebar-style":"default","ast-global-header-display":"","ast-banner-title-visibility":"","ast-main-header-display":"","ast-hfb-above-header-display":"","ast-hfb-below-header-display":"","ast-hfb-mobile-header-display":"","site-post-title":"","ast-breadcrumbs-content":"","ast-featured-img":"","footer-sml-layout":"","ast-disable-related-posts":"","theme-transparent-header-meta":"","adv-header-id-meta":"","stick-header-meta":"","header-above-stick-meta":"","header-main-stick-meta":"","header-below-stick-meta":"","astra-migrate-meta-layouts":"default","ast-page-background-enabled":"default","ast-page-background-meta":{"desktop":{"background-color":"var(--ast-global-color-4)","background-image":"","background-repeat":"repeat","background-position":"center center","background-size":"auto","background-attachment":"scroll","background-type":"","background-media":"","overlay-type":"","overlay-color":"","overlay-opacity":"","overlay-gradient":""},"tablet":{"background-color":"","background-image":"","background-repeat":"repeat","background-position":"center center","background-size":"auto","background-attachment":"scroll","background-type":"","background-media":"","overlay-type":"","overlay-color":"","overlay-opacity":"","overlay-gradient":""},"mobile":{"background-color":"","background-image":"","background-repeat":"repeat","background-position":"center center","background-size":"auto","background-attachment":"scroll","background-type":"","background-media":"","overlay-type":"","overlay-color":"","overlay-opacity":"","overlay-gradient":""}},"ast-content-background-meta":{"desktop":{"background-color":"var(--ast-global-color-5)","background-image":"","background-repeat":"repeat","background-position":"center center","background-size":"auto","background-attachment":"scroll","background-type":"","background-media":"","overlay-type":"","overlay-color":"","overlay-opacity":"","overlay-gradient":""},"tablet":{"background-color":"var(--ast-global-color-5)","background-image":"","background-repeat":"repeat","background-position":"center center","background-size":"auto","background-attachment":"scroll","background-type":"","background-media":"","overlay-type":"","overlay-color":"","overlay-opacity":"","overlay-gradient":""},"mobile":{"background-color":"var(--ast-global-color-5)","background-image":"","background-repeat":"repeat","background-position":"center center","background-size":"auto","background-attachment":"scroll","background-type":"","background-media":"","overlay-type":"","overlay-color":"","overlay-opacity":"","overlay-gradient":""}}},"product_cat":[152,28],"product_tag":[153],"class_list":{"0":"post-1899","1":"product","2":"type-product","3":"status-publish","4":"has-post-thumbnail","6":"product_cat-ediciones-egac","7":"product_cat-libro","8":"product_tag-gestion-cultural","9":"desktop-align-left","10":"tablet-align-left","11":"mobile-align-left","13":"first","14":"outofstock","15":"shipping-taxable","16":"product-type-simple"},"acf":[],"uagb_featured_image_src":{"full":["https:\/\/biblio1.mdp.edu.ar\/centro-ventas\/wp-content\/uploads\/sites\/2\/2019\/09\/elaborando-un-proyecto-cultural-libro-D_NQ_NP_748877-MLA31638152253_072019-F.jpg",1064,1056,false],"thumbnail":["https:\/\/biblio1.mdp.edu.ar\/centro-ventas\/wp-content\/uploads\/sites\/2\/2019\/09\/elaborando-un-proyecto-cultural-libro-D_NQ_NP_748877-MLA31638152253_072019-F-150x150.jpg",150,150,true],"medium":["https:\/\/biblio1.mdp.edu.ar\/centro-ventas\/wp-content\/uploads\/sites\/2\/2019\/09\/elaborando-un-proyecto-cultural-libro-D_NQ_NP_748877-MLA31638152253_072019-F-300x298.jpg",300,298,true],"medium_large":["https:\/\/biblio1.mdp.edu.ar\/centro-ventas\/wp-content\/uploads\/sites\/2\/2019\/09\/elaborando-un-proyecto-cultural-libro-D_NQ_NP_748877-MLA31638152253_072019-F-768x762.jpg",768,762,true],"large":["https:\/\/biblio1.mdp.edu.ar\/centro-ventas\/wp-content\/uploads\/sites\/2\/2019\/09\/elaborando-un-proyecto-cultural-libro-D_NQ_NP_748877-MLA31638152253_072019-F-1024x1016.jpg",1024,1016,true],"1536x1536":["https:\/\/biblio1.mdp.edu.ar\/centro-ventas\/wp-content\/uploads\/sites\/2\/2019\/09\/elaborando-un-proyecto-cultural-libro-D_NQ_NP_748877-MLA31638152253_072019-F.jpg",1064,1056,false],"2048x2048":["https:\/\/biblio1.mdp.edu.ar\/centro-ventas\/wp-content\/uploads\/sites\/2\/2019\/09\/elaborando-un-proyecto-cultural-libro-D_NQ_NP_748877-MLA31638152253_072019-F.jpg",1064,1056,false],"woocommerce_thumbnail":["https:\/\/biblio1.mdp.edu.ar\/centro-ventas\/wp-content\/uploads\/sites\/2\/2019\/09\/elaborando-un-proyecto-cultural-libro-D_NQ_NP_748877-MLA31638152253_072019-F-300x298.jpg",300,298,true],"woocommerce_single":["https:\/\/biblio1.mdp.edu.ar\/centro-ventas\/wp-content\/uploads\/sites\/2\/2019\/09\/elaborando-un-proyecto-cultural-libro-D_NQ_NP_748877-MLA31638152253_072019-F-768x762.jpg",600,595,true],"woocommerce_gallery_thumbnail":["https:\/\/biblio1.mdp.edu.ar\/centro-ventas\/wp-content\/uploads\/sites\/2\/2019\/09\/elaborando-un-proyecto-cultural-libro-D_NQ_NP_748877-MLA31638152253_072019-F-100x100.jpg",100,100,true]},"uagb_author_info":{"display_name":"Cristina Bernabe","author_link":"https:\/\/biblio1.mdp.edu.ar\/centro-ventas\/author\/"},"uagb_comment_info":0,"uagb_excerpt":"Con pr\u00f3logo de Claudio di Gir\u00f3lamo y arte de portada de Alejandro \u201cMono\u201d Gonz\u00e1lez, ya est\u00e1 a disposici\u00f3n del p\u00fablico la tercera edici\u00f3n corregida del libro \u201cElaborando un proyecto cultural: gu\u00eda para la formulaci\u00f3n de proyectos culturales y comunitarios\u201d, del gestor cultural Roberto Guerra. Roberto, presenta lo que denomina \u201cun esfuerzo por fortalecer el sentido&hellip;","_links":{"self":[{"href":"https:\/\/biblio1.mdp.edu.ar\/centro-ventas\/wp-json\/wp\/v2\/product\/1899","targetHints":{"allow":["GET"]}}],"collection":[{"href":"https:\/\/biblio1.mdp.edu.ar\/centro-ventas\/wp-json\/wp\/v2\/product"}],"about":[{"href":"https:\/\/biblio1.mdp.edu.ar\/centro-ventas\/wp-json\/wp\/v2\/types\/product"}],"wp:featuredmedia":[{"embeddable":true,"href":"https:\/\/biblio1.mdp.edu.ar\/centro-ventas\/wp-json\/wp\/v2\/media\/1902"}],"wp:attachment":[{"href":"https:\/\/biblio1.mdp.edu.ar\/centro-ventas\/wp-json\/wp\/v2\/media?parent=1899"}],"wp:term":[{"taxonomy":"product_cat","embeddable":true,"href":"https:\/\/biblio1.mdp.edu.ar\/centro-ventas\/wp-json\/wp\/v2\/product_cat?post=1899"},{"taxonomy":"product_tag","embeddable":true,"href":"https:\/\/biblio1.mdp.edu.ar\/centro-ventas\/wp-json\/wp\/v2\/product_tag?post=1899"}],"curies":[{"name":"wp","href":"https:\/\/api.w.org\/{rel}","templated":true}]}}