{"id":1849,"date":"2019-09-26T17:54:05","date_gmt":"2019-09-26T20:54:05","guid":{"rendered":"http:\/\/biblio1.mdp.edu.ar\/centro-ventas\/?post_type=product&#038;p=1849"},"modified":"2025-06-17T18:00:52","modified_gmt":"2025-06-17T21:00:52","slug":"demandas-internacionales-contra-el-estado","status":"publish","type":"product","link":"https:\/\/biblio1.mdp.edu.ar\/centro-ventas\/producto\/demandas-internacionales-contra-el-estado\/","title":{"rendered":"Demandas Internacionales contra el Estado"},"content":{"rendered":"<p>Demandas Internacionales contra el Estado<\/p>\n<p>Esta publicaci\u00f3n es producto de un seminario sobre derecho de las inversiones, focalizado en las demandas entabladas contra el Estado Argentino ante tribunales arbitrales internacionales: principalmente aquellas sometidas a la jurisdicci\u00f3n del Centro Internacional de Arreglo de Diferencias relativas a las Inversiones (CIADI) y a otros foros internacionales sujetos al reglamento de la Comisi\u00f3n de las Naciones Unidas para el Derecho Mercantil Internacional (CNUDMI o tambi\u00e9n \u00a0UNCITRAL). El tema es de insoslayable inter\u00e9s , no s\u00f3lo por la importancia de los guarismos reclamados y su potencial impacto sobre las arcas p\u00fablicas, sino tambi\u00e9n por las consecuencias jur\u00eddicas a futuro para una econom\u00eda que, como la nuestra, busca desarrollarse confiando en el aporte for\u00e1neo.<\/p>\n<p>El seminario se inici\u00f3 con la conferencia del Procurador del Tesoro de la Naci\u00f3n Dr. Osvaldo Guglielmino-, sobre quien recae la responsabilidad de dirigir la estrategia de \u00a0defensa de los intereses argentinos ante los foros internacionales&#8230;<\/p>\n","protected":false},"excerpt":{"rendered":"<p>Demandas Internacionales contra el Estado Esta publicaci\u00f3n es producto de un seminario sobre derecho de las inversiones, focalizado en las demandas entabladas contra el Estado Argentino ante tribunales arbitrales internacionales: principalmente aquellas sometidas a la jurisdicci\u00f3n del Centro Internacional de Arreglo de Diferencias relativas a las Inversiones (CIADI) y a otros foros internacionales sujetos al [&hellip;]<\/p>\n","protected":false},"featured_media":1850,"template":"","meta":{"_acf_changed":false,"_eb_attr":"","_crdt_document":"","_uag_custom_page_level_css":"","_editorskit_title_hidden":false,"_editorskit_reading_time":0,"_editorskit_is_block_options_detached":false,"_editorskit_block_options_position":"{}","site-sidebar-layout":"default","site-content-layout":"","ast-site-content-layout":"default","site-content-style":"default","site-sidebar-style":"default","ast-global-header-display":"","ast-banner-title-visibility":"","ast-main-header-display":"","ast-hfb-above-header-display":"","ast-hfb-below-header-display":"","ast-hfb-mobile-header-display":"","site-post-title":"","ast-breadcrumbs-content":"","ast-featured-img":"","footer-sml-layout":"","ast-disable-related-posts":"","theme-transparent-header-meta":"","adv-header-id-meta":"","stick-header-meta":"","header-above-stick-meta":"","header-main-stick-meta":"","header-below-stick-meta":"","astra-migrate-meta-layouts":"default","ast-page-background-enabled":"default","ast-page-background-meta":{"desktop":{"background-color":"var(--ast-global-color-4)","background-image":"","background-repeat":"repeat","background-position":"center center","background-size":"auto","background-attachment":"scroll","background-type":"","background-media":"","overlay-type":"","overlay-color":"","overlay-opacity":"","overlay-gradient":""},"tablet":{"background-color":"","background-image":"","background-repeat":"repeat","background-position":"center center","background-size":"auto","background-attachment":"scroll","background-type":"","background-media":"","overlay-type":"","overlay-color":"","overlay-opacity":"","overlay-gradient":""},"mobile":{"background-color":"","background-image":"","background-repeat":"repeat","background-position":"center center","background-size":"auto","background-attachment":"scroll","background-type":"","background-media":"","overlay-type":"","overlay-color":"","overlay-opacity":"","overlay-gradient":""}},"ast-content-background-meta":{"desktop":{"background-color":"var(--ast-global-color-5)","background-image":"","background-repeat":"repeat","background-position":"center center","background-size":"auto","background-attachment":"scroll","background-type":"","background-media":"","overlay-type":"","overlay-color":"","overlay-opacity":"","overlay-gradient":""},"tablet":{"background-color":"var(--ast-global-color-5)","background-image":"","background-repeat":"repeat","background-position":"center center","background-size":"auto","background-attachment":"scroll","background-type":"","background-media":"","overlay-type":"","overlay-color":"","overlay-opacity":"","overlay-gradient":""},"mobile":{"background-color":"var(--ast-global-color-5)","background-image":"","background-repeat":"repeat","background-position":"center center","background-size":"auto","background-attachment":"scroll","background-type":"","background-media":"","overlay-type":"","overlay-color":"","overlay-opacity":"","overlay-gradient":""}}},"product_cat":[632,32,28,637,124],"product_tag":[144,141,147,146,145],"class_list":{"0":"post-1849","1":"product","2":"type-product","3":"status-publish","4":"has-post-thumbnail","6":"product_cat-derecho","7":"product_cat-edudem","8":"product_cat-libro","9":"product_cat-punto-de-venta-derecho","10":"product_cat-serie-simbolos","11":"product_tag-arbitraje-internacional","12":"product_tag-derecho-internacional-publico","13":"product_tag-juicios-contra-el-estado","14":"product_tag-tratados-bilaterales-de-inversion","15":"product_tag-tribunales-internacionales","16":"desktop-align-left","17":"tablet-align-left","18":"mobile-align-left","20":"first","21":"instock","22":"shipping-taxable","23":"purchasable","24":"product-type-simple"},"acf":[],"uagb_featured_image_src":{"full":["https:\/\/biblio1.mdp.edu.ar\/centro-ventas\/wp-content\/uploads\/sites\/2\/2019\/09\/demandasintern.jpg",1936,2661,false],"thumbnail":["https:\/\/biblio1.mdp.edu.ar\/centro-ventas\/wp-content\/uploads\/sites\/2\/2019\/09\/demandasintern-150x150.jpg",150,150,true],"medium":["https:\/\/biblio1.mdp.edu.ar\/centro-ventas\/wp-content\/uploads\/sites\/2\/2019\/09\/demandasintern-218x300.jpg",218,300,true],"medium_large":["https:\/\/biblio1.mdp.edu.ar\/centro-ventas\/wp-content\/uploads\/sites\/2\/2019\/09\/demandasintern-768x1056.jpg",768,1056,true],"large":["https:\/\/biblio1.mdp.edu.ar\/centro-ventas\/wp-content\/uploads\/sites\/2\/2019\/09\/demandasintern-745x1024.jpg",745,1024,true],"1536x1536":["https:\/\/biblio1.mdp.edu.ar\/centro-ventas\/wp-content\/uploads\/sites\/2\/2019\/09\/demandasintern.jpg",1118,1536,false],"2048x2048":["https:\/\/biblio1.mdp.edu.ar\/centro-ventas\/wp-content\/uploads\/sites\/2\/2019\/09\/demandasintern.jpg",1490,2048,false],"woocommerce_thumbnail":["https:\/\/biblio1.mdp.edu.ar\/centro-ventas\/wp-content\/uploads\/sites\/2\/2019\/09\/demandasintern-350x481.jpg",300,412,true],"woocommerce_single":["https:\/\/biblio1.mdp.edu.ar\/centro-ventas\/wp-content\/uploads\/sites\/2\/2019\/09\/demandasintern-745x1024.jpg",600,825,true],"woocommerce_gallery_thumbnail":["https:\/\/biblio1.mdp.edu.ar\/centro-ventas\/wp-content\/uploads\/sites\/2\/2019\/09\/demandasintern-100x100.jpg",100,100,true]},"uagb_author_info":{"display_name":"Cristina Bernabe","author_link":"https:\/\/biblio1.mdp.edu.ar\/centro-ventas\/author\/"},"uagb_comment_info":0,"uagb_excerpt":"Demandas Internacionales contra el Estado Esta publicaci\u00f3n es producto de un seminario sobre derecho de las inversiones, focalizado en las demandas entabladas contra el Estado Argentino ante tribunales arbitrales internacionales: principalmente aquellas sometidas a la jurisdicci\u00f3n del Centro Internacional de Arreglo de Diferencias relativas a las Inversiones (CIADI) y a otros foros internacionales sujetos al&hellip;","_links":{"self":[{"href":"https:\/\/biblio1.mdp.edu.ar\/centro-ventas\/wp-json\/wp\/v2\/product\/1849","targetHints":{"allow":["GET"]}}],"collection":[{"href":"https:\/\/biblio1.mdp.edu.ar\/centro-ventas\/wp-json\/wp\/v2\/product"}],"about":[{"href":"https:\/\/biblio1.mdp.edu.ar\/centro-ventas\/wp-json\/wp\/v2\/types\/product"}],"wp:featuredmedia":[{"embeddable":true,"href":"https:\/\/biblio1.mdp.edu.ar\/centro-ventas\/wp-json\/wp\/v2\/media\/1850"}],"wp:attachment":[{"href":"https:\/\/biblio1.mdp.edu.ar\/centro-ventas\/wp-json\/wp\/v2\/media?parent=1849"}],"wp:term":[{"taxonomy":"product_cat","embeddable":true,"href":"https:\/\/biblio1.mdp.edu.ar\/centro-ventas\/wp-json\/wp\/v2\/product_cat?post=1849"},{"taxonomy":"product_tag","embeddable":true,"href":"https:\/\/biblio1.mdp.edu.ar\/centro-ventas\/wp-json\/wp\/v2\/product_tag?post=1849"}],"curies":[{"name":"wp","href":"https:\/\/api.w.org\/{rel}","templated":true}]}}