{"id":1845,"date":"2019-09-25T22:09:11","date_gmt":"2019-09-26T01:09:11","guid":{"rendered":"http:\/\/biblio1.mdp.edu.ar\/centro-ventas\/?post_type=product&#038;p=1845"},"modified":"2025-10-16T17:10:55","modified_gmt":"2025-10-16T20:10:55","slug":"la-escritura-epistolar","status":"publish","type":"product","link":"https:\/\/biblio1.mdp.edu.ar\/centro-ventas\/producto\/la-escritura-epistolar\/","title":{"rendered":"La escritura epistolar"},"content":{"rendered":"<div id=\"contenedorSubHeader\" class=\"container-fluid no-padding cont-subheader\">\n<div class=\"container\">\n<div class=\"row\">\n<section class=\"ficha\">\n<article id=\"ContentPlaceHolderSubHeader_rptFichaSubtitulo_producto_Container_0\" class=\" papel\">\n<div class=\"col-xs-12 col-sm-5 info no-padding\">\n<div class=\"\">\n<div class=\"col-md-12 titulo\">\n<h1 id=\"ContentPlaceHolderSubHeader_rptFichaSubtitulo_prop_name_0\" class=\"font-xs font-sm font-md\"><strong><span style=\"color: #666666;font-size: 1.25rem;line-height: 1.4\">Rese\u00f1a\u00a0<\/span><\/strong><\/h1>\n<\/div>\n<\/div>\n<\/div>\n<\/article>\n<\/section>\n<\/div>\n<\/div>\n<\/div>\n<div class=\"container primary\">\n<div class=\"row\">\n<div id=\"contenedorCentral\" class=\"col-xs-12 col-sm-12 col-md-8 cont-central\">\n<div class=\"ficha\">\n<section id=\"ContentPlaceHolderContenido_rptFicha_sectionResenia_0\" class=\"resenia lResenia\">\n<p id=\"ContentPlaceHolderContenido_rptFicha_prop_description_0\" class=\"collapse in resenia\">La carta es, desde la m\u00e1s remota antig\u00fcedad, la forma discursiva m\u00e1s expandida para materializar el deseo de comunicarse a distancia. La caracterizaci\u00f3n de lo epistolar ha constituido un problema y en ese estado permanece; siempre han existido dificultades para considerar la escritura de cartas como una pr\u00e1ctica discursiva espec\u00edfica con un tipo peculiar de enunciados. Pero la autora sostiene que es posible reconocer un estatuto epistolar m\u00e1s all\u00e1 de la diversidad de usos, pr\u00e1cticas y formatos de los que la carta es objeto. El prop\u00f3sito de esta obra es investigar sobre la configuraci\u00f3n epistolar desde sus or\u00edgenes, teniendo en cuenta en este recorrido la especificidad de la escritura epistolar, para abordar su estudio desde el punto de vista discursivo.<\/p>\n<\/section>\n<div class=\"row\">\n<section id=\"ContentPlaceHolderContenido_rptFicha_autorBio_0_resultadoEnriquecido_0_sectionContainer_0\" class=\"resultado-enriquecido col-md-12 padding-top autor-info\">\n<h2 class=\"clearfix subrayado\"><strong><span class=\"col-xs-9 col-sm-10\"> Acerca del autor Nora Esperanza Bouvet<\/span><\/strong><\/h2>\n<div class=\"row collapse in info\">\n<div id=\"ContentPlaceHolderContenido_rptFicha_autorBio_0_resultadoEnriquecido_0_textoContainer_0\" class=\"col-xs-12 texto\">Es profesora titular en la Universidad de Rosario e investigadora del Consejo de Investigaciones de Rosario. Autora de La escritura epistolar (Buenos Aires, Eudeba, 2006).<\/div>\n<\/div>\n<\/section>\n<\/div>\n<\/div>\n<\/div>\n<\/div>\n<\/div>\n","protected":false},"excerpt":{"rendered":"<p>Rese\u00f1a\u00a0 La carta es, desde la m\u00e1s remota antig\u00fcedad, la forma discursiva m\u00e1s expandida para materializar el deseo de comunicarse a distancia. La caracterizaci\u00f3n de lo epistolar ha constituido un problema y en ese estado permanece; siempre han existido dificultades para considerar la escritura de cartas como una pr\u00e1ctica discursiva espec\u00edfica con un tipo peculiar [&hellip;]<\/p>\n","protected":false},"featured_media":1846,"template":"","meta":{"_acf_changed":false,"_eb_attr":"","_crdt_document":"","_uag_custom_page_level_css":"","_editorskit_title_hidden":false,"_editorskit_reading_time":0,"_editorskit_is_block_options_detached":false,"_editorskit_block_options_position":"{}","site-sidebar-layout":"default","site-content-layout":"","ast-site-content-layout":"default","site-content-style":"default","site-sidebar-style":"default","ast-global-header-display":"","ast-banner-title-visibility":"","ast-main-header-display":"","ast-hfb-above-header-display":"","ast-hfb-below-header-display":"","ast-hfb-mobile-header-display":"","site-post-title":"","ast-breadcrumbs-content":"","ast-featured-img":"","footer-sml-layout":"","ast-disable-related-posts":"","theme-transparent-header-meta":"","adv-header-id-meta":"","stick-header-meta":"","header-above-stick-meta":"","header-main-stick-meta":"","header-below-stick-meta":"","astra-migrate-meta-layouts":"default","ast-page-background-enabled":"default","ast-page-background-meta":{"desktop":{"background-color":"var(--ast-global-color-4)","background-image":"","background-repeat":"repeat","background-position":"center center","background-size":"auto","background-attachment":"scroll","background-type":"","background-media":"","overlay-type":"","overlay-color":"","overlay-opacity":"","overlay-gradient":""},"tablet":{"background-color":"","background-image":"","background-repeat":"repeat","background-position":"center center","background-size":"auto","background-attachment":"scroll","background-type":"","background-media":"","overlay-type":"","overlay-color":"","overlay-opacity":"","overlay-gradient":""},"mobile":{"background-color":"","background-image":"","background-repeat":"repeat","background-position":"center center","background-size":"auto","background-attachment":"scroll","background-type":"","background-media":"","overlay-type":"","overlay-color":"","overlay-opacity":"","overlay-gradient":""}},"ast-content-background-meta":{"desktop":{"background-color":"var(--ast-global-color-5)","background-image":"","background-repeat":"repeat","background-position":"center center","background-size":"auto","background-attachment":"scroll","background-type":"","background-media":"","overlay-type":"","overlay-color":"","overlay-opacity":"","overlay-gradient":""},"tablet":{"background-color":"var(--ast-global-color-5)","background-image":"","background-repeat":"repeat","background-position":"center center","background-size":"auto","background-attachment":"scroll","background-type":"","background-media":"","overlay-type":"","overlay-color":"","overlay-opacity":"","overlay-gradient":""},"mobile":{"background-color":"var(--ast-global-color-5)","background-image":"","background-repeat":"repeat","background-position":"center center","background-size":"auto","background-attachment":"scroll","background-type":"","background-media":"","overlay-type":"","overlay-color":"","overlay-opacity":"","overlay-gradient":""}}},"product_cat":[130,28],"product_tag":[62],"class_list":{"0":"post-1845","1":"product","2":"type-product","3":"status-publish","4":"has-post-thumbnail","6":"product_cat-eudeba-libro","7":"product_cat-libro","8":"product_tag-literatura","9":"desktop-align-left","10":"tablet-align-left","11":"mobile-align-left","13":"first","14":"instock","15":"shipping-taxable","16":"purchasable","17":"product-type-simple"},"acf":[],"uagb_featured_image_src":{"full":["https:\/\/biblio1.mdp.edu.ar\/centro-ventas\/wp-content\/uploads\/sites\/2\/2019\/09\/episto9789502314976.jpg",288,436,false],"thumbnail":["https:\/\/biblio1.mdp.edu.ar\/centro-ventas\/wp-content\/uploads\/sites\/2\/2019\/09\/episto9789502314976-150x150.jpg",150,150,true],"medium":["https:\/\/biblio1.mdp.edu.ar\/centro-ventas\/wp-content\/uploads\/sites\/2\/2019\/09\/episto9789502314976-198x300.jpg",198,300,true],"medium_large":["https:\/\/biblio1.mdp.edu.ar\/centro-ventas\/wp-content\/uploads\/sites\/2\/2019\/09\/episto9789502314976.jpg",288,436,false],"large":["https:\/\/biblio1.mdp.edu.ar\/centro-ventas\/wp-content\/uploads\/sites\/2\/2019\/09\/episto9789502314976.jpg",288,436,false],"1536x1536":["https:\/\/biblio1.mdp.edu.ar\/centro-ventas\/wp-content\/uploads\/sites\/2\/2019\/09\/episto9789502314976.jpg",288,436,false],"2048x2048":["https:\/\/biblio1.mdp.edu.ar\/centro-ventas\/wp-content\/uploads\/sites\/2\/2019\/09\/episto9789502314976.jpg",288,436,false],"woocommerce_thumbnail":["https:\/\/biblio1.mdp.edu.ar\/centro-ventas\/wp-content\/uploads\/sites\/2\/2019\/09\/episto9789502314976.jpg",288,436,false],"woocommerce_single":["https:\/\/biblio1.mdp.edu.ar\/centro-ventas\/wp-content\/uploads\/sites\/2\/2019\/09\/episto9789502314976.jpg",288,436,false],"woocommerce_gallery_thumbnail":["https:\/\/biblio1.mdp.edu.ar\/centro-ventas\/wp-content\/uploads\/sites\/2\/2019\/09\/episto9789502314976-100x100.jpg",100,100,true]},"uagb_author_info":{"display_name":"Cristina Bernabe","author_link":"https:\/\/biblio1.mdp.edu.ar\/centro-ventas\/author\/"},"uagb_comment_info":0,"uagb_excerpt":"Rese\u00f1a\u00a0 La carta es, desde la m\u00e1s remota antig\u00fcedad, la forma discursiva m\u00e1s expandida para materializar el deseo de comunicarse a distancia. La caracterizaci\u00f3n de lo epistolar ha constituido un problema y en ese estado permanece; siempre han existido dificultades para considerar la escritura de cartas como una pr\u00e1ctica discursiva espec\u00edfica con un tipo peculiar&hellip;","_links":{"self":[{"href":"https:\/\/biblio1.mdp.edu.ar\/centro-ventas\/wp-json\/wp\/v2\/product\/1845","targetHints":{"allow":["GET"]}}],"collection":[{"href":"https:\/\/biblio1.mdp.edu.ar\/centro-ventas\/wp-json\/wp\/v2\/product"}],"about":[{"href":"https:\/\/biblio1.mdp.edu.ar\/centro-ventas\/wp-json\/wp\/v2\/types\/product"}],"wp:featuredmedia":[{"embeddable":true,"href":"https:\/\/biblio1.mdp.edu.ar\/centro-ventas\/wp-json\/wp\/v2\/media\/1846"}],"wp:attachment":[{"href":"https:\/\/biblio1.mdp.edu.ar\/centro-ventas\/wp-json\/wp\/v2\/media?parent=1845"}],"wp:term":[{"taxonomy":"product_cat","embeddable":true,"href":"https:\/\/biblio1.mdp.edu.ar\/centro-ventas\/wp-json\/wp\/v2\/product_cat?post=1845"},{"taxonomy":"product_tag","embeddable":true,"href":"https:\/\/biblio1.mdp.edu.ar\/centro-ventas\/wp-json\/wp\/v2\/product_tag?post=1845"}],"curies":[{"name":"wp","href":"https:\/\/api.w.org\/{rel}","templated":true}]}}