{"id":1841,"date":"2019-09-25T21:54:45","date_gmt":"2019-09-26T00:54:45","guid":{"rendered":"http:\/\/biblio1.mdp.edu.ar\/centro-ventas\/?post_type=product&#038;p=1841"},"modified":"2025-10-16T16:42:54","modified_gmt":"2025-10-16T19:42:54","slug":"dracula","status":"publish","type":"product","link":"https:\/\/biblio1.mdp.edu.ar\/centro-ventas\/producto\/dracula\/","title":{"rendered":"Dr\u00e1cula"},"content":{"rendered":"<div class=\"\">\n<div class=\"col-md-12 titulo\">\n<h1 id=\"ContentPlaceHolderSubHeader_rptFichaSubtitulo_prop_name_0\" class=\"font-xs font-sm font-md\"><span style=\"color: #666666;font-size: 1.25rem;line-height: 1.4\">Rese\u00f1a\u00a0<\/span><\/h1>\n<\/div>\n<\/div>\n<div class=\"container primary\">\n<div class=\"row\">\n<div id=\"contenedorCentral\" class=\"col-xs-12 col-sm-12 col-md-8 cont-central\">\n<div class=\"ficha\">\n<section id=\"ContentPlaceHolderContenido_rptFicha_sectionResenia_0\" class=\"resenia lResenia\">\n<p id=\"ContentPlaceHolderContenido_rptFicha_prop_description_0\" class=\"collapse in resenia\">Las nuevas generaciones experimentan en la actualidad un enorme inter\u00e9s por las historias de vampiros. Su desarrollo en la literatura y en el cine ha dado lugar a la creaci\u00f3n de nuevas caracter\u00edsticas dentro de un g\u00e9nero de larga tradici\u00f3n y ha generado una renovaci\u00f3n profunda de los modelos existentes. Sin embargo, un regreso a los or\u00edgenes puede permitir un acercamiento m\u00e1s interesante a las manifestaciones contempor\u00e1neas de este tipo de textos. Dr\u00e1cula es, sin duda, uno de los mayores exponentes de esta tradici\u00f3n literaria y uno de los puntos de partida para la creaci\u00f3n del mito moderno del vampiro.<\/p>\n<\/section>\n<div class=\"row\">\n<section id=\"ContentPlaceHolderContenido_rptFicha_autorBio_0_resultadoEnriquecido_0_sectionContainer_0\" class=\"resultado-enriquecido col-md-12 padding-top autor-info\">\n<h2 class=\"clearfix subrayado\"><strong><span class=\"col-xs-9 col-sm-10\"> Acerca del autor Bram Stoker<\/span><\/strong><\/h2>\n<h2 class=\"clearfix subrayado\"><span style=\"color: #333333;font-size: 1rem;line-height: 1.66\">Naci\u00f3 en Dubl\u00edn en 1847. A causa de su d\u00e9bil salud, pasaba mucho tiempo en cama. En 1864 comenz\u00f3 sus estudios de matem\u00e1ticas y ciencias en el Trinity College en Dubl\u00edn, y se gradu\u00f3 con honores en 1897. Durante su \u00e9poca de estudiante, fue presidente de la Sociedad de Filosof\u00eda de la Universidad. Sus primeras incursiones en la literatura fant\u00e1stica y de terror pueden verse en sus tempranas colaboraciones para la revista Shamrock. Pero sin duda, su haza\u00f1a literaria llega con la publicaci\u00f3n de Dr\u00e1cula en mayo de 1897.<\/span><\/h2>\n<\/section>\n<\/div>\n<\/div>\n<\/div>\n<\/div>\n<\/div>\n","protected":false},"excerpt":{"rendered":"<p>Rese\u00f1a\u00a0 Las nuevas generaciones experimentan en la actualidad un enorme inter\u00e9s por las historias de vampiros. Su desarrollo en la literatura y en el cine ha dado lugar a la creaci\u00f3n de nuevas caracter\u00edsticas dentro de un g\u00e9nero de larga tradici\u00f3n y ha generado una renovaci\u00f3n profunda de los modelos existentes. Sin embargo, un regreso [&hellip;]<\/p>\n","protected":false},"featured_media":1842,"template":"","meta":{"_acf_changed":false,"_eb_attr":"","_crdt_document":"","_uag_custom_page_level_css":"","_editorskit_title_hidden":false,"_editorskit_reading_time":0,"_editorskit_is_block_options_detached":false,"_editorskit_block_options_position":"{}","site-sidebar-layout":"default","site-content-layout":"","ast-site-content-layout":"default","site-content-style":"default","site-sidebar-style":"default","ast-global-header-display":"","ast-banner-title-visibility":"","ast-main-header-display":"","ast-hfb-above-header-display":"","ast-hfb-below-header-display":"","ast-hfb-mobile-header-display":"","site-post-title":"","ast-breadcrumbs-content":"","ast-featured-img":"","footer-sml-layout":"","ast-disable-related-posts":"","theme-transparent-header-meta":"","adv-header-id-meta":"","stick-header-meta":"","header-above-stick-meta":"","header-main-stick-meta":"","header-below-stick-meta":"","astra-migrate-meta-layouts":"default","ast-page-background-enabled":"default","ast-page-background-meta":{"desktop":{"background-color":"var(--ast-global-color-4)","background-image":"","background-repeat":"repeat","background-position":"center center","background-size":"auto","background-attachment":"scroll","background-type":"","background-media":"","overlay-type":"","overlay-color":"","overlay-opacity":"","overlay-gradient":""},"tablet":{"background-color":"","background-image":"","background-repeat":"repeat","background-position":"center center","background-size":"auto","background-attachment":"scroll","background-type":"","background-media":"","overlay-type":"","overlay-color":"","overlay-opacity":"","overlay-gradient":""},"mobile":{"background-color":"","background-image":"","background-repeat":"repeat","background-position":"center center","background-size":"auto","background-attachment":"scroll","background-type":"","background-media":"","overlay-type":"","overlay-color":"","overlay-opacity":"","overlay-gradient":""}},"ast-content-background-meta":{"desktop":{"background-color":"var(--ast-global-color-5)","background-image":"","background-repeat":"repeat","background-position":"center center","background-size":"auto","background-attachment":"scroll","background-type":"","background-media":"","overlay-type":"","overlay-color":"","overlay-opacity":"","overlay-gradient":""},"tablet":{"background-color":"var(--ast-global-color-5)","background-image":"","background-repeat":"repeat","background-position":"center center","background-size":"auto","background-attachment":"scroll","background-type":"","background-media":"","overlay-type":"","overlay-color":"","overlay-opacity":"","overlay-gradient":""},"mobile":{"background-color":"var(--ast-global-color-5)","background-image":"","background-repeat":"repeat","background-position":"center center","background-size":"auto","background-attachment":"scroll","background-type":"","background-media":"","overlay-type":"","overlay-color":"","overlay-opacity":"","overlay-gradient":""}}},"product_cat":[130,28],"product_tag":[62],"class_list":{"0":"post-1841","1":"product","2":"type-product","3":"status-publish","4":"has-post-thumbnail","6":"product_cat-eudeba-libro","7":"product_cat-libro","8":"product_tag-literatura","9":"desktop-align-left","10":"tablet-align-left","11":"mobile-align-left","13":"first","14":"instock","15":"shipping-taxable","16":"purchasable","17":"product-type-simple"},"acf":[],"uagb_featured_image_src":{"full":["https:\/\/biblio1.mdp.edu.ar\/centro-ventas\/wp-content\/uploads\/sites\/2\/2019\/09\/dracula9789502313481.jpg",171,224,false],"thumbnail":["https:\/\/biblio1.mdp.edu.ar\/centro-ventas\/wp-content\/uploads\/sites\/2\/2019\/09\/dracula9789502313481-150x150.jpg",150,150,true],"medium":["https:\/\/biblio1.mdp.edu.ar\/centro-ventas\/wp-content\/uploads\/sites\/2\/2019\/09\/dracula9789502313481.jpg",171,224,false],"medium_large":["https:\/\/biblio1.mdp.edu.ar\/centro-ventas\/wp-content\/uploads\/sites\/2\/2019\/09\/dracula9789502313481.jpg",171,224,false],"large":["https:\/\/biblio1.mdp.edu.ar\/centro-ventas\/wp-content\/uploads\/sites\/2\/2019\/09\/dracula9789502313481.jpg",171,224,false],"1536x1536":["https:\/\/biblio1.mdp.edu.ar\/centro-ventas\/wp-content\/uploads\/sites\/2\/2019\/09\/dracula9789502313481.jpg",171,224,false],"2048x2048":["https:\/\/biblio1.mdp.edu.ar\/centro-ventas\/wp-content\/uploads\/sites\/2\/2019\/09\/dracula9789502313481.jpg",171,224,false],"woocommerce_thumbnail":["https:\/\/biblio1.mdp.edu.ar\/centro-ventas\/wp-content\/uploads\/sites\/2\/2019\/09\/dracula9789502313481.jpg",171,224,false],"woocommerce_single":["https:\/\/biblio1.mdp.edu.ar\/centro-ventas\/wp-content\/uploads\/sites\/2\/2019\/09\/dracula9789502313481.jpg",171,224,false],"woocommerce_gallery_thumbnail":["https:\/\/biblio1.mdp.edu.ar\/centro-ventas\/wp-content\/uploads\/sites\/2\/2019\/09\/dracula9789502313481-100x100.jpg",100,100,true]},"uagb_author_info":{"display_name":"Cristina Bernabe","author_link":"https:\/\/biblio1.mdp.edu.ar\/centro-ventas\/author\/"},"uagb_comment_info":0,"uagb_excerpt":"Rese\u00f1a\u00a0 Las nuevas generaciones experimentan en la actualidad un enorme inter\u00e9s por las historias de vampiros. Su desarrollo en la literatura y en el cine ha dado lugar a la creaci\u00f3n de nuevas caracter\u00edsticas dentro de un g\u00e9nero de larga tradici\u00f3n y ha generado una renovaci\u00f3n profunda de los modelos existentes. Sin embargo, un regreso&hellip;","_links":{"self":[{"href":"https:\/\/biblio1.mdp.edu.ar\/centro-ventas\/wp-json\/wp\/v2\/product\/1841","targetHints":{"allow":["GET"]}}],"collection":[{"href":"https:\/\/biblio1.mdp.edu.ar\/centro-ventas\/wp-json\/wp\/v2\/product"}],"about":[{"href":"https:\/\/biblio1.mdp.edu.ar\/centro-ventas\/wp-json\/wp\/v2\/types\/product"}],"wp:featuredmedia":[{"embeddable":true,"href":"https:\/\/biblio1.mdp.edu.ar\/centro-ventas\/wp-json\/wp\/v2\/media\/1842"}],"wp:attachment":[{"href":"https:\/\/biblio1.mdp.edu.ar\/centro-ventas\/wp-json\/wp\/v2\/media?parent=1841"}],"wp:term":[{"taxonomy":"product_cat","embeddable":true,"href":"https:\/\/biblio1.mdp.edu.ar\/centro-ventas\/wp-json\/wp\/v2\/product_cat?post=1841"},{"taxonomy":"product_tag","embeddable":true,"href":"https:\/\/biblio1.mdp.edu.ar\/centro-ventas\/wp-json\/wp\/v2\/product_tag?post=1841"}],"curies":[{"name":"wp","href":"https:\/\/api.w.org\/{rel}","templated":true}]}}