{"id":1833,"date":"2019-09-25T20:19:30","date_gmt":"2019-09-25T23:19:30","guid":{"rendered":"http:\/\/biblio1.mdp.edu.ar\/centro-ventas\/?post_type=product&#038;p=1833"},"modified":"2025-10-16T17:01:16","modified_gmt":"2025-10-16T20:01:16","slug":"gotan","status":"publish","type":"product","link":"https:\/\/biblio1.mdp.edu.ar\/centro-ventas\/producto\/gotan\/","title":{"rendered":"Got\u00e1n"},"content":{"rendered":"<div class=\"\">\n<div id=\"ContentPlaceHolderSubHeader_rptFichaSubtitulo_contenedorTemas_0\" class=\"col-xs-12 menu\">\n<div class=\"temas\"><\/div>\n<\/div>\n<\/div>\n<div class=\"\">\n<p><b><\/b> <strong><span id=\"ContentPlaceHolderSubHeader_rptFichaSubtitulo_prop_coleccion_0\">Serie de los dos siglos<\/span><\/strong><\/p>\n<p><span style=\"color: #666666;font-size: 1.25rem;line-height: 1.4\">Rese\u00f1a\u00a0<\/span><\/p>\n<\/div>\n<div class=\"container primary\">\n<div class=\"row\">\n<div id=\"contenedorCentral\" class=\"col-xs-12 col-sm-12 col-md-8 cont-central\">\n<div class=\"ficha\">\n<section id=\"ContentPlaceHolderContenido_rptFicha_sectionResenia_0\" class=\"resenia lResenia\">\n<p id=\"ContentPlaceHolderContenido_rptFicha_prop_description_0\" class=\"collapse in resenia\">Desde su publicaci\u00f3n en 1962, Got\u00e1n fue un libro especialmente elogiado por numerosas voces de la cultura, que coincid\u00edan en reconocerlo como el hallazgo de una voz original, literariamente s\u00f3lida y madura, que ingresaba por derecho propio a la biblioteca m\u00e1s apreciada de la nueva poes\u00eda hispanoamericana. Luego vendr\u00eda m\u00e1s de una veintena de otros t\u00edtulos que hacen de Juan Gelman uno de los poetas contempor\u00e1neos en lengua castellana con mayor reconocimiento internacional. Por esa labor po\u00e9tica copiosa y crecientemente elogiada, recibi\u00f3 numerosos premios, entre los que se destacan el Juan Rulfo, el Reina Sof\u00eda y el Premio Cervantes. La historiograf\u00eda literaria especializada lo cuenta entre los poetas argentinos m\u00e1s importantes de las \u00faltimas cinco d\u00e9cadas.<\/p>\n<\/section>\n<div class=\"row\">\n<section id=\"ContentPlaceHolderContenido_rptFicha_autorBio_0_resultadoEnriquecido_0_sectionContainer_0\" class=\"resultado-enriquecido col-md-12 padding-top autor-info\">\n<h2 class=\"clearfix subrayado\"><strong><span class=\"col-xs-9 col-sm-10\"> Acerca del autor Juan Gelman<\/span><\/strong><\/h2>\n<div class=\"row collapse in info\">\n<div id=\"ContentPlaceHolderContenido_rptFicha_autorBio_0_resultadoEnriquecido_0_textoContainer_0\" class=\"col-xs-12 texto\">Naci\u00f3 en 1930. En 1956 apareci\u00f3 su primera obra, Viol\u00edn y otras cuestiones, prologada por Ra\u00fal Gonz\u00e1lez Tu\u00f1\u00f3n, y recibi\u00f3 en forma instant\u00e1nea un gran reconocimiento. Toda su vida estuvo comprometido pol\u00edticamente en partidos y organizaciones preocupados por cambiar la sociedad. Esto lo oblig\u00f3 a mantener un prolongado exilio durante los a\u00f1os de la dictadura militar; a pesar de que viaja seguido a la Argentina, nunca volvi\u00f3 a radicarse en nuestro pa\u00eds y reside actualmente en M\u00e9xico.<\/div>\n<\/div>\n<\/section>\n<\/div>\n<\/div>\n<\/div>\n<\/div>\n<\/div>\n","protected":false},"excerpt":{"rendered":"<p>Serie de los dos siglos Rese\u00f1a\u00a0 Desde su publicaci\u00f3n en 1962, Got\u00e1n fue un libro especialmente elogiado por numerosas voces de la cultura, que coincid\u00edan en reconocerlo como el hallazgo de una voz original, literariamente s\u00f3lida y madura, que ingresaba por derecho propio a la biblioteca m\u00e1s apreciada de la nueva poes\u00eda hispanoamericana. Luego vendr\u00eda [&hellip;]<\/p>\n","protected":false},"featured_media":1826,"template":"","meta":{"_acf_changed":false,"_eb_attr":"","_crdt_document":"","_uag_custom_page_level_css":"","_editorskit_title_hidden":false,"_editorskit_reading_time":0,"_editorskit_is_block_options_detached":false,"_editorskit_block_options_position":"{}","site-sidebar-layout":"default","site-content-layout":"","ast-site-content-layout":"default","site-content-style":"default","site-sidebar-style":"default","ast-global-header-display":"","ast-banner-title-visibility":"","ast-main-header-display":"","ast-hfb-above-header-display":"","ast-hfb-below-header-display":"","ast-hfb-mobile-header-display":"","site-post-title":"","ast-breadcrumbs-content":"","ast-featured-img":"","footer-sml-layout":"","ast-disable-related-posts":"","theme-transparent-header-meta":"","adv-header-id-meta":"","stick-header-meta":"","header-above-stick-meta":"","header-main-stick-meta":"","header-below-stick-meta":"","astra-migrate-meta-layouts":"default","ast-page-background-enabled":"default","ast-page-background-meta":{"desktop":{"background-color":"var(--ast-global-color-4)","background-image":"","background-repeat":"repeat","background-position":"center center","background-size":"auto","background-attachment":"scroll","background-type":"","background-media":"","overlay-type":"","overlay-color":"","overlay-opacity":"","overlay-gradient":""},"tablet":{"background-color":"","background-image":"","background-repeat":"repeat","background-position":"center center","background-size":"auto","background-attachment":"scroll","background-type":"","background-media":"","overlay-type":"","overlay-color":"","overlay-opacity":"","overlay-gradient":""},"mobile":{"background-color":"","background-image":"","background-repeat":"repeat","background-position":"center center","background-size":"auto","background-attachment":"scroll","background-type":"","background-media":"","overlay-type":"","overlay-color":"","overlay-opacity":"","overlay-gradient":""}},"ast-content-background-meta":{"desktop":{"background-color":"var(--ast-global-color-5)","background-image":"","background-repeat":"repeat","background-position":"center center","background-size":"auto","background-attachment":"scroll","background-type":"","background-media":"","overlay-type":"","overlay-color":"","overlay-opacity":"","overlay-gradient":""},"tablet":{"background-color":"var(--ast-global-color-5)","background-image":"","background-repeat":"repeat","background-position":"center center","background-size":"auto","background-attachment":"scroll","background-type":"","background-media":"","overlay-type":"","overlay-color":"","overlay-opacity":"","overlay-gradient":""},"mobile":{"background-color":"var(--ast-global-color-5)","background-image":"","background-repeat":"repeat","background-position":"center center","background-size":"auto","background-attachment":"scroll","background-type":"","background-media":"","overlay-type":"","overlay-color":"","overlay-opacity":"","overlay-gradient":""}}},"product_cat":[130,28],"product_tag":[62,139],"class_list":{"0":"post-1833","1":"product","2":"type-product","3":"status-publish","4":"has-post-thumbnail","6":"product_cat-eudeba-libro","7":"product_cat-libro","8":"product_tag-literatura","9":"product_tag-poesia","10":"desktop-align-left","11":"tablet-align-left","12":"mobile-align-left","14":"first","15":"instock","16":"shipping-taxable","17":"purchasable","18":"product-type-simple"},"acf":[],"uagb_featured_image_src":{"full":["https:\/\/biblio1.mdp.edu.ar\/centro-ventas\/wp-content\/uploads\/sites\/2\/2019\/09\/9789502318714.png.jpg",175,250,false],"thumbnail":["https:\/\/biblio1.mdp.edu.ar\/centro-ventas\/wp-content\/uploads\/sites\/2\/2019\/09\/9789502318714.png-150x150.jpg",150,150,true],"medium":["https:\/\/biblio1.mdp.edu.ar\/centro-ventas\/wp-content\/uploads\/sites\/2\/2019\/09\/9789502318714.png.jpg",175,250,false],"medium_large":["https:\/\/biblio1.mdp.edu.ar\/centro-ventas\/wp-content\/uploads\/sites\/2\/2019\/09\/9789502318714.png.jpg",175,250,false],"large":["https:\/\/biblio1.mdp.edu.ar\/centro-ventas\/wp-content\/uploads\/sites\/2\/2019\/09\/9789502318714.png.jpg",175,250,false],"1536x1536":["https:\/\/biblio1.mdp.edu.ar\/centro-ventas\/wp-content\/uploads\/sites\/2\/2019\/09\/9789502318714.png.jpg",175,250,false],"2048x2048":["https:\/\/biblio1.mdp.edu.ar\/centro-ventas\/wp-content\/uploads\/sites\/2\/2019\/09\/9789502318714.png.jpg",175,250,false],"woocommerce_thumbnail":["https:\/\/biblio1.mdp.edu.ar\/centro-ventas\/wp-content\/uploads\/sites\/2\/2019\/09\/9789502318714.png.jpg",175,250,false],"woocommerce_single":["https:\/\/biblio1.mdp.edu.ar\/centro-ventas\/wp-content\/uploads\/sites\/2\/2019\/09\/9789502318714.png.jpg",175,250,false],"woocommerce_gallery_thumbnail":["https:\/\/biblio1.mdp.edu.ar\/centro-ventas\/wp-content\/uploads\/sites\/2\/2019\/09\/9789502318714.png-100x100.jpg",100,100,true]},"uagb_author_info":{"display_name":"Cristina Bernabe","author_link":"https:\/\/biblio1.mdp.edu.ar\/centro-ventas\/author\/"},"uagb_comment_info":0,"uagb_excerpt":"Serie de los dos siglos Rese\u00f1a\u00a0 Desde su publicaci\u00f3n en 1962, Got\u00e1n fue un libro especialmente elogiado por numerosas voces de la cultura, que coincid\u00edan en reconocerlo como el hallazgo de una voz original, literariamente s\u00f3lida y madura, que ingresaba por derecho propio a la biblioteca m\u00e1s apreciada de la nueva poes\u00eda hispanoamericana. Luego vendr\u00eda&hellip;","_links":{"self":[{"href":"https:\/\/biblio1.mdp.edu.ar\/centro-ventas\/wp-json\/wp\/v2\/product\/1833","targetHints":{"allow":["GET"]}}],"collection":[{"href":"https:\/\/biblio1.mdp.edu.ar\/centro-ventas\/wp-json\/wp\/v2\/product"}],"about":[{"href":"https:\/\/biblio1.mdp.edu.ar\/centro-ventas\/wp-json\/wp\/v2\/types\/product"}],"wp:featuredmedia":[{"embeddable":true,"href":"https:\/\/biblio1.mdp.edu.ar\/centro-ventas\/wp-json\/wp\/v2\/media\/1826"}],"wp:attachment":[{"href":"https:\/\/biblio1.mdp.edu.ar\/centro-ventas\/wp-json\/wp\/v2\/media?parent=1833"}],"wp:term":[{"taxonomy":"product_cat","embeddable":true,"href":"https:\/\/biblio1.mdp.edu.ar\/centro-ventas\/wp-json\/wp\/v2\/product_cat?post=1833"},{"taxonomy":"product_tag","embeddable":true,"href":"https:\/\/biblio1.mdp.edu.ar\/centro-ventas\/wp-json\/wp\/v2\/product_tag?post=1833"}],"curies":[{"name":"wp","href":"https:\/\/api.w.org\/{rel}","templated":true}]}}