{"id":1830,"date":"2019-09-25T20:12:04","date_gmt":"2019-09-25T23:12:04","guid":{"rendered":"http:\/\/biblio1.mdp.edu.ar\/centro-ventas\/?post_type=product&#038;p=1830"},"modified":"2025-10-16T16:47:33","modified_gmt":"2025-10-16T19:47:33","slug":"facundo","status":"publish","type":"product","link":"https:\/\/biblio1.mdp.edu.ar\/centro-ventas\/producto\/facundo\/","title":{"rendered":"Facundo"},"content":{"rendered":"<p><strong>Colecci\u00f3n Serie de los dos siglos<\/strong><\/p>\n<p>Rese\u00f1a<\/p>\n<p>&#8230;esa voz que no deja de hacerse o\u00edr en el Facundo, intercalada entre los relatos, los argumentos o los cuadros de costumbres, nos recuerda la presencia del predicador, cuya plataforma no es, en este caso, la del pulpito, sino la plataforma mundana de la civilizaci\u00f3n. Aunque invoca constantemente a su lector, el texto parece reclamar no s\u00f3lo la recepci\u00f3n de la lectura, sino la recepci\u00f3n y el eco de una audiencia, ante la cual discurre una palabra cuyo ritmo y cuyo timbre var\u00edan seg\u00fan una amplia gama de tonos y que parece disfrutar, a la vez, de la evocaci\u00f3n hist\u00f3rica y del adoctrinamiento, de la digresi\u00f3n y de la pol\u00e9mica. A trav\u00e9s del movimiento que anima ese verbo, se abren paso la representaci\u00f3n y la norma, la figuraci\u00f3n de los hechos y la prescripci\u00f3n.<\/p>\n<p><strong>Acerca del autor Domingo Faustino Sarmiento<\/strong><br \/>\nNaci\u00f3 en 1811 en la provincia de San Juan. Tuvo una formaci\u00f3n autodidacta, aprendi\u00f3 a leer de corrido a los 4 a\u00f1os y empez\u00f3 la escuela a los cinco en la Escuela de la Patria, de su ciudad natal. A los quince a\u00f1os fund\u00f3 su primera escuela en San Francisco del Monte de Oro (provincia de San Luis), donde ya se desempe\u00f1aba como maestro. Durante la Guerra Civil, a finales de la d\u00e9cada de 1820, combati\u00f3 en el bando liberal, y cuando Juan Manuel de Rosas estableci\u00f3 su dictadura en 1835, parti\u00f3 como exiliado a Chile. En este pa\u00eds trabaj\u00f3 como periodista y profesor, y fue all\u00ed donde public\u00f3 Facundo, civilizaci\u00f3n y barbarie (1845), que se convirti\u00f3 en un cl\u00e1sico de la literatura argentina. En 1842 comenz\u00f3 a ejercer como director de la Escuela Normal de Preceptores en Santiago y, tres a\u00f1os m\u00e1s tarde, viaj\u00f3 a Europa y Estados Unidos para estudiar sus sistemas educativos.<\/p>\n","protected":false},"excerpt":{"rendered":"<p>Colecci\u00f3n Serie de los dos siglos Rese\u00f1a &#8230;esa voz que no deja de hacerse o\u00edr en el Facundo, intercalada entre los relatos, los argumentos o los cuadros de costumbres, nos recuerda la presencia del predicador, cuya plataforma no es, en este caso, la del pulpito, sino la plataforma mundana de la civilizaci\u00f3n. Aunque invoca constantemente [&hellip;]<\/p>\n","protected":false},"featured_media":1831,"template":"","meta":{"_acf_changed":false,"_eb_attr":"","_crdt_document":"","_uag_custom_page_level_css":"","_editorskit_title_hidden":false,"_editorskit_reading_time":0,"_editorskit_is_block_options_detached":false,"_editorskit_block_options_position":"{}","site-sidebar-layout":"default","site-content-layout":"","ast-site-content-layout":"default","site-content-style":"default","site-sidebar-style":"default","ast-global-header-display":"","ast-banner-title-visibility":"","ast-main-header-display":"","ast-hfb-above-header-display":"","ast-hfb-below-header-display":"","ast-hfb-mobile-header-display":"","site-post-title":"","ast-breadcrumbs-content":"","ast-featured-img":"","footer-sml-layout":"","ast-disable-related-posts":"","theme-transparent-header-meta":"","adv-header-id-meta":"","stick-header-meta":"","header-above-stick-meta":"","header-main-stick-meta":"","header-below-stick-meta":"","astra-migrate-meta-layouts":"default","ast-page-background-enabled":"default","ast-page-background-meta":{"desktop":{"background-color":"var(--ast-global-color-4)","background-image":"","background-repeat":"repeat","background-position":"center center","background-size":"auto","background-attachment":"scroll","background-type":"","background-media":"","overlay-type":"","overlay-color":"","overlay-opacity":"","overlay-gradient":""},"tablet":{"background-color":"","background-image":"","background-repeat":"repeat","background-position":"center center","background-size":"auto","background-attachment":"scroll","background-type":"","background-media":"","overlay-type":"","overlay-color":"","overlay-opacity":"","overlay-gradient":""},"mobile":{"background-color":"","background-image":"","background-repeat":"repeat","background-position":"center center","background-size":"auto","background-attachment":"scroll","background-type":"","background-media":"","overlay-type":"","overlay-color":"","overlay-opacity":"","overlay-gradient":""}},"ast-content-background-meta":{"desktop":{"background-color":"var(--ast-global-color-5)","background-image":"","background-repeat":"repeat","background-position":"center center","background-size":"auto","background-attachment":"scroll","background-type":"","background-media":"","overlay-type":"","overlay-color":"","overlay-opacity":"","overlay-gradient":""},"tablet":{"background-color":"var(--ast-global-color-5)","background-image":"","background-repeat":"repeat","background-position":"center center","background-size":"auto","background-attachment":"scroll","background-type":"","background-media":"","overlay-type":"","overlay-color":"","overlay-opacity":"","overlay-gradient":""},"mobile":{"background-color":"var(--ast-global-color-5)","background-image":"","background-repeat":"repeat","background-position":"center center","background-size":"auto","background-attachment":"scroll","background-type":"","background-media":"","overlay-type":"","overlay-color":"","overlay-opacity":"","overlay-gradient":""}}},"product_cat":[130,28],"product_tag":[62],"class_list":{"0":"post-1830","1":"product","2":"type-product","3":"status-publish","4":"has-post-thumbnail","6":"product_cat-eudeba-libro","7":"product_cat-libro","8":"product_tag-literatura","9":"desktop-align-left","10":"tablet-align-left","11":"mobile-align-left","13":"first","14":"instock","15":"shipping-taxable","16":"purchasable","17":"product-type-simple"},"acf":[],"uagb_featured_image_src":{"full":["https:\/\/biblio1.mdp.edu.ar\/centro-ventas\/wp-content\/uploads\/sites\/2\/2019\/09\/9789502317922.png.jpg",288,396,false],"thumbnail":["https:\/\/biblio1.mdp.edu.ar\/centro-ventas\/wp-content\/uploads\/sites\/2\/2019\/09\/9789502317922.png-150x150.jpg",150,150,true],"medium":["https:\/\/biblio1.mdp.edu.ar\/centro-ventas\/wp-content\/uploads\/sites\/2\/2019\/09\/9789502317922.png-218x300.jpg",218,300,true],"medium_large":["https:\/\/biblio1.mdp.edu.ar\/centro-ventas\/wp-content\/uploads\/sites\/2\/2019\/09\/9789502317922.png.jpg",288,396,false],"large":["https:\/\/biblio1.mdp.edu.ar\/centro-ventas\/wp-content\/uploads\/sites\/2\/2019\/09\/9789502317922.png.jpg",288,396,false],"1536x1536":["https:\/\/biblio1.mdp.edu.ar\/centro-ventas\/wp-content\/uploads\/sites\/2\/2019\/09\/9789502317922.png.jpg",288,396,false],"2048x2048":["https:\/\/biblio1.mdp.edu.ar\/centro-ventas\/wp-content\/uploads\/sites\/2\/2019\/09\/9789502317922.png.jpg",288,396,false],"woocommerce_thumbnail":["https:\/\/biblio1.mdp.edu.ar\/centro-ventas\/wp-content\/uploads\/sites\/2\/2019\/09\/9789502317922.png.jpg",288,396,false],"woocommerce_single":["https:\/\/biblio1.mdp.edu.ar\/centro-ventas\/wp-content\/uploads\/sites\/2\/2019\/09\/9789502317922.png.jpg",288,396,false],"woocommerce_gallery_thumbnail":["https:\/\/biblio1.mdp.edu.ar\/centro-ventas\/wp-content\/uploads\/sites\/2\/2019\/09\/9789502317922.png-100x100.jpg",100,100,true]},"uagb_author_info":{"display_name":"Cristina Bernabe","author_link":"https:\/\/biblio1.mdp.edu.ar\/centro-ventas\/author\/"},"uagb_comment_info":0,"uagb_excerpt":"Colecci\u00f3n Serie de los dos siglos Rese\u00f1a &#8230;esa voz que no deja de hacerse o\u00edr en el Facundo, intercalada entre los relatos, los argumentos o los cuadros de costumbres, nos recuerda la presencia del predicador, cuya plataforma no es, en este caso, la del pulpito, sino la plataforma mundana de la civilizaci\u00f3n. Aunque invoca constantemente&hellip;","_links":{"self":[{"href":"https:\/\/biblio1.mdp.edu.ar\/centro-ventas\/wp-json\/wp\/v2\/product\/1830","targetHints":{"allow":["GET"]}}],"collection":[{"href":"https:\/\/biblio1.mdp.edu.ar\/centro-ventas\/wp-json\/wp\/v2\/product"}],"about":[{"href":"https:\/\/biblio1.mdp.edu.ar\/centro-ventas\/wp-json\/wp\/v2\/types\/product"}],"wp:featuredmedia":[{"embeddable":true,"href":"https:\/\/biblio1.mdp.edu.ar\/centro-ventas\/wp-json\/wp\/v2\/media\/1831"}],"wp:attachment":[{"href":"https:\/\/biblio1.mdp.edu.ar\/centro-ventas\/wp-json\/wp\/v2\/media?parent=1830"}],"wp:term":[{"taxonomy":"product_cat","embeddable":true,"href":"https:\/\/biblio1.mdp.edu.ar\/centro-ventas\/wp-json\/wp\/v2\/product_cat?post=1830"},{"taxonomy":"product_tag","embeddable":true,"href":"https:\/\/biblio1.mdp.edu.ar\/centro-ventas\/wp-json\/wp\/v2\/product_tag?post=1830"}],"curies":[{"name":"wp","href":"https:\/\/api.w.org\/{rel}","templated":true}]}}