{"id":1825,"date":"2019-09-25T19:38:06","date_gmt":"2019-09-25T22:38:06","guid":{"rendered":"http:\/\/biblio1.mdp.edu.ar\/centro-ventas\/?post_type=product&#038;p=1825"},"modified":"2025-10-16T17:09:02","modified_gmt":"2025-10-16T20:09:02","slug":"la-cautiva-el-matadero","status":"publish","type":"product","link":"https:\/\/biblio1.mdp.edu.ar\/centro-ventas\/producto\/la-cautiva-el-matadero\/","title":{"rendered":"La cautiva \u2013 El matadero"},"content":{"rendered":"<p><strong>Colecci\u00f3n Serie de los dos siglos<\/strong><\/p>\n<p>Rese\u00f1a<\/p>\n<p>La llamada Generaci\u00f3n del 37 entreg\u00f3 a la literatura nacional piezas fundamentales para su constituci\u00f3n como tal. Entre ellas, son insoslayables dos de las creaciones literarias m\u00e1s conocidas de Esteban Echeverr\u00eda: La cautiva y El matadero. La primera, una pieza po\u00e9tica donde se expresa la evidente filiaci\u00f3n rom\u00e1ntica de su autor; el segundo, considerado como la primera manifestaci\u00f3n de ficci\u00f3n en las tierras argentinas. Esta edici\u00f3n incluye adem\u00e1s un pr\u00f3logo a cargo de Carlos Gamerro que ofrece una mirada actual e interesante de estas piezas ya consagradas.<\/p>\n<p><strong>Acerca del autor Esteban Echeverr\u00eda<\/strong><br \/>\nEs quiz\u00e1s el m\u00e1s conocido exponente de la Generaci\u00f3n del 37. Naci\u00f3 en Buenos Aires en 1805 y muri\u00f3 en Montevideo en 1851. En 1825 viaj\u00f3 a Francia donde tom\u00f3 contacto con la poes\u00eda rom\u00e1ntica de la que recibi\u00f3 una fuerte inspiraci\u00f3n para su obra. De regreso a Buenos Aires particip\u00f3 activamente en el Sal\u00f3n Literario de Marcos Sastre hasta que fue cerrado por Rosas. Luego, fund\u00f3 la Asociaci\u00f3n de la Joven Generaci\u00f3n Argentina, luego llamada Asociaci\u00f3n Mayo. Termin\u00f3 sus d\u00edas exiliado en Uruguay por su declarada enemistad con el gobierno rosista.<\/p>\n","protected":false},"excerpt":{"rendered":"<p>Colecci\u00f3n Serie de los dos siglos Rese\u00f1a La llamada Generaci\u00f3n del 37 entreg\u00f3 a la literatura nacional piezas fundamentales para su constituci\u00f3n como tal. Entre ellas, son insoslayables dos de las creaciones literarias m\u00e1s conocidas de Esteban Echeverr\u00eda: La cautiva y El matadero. La primera, una pieza po\u00e9tica donde se expresa la evidente filiaci\u00f3n rom\u00e1ntica [&hellip;]<\/p>\n","protected":false},"featured_media":1828,"template":"","meta":{"_acf_changed":false,"_eb_attr":"","_crdt_document":"","_uag_custom_page_level_css":"","_editorskit_title_hidden":false,"_editorskit_reading_time":0,"_editorskit_is_block_options_detached":false,"_editorskit_block_options_position":"{}","site-sidebar-layout":"default","site-content-layout":"","ast-site-content-layout":"default","site-content-style":"default","site-sidebar-style":"default","ast-global-header-display":"","ast-banner-title-visibility":"","ast-main-header-display":"","ast-hfb-above-header-display":"","ast-hfb-below-header-display":"","ast-hfb-mobile-header-display":"","site-post-title":"","ast-breadcrumbs-content":"","ast-featured-img":"","footer-sml-layout":"","ast-disable-related-posts":"","theme-transparent-header-meta":"","adv-header-id-meta":"","stick-header-meta":"","header-above-stick-meta":"","header-main-stick-meta":"","header-below-stick-meta":"","astra-migrate-meta-layouts":"default","ast-page-background-enabled":"default","ast-page-background-meta":{"desktop":{"background-color":"var(--ast-global-color-4)","background-image":"","background-repeat":"repeat","background-position":"center center","background-size":"auto","background-attachment":"scroll","background-type":"","background-media":"","overlay-type":"","overlay-color":"","overlay-opacity":"","overlay-gradient":""},"tablet":{"background-color":"","background-image":"","background-repeat":"repeat","background-position":"center center","background-size":"auto","background-attachment":"scroll","background-type":"","background-media":"","overlay-type":"","overlay-color":"","overlay-opacity":"","overlay-gradient":""},"mobile":{"background-color":"","background-image":"","background-repeat":"repeat","background-position":"center center","background-size":"auto","background-attachment":"scroll","background-type":"","background-media":"","overlay-type":"","overlay-color":"","overlay-opacity":"","overlay-gradient":""}},"ast-content-background-meta":{"desktop":{"background-color":"var(--ast-global-color-5)","background-image":"","background-repeat":"repeat","background-position":"center center","background-size":"auto","background-attachment":"scroll","background-type":"","background-media":"","overlay-type":"","overlay-color":"","overlay-opacity":"","overlay-gradient":""},"tablet":{"background-color":"var(--ast-global-color-5)","background-image":"","background-repeat":"repeat","background-position":"center center","background-size":"auto","background-attachment":"scroll","background-type":"","background-media":"","overlay-type":"","overlay-color":"","overlay-opacity":"","overlay-gradient":""},"mobile":{"background-color":"var(--ast-global-color-5)","background-image":"","background-repeat":"repeat","background-position":"center center","background-size":"auto","background-attachment":"scroll","background-type":"","background-media":"","overlay-type":"","overlay-color":"","overlay-opacity":"","overlay-gradient":""}}},"product_cat":[130,28],"product_tag":[62],"class_list":{"0":"post-1825","1":"product","2":"type-product","3":"status-publish","4":"has-post-thumbnail","6":"product_cat-eudeba-libro","7":"product_cat-libro","8":"product_tag-literatura","9":"desktop-align-left","10":"tablet-align-left","11":"mobile-align-left","13":"first","14":"instock","15":"shipping-taxable","16":"purchasable","17":"product-type-simple"},"acf":[],"uagb_featured_image_src":{"full":["https:\/\/biblio1.mdp.edu.ar\/centro-ventas\/wp-content\/uploads\/sites\/2\/2019\/09\/9789502317977.png.jpg",167,250,false],"thumbnail":["https:\/\/biblio1.mdp.edu.ar\/centro-ventas\/wp-content\/uploads\/sites\/2\/2019\/09\/9789502317977.png-150x150.jpg",150,150,true],"medium":["https:\/\/biblio1.mdp.edu.ar\/centro-ventas\/wp-content\/uploads\/sites\/2\/2019\/09\/9789502317977.png.jpg",167,250,false],"medium_large":["https:\/\/biblio1.mdp.edu.ar\/centro-ventas\/wp-content\/uploads\/sites\/2\/2019\/09\/9789502317977.png.jpg",167,250,false],"large":["https:\/\/biblio1.mdp.edu.ar\/centro-ventas\/wp-content\/uploads\/sites\/2\/2019\/09\/9789502317977.png.jpg",167,250,false],"1536x1536":["https:\/\/biblio1.mdp.edu.ar\/centro-ventas\/wp-content\/uploads\/sites\/2\/2019\/09\/9789502317977.png.jpg",167,250,false],"2048x2048":["https:\/\/biblio1.mdp.edu.ar\/centro-ventas\/wp-content\/uploads\/sites\/2\/2019\/09\/9789502317977.png.jpg",167,250,false],"woocommerce_thumbnail":["https:\/\/biblio1.mdp.edu.ar\/centro-ventas\/wp-content\/uploads\/sites\/2\/2019\/09\/9789502317977.png.jpg",167,250,false],"woocommerce_single":["https:\/\/biblio1.mdp.edu.ar\/centro-ventas\/wp-content\/uploads\/sites\/2\/2019\/09\/9789502317977.png.jpg",167,250,false],"woocommerce_gallery_thumbnail":["https:\/\/biblio1.mdp.edu.ar\/centro-ventas\/wp-content\/uploads\/sites\/2\/2019\/09\/9789502317977.png-100x100.jpg",100,100,true]},"uagb_author_info":{"display_name":"Cristina Bernabe","author_link":"https:\/\/biblio1.mdp.edu.ar\/centro-ventas\/author\/"},"uagb_comment_info":0,"uagb_excerpt":"Colecci\u00f3n Serie de los dos siglos Rese\u00f1a La llamada Generaci\u00f3n del 37 entreg\u00f3 a la literatura nacional piezas fundamentales para su constituci\u00f3n como tal. Entre ellas, son insoslayables dos de las creaciones literarias m\u00e1s conocidas de Esteban Echeverr\u00eda: La cautiva y El matadero. La primera, una pieza po\u00e9tica donde se expresa la evidente filiaci\u00f3n rom\u00e1ntica&hellip;","_links":{"self":[{"href":"https:\/\/biblio1.mdp.edu.ar\/centro-ventas\/wp-json\/wp\/v2\/product\/1825","targetHints":{"allow":["GET"]}}],"collection":[{"href":"https:\/\/biblio1.mdp.edu.ar\/centro-ventas\/wp-json\/wp\/v2\/product"}],"about":[{"href":"https:\/\/biblio1.mdp.edu.ar\/centro-ventas\/wp-json\/wp\/v2\/types\/product"}],"wp:featuredmedia":[{"embeddable":true,"href":"https:\/\/biblio1.mdp.edu.ar\/centro-ventas\/wp-json\/wp\/v2\/media\/1828"}],"wp:attachment":[{"href":"https:\/\/biblio1.mdp.edu.ar\/centro-ventas\/wp-json\/wp\/v2\/media?parent=1825"}],"wp:term":[{"taxonomy":"product_cat","embeddable":true,"href":"https:\/\/biblio1.mdp.edu.ar\/centro-ventas\/wp-json\/wp\/v2\/product_cat?post=1825"},{"taxonomy":"product_tag","embeddable":true,"href":"https:\/\/biblio1.mdp.edu.ar\/centro-ventas\/wp-json\/wp\/v2\/product_tag?post=1825"}],"curies":[{"name":"wp","href":"https:\/\/api.w.org\/{rel}","templated":true}]}}