{"id":1764,"date":"2019-08-27T17:33:30","date_gmt":"2019-08-27T20:33:30","guid":{"rendered":"http:\/\/biblio1.mdp.edu.ar\/centro-ventas\/?post_type=product&#038;p=1764"},"modified":"2025-10-16T17:26:16","modified_gmt":"2025-10-16T20:26:16","slug":"lineamientos-para-el-cuidado-nutricional-3ra-ed","status":"publish","type":"product","link":"https:\/\/biblio1.mdp.edu.ar\/centro-ventas\/producto\/lineamientos-para-el-cuidado-nutricional-3ra-ed\/","title":{"rendered":"Lineamientos para el cuidado nutricional 3ra Ed."},"content":{"rendered":"<section id=\"ContentPlaceHolderContenido_rptFicha_sectionResenia_0\" class=\"resenia lResenia\">\n<h2 class=\"clearfix subrayado\"><span class=\"col-xs-9 col-sm-10\">Rese\u00f1a de LINEAMIENTOS PARA EL CUIDADO NUTRICIONAL<\/span><\/h2>\n<p id=\"ContentPlaceHolderContenido_rptFicha_prop_description_0\" class=\"collapse in resenia\">El cuidado nutricional es un proceso tendiente a satisfacer las necesidades nutricionales del individuo. Implica un trabajo interdisciplinario, con el objetivo de intercambiar experiencias, pero, sobre todo, de compartir responsabilidades en la atenci\u00f3n integral del paciente. El libro constituye una herramienta \u00fatil tanto para el estudiante como para el profesional dedicado a la nutrici\u00f3n, as\u00ed como tambi\u00e9n para otros integrantes de equipos de salud interesados en el cuidado nutricional de sus pacientes. En este texto se analizan distintas patolog\u00edas y casos cl\u00ednicos donde el cuidado nutricional cobra especial importancia.<\/p>\n<\/section>\n<div class=\"row\">\n<section id=\"ContentPlaceHolderContenido_rptFicha_autorBio_0_resultadoEnriquecido_0_sectionContainer_0\" class=\"resultado-enriquecido col-md-12 padding-top autor-info\">\n<h2 class=\"clearfix subrayado\"><span class=\"col-xs-9 col-sm-10\">Acerca del autor Mar\u00eda In\u00e9s Somoza<\/span><\/h2>\n<div class=\"row collapse in info\">\n<div id=\"ContentPlaceHolderContenido_rptFicha_autorBio_0_resultadoEnriquecido_0_textoContainer_0\" class=\"col-xs-12 texto\">Es licenciada en Nutrici\u00f3n por la UBA; docente de Dietoterapia del Adulto, C\u00e1tedra I, Carrera de Nutrici\u00f3n, UBA. Es directora de la Carrera de Lic. en Nutrici\u00f3n de la Facultad de Ciencias M\u00e9dicas de la Universidad Favaloro y jefa de la Divisi\u00f3n Alimentaci\u00f3n y Dietoterapia de la Fundaci\u00f3n Favaloro.<\/div>\n<\/div>\n<\/section>\n<\/div>\n","protected":false},"excerpt":{"rendered":"<p>Rese\u00f1a de LINEAMIENTOS PARA EL CUIDADO NUTRICIONAL El cuidado nutricional es un proceso tendiente a satisfacer las necesidades nutricionales del individuo. Implica un trabajo interdisciplinario, con el objetivo de intercambiar experiencias, pero, sobre todo, de compartir responsabilidades en la atenci\u00f3n integral del paciente. El libro constituye una herramienta \u00fatil tanto para el estudiante como para [&hellip;]<\/p>\n","protected":false},"featured_media":1765,"template":"","meta":{"_acf_changed":false,"_eb_attr":"","_crdt_document":"","_uag_custom_page_level_css":"","_editorskit_title_hidden":false,"_editorskit_reading_time":0,"_editorskit_is_block_options_detached":false,"_editorskit_block_options_position":"{}","site-sidebar-layout":"default","site-content-layout":"default","ast-site-content-layout":"default","site-content-style":"default","site-sidebar-style":"default","ast-global-header-display":"","ast-banner-title-visibility":"","ast-main-header-display":"","ast-hfb-above-header-display":"","ast-hfb-below-header-display":"","ast-hfb-mobile-header-display":"","site-post-title":"","ast-breadcrumbs-content":"","ast-featured-img":"","footer-sml-layout":"","ast-disable-related-posts":"","theme-transparent-header-meta":"default","adv-header-id-meta":"","stick-header-meta":"","header-above-stick-meta":"","header-main-stick-meta":"","header-below-stick-meta":"","astra-migrate-meta-layouts":"set","ast-page-background-enabled":"default","ast-page-background-meta":{"desktop":{"background-color":"var(--ast-global-color-4)","background-image":"","background-repeat":"repeat","background-position":"center center","background-size":"auto","background-attachment":"scroll","background-type":"","background-media":"","overlay-type":"","overlay-color":"","overlay-opacity":"","overlay-gradient":""},"tablet":{"background-color":"","background-image":"","background-repeat":"repeat","background-position":"center center","background-size":"auto","background-attachment":"scroll","background-type":"","background-media":"","overlay-type":"","overlay-color":"","overlay-opacity":"","overlay-gradient":""},"mobile":{"background-color":"","background-image":"","background-repeat":"repeat","background-position":"center center","background-size":"auto","background-attachment":"scroll","background-type":"","background-media":"","overlay-type":"","overlay-color":"","overlay-opacity":"","overlay-gradient":""}},"ast-content-background-meta":{"desktop":{"background-color":"var(--ast-global-color-5)","background-image":"","background-repeat":"repeat","background-position":"center center","background-size":"auto","background-attachment":"scroll","background-type":"","background-media":"","overlay-type":"","overlay-color":"","overlay-opacity":"","overlay-gradient":""},"tablet":{"background-color":"var(--ast-global-color-5)","background-image":"","background-repeat":"repeat","background-position":"center center","background-size":"auto","background-attachment":"scroll","background-type":"","background-media":"","overlay-type":"","overlay-color":"","overlay-opacity":"","overlay-gradient":""},"mobile":{"background-color":"var(--ast-global-color-5)","background-image":"","background-repeat":"repeat","background-position":"center center","background-size":"auto","background-attachment":"scroll","background-type":"","background-media":"","overlay-type":"","overlay-color":"","overlay-opacity":"","overlay-gradient":""}}},"product_cat":[130,28,29,168],"product_tag":[17,132,131],"class_list":{"0":"post-1764","1":"product","2":"type-product","3":"status-publish","4":"has-post-thumbnail","6":"product_cat-eudeba-libro","7":"product_cat-libro","8":"product_cat-medicina","9":"product_cat-salud","10":"product_tag-ciencias-de-la-salud","11":"product_tag-nutricion","12":"product_tag-salud","13":"desktop-align-left","14":"tablet-align-left","15":"mobile-align-left","17":"first","18":"instock","19":"shipping-taxable","20":"purchasable","21":"product-type-simple"},"acf":[],"uagb_featured_image_src":{"full":["https:\/\/biblio1.mdp.edu.ar\/centro-ventas\/wp-content\/uploads\/sites\/2\/2019\/08\/9789502316796.jpg",360,495,false],"thumbnail":["https:\/\/biblio1.mdp.edu.ar\/centro-ventas\/wp-content\/uploads\/sites\/2\/2019\/08\/9789502316796-150x150.jpg",150,150,true],"medium":["https:\/\/biblio1.mdp.edu.ar\/centro-ventas\/wp-content\/uploads\/sites\/2\/2019\/08\/9789502316796-218x300.jpg",218,300,true],"medium_large":["https:\/\/biblio1.mdp.edu.ar\/centro-ventas\/wp-content\/uploads\/sites\/2\/2019\/08\/9789502316796.jpg",360,495,false],"large":["https:\/\/biblio1.mdp.edu.ar\/centro-ventas\/wp-content\/uploads\/sites\/2\/2019\/08\/9789502316796.jpg",360,495,false],"1536x1536":["https:\/\/biblio1.mdp.edu.ar\/centro-ventas\/wp-content\/uploads\/sites\/2\/2019\/08\/9789502316796.jpg",360,495,false],"2048x2048":["https:\/\/biblio1.mdp.edu.ar\/centro-ventas\/wp-content\/uploads\/sites\/2\/2019\/08\/9789502316796.jpg",360,495,false],"woocommerce_thumbnail":["https:\/\/biblio1.mdp.edu.ar\/centro-ventas\/wp-content\/uploads\/sites\/2\/2019\/08\/9789502316796-350x481.jpg",300,412,true],"woocommerce_single":["https:\/\/biblio1.mdp.edu.ar\/centro-ventas\/wp-content\/uploads\/sites\/2\/2019\/08\/9789502316796.jpg",360,495,false],"woocommerce_gallery_thumbnail":["https:\/\/biblio1.mdp.edu.ar\/centro-ventas\/wp-content\/uploads\/sites\/2\/2019\/08\/9789502316796-100x100.jpg",100,100,true]},"uagb_author_info":{"display_name":"Cristina Bernabe","author_link":"https:\/\/biblio1.mdp.edu.ar\/centro-ventas\/author\/"},"uagb_comment_info":0,"uagb_excerpt":"Rese\u00f1a de LINEAMIENTOS PARA EL CUIDADO NUTRICIONAL El cuidado nutricional es un proceso tendiente a satisfacer las necesidades nutricionales del individuo. Implica un trabajo interdisciplinario, con el objetivo de intercambiar experiencias, pero, sobre todo, de compartir responsabilidades en la atenci\u00f3n integral del paciente. El libro constituye una herramienta \u00fatil tanto para el estudiante como para&hellip;","_links":{"self":[{"href":"https:\/\/biblio1.mdp.edu.ar\/centro-ventas\/wp-json\/wp\/v2\/product\/1764","targetHints":{"allow":["GET"]}}],"collection":[{"href":"https:\/\/biblio1.mdp.edu.ar\/centro-ventas\/wp-json\/wp\/v2\/product"}],"about":[{"href":"https:\/\/biblio1.mdp.edu.ar\/centro-ventas\/wp-json\/wp\/v2\/types\/product"}],"wp:featuredmedia":[{"embeddable":true,"href":"https:\/\/biblio1.mdp.edu.ar\/centro-ventas\/wp-json\/wp\/v2\/media\/1765"}],"wp:attachment":[{"href":"https:\/\/biblio1.mdp.edu.ar\/centro-ventas\/wp-json\/wp\/v2\/media?parent=1764"}],"wp:term":[{"taxonomy":"product_cat","embeddable":true,"href":"https:\/\/biblio1.mdp.edu.ar\/centro-ventas\/wp-json\/wp\/v2\/product_cat?post=1764"},{"taxonomy":"product_tag","embeddable":true,"href":"https:\/\/biblio1.mdp.edu.ar\/centro-ventas\/wp-json\/wp\/v2\/product_tag?post=1764"}],"curies":[{"name":"wp","href":"https:\/\/api.w.org\/{rel}","templated":true}]}}