{"id":1758,"date":"2019-08-23T21:43:03","date_gmt":"2019-08-24T00:43:03","guid":{"rendered":"http:\/\/biblio1.mdp.edu.ar\/centro-ventas\/?post_type=product&#038;p=1758"},"modified":"2025-12-03T13:42:01","modified_gmt":"2025-12-03T16:42:01","slug":"167-teatros-despliegues-formales","status":"publish","type":"product","link":"https:\/\/biblio1.mdp.edu.ar\/centro-ventas\/producto\/167-teatros-despliegues-formales\/","title":{"rendered":"167 &#8211;   Teatros , despliegues formales"},"content":{"rendered":"<div id=\"content_wrapper\" class=\"column\">\n<div id=\"content\" class=\"column\">\n<div class=\"view-pagina-revista\">\n<div id=\"node-26033\" class=\"node-nota full\">\n<div class=\"img\"><\/div>\n<div class=\"txt\"><\/div>\n<\/div>\n<\/div>\n<div class=\"block indice-block_1\">\n<div class=\"view view-indice view-id-indice view-display-id-block_1 indice-revista view-dom-id-2\">\n<div class=\"view-content normal\">\n<div class=\"indice-columna left\">\n<div class=\"views-row views-row-1 views-row-odd views-row-first views-row-column-0\">\n<div id=\"node-26000\" class=\"node-indice teaser marcado\"><\/div>\n<\/div>\n<div class=\"views-row views-row-2 views-row-even views-row-column-0\">\n<div id=\"node-26001\" class=\"node-indice teaser\">\n<h3>\u00cdNDICE<\/h3>\n<div class=\"subtitulo\"><\/div>\n<div class=\"body\"><span style=\"font-size: 1rem;line-height: 1.66\">4<br \/>\n<\/span><span style=\"font-size: 1.125rem;line-height: 1.4\">CARTELERA<\/span><\/div>\n<\/div>\n<\/div>\n<div class=\"views-row views-row-3 views-row-odd views-row-column-0\">\n<div id=\"node-26002\" class=\"node-indice teaser\">\n<div class=\"subtitulo\"><\/div>\n<div class=\"body\"><\/div>\n<\/div>\n<\/div>\n<div class=\"views-row views-row-4 views-row-even views-row-column-0\">\n<div id=\"node-26003\" class=\"node-indice teaser\">\n<div class=\"nro\">8<br \/>\nLa caja la caja<\/div>\n<div class=\"autor nolink\">Por GUSTAVO ALONSO SERAFIN<\/div>\n<div class=\"body\"><\/div>\n<\/div>\n<\/div>\n<div class=\"views-row views-row-5 views-row-odd views-row-column-0\">\n<div id=\"node-26004\" class=\"node-indice teaser marcado\">\n<div class=\"nro\">10<br \/>\nSmiljan Radic<\/div>\n<div class=\"subtitulo\">Teatro Regional del B\u00edo B\u00edo<\/div>\n<div class=\"body\"><\/div>\n<\/div>\n<\/div>\n<div class=\"views-row views-row-6 views-row-even views-row-column-0\">\n<div id=\"node-26005\" class=\"node-indice teaser\">\n<div class=\"nro\">20<br \/>\nRojkind Arquitectos<\/div>\n<div class=\"subtitulo\">Foro Boca<\/div>\n<div class=\"body\"><\/div>\n<\/div>\n<\/div>\n<div class=\"views-row views-row-7 views-row-odd views-row-column-0\">\n<div id=\"node-26006\" class=\"node-indice teaser\">\n<div class=\"nro\">30<br \/>\nRenato Rizzi<\/div>\n<div class=\"subtitulo\">Teatro Shakespeariano de Gdansk<\/div>\n<div class=\"body\"><\/div>\n<\/div>\n<\/div>\n<div class=\"views-row views-row-8 views-row-even views-row-column-0\">\n<div id=\"node-26008\" class=\"node-indice teaser\">\n<div class=\"nro\">30<br \/>\nDespliegues formales<\/div>\n<div class=\"subtitulo\">La fiesta de la forma<\/div>\n<div class=\"autor nolink\">Por MART\u00cdN DI PECO<\/div>\n<div class=\"body\"><\/div>\n<\/div>\n<\/div>\n<div class=\"views-row views-row-9 views-row-odd views-row-column-0\">\n<div id=\"node-26007\" class=\"node-indice teaser\">\n<div class=\"nro\">40<br \/>\nLlin\u00e0s \u2013 Llobet \u2013 Ayesta &#8211; Vives<\/div>\n<div class=\"subtitulo\">Complejo Cultural de Vic l\u2019Atlantida<\/div>\n<div class=\"body\"><\/div>\n<\/div>\n<\/div>\n<div class=\"views-row views-row-10 views-row-even views-row-column-0\">\n<div id=\"node-26009\" class=\"node-indice teaser marcado\">\n<div class=\"nro\">54<br \/>\nMorini Arquitectos<\/div>\n<div class=\"subtitulo\">Pabell\u00f3n Cielo y Tierra<\/div>\n<div class=\"body\"><\/div>\n<\/div>\n<\/div>\n<div class=\"views-row views-row-11 views-row-odd views-row-column-0\">\n<div id=\"node-26010\" class=\"node-indice teaser\">\n<div class=\"nro\">62<br \/>\nClaudio Vekstein<\/div>\n<div class=\"subtitulo\">Espacio Conmemorativo y Monumento al 100\u00ba Aniversario del Grito de Alcorta<\/div>\n<div class=\"body\"><\/div>\n<\/div>\n<\/div>\n<div class=\"views-row views-row-12 views-row-even views-row-column-0\">\n<div id=\"node-26011\" class=\"node-indice teaser\">\n<div class=\"nro\">74<br \/>\nSubir\u00e0s arquitectes<\/div>\n<div class=\"subtitulo\">Centro cultural \u201cLa Cometa\u201d<\/div>\n<div class=\"body\"><\/div>\n<\/div>\n<\/div>\n<div class=\"views-row views-row-13 views-row-odd views-row-column-0\">\n<div id=\"node-26012\" class=\"node-indice teaser\">\n<div class=\"nro\">80<br \/>\nBIENAL DE VENECIA 18<\/div>\n<div class=\"subtitulo\"><\/div>\n<div class=\"body\"><\/div>\n<\/div>\n<\/div>\n<div class=\"views-row views-row-14 views-row-even views-row-column-0\">\n<div id=\"node-26013\" class=\"node-indice teaser\">\n<div class=\"nro\">80<br \/>\nESPACIO LIBRE PARA VENECIA<\/div>\n<div class=\"autor nolink\">Por PATRICIA TETZLAFF<\/div>\n<div class=\"body\"><\/div>\n<\/div>\n<\/div>\n<div class=\"views-row views-row-15 views-row-odd views-row-column-0\">\n<div id=\"node-26014\" class=\"node-indice teaser\">\n<div class=\"nro\">84<br \/>\nPabell\u00f3n Argentino: V\u00e9rtigo Horizontal<\/div>\n<div class=\"subtitulo\"><\/div>\n<div class=\"body\"><\/div>\n<\/div>\n<\/div>\n<div class=\"views-row views-row-16 views-row-even views-row-column-0\">\n<div id=\"node-26015\" class=\"node-indice teaser\">\n<div class=\"nro\">86<br \/>\nLas capillas del Vaticano<\/div>\n<div class=\"subtitulo\"><\/div>\n<div class=\"body\"><\/div>\n<\/div>\n<\/div>\n<div class=\"views-row views-row-17 views-row-odd views-row-column-0\">\n<div id=\"node-26016\" class=\"node-indice teaser\">\n<div class=\"nro\">88<br \/>\n\u201cSomos arquitectas, no curadoras\u201d<\/div>\n<div class=\"autor nolink\">Por FLORENCIA \u00c1LVAREZ<\/div>\n<div class=\"body\"><\/div>\n<\/div>\n<\/div>\n<\/div>\n<div class=\"indice-columna right\">\n<div class=\"views-row views-row-18 views-row-even views-row-column-1\">\n<div id=\"node-26017\" class=\"node-indice teaser\">\n<div class=\"nro\">92<br \/>\nHilo y trama, argumento y textura<\/div>\n<div class=\"autor nolink\">Por MART\u00cdN DI PECO<\/div>\n<div class=\"body\"><\/div>\n<\/div>\n<\/div>\n<div class=\"views-row views-row-19 views-row-odd views-row-column-1\">\n<div id=\"node-26018\" class=\"node-indice teaser\">\n<div class=\"nro\">94<br \/>\nDERIVA taller de arquitectura<\/div>\n<div class=\"subtitulo\">Campus Virtual Universidad Nacional de C\u00f3rdoba<\/div>\n<div class=\"body\"><\/div>\n<\/div>\n<\/div>\n<div class=\"views-row views-row-20 views-row-even views-row-column-1\">\n<div id=\"node-26019\" class=\"node-indice teaser\">\n<div class=\"nro\">100<br \/>\nKengo Kuma &amp; Associates<\/div>\n<div class=\"subtitulo\">Komatsu Seiko Fabric Laboratory<\/div>\n<div class=\"body\"><\/div>\n<\/div>\n<\/div>\n<div class=\"views-row views-row-21 views-row-odd views-row-column-1\">\n<div id=\"node-26020\" class=\"node-indice teaser\">\n<div class=\"nro\">102<br \/>\nOFFICE<\/div>\n<div class=\"subtitulo\">Centro de M\u00fasica Tradicional Dar Al Jinaa<\/div>\n<div class=\"body\"><\/div>\n<\/div>\n<\/div>\n<div class=\"views-row views-row-22 views-row-even views-row-column-1\">\n<div id=\"node-26021\" class=\"node-indice teaser\">\n<div class=\"nro\">104<br \/>\nEl ladrillo como estrategia<\/div>\n<div class=\"subtitulo\">Sobre la obra del arquitecto rosarino Jorge Scrimaglio<\/div>\n<div class=\"autor nolink\">Por FEDERICO PASTORINO<\/div>\n<div class=\"body\"><\/div>\n<\/div>\n<\/div>\n<div class=\"views-row views-row-23 views-row-odd views-row-column-1\">\n<div id=\"node-26022\" class=\"node-indice teaser\">\n<div class=\"nro\">112<br \/>\nInsistencia material<\/div>\n<div class=\"autor nolink\">Por MAGDALENA TAGLIABUE<\/div>\n<div class=\"body\"><\/div>\n<\/div>\n<\/div>\n<div class=\"views-row views-row-24 views-row-even views-row-column-1\">\n<div id=\"node-26023\" class=\"node-indice teaser\">\n<div class=\"nro\">112<br \/>\nMurado &amp; Elvira<\/div>\n<div class=\"subtitulo\">Librer\u00eda P\u00fablica de Baiona<\/div>\n<div class=\"body\"><\/div>\n<\/div>\n<\/div>\n<div class=\"views-row views-row-25 views-row-odd views-row-column-1\">\n<div id=\"node-26024\" class=\"node-indice teaser\">\n<div class=\"nro\">118<br \/>\nTEd\u2019A Arquitectes<\/div>\n<div class=\"subtitulo\">Can Picafort<\/div>\n<div class=\"body\"><\/div>\n<\/div>\n<\/div>\n<div class=\"views-row views-row-26 views-row-even views-row-column-1\">\n<div id=\"node-26025\" class=\"node-indice teaser\">\n<div class=\"nro\">122<br \/>\nPROYECTOS<\/div>\n<div class=\"subtitulo\">Concurso internacional Centro Cultural A\u00f1elo (Vaca Muerta)<\/div>\n<div class=\"body\">\n<p>Primer Premio: Soledad Pati\u00f1o, Mateo Gamba y Fernando Matos, arqs.<\/p>\n<\/div>\n<\/div>\n<\/div>\n<div class=\"views-row views-row-27 views-row-odd views-row-column-1\">\n<div id=\"node-26026\" class=\"node-indice teaser\">\n<div class=\"nro\">125<br \/>\nCUADERNOS DE VIAJE<\/div>\n<div class=\"subtitulo\">Oporto en el papel<\/div>\n<div class=\"body\">\n<p>Texto y dibujo por Ignacio Ros de Olano<\/p>\n<\/div>\n<\/div>\n<\/div>\n<div class=\"views-row views-row-28 views-row-even views-row-column-1\">\n<div id=\"node-26027\" class=\"node-indice teaser\">\n<div class=\"nro\">126<br \/>\nLECTURAS<\/div>\n<div class=\"subtitulo\">Buenos Aires. Capital del Espect\u00e1culo, libro de Mimi B\u00f6hm y Fabio Grementieri<\/div>\n<div class=\"autor nolink\">Por GUSTAVO ALONSO SERAFIN<\/div>\n<div class=\"body\"><\/div>\n<\/div>\n<\/div>\n<div class=\"views-row views-row-29 views-row-odd views-row-column-1\">\n<div id=\"node-26028\" class=\"node-indice teaser\">\n<div class=\"nro\">128<br \/>\nNOTICIAS<\/div>\n<div class=\"subtitulo\"><\/div>\n<div class=\"body\"><\/div>\n<\/div>\n<\/div>\n<div class=\"views-row views-row-30 views-row-even views-row-column-1\">\n<div id=\"node-26029\" class=\"node-indice teaser\">\n<div class=\"nro\">129<br \/>\nREVELACIONES<\/div>\n<div class=\"subtitulo\">El gusto en P\u00e8re Lachaise<\/div>\n<div class=\"autor nolink\">Por RITA MOLINOS y MARIO SABUGO<\/div>\n<div class=\"body\"><\/div>\n<\/div>\n<\/div>\n<div class=\"views-row views-row-31 views-row-odd views-row-column-1\">\n<div id=\"node-26030\" class=\"node-indice teaser\">\n<div class=\"nro\">130<br \/>\nLECTURAS<\/div>\n<div class=\"subtitulo\">\u00cdntimas. Vivir con la pintura, sobre la obra pl\u00e1stica de Horacio Spinetto<\/div>\n<div class=\"autor nolink\">Por FERNANDO DIEZ<\/div>\n<div class=\"body\"><\/div>\n<\/div>\n<\/div>\n<div class=\"views-row views-row-32 views-row-even views-row-column-1\">\n<div id=\"node-26031\" class=\"node-indice teaser\">\n<div class=\"nro\">131<br \/>\nTexturas<\/div>\n<div class=\"subtitulo\">Teatro de la memoria<\/div>\n<div class=\"autor nolink\">Por ROBERTO FERN\u00c1NDEZ<\/div>\n<div class=\"body\"><\/div>\n<\/div>\n<\/div>\n<div class=\"views-row views-row-33 views-row-odd views-row-last views-row-column-1\">\n<div id=\"node-26032\" class=\"node-indice teaser\">\n<div class=\"nro\">132<br \/>\nPost Scriptum<\/div>\n<div class=\"subtitulo\">Blow-up: la maqueta construida<\/div>\n<div class=\"autor nolink\">Por FERNANDO DIEZ<\/div>\n<div class=\"body\">\n<p>Sobre el Metropol Parasol de Sevilla<\/p>\n<\/div>\n<\/div>\n<\/div>\n<\/div>\n<\/div>\n<\/div>\n<\/div>\n<\/div>\n<\/div>\n","protected":false},"excerpt":{"rendered":"<p>\u00cdNDICE 4 CARTELERA 8 La caja la caja Por GUSTAVO ALONSO SERAFIN 10 Smiljan Radic Teatro Regional del B\u00edo B\u00edo 20 Rojkind Arquitectos Foro Boca 30 Renato Rizzi Teatro Shakespeariano de Gdansk 30 Despliegues formales La fiesta de la forma Por MART\u00cdN DI PECO 40 Llin\u00e0s \u2013 Llobet \u2013 Ayesta &#8211; Vives Complejo Cultural de [&hellip;]<\/p>\n","protected":false},"featured_media":1759,"template":"","meta":{"_acf_changed":false,"_eb_attr":"","_crdt_document":"","_uag_custom_page_level_css":"","_editorskit_title_hidden":false,"_editorskit_reading_time":0,"_editorskit_is_block_options_detached":false,"_editorskit_block_options_position":"{}","site-sidebar-layout":"default","site-content-layout":"","ast-site-content-layout":"default","site-content-style":"default","site-sidebar-style":"default","ast-global-header-display":"","ast-banner-title-visibility":"","ast-main-header-display":"","ast-hfb-above-header-display":"","ast-hfb-below-header-display":"","ast-hfb-mobile-header-display":"","site-post-title":"","ast-breadcrumbs-content":"","ast-featured-img":"","footer-sml-layout":"","ast-disable-related-posts":"","theme-transparent-header-meta":"","adv-header-id-meta":"","stick-header-meta":"","header-above-stick-meta":"","header-main-stick-meta":"","header-below-stick-meta":"","astra-migrate-meta-layouts":"default","ast-page-background-enabled":"default","ast-page-background-meta":{"desktop":{"background-color":"var(--ast-global-color-4)","background-image":"","background-repeat":"repeat","background-position":"center center","background-size":"auto","background-attachment":"scroll","background-type":"","background-media":"","overlay-type":"","overlay-color":"","overlay-opacity":"","overlay-gradient":""},"tablet":{"background-color":"","background-image":"","background-repeat":"repeat","background-position":"center center","background-size":"auto","background-attachment":"scroll","background-type":"","background-media":"","overlay-type":"","overlay-color":"","overlay-opacity":"","overlay-gradient":""},"mobile":{"background-color":"","background-image":"","background-repeat":"repeat","background-position":"center center","background-size":"auto","background-attachment":"scroll","background-type":"","background-media":"","overlay-type":"","overlay-color":"","overlay-opacity":"","overlay-gradient":""}},"ast-content-background-meta":{"desktop":{"background-color":"var(--ast-global-color-5)","background-image":"","background-repeat":"repeat","background-position":"center center","background-size":"auto","background-attachment":"scroll","background-type":"","background-media":"","overlay-type":"","overlay-color":"","overlay-opacity":"","overlay-gradient":""},"tablet":{"background-color":"var(--ast-global-color-5)","background-image":"","background-repeat":"repeat","background-position":"center center","background-size":"auto","background-attachment":"scroll","background-type":"","background-media":"","overlay-type":"","overlay-color":"","overlay-opacity":"","overlay-gradient":""},"mobile":{"background-color":"var(--ast-global-color-5)","background-image":"","background-repeat":"repeat","background-position":"center center","background-size":"auto","background-attachment":"scroll","background-type":"","background-media":"","overlay-type":"","overlay-color":"","overlay-opacity":"","overlay-gradient":""}}},"product_cat":[128,31,34],"product_tag":[],"class_list":{"0":"post-1758","1":"product","2":"type-product","3":"status-publish","4":"has-post-thumbnail","6":"product_cat-arquitectura","7":"product_cat-revistas","8":"product_cat-summa","9":"desktop-align-left","10":"tablet-align-left","11":"mobile-align-left","13":"first","14":"outofstock","15":"shipping-taxable","16":"product-type-simple"},"acf":[],"uagb_featured_image_src":{"full":["https:\/\/biblio1.mdp.edu.ar\/centro-ventas\/wp-content\/uploads\/sites\/2\/2019\/08\/167teatros-despliegues-formales.jpg",480,640,false],"thumbnail":["https:\/\/biblio1.mdp.edu.ar\/centro-ventas\/wp-content\/uploads\/sites\/2\/2019\/08\/167teatros-despliegues-formales-150x150.jpg",150,150,true],"medium":["https:\/\/biblio1.mdp.edu.ar\/centro-ventas\/wp-content\/uploads\/sites\/2\/2019\/08\/167teatros-despliegues-formales-225x300.jpg",225,300,true],"medium_large":["https:\/\/biblio1.mdp.edu.ar\/centro-ventas\/wp-content\/uploads\/sites\/2\/2019\/08\/167teatros-despliegues-formales.jpg",480,640,false],"large":["https:\/\/biblio1.mdp.edu.ar\/centro-ventas\/wp-content\/uploads\/sites\/2\/2019\/08\/167teatros-despliegues-formales.jpg",480,640,false],"1536x1536":["https:\/\/biblio1.mdp.edu.ar\/centro-ventas\/wp-content\/uploads\/sites\/2\/2019\/08\/167teatros-despliegues-formales.jpg",480,640,false],"2048x2048":["https:\/\/biblio1.mdp.edu.ar\/centro-ventas\/wp-content\/uploads\/sites\/2\/2019\/08\/167teatros-despliegues-formales.jpg",480,640,false],"woocommerce_thumbnail":["https:\/\/biblio1.mdp.edu.ar\/centro-ventas\/wp-content\/uploads\/sites\/2\/2019\/08\/167teatros-despliegues-formales-350x467.jpg",300,400,true],"woocommerce_single":["https:\/\/biblio1.mdp.edu.ar\/centro-ventas\/wp-content\/uploads\/sites\/2\/2019\/08\/167teatros-despliegues-formales.jpg",480,640,false],"woocommerce_gallery_thumbnail":["https:\/\/biblio1.mdp.edu.ar\/centro-ventas\/wp-content\/uploads\/sites\/2\/2019\/08\/167teatros-despliegues-formales-100x100.jpg",100,100,true]},"uagb_author_info":{"display_name":"Cristina Bernabe","author_link":"https:\/\/biblio1.mdp.edu.ar\/centro-ventas\/author\/"},"uagb_comment_info":0,"uagb_excerpt":"\u00cdNDICE 4 CARTELERA 8 La caja la caja Por GUSTAVO ALONSO SERAFIN 10 Smiljan Radic Teatro Regional del B\u00edo B\u00edo 20 Rojkind Arquitectos Foro Boca 30 Renato Rizzi Teatro Shakespeariano de Gdansk 30 Despliegues formales La fiesta de la forma Por MART\u00cdN DI PECO 40 Llin\u00e0s \u2013 Llobet \u2013 Ayesta &#8211; Vives Complejo Cultural de&hellip;","_links":{"self":[{"href":"https:\/\/biblio1.mdp.edu.ar\/centro-ventas\/wp-json\/wp\/v2\/product\/1758","targetHints":{"allow":["GET"]}}],"collection":[{"href":"https:\/\/biblio1.mdp.edu.ar\/centro-ventas\/wp-json\/wp\/v2\/product"}],"about":[{"href":"https:\/\/biblio1.mdp.edu.ar\/centro-ventas\/wp-json\/wp\/v2\/types\/product"}],"wp:featuredmedia":[{"embeddable":true,"href":"https:\/\/biblio1.mdp.edu.ar\/centro-ventas\/wp-json\/wp\/v2\/media\/1759"}],"wp:attachment":[{"href":"https:\/\/biblio1.mdp.edu.ar\/centro-ventas\/wp-json\/wp\/v2\/media?parent=1758"}],"wp:term":[{"taxonomy":"product_cat","embeddable":true,"href":"https:\/\/biblio1.mdp.edu.ar\/centro-ventas\/wp-json\/wp\/v2\/product_cat?post=1758"},{"taxonomy":"product_tag","embeddable":true,"href":"https:\/\/biblio1.mdp.edu.ar\/centro-ventas\/wp-json\/wp\/v2\/product_tag?post=1758"}],"curies":[{"name":"wp","href":"https:\/\/api.w.org\/{rel}","templated":true}]}}