{"id":1742,"date":"2019-07-11T20:58:59","date_gmt":"2019-07-11T23:58:59","guid":{"rendered":"http:\/\/biblio1.mdp.edu.ar\/centro-ventas\/?post_type=product&#038;p=1742"},"modified":"2024-12-17T17:27:42","modified_gmt":"2024-12-17T20:27:42","slug":"una-historia-de-balnearios","status":"publish","type":"product","link":"https:\/\/biblio1.mdp.edu.ar\/centro-ventas\/producto\/una-historia-de-balnearios\/","title":{"rendered":"Una historia de balnearios"},"content":{"rendered":"<p>Una historia de balnearios\u00a0Urbanismo y nuevas fundaciones\u00a0en el litoral \u00a0mar\u00edtimo bonaerense \u00a01920-1940<\/p>\n<p>La historia de balnearios que el libro presenta es la historia de un tipo particular de asentamiento urbano \u2013el balneario mar\u00edtimo bonaerense\u2013 concebido para dar respuesta a las actividades de descanso y tiempo libre que se producen a partir de la ampliaci\u00f3n y generalizaci\u00f3n de las pr\u00e1cticas tur\u00edsticas vinculadas a la cultura de la playa. Se focaliza, por tanto, en un ciclo de propuestas de nuevas fundaciones balnearias surgidas entre 1920 y 1940, momento de transici\u00f3n entre \u201cviejos\u201d y \u201cnuevos\u201d balnearios. Su observaci\u00f3n permite advertir los cambios en las estructuras formales y espaciales con la introducci\u00f3n de nuevos modelos urban\u00edsticos dominados por las premisas y derivas de la \u201cciudad jard\u00edn\u201d. Asimismo, estos emprendimientos motorizaron la urbanizaci\u00f3n costera de un litoral que hasta ese momento hab\u00eda sido ignorado y desconocido. Finalmente, se busca analizar y\u00a0 explicar la problem\u00e1tica a partir de una triple articulaci\u00f3n de las perspectivas sociocultural, territorial y urban\u00edstica.<\/p>\n","protected":false},"excerpt":{"rendered":"<p>Una historia de balnearios\u00a0Urbanismo y nuevas fundaciones\u00a0en el litoral \u00a0mar\u00edtimo bonaerense \u00a01920-1940 La historia de balnearios que el libro presenta es la historia de un tipo particular de asentamiento urbano \u2013el balneario mar\u00edtimo bonaerense\u2013 concebido para dar respuesta a las actividades de descanso y tiempo libre que se producen a partir de la ampliaci\u00f3n y [&hellip;]<\/p>\n","protected":false},"featured_media":1789,"template":"","meta":{"_acf_changed":false,"_eb_attr":"","_crdt_document":"","_uag_custom_page_level_css":"","_editorskit_title_hidden":false,"_editorskit_reading_time":0,"_editorskit_is_block_options_detached":false,"_editorskit_block_options_position":"{}","site-sidebar-layout":"default","site-content-layout":"default","ast-site-content-layout":"default","site-content-style":"default","site-sidebar-style":"default","ast-global-header-display":"","ast-banner-title-visibility":"","ast-main-header-display":"","ast-hfb-above-header-display":"","ast-hfb-below-header-display":"","ast-hfb-mobile-header-display":"","site-post-title":"","ast-breadcrumbs-content":"","ast-featured-img":"","footer-sml-layout":"","ast-disable-related-posts":"","theme-transparent-header-meta":"default","adv-header-id-meta":"","stick-header-meta":"","header-above-stick-meta":"","header-main-stick-meta":"","header-below-stick-meta":"","astra-migrate-meta-layouts":"set","ast-page-background-enabled":"default","ast-page-background-meta":{"desktop":{"background-color":"var(--ast-global-color-4)","background-image":"","background-repeat":"repeat","background-position":"center center","background-size":"auto","background-attachment":"scroll","background-type":"","background-media":"","overlay-type":"","overlay-color":"","overlay-opacity":"","overlay-gradient":""},"tablet":{"background-color":"","background-image":"","background-repeat":"repeat","background-position":"center center","background-size":"auto","background-attachment":"scroll","background-type":"","background-media":"","overlay-type":"","overlay-color":"","overlay-opacity":"","overlay-gradient":""},"mobile":{"background-color":"","background-image":"","background-repeat":"repeat","background-position":"center center","background-size":"auto","background-attachment":"scroll","background-type":"","background-media":"","overlay-type":"","overlay-color":"","overlay-opacity":"","overlay-gradient":""}},"ast-content-background-meta":{"desktop":{"background-color":"var(--ast-global-color-5)","background-image":"","background-repeat":"repeat","background-position":"center center","background-size":"auto","background-attachment":"scroll","background-type":"","background-media":"","overlay-type":"","overlay-color":"","overlay-opacity":"","overlay-gradient":""},"tablet":{"background-color":"var(--ast-global-color-5)","background-image":"","background-repeat":"repeat","background-position":"center center","background-size":"auto","background-attachment":"scroll","background-type":"","background-media":"","overlay-type":"","overlay-color":"","overlay-opacity":"","overlay-gradient":""},"mobile":{"background-color":"var(--ast-global-color-5)","background-image":"","background-repeat":"repeat","background-position":"center center","background-size":"auto","background-attachment":"scroll","background-type":"","background-media":"","overlay-type":"","overlay-color":"","overlay-opacity":"","overlay-gradient":""}}},"product_cat":[32,28,167,124],"product_tag":[],"class_list":{"0":"post-1742","1":"product","2":"type-product","3":"status-publish","4":"has-post-thumbnail","6":"product_cat-edudem","7":"product_cat-libro","8":"product_cat-mar-del-plata","9":"product_cat-serie-simbolos","10":"desktop-align-left","11":"tablet-align-left","12":"mobile-align-left","14":"first","15":"outofstock","16":"shipping-taxable","17":"product-type-simple"},"acf":[],"uagb_featured_image_src":{"full":["https:\/\/biblio1.mdp.edu.ar\/centro-ventas\/wp-content\/uploads\/sites\/2\/2019\/07\/descarga.jpg",190,266,false],"thumbnail":["https:\/\/biblio1.mdp.edu.ar\/centro-ventas\/wp-content\/uploads\/sites\/2\/2019\/07\/descarga-150x150.jpg",150,150,true],"medium":["https:\/\/biblio1.mdp.edu.ar\/centro-ventas\/wp-content\/uploads\/sites\/2\/2019\/07\/descarga.jpg",190,266,false],"medium_large":["https:\/\/biblio1.mdp.edu.ar\/centro-ventas\/wp-content\/uploads\/sites\/2\/2019\/07\/descarga.jpg",190,266,false],"large":["https:\/\/biblio1.mdp.edu.ar\/centro-ventas\/wp-content\/uploads\/sites\/2\/2019\/07\/descarga.jpg",190,266,false],"1536x1536":["https:\/\/biblio1.mdp.edu.ar\/centro-ventas\/wp-content\/uploads\/sites\/2\/2019\/07\/descarga.jpg",190,266,false],"2048x2048":["https:\/\/biblio1.mdp.edu.ar\/centro-ventas\/wp-content\/uploads\/sites\/2\/2019\/07\/descarga.jpg",190,266,false],"woocommerce_thumbnail":["https:\/\/biblio1.mdp.edu.ar\/centro-ventas\/wp-content\/uploads\/sites\/2\/2019\/07\/descarga.jpg",190,266,false],"woocommerce_single":["https:\/\/biblio1.mdp.edu.ar\/centro-ventas\/wp-content\/uploads\/sites\/2\/2019\/07\/descarga.jpg",190,266,false],"woocommerce_gallery_thumbnail":["https:\/\/biblio1.mdp.edu.ar\/centro-ventas\/wp-content\/uploads\/sites\/2\/2019\/07\/descarga-100x100.jpg",100,100,true]},"uagb_author_info":{"display_name":"Cristina Bernabe","author_link":"https:\/\/biblio1.mdp.edu.ar\/centro-ventas\/author\/"},"uagb_comment_info":0,"uagb_excerpt":"Una historia de balnearios\u00a0Urbanismo y nuevas fundaciones\u00a0en el litoral \u00a0mar\u00edtimo bonaerense \u00a01920-1940 La historia de balnearios que el libro presenta es la historia de un tipo particular de asentamiento urbano \u2013el balneario mar\u00edtimo bonaerense\u2013 concebido para dar respuesta a las actividades de descanso y tiempo libre que se producen a partir de la ampliaci\u00f3n y&hellip;","_links":{"self":[{"href":"https:\/\/biblio1.mdp.edu.ar\/centro-ventas\/wp-json\/wp\/v2\/product\/1742","targetHints":{"allow":["GET"]}}],"collection":[{"href":"https:\/\/biblio1.mdp.edu.ar\/centro-ventas\/wp-json\/wp\/v2\/product"}],"about":[{"href":"https:\/\/biblio1.mdp.edu.ar\/centro-ventas\/wp-json\/wp\/v2\/types\/product"}],"wp:featuredmedia":[{"embeddable":true,"href":"https:\/\/biblio1.mdp.edu.ar\/centro-ventas\/wp-json\/wp\/v2\/media\/1789"}],"wp:attachment":[{"href":"https:\/\/biblio1.mdp.edu.ar\/centro-ventas\/wp-json\/wp\/v2\/media?parent=1742"}],"wp:term":[{"taxonomy":"product_cat","embeddable":true,"href":"https:\/\/biblio1.mdp.edu.ar\/centro-ventas\/wp-json\/wp\/v2\/product_cat?post=1742"},{"taxonomy":"product_tag","embeddable":true,"href":"https:\/\/biblio1.mdp.edu.ar\/centro-ventas\/wp-json\/wp\/v2\/product_tag?post=1742"}],"curies":[{"name":"wp","href":"https:\/\/api.w.org\/{rel}","templated":true}]}}