{"id":1703,"date":"2019-05-31T20:15:50","date_gmt":"2019-05-31T23:15:50","guid":{"rendered":"http:\/\/biblio1.mdp.edu.ar\/centro-ventas\/?post_type=product&#038;p=1703"},"modified":"2026-03-30T17:58:55","modified_gmt":"2026-03-30T20:58:55","slug":"por-la-vida-y-el-territorio","status":"publish","type":"product","link":"https:\/\/biblio1.mdp.edu.ar\/centro-ventas\/producto\/por-la-vida-y-el-territorio\/","title":{"rendered":"Por la vida y el territorio"},"content":{"rendered":"<p>Este libro se sumerge en los problemas pol\u00edticos y culturales que se expresan en las diputas territoriales en la Norpatagonia argentina, recorriendo el devenir de las sociedades de las provincias de R\u00edo Negro y Neuqu\u00e9n en perspectiva hist\u00f3rica. Al revisar las\u00a0 luchas por la tierra y el territorio se destacan algunos acontecimientos significativos en el contexto local y nacional, que pueden rastrearse desde el fin de la avanzada militar, hasta los conflictos medioambientales presentes. Es en el marco de estos acontecimientos que se ponen en escena las disputas simb\u00f3licas y pol\u00edticas constitutivas de las conformaciones socioculturales y sus procesos de transformaci\u00f3n que aqu\u00ed se trata de visitar.<br \/>\nLa apropiaci\u00f3n y ocupaci\u00f3n de la regi\u00f3n patag\u00f3nica es una cuesti\u00f3n que acompa\u00f1a la historia de la construcci\u00f3n y consolidaci\u00f3n del Estado Nacional. Se trata de un devenir complejo, contradictorio y conflictivo; signado por las luchas entre proyectos pol\u00edticos y culturales distintos y, en buena medida, incompatibles. Recorrer los enfrentamientos, las instancias de negociaci\u00f3n y alianzas en los contextos locales es una manera de acercarse a procesos globales que sin embargo se traducen necesariamente en experiencias espacial y temporalmente situadas.<\/p>\n","protected":false},"excerpt":{"rendered":"<p>Este libro se sumerge en los problemas pol\u00edticos y culturales que se expresan en las diputas territoriales en la Norpatagonia argentina, recorriendo el devenir de las sociedades de las provincias de R\u00edo Negro y Neuqu\u00e9n en perspectiva hist\u00f3rica. Al revisar las\u00a0 luchas por la tierra y el territorio se destacan algunos acontecimientos significativos en el [&hellip;]<\/p>\n","protected":false},"featured_media":1704,"template":"","meta":{"_acf_changed":false,"_eb_attr":"","_crdt_document":"","_uag_custom_page_level_css":"","_editorskit_title_hidden":false,"_editorskit_reading_time":0,"_editorskit_is_block_options_detached":false,"_editorskit_block_options_position":"{}","site-sidebar-layout":"default","site-content-layout":"","ast-site-content-layout":"default","site-content-style":"default","site-sidebar-style":"default","ast-global-header-display":"","ast-banner-title-visibility":"","ast-main-header-display":"","ast-hfb-above-header-display":"","ast-hfb-below-header-display":"","ast-hfb-mobile-header-display":"","site-post-title":"","ast-breadcrumbs-content":"","ast-featured-img":"","footer-sml-layout":"","ast-disable-related-posts":"","theme-transparent-header-meta":"","adv-header-id-meta":"","stick-header-meta":"","header-above-stick-meta":"","header-main-stick-meta":"","header-below-stick-meta":"","astra-migrate-meta-layouts":"default","ast-page-background-enabled":"default","ast-page-background-meta":{"desktop":{"background-color":"var(--ast-global-color-4)","background-image":"","background-repeat":"repeat","background-position":"center center","background-size":"auto","background-attachment":"scroll","background-type":"","background-media":"","overlay-type":"","overlay-color":"","overlay-opacity":"","overlay-gradient":""},"tablet":{"background-color":"","background-image":"","background-repeat":"repeat","background-position":"center center","background-size":"auto","background-attachment":"scroll","background-type":"","background-media":"","overlay-type":"","overlay-color":"","overlay-opacity":"","overlay-gradient":""},"mobile":{"background-color":"","background-image":"","background-repeat":"repeat","background-position":"center center","background-size":"auto","background-attachment":"scroll","background-type":"","background-media":"","overlay-type":"","overlay-color":"","overlay-opacity":"","overlay-gradient":""}},"ast-content-background-meta":{"desktop":{"background-color":"var(--ast-global-color-5)","background-image":"","background-repeat":"repeat","background-position":"center center","background-size":"auto","background-attachment":"scroll","background-type":"","background-media":"","overlay-type":"","overlay-color":"","overlay-opacity":"","overlay-gradient":""},"tablet":{"background-color":"var(--ast-global-color-5)","background-image":"","background-repeat":"repeat","background-position":"center center","background-size":"auto","background-attachment":"scroll","background-type":"","background-media":"","overlay-type":"","overlay-color":"","overlay-opacity":"","overlay-gradient":""},"mobile":{"background-color":"var(--ast-global-color-5)","background-image":"","background-repeat":"repeat","background-position":"center center","background-size":"auto","background-attachment":"scroll","background-type":"","background-media":"","overlay-type":"","overlay-color":"","overlay-opacity":"","overlay-gradient":""}}},"product_cat":[125,32,28],"product_tag":[126,127,119],"class_list":{"0":"post-1703","1":"product","2":"type-product","3":"status-publish","4":"has-post-thumbnail","6":"product_cat-coleccion-temas-de-ciudadania-y-politica","7":"product_cat-edudem","8":"product_cat-libro","9":"product_tag-ciudadania","10":"product_tag-patagonia","11":"product_tag-politica","12":"desktop-align-left","13":"tablet-align-left","14":"mobile-align-left","16":"first","17":"instock","18":"shipping-taxable","19":"purchasable","20":"product-type-simple"},"acf":[],"uagb_featured_image_src":{"full":["https:\/\/biblio1.mdp.edu.ar\/centro-ventas\/wp-content\/uploads\/sites\/2\/2019\/05\/Por-la-vida-y-el-territorio-tapa-tapa.jpg",798,1162,false],"thumbnail":["https:\/\/biblio1.mdp.edu.ar\/centro-ventas\/wp-content\/uploads\/sites\/2\/2019\/05\/Por-la-vida-y-el-territorio-tapa-tapa-150x150.jpg",150,150,true],"medium":["https:\/\/biblio1.mdp.edu.ar\/centro-ventas\/wp-content\/uploads\/sites\/2\/2019\/05\/Por-la-vida-y-el-territorio-tapa-tapa-206x300.jpg",206,300,true],"medium_large":["https:\/\/biblio1.mdp.edu.ar\/centro-ventas\/wp-content\/uploads\/sites\/2\/2019\/05\/Por-la-vida-y-el-territorio-tapa-tapa-768x1118.jpg",768,1118,true],"large":["https:\/\/biblio1.mdp.edu.ar\/centro-ventas\/wp-content\/uploads\/sites\/2\/2019\/05\/Por-la-vida-y-el-territorio-tapa-tapa-703x1024.jpg",703,1024,true],"1536x1536":["https:\/\/biblio1.mdp.edu.ar\/centro-ventas\/wp-content\/uploads\/sites\/2\/2019\/05\/Por-la-vida-y-el-territorio-tapa-tapa.jpg",798,1162,false],"2048x2048":["https:\/\/biblio1.mdp.edu.ar\/centro-ventas\/wp-content\/uploads\/sites\/2\/2019\/05\/Por-la-vida-y-el-territorio-tapa-tapa.jpg",798,1162,false],"woocommerce_thumbnail":["https:\/\/biblio1.mdp.edu.ar\/centro-ventas\/wp-content\/uploads\/sites\/2\/2019\/05\/Por-la-vida-y-el-territorio-tapa-tapa-350x510.jpg",300,437,true],"woocommerce_single":["https:\/\/biblio1.mdp.edu.ar\/centro-ventas\/wp-content\/uploads\/sites\/2\/2019\/05\/Por-la-vida-y-el-territorio-tapa-tapa-703x1024.jpg",600,874,true],"woocommerce_gallery_thumbnail":["https:\/\/biblio1.mdp.edu.ar\/centro-ventas\/wp-content\/uploads\/sites\/2\/2019\/05\/Por-la-vida-y-el-territorio-tapa-tapa-100x100.jpg",100,100,true]},"uagb_author_info":{"display_name":"Cristina Bernabe","author_link":"https:\/\/biblio1.mdp.edu.ar\/centro-ventas\/author\/"},"uagb_comment_info":0,"uagb_excerpt":"Este libro se sumerge en los problemas pol\u00edticos y culturales que se expresan en las diputas territoriales en la Norpatagonia argentina, recorriendo el devenir de las sociedades de las provincias de R\u00edo Negro y Neuqu\u00e9n en perspectiva hist\u00f3rica. Al revisar las\u00a0 luchas por la tierra y el territorio se destacan algunos acontecimientos significativos en el&hellip;","_links":{"self":[{"href":"https:\/\/biblio1.mdp.edu.ar\/centro-ventas\/wp-json\/wp\/v2\/product\/1703","targetHints":{"allow":["GET"]}}],"collection":[{"href":"https:\/\/biblio1.mdp.edu.ar\/centro-ventas\/wp-json\/wp\/v2\/product"}],"about":[{"href":"https:\/\/biblio1.mdp.edu.ar\/centro-ventas\/wp-json\/wp\/v2\/types\/product"}],"wp:featuredmedia":[{"embeddable":true,"href":"https:\/\/biblio1.mdp.edu.ar\/centro-ventas\/wp-json\/wp\/v2\/media\/1704"}],"wp:attachment":[{"href":"https:\/\/biblio1.mdp.edu.ar\/centro-ventas\/wp-json\/wp\/v2\/media?parent=1703"}],"wp:term":[{"taxonomy":"product_cat","embeddable":true,"href":"https:\/\/biblio1.mdp.edu.ar\/centro-ventas\/wp-json\/wp\/v2\/product_cat?post=1703"},{"taxonomy":"product_tag","embeddable":true,"href":"https:\/\/biblio1.mdp.edu.ar\/centro-ventas\/wp-json\/wp\/v2\/product_tag?post=1703"}],"curies":[{"name":"wp","href":"https:\/\/api.w.org\/{rel}","templated":true}]}}