{"id":1678,"date":"2019-05-22T19:38:56","date_gmt":"2019-05-22T22:38:56","guid":{"rendered":"http:\/\/biblio1.mdp.edu.ar\/centro-ventas\/?post_type=product&#038;p=1678"},"modified":"2026-03-30T15:54:14","modified_gmt":"2026-03-30T18:54:14","slug":"ilustracion-educacion-y-cultura-la-monarquia-hispanica-en-la-mitad-del-siglo-xviii","status":"publish","type":"product","link":"https:\/\/biblio1.mdp.edu.ar\/centro-ventas\/producto\/ilustracion-educacion-y-cultura-la-monarquia-hispanica-en-la-mitad-del-siglo-xviii\/","title":{"rendered":"Ilustraci\u00f3n, educaci\u00f3n y cultura. La monarqu\u00eda hisp\u00e1nica en la mitad del siglo XVIII"},"content":{"rendered":"<p>Durante los siglos que abarc\u00f3 la modernidad cl\u00e1sica,\u00a0la educaci\u00f3n espa\u00f1ola estuvo fundamentalmente en\u00a0manos del clero. Sin embargo, al transcurrir el siglo\u00a0XVIII la situaci\u00f3n comenz\u00f3 a cambiar. La influencia\u00a0de los ilustrados y la llegada al trono de la dinast\u00eda\u00a0borb\u00f3nica, convivieron con planteos acerca del tipo\u00a0de educaci\u00f3n que se deb\u00eda impartir en relaci\u00f3n con\u00a0una redefinici\u00f3n de los v\u00ednculos entre la Monarqu\u00eda y\u00a0la sociedad. En la segunda mitad del siglo XVIII \u00a0se\u00a0enfrentaron diferentes propuestas de educaci\u00f3n,\u00a0cuyo objetivo fue \u00a0promover un nuevo orden social o\u00a0legitimar el existente.<\/p>\n<p>El presente libro propone -a partir del estudio de las\u00a0obras de distintos \u00a0ilustrados, as\u00ed como de normas,\u00a0ordenamientos legales y catecismos Pol\u00edticos- un\u00a0estudio de las principales propuestas que se suscitan\u00a0en este contexto. La educaci\u00f3n como herramienta de\u00a0control social propiciaba a los \u00a0ilustrados un \u00e1mbito en\u00a0el cual discutir las ideas de reforma: \u00a0lgunos\u00a0propon\u00edan una educaci\u00f3n secular, mientras otros, en\u00a0cambio, propon\u00edan una reforma \u00a0superficial que\u00a0mantuviera o profundizara los lineamientos cat\u00f3licos\u00a0con el \u00a0objetivo de sostener los fundamentos te\u00f3ricos\u00a0de la sociedad tradicional.<\/p>\n","protected":false},"excerpt":{"rendered":"<p>Durante los siglos que abarc\u00f3 la modernidad cl\u00e1sica,\u00a0la educaci\u00f3n espa\u00f1ola estuvo fundamentalmente en\u00a0manos del clero. Sin embargo, al transcurrir el siglo\u00a0XVIII la situaci\u00f3n comenz\u00f3 a cambiar. La influencia\u00a0de los ilustrados y la llegada al trono de la dinast\u00eda\u00a0borb\u00f3nica, convivieron con planteos acerca del tipo\u00a0de educaci\u00f3n que se deb\u00eda impartir en relaci\u00f3n con\u00a0una redefinici\u00f3n de los [&hellip;]<\/p>\n","protected":false},"featured_media":1679,"template":"","meta":{"_acf_changed":false,"_eb_attr":"","_crdt_document":"","_uag_custom_page_level_css":"","_editorskit_title_hidden":false,"_editorskit_reading_time":0,"_editorskit_is_block_options_detached":false,"_editorskit_block_options_position":"{}","site-sidebar-layout":"default","site-content-layout":"","ast-site-content-layout":"default","site-content-style":"default","site-sidebar-style":"default","ast-global-header-display":"","ast-banner-title-visibility":"","ast-main-header-display":"","ast-hfb-above-header-display":"","ast-hfb-below-header-display":"","ast-hfb-mobile-header-display":"","site-post-title":"","ast-breadcrumbs-content":"","ast-featured-img":"","footer-sml-layout":"","ast-disable-related-posts":"","theme-transparent-header-meta":"","adv-header-id-meta":"","stick-header-meta":"","header-above-stick-meta":"","header-main-stick-meta":"","header-below-stick-meta":"","astra-migrate-meta-layouts":"default","ast-page-background-enabled":"default","ast-page-background-meta":{"desktop":{"background-color":"var(--ast-global-color-4)","background-image":"","background-repeat":"repeat","background-position":"center center","background-size":"auto","background-attachment":"scroll","background-type":"","background-media":"","overlay-type":"","overlay-color":"","overlay-opacity":"","overlay-gradient":""},"tablet":{"background-color":"","background-image":"","background-repeat":"repeat","background-position":"center center","background-size":"auto","background-attachment":"scroll","background-type":"","background-media":"","overlay-type":"","overlay-color":"","overlay-opacity":"","overlay-gradient":""},"mobile":{"background-color":"","background-image":"","background-repeat":"repeat","background-position":"center center","background-size":"auto","background-attachment":"scroll","background-type":"","background-media":"","overlay-type":"","overlay-color":"","overlay-opacity":"","overlay-gradient":""}},"ast-content-background-meta":{"desktop":{"background-color":"var(--ast-global-color-5)","background-image":"","background-repeat":"repeat","background-position":"center center","background-size":"auto","background-attachment":"scroll","background-type":"","background-media":"","overlay-type":"","overlay-color":"","overlay-opacity":"","overlay-gradient":""},"tablet":{"background-color":"var(--ast-global-color-5)","background-image":"","background-repeat":"repeat","background-position":"center center","background-size":"auto","background-attachment":"scroll","background-type":"","background-media":"","overlay-type":"","overlay-color":"","overlay-opacity":"","overlay-gradient":""},"mobile":{"background-color":"var(--ast-global-color-5)","background-image":"","background-repeat":"repeat","background-position":"center center","background-size":"auto","background-attachment":"scroll","background-type":"","background-media":"","overlay-type":"","overlay-color":"","overlay-opacity":"","overlay-gradient":""}}},"product_cat":[32,28,124],"product_tag":[],"class_list":{"0":"post-1678","1":"product","2":"type-product","3":"status-publish","4":"has-post-thumbnail","6":"product_cat-edudem","7":"product_cat-libro","8":"product_cat-serie-simbolos","9":"desktop-align-left","10":"tablet-align-left","11":"mobile-align-left","13":"first","14":"instock","15":"shipping-taxable","16":"purchasable","17":"product-type-simple"},"acf":[],"uagb_featured_image_src":{"full":["https:\/\/biblio1.mdp.edu.ar\/centro-ventas\/wp-content\/uploads\/sites\/2\/2019\/05\/images.jpg",188,268,false],"thumbnail":["https:\/\/biblio1.mdp.edu.ar\/centro-ventas\/wp-content\/uploads\/sites\/2\/2019\/05\/images-150x150.jpg",150,150,true],"medium":["https:\/\/biblio1.mdp.edu.ar\/centro-ventas\/wp-content\/uploads\/sites\/2\/2019\/05\/images.jpg",188,268,false],"medium_large":["https:\/\/biblio1.mdp.edu.ar\/centro-ventas\/wp-content\/uploads\/sites\/2\/2019\/05\/images.jpg",188,268,false],"large":["https:\/\/biblio1.mdp.edu.ar\/centro-ventas\/wp-content\/uploads\/sites\/2\/2019\/05\/images.jpg",188,268,false],"1536x1536":["https:\/\/biblio1.mdp.edu.ar\/centro-ventas\/wp-content\/uploads\/sites\/2\/2019\/05\/images.jpg",188,268,false],"2048x2048":["https:\/\/biblio1.mdp.edu.ar\/centro-ventas\/wp-content\/uploads\/sites\/2\/2019\/05\/images.jpg",188,268,false],"woocommerce_thumbnail":["https:\/\/biblio1.mdp.edu.ar\/centro-ventas\/wp-content\/uploads\/sites\/2\/2019\/05\/images.jpg",188,268,false],"woocommerce_single":["https:\/\/biblio1.mdp.edu.ar\/centro-ventas\/wp-content\/uploads\/sites\/2\/2019\/05\/images.jpg",188,268,false],"woocommerce_gallery_thumbnail":["https:\/\/biblio1.mdp.edu.ar\/centro-ventas\/wp-content\/uploads\/sites\/2\/2019\/05\/images-100x100.jpg",100,100,true]},"uagb_author_info":{"display_name":"Cristina Bernabe","author_link":"https:\/\/biblio1.mdp.edu.ar\/centro-ventas\/author\/"},"uagb_comment_info":0,"uagb_excerpt":"Durante los siglos que abarc\u00f3 la modernidad cl\u00e1sica,\u00a0la educaci\u00f3n espa\u00f1ola estuvo fundamentalmente en\u00a0manos del clero. Sin embargo, al transcurrir el siglo\u00a0XVIII la situaci\u00f3n comenz\u00f3 a cambiar. La influencia\u00a0de los ilustrados y la llegada al trono de la dinast\u00eda\u00a0borb\u00f3nica, convivieron con planteos acerca del tipo\u00a0de educaci\u00f3n que se deb\u00eda impartir en relaci\u00f3n con\u00a0una redefinici\u00f3n de los&hellip;","_links":{"self":[{"href":"https:\/\/biblio1.mdp.edu.ar\/centro-ventas\/wp-json\/wp\/v2\/product\/1678","targetHints":{"allow":["GET"]}}],"collection":[{"href":"https:\/\/biblio1.mdp.edu.ar\/centro-ventas\/wp-json\/wp\/v2\/product"}],"about":[{"href":"https:\/\/biblio1.mdp.edu.ar\/centro-ventas\/wp-json\/wp\/v2\/types\/product"}],"wp:featuredmedia":[{"embeddable":true,"href":"https:\/\/biblio1.mdp.edu.ar\/centro-ventas\/wp-json\/wp\/v2\/media\/1679"}],"wp:attachment":[{"href":"https:\/\/biblio1.mdp.edu.ar\/centro-ventas\/wp-json\/wp\/v2\/media?parent=1678"}],"wp:term":[{"taxonomy":"product_cat","embeddable":true,"href":"https:\/\/biblio1.mdp.edu.ar\/centro-ventas\/wp-json\/wp\/v2\/product_cat?post=1678"},{"taxonomy":"product_tag","embeddable":true,"href":"https:\/\/biblio1.mdp.edu.ar\/centro-ventas\/wp-json\/wp\/v2\/product_tag?post=1678"}],"curies":[{"name":"wp","href":"https:\/\/api.w.org\/{rel}","templated":true}]}}