{"id":1674,"date":"2019-05-22T19:12:29","date_gmt":"2019-05-22T22:12:29","guid":{"rendered":"http:\/\/biblio1.mdp.edu.ar\/centro-ventas\/?post_type=product&#038;p=1674"},"modified":"2026-03-30T15:55:19","modified_gmt":"2026-03-30T18:55:19","slug":"invitacion-a-la-linguistica-sistemica-funcional","status":"publish","type":"product","link":"https:\/\/biblio1.mdp.edu.ar\/centro-ventas\/producto\/invitacion-a-la-linguistica-sistemica-funcional\/","title":{"rendered":"Invitaci\u00f3n a la Ling\u00fc\u00edstica Sist\u00e9mica Funcional"},"content":{"rendered":"<p>En los \u00faltimos cinco a\u00f1os, he\u00a0usado la versi\u00f3n original inglesa\u00a0de Invitaci\u00f3n \u2026 de Robin Fawcett\u00a0en cursos y seminarios de\u00a0Ling\u00fc\u00edstica Formal y Ling\u00fc\u00edstica\u00a0Computacional. Esto me ha\u00a0permitido comprobar el car\u00e1cter<br \/>\nriguroso y, al mismo tiempo,\u00a0amistoso y transparente del libro.\u00a0Jos\u00e9 M. Gil y Adolfo M. Garc\u00eda\u00a0desempe\u00f1an una excelente tarea\u00a0con esta versi\u00f3n espa\u00f1ola de An\u00a0Invitation \u2026 . Creo que es un\u00a0accidente hist\u00f3rico positivo poner<br \/>\nal alcance del mundo\u00a0hispanohablante primero esta\u00a0introducci\u00f3n a la LSF, en lugar de,\u00a0por ejemplo, la Introduction to\u00a0Functional Grammar de \u00a0Michael\u00a0Halliday. En cierto sentido, \u00e9sta\u00a0es a la LSF, lo que Aspects \u2026 fue<br \/>\na la Gram\u00e1tica Generativa en los\u00a0&#8217;60: un programa de investigaci\u00f3n\u00a0plet\u00f3rico de ideas rectoras\u00a0capaces de fructificar en\u00a0modelizaciones alternativas de<br \/>\nlas lenguas naturales, pero\u00a0comunicado mediante un texto\u00a0denso y de dif\u00edcil \u00a0lectura para los\u00a0ne\u00f3fitos.<\/p>\n","protected":false},"excerpt":{"rendered":"<p>En los \u00faltimos cinco a\u00f1os, he\u00a0usado la versi\u00f3n original inglesa\u00a0de Invitaci\u00f3n \u2026 de Robin Fawcett\u00a0en cursos y seminarios de\u00a0Ling\u00fc\u00edstica Formal y Ling\u00fc\u00edstica\u00a0Computacional. Esto me ha\u00a0permitido comprobar el car\u00e1cter riguroso y, al mismo tiempo,\u00a0amistoso y transparente del libro.\u00a0Jos\u00e9 M. Gil y Adolfo M. Garc\u00eda\u00a0desempe\u00f1an una excelente tarea\u00a0con esta versi\u00f3n espa\u00f1ola de An\u00a0Invitation \u2026 . Creo que [&hellip;]<\/p>\n","protected":false},"featured_media":1675,"template":"","meta":{"_acf_changed":false,"_eb_attr":"","_crdt_document":"","_uag_custom_page_level_css":"","_editorskit_title_hidden":false,"_editorskit_reading_time":0,"_editorskit_is_block_options_detached":false,"_editorskit_block_options_position":"{}","site-sidebar-layout":"default","site-content-layout":"","ast-site-content-layout":"default","site-content-style":"default","site-sidebar-style":"default","ast-global-header-display":"","ast-banner-title-visibility":"","ast-main-header-display":"","ast-hfb-above-header-display":"","ast-hfb-below-header-display":"","ast-hfb-mobile-header-display":"","site-post-title":"","ast-breadcrumbs-content":"","ast-featured-img":"","footer-sml-layout":"","ast-disable-related-posts":"","theme-transparent-header-meta":"","adv-header-id-meta":"","stick-header-meta":"","header-above-stick-meta":"","header-main-stick-meta":"","header-below-stick-meta":"","astra-migrate-meta-layouts":"default","ast-page-background-enabled":"default","ast-page-background-meta":{"desktop":{"background-color":"var(--ast-global-color-4)","background-image":"","background-repeat":"repeat","background-position":"center center","background-size":"auto","background-attachment":"scroll","background-type":"","background-media":"","overlay-type":"","overlay-color":"","overlay-opacity":"","overlay-gradient":""},"tablet":{"background-color":"","background-image":"","background-repeat":"repeat","background-position":"center center","background-size":"auto","background-attachment":"scroll","background-type":"","background-media":"","overlay-type":"","overlay-color":"","overlay-opacity":"","overlay-gradient":""},"mobile":{"background-color":"","background-image":"","background-repeat":"repeat","background-position":"center center","background-size":"auto","background-attachment":"scroll","background-type":"","background-media":"","overlay-type":"","overlay-color":"","overlay-opacity":"","overlay-gradient":""}},"ast-content-background-meta":{"desktop":{"background-color":"var(--ast-global-color-5)","background-image":"","background-repeat":"repeat","background-position":"center center","background-size":"auto","background-attachment":"scroll","background-type":"","background-media":"","overlay-type":"","overlay-color":"","overlay-opacity":"","overlay-gradient":""},"tablet":{"background-color":"var(--ast-global-color-5)","background-image":"","background-repeat":"repeat","background-position":"center center","background-size":"auto","background-attachment":"scroll","background-type":"","background-media":"","overlay-type":"","overlay-color":"","overlay-opacity":"","overlay-gradient":""},"mobile":{"background-color":"var(--ast-global-color-5)","background-image":"","background-repeat":"repeat","background-position":"center center","background-size":"auto","background-attachment":"scroll","background-type":"","background-media":"","overlay-type":"","overlay-color":"","overlay-opacity":"","overlay-gradient":""}}},"product_cat":[32,203,28],"product_tag":[123],"class_list":{"0":"post-1674","1":"product","2":"type-product","3":"status-publish","4":"has-post-thumbnail","6":"product_cat-edudem","7":"product_cat-fuera-de-serie","8":"product_cat-libro","9":"product_tag-serie-linguistica","10":"desktop-align-left","11":"tablet-align-left","12":"mobile-align-left","14":"first","15":"instock","16":"featured","17":"shipping-taxable","18":"purchasable","19":"product-type-simple"},"acf":[],"uagb_featured_image_src":{"full":["https:\/\/biblio1.mdp.edu.ar\/centro-ventas\/wp-content\/uploads\/sites\/2\/2019\/05\/Invitacion.jpg",347,510,false],"thumbnail":["https:\/\/biblio1.mdp.edu.ar\/centro-ventas\/wp-content\/uploads\/sites\/2\/2019\/05\/Invitacion-150x150.jpg",150,150,true],"medium":["https:\/\/biblio1.mdp.edu.ar\/centro-ventas\/wp-content\/uploads\/sites\/2\/2019\/05\/Invitacion-204x300.jpg",204,300,true],"medium_large":["https:\/\/biblio1.mdp.edu.ar\/centro-ventas\/wp-content\/uploads\/sites\/2\/2019\/05\/Invitacion.jpg",347,510,false],"large":["https:\/\/biblio1.mdp.edu.ar\/centro-ventas\/wp-content\/uploads\/sites\/2\/2019\/05\/Invitacion.jpg",347,510,false],"1536x1536":["https:\/\/biblio1.mdp.edu.ar\/centro-ventas\/wp-content\/uploads\/sites\/2\/2019\/05\/Invitacion.jpg",347,510,false],"2048x2048":["https:\/\/biblio1.mdp.edu.ar\/centro-ventas\/wp-content\/uploads\/sites\/2\/2019\/05\/Invitacion.jpg",347,510,false],"woocommerce_thumbnail":["https:\/\/biblio1.mdp.edu.ar\/centro-ventas\/wp-content\/uploads\/sites\/2\/2019\/05\/Invitacion.jpg",300,441,false],"woocommerce_single":["https:\/\/biblio1.mdp.edu.ar\/centro-ventas\/wp-content\/uploads\/sites\/2\/2019\/05\/Invitacion.jpg",347,510,false],"woocommerce_gallery_thumbnail":["https:\/\/biblio1.mdp.edu.ar\/centro-ventas\/wp-content\/uploads\/sites\/2\/2019\/05\/Invitacion-100x100.jpg",100,100,true]},"uagb_author_info":{"display_name":"Cristina Bernabe","author_link":"https:\/\/biblio1.mdp.edu.ar\/centro-ventas\/author\/"},"uagb_comment_info":0,"uagb_excerpt":"En los \u00faltimos cinco a\u00f1os, he\u00a0usado la versi\u00f3n original inglesa\u00a0de Invitaci\u00f3n \u2026 de Robin Fawcett\u00a0en cursos y seminarios de\u00a0Ling\u00fc\u00edstica Formal y Ling\u00fc\u00edstica\u00a0Computacional. Esto me ha\u00a0permitido comprobar el car\u00e1cter riguroso y, al mismo tiempo,\u00a0amistoso y transparente del libro.\u00a0Jos\u00e9 M. Gil y Adolfo M. Garc\u00eda\u00a0desempe\u00f1an una excelente tarea\u00a0con esta versi\u00f3n espa\u00f1ola de An\u00a0Invitation \u2026 . Creo que&hellip;","_links":{"self":[{"href":"https:\/\/biblio1.mdp.edu.ar\/centro-ventas\/wp-json\/wp\/v2\/product\/1674","targetHints":{"allow":["GET"]}}],"collection":[{"href":"https:\/\/biblio1.mdp.edu.ar\/centro-ventas\/wp-json\/wp\/v2\/product"}],"about":[{"href":"https:\/\/biblio1.mdp.edu.ar\/centro-ventas\/wp-json\/wp\/v2\/types\/product"}],"wp:featuredmedia":[{"embeddable":true,"href":"https:\/\/biblio1.mdp.edu.ar\/centro-ventas\/wp-json\/wp\/v2\/media\/1675"}],"wp:attachment":[{"href":"https:\/\/biblio1.mdp.edu.ar\/centro-ventas\/wp-json\/wp\/v2\/media?parent=1674"}],"wp:term":[{"taxonomy":"product_cat","embeddable":true,"href":"https:\/\/biblio1.mdp.edu.ar\/centro-ventas\/wp-json\/wp\/v2\/product_cat?post=1674"},{"taxonomy":"product_tag","embeddable":true,"href":"https:\/\/biblio1.mdp.edu.ar\/centro-ventas\/wp-json\/wp\/v2\/product_tag?post=1674"}],"curies":[{"name":"wp","href":"https:\/\/api.w.org\/{rel}","templated":true}]}}