{"id":1664,"date":"2019-05-20T21:45:55","date_gmt":"2019-05-21T00:45:55","guid":{"rendered":"http:\/\/biblio1.mdp.edu.ar\/centro-ventas\/?post_type=product&#038;p=1664"},"modified":"2026-03-30T15:27:07","modified_gmt":"2026-03-30T18:27:07","slug":"correr-fisico-mas-mente","status":"publish","type":"product","link":"https:\/\/biblio1.mdp.edu.ar\/centro-ventas\/producto\/correr-fisico-mas-mente\/","title":{"rendered":"Correr: F\u00edsico m\u00e1s mente"},"content":{"rendered":"<p class=\"texto1\">En la introducci\u00f3n su autor expresa c\u00f3mo y por qu\u00e9 los factores psicol\u00f3gicos est\u00e1n \u00edntimamente ligados con los aspectos f\u00edsicos al momento de explicar nuestro rendimiento. Posteriormente, el autor narra brevemente su experiencia como corredor, fundamentalmente para ilustrar ciertas cuestiones que aparecer\u00e1n a lo largo de la obra. A continuaci\u00f3n, se presenta una clasificaci\u00f3n de corredores que contempla tanto a quienes no corren como a los corredores de \u00e9lite. De all\u00ed en adelante, aparecen los diferentes cap\u00edtulos directamente relacionados con los factores psicol\u00f3gicos presentes al momento de correr, se aborda la relaci\u00f3n entre la mente y las carreras, el arousal y la ansiedad, la motivaci\u00f3n, la autoeficacia, la personalidad, el establecimiento de objetivos, para finalizar con un cap\u00edtulo para el apoyo psicol\u00f3gico a maratonistas. El libro cierra con un Ep\u00edlogo, donde se aborda la posibilidad de cambiar con la ayuda de la psicolog\u00eda no s\u00f3lo en la pr\u00e1ctica deportiva en general, o en la de correr en particular, sino tambi\u00e9n en las distintas cuestiones que atraviesan nuestra vida.<\/p>\n<p class=\"texto1\"><strong>La presentaci\u00f3n, a cargo del Dr. Carlos Diaz L\u00e1zaro, se llevar\u00e1 a cabo el jueves 23 de mayo a las 18,30hs. en el Espacio Cultural El Balc\u00f3n, 3 de febrero 2538 -1er piso.<\/strong><\/p>\n","protected":false},"excerpt":{"rendered":"<p>En la introducci\u00f3n su autor expresa c\u00f3mo y por qu\u00e9 los factores psicol\u00f3gicos est\u00e1n \u00edntimamente ligados con los aspectos f\u00edsicos al momento de explicar nuestro rendimiento. Posteriormente, el autor narra brevemente su experiencia como corredor, fundamentalmente para ilustrar ciertas cuestiones que aparecer\u00e1n a lo largo de la obra. A continuaci\u00f3n, se presenta una clasificaci\u00f3n de [&hellip;]<\/p>\n","protected":false},"featured_media":1665,"template":"","meta":{"_acf_changed":false,"_eb_attr":"","_crdt_document":"","_uag_custom_page_level_css":"","_editorskit_title_hidden":false,"_editorskit_reading_time":0,"_editorskit_is_block_options_detached":false,"_editorskit_block_options_position":"{}","site-sidebar-layout":"default","site-content-layout":"default","ast-site-content-layout":"default","site-content-style":"default","site-sidebar-style":"default","ast-global-header-display":"","ast-banner-title-visibility":"","ast-main-header-display":"","ast-hfb-above-header-display":"","ast-hfb-below-header-display":"","ast-hfb-mobile-header-display":"","site-post-title":"","ast-breadcrumbs-content":"","ast-featured-img":"","footer-sml-layout":"","ast-disable-related-posts":"","theme-transparent-header-meta":"default","adv-header-id-meta":"","stick-header-meta":"","header-above-stick-meta":"","header-main-stick-meta":"","header-below-stick-meta":"","astra-migrate-meta-layouts":"default","ast-page-background-enabled":"default","ast-page-background-meta":{"desktop":{"background-color":"var(--ast-global-color-4)","background-image":"","background-repeat":"repeat","background-position":"center center","background-size":"auto","background-attachment":"scroll","background-type":"","background-media":"","overlay-type":"","overlay-color":"","overlay-opacity":"","overlay-gradient":""},"tablet":{"background-color":"","background-image":"","background-repeat":"repeat","background-position":"center center","background-size":"auto","background-attachment":"scroll","background-type":"","background-media":"","overlay-type":"","overlay-color":"","overlay-opacity":"","overlay-gradient":""},"mobile":{"background-color":"","background-image":"","background-repeat":"repeat","background-position":"center center","background-size":"auto","background-attachment":"scroll","background-type":"","background-media":"","overlay-type":"","overlay-color":"","overlay-opacity":"","overlay-gradient":""}},"ast-content-background-meta":{"desktop":{"background-color":"var(--ast-global-color-5)","background-image":"","background-repeat":"repeat","background-position":"center center","background-size":"auto","background-attachment":"scroll","background-type":"","background-media":"","overlay-type":"","overlay-color":"","overlay-opacity":"","overlay-gradient":""},"tablet":{"background-color":"var(--ast-global-color-5)","background-image":"","background-repeat":"repeat","background-position":"center center","background-size":"auto","background-attachment":"scroll","background-type":"","background-media":"","overlay-type":"","overlay-color":"","overlay-opacity":"","overlay-gradient":""},"mobile":{"background-color":"var(--ast-global-color-5)","background-image":"","background-repeat":"repeat","background-position":"center center","background-size":"auto","background-attachment":"scroll","background-type":"","background-media":"","overlay-type":"","overlay-color":"","overlay-opacity":"","overlay-gradient":""}}},"product_cat":[115,32,28],"product_tag":[70,262],"class_list":{"0":"post-1664","1":"product","2":"type-product","3":"status-publish","4":"has-post-thumbnail","6":"product_cat-herramientas","7":"product_cat-edudem","8":"product_cat-libro","9":"product_tag-psicologia","10":"product_tag-psicologia-del-deporte","11":"desktop-align-left","12":"tablet-align-left","13":"mobile-align-left","15":"first","16":"instock","17":"shipping-taxable","18":"purchasable","19":"product-type-simple"},"acf":[],"uagb_featured_image_src":{"full":["https:\/\/biblio1.mdp.edu.ar\/centro-ventas\/wp-content\/uploads\/sites\/2\/2019\/05\/IMG_20190517_183223.jpg",1572,2244,false],"thumbnail":["https:\/\/biblio1.mdp.edu.ar\/centro-ventas\/wp-content\/uploads\/sites\/2\/2019\/05\/IMG_20190517_183223-150x150.jpg",150,150,true],"medium":["https:\/\/biblio1.mdp.edu.ar\/centro-ventas\/wp-content\/uploads\/sites\/2\/2019\/05\/IMG_20190517_183223-210x300.jpg",210,300,true],"medium_large":["https:\/\/biblio1.mdp.edu.ar\/centro-ventas\/wp-content\/uploads\/sites\/2\/2019\/05\/IMG_20190517_183223-768x1096.jpg",768,1096,true],"large":["https:\/\/biblio1.mdp.edu.ar\/centro-ventas\/wp-content\/uploads\/sites\/2\/2019\/05\/IMG_20190517_183223-717x1024.jpg",717,1024,true],"1536x1536":["https:\/\/biblio1.mdp.edu.ar\/centro-ventas\/wp-content\/uploads\/sites\/2\/2019\/05\/IMG_20190517_183223.jpg",1076,1536,false],"2048x2048":["https:\/\/biblio1.mdp.edu.ar\/centro-ventas\/wp-content\/uploads\/sites\/2\/2019\/05\/IMG_20190517_183223.jpg",1435,2048,false],"woocommerce_thumbnail":["https:\/\/biblio1.mdp.edu.ar\/centro-ventas\/wp-content\/uploads\/sites\/2\/2019\/05\/IMG_20190517_183223-350x500.jpg",300,429,true],"woocommerce_single":["https:\/\/biblio1.mdp.edu.ar\/centro-ventas\/wp-content\/uploads\/sites\/2\/2019\/05\/IMG_20190517_183223-717x1024.jpg",600,857,true],"woocommerce_gallery_thumbnail":["https:\/\/biblio1.mdp.edu.ar\/centro-ventas\/wp-content\/uploads\/sites\/2\/2019\/05\/IMG_20190517_183223-100x100.jpg",100,100,true]},"uagb_author_info":{"display_name":"Cristina Bernabe","author_link":"https:\/\/biblio1.mdp.edu.ar\/centro-ventas\/author\/"},"uagb_comment_info":0,"uagb_excerpt":"En la introducci\u00f3n su autor expresa c\u00f3mo y por qu\u00e9 los factores psicol\u00f3gicos est\u00e1n \u00edntimamente ligados con los aspectos f\u00edsicos al momento de explicar nuestro rendimiento. Posteriormente, el autor narra brevemente su experiencia como corredor, fundamentalmente para ilustrar ciertas cuestiones que aparecer\u00e1n a lo largo de la obra. A continuaci\u00f3n, se presenta una clasificaci\u00f3n de&hellip;","_links":{"self":[{"href":"https:\/\/biblio1.mdp.edu.ar\/centro-ventas\/wp-json\/wp\/v2\/product\/1664","targetHints":{"allow":["GET"]}}],"collection":[{"href":"https:\/\/biblio1.mdp.edu.ar\/centro-ventas\/wp-json\/wp\/v2\/product"}],"about":[{"href":"https:\/\/biblio1.mdp.edu.ar\/centro-ventas\/wp-json\/wp\/v2\/types\/product"}],"wp:featuredmedia":[{"embeddable":true,"href":"https:\/\/biblio1.mdp.edu.ar\/centro-ventas\/wp-json\/wp\/v2\/media\/1665"}],"wp:attachment":[{"href":"https:\/\/biblio1.mdp.edu.ar\/centro-ventas\/wp-json\/wp\/v2\/media?parent=1664"}],"wp:term":[{"taxonomy":"product_cat","embeddable":true,"href":"https:\/\/biblio1.mdp.edu.ar\/centro-ventas\/wp-json\/wp\/v2\/product_cat?post=1664"},{"taxonomy":"product_tag","embeddable":true,"href":"https:\/\/biblio1.mdp.edu.ar\/centro-ventas\/wp-json\/wp\/v2\/product_tag?post=1664"}],"curies":[{"name":"wp","href":"https:\/\/api.w.org\/{rel}","templated":true}]}}