{"id":1661,"date":"2019-05-20T21:40:12","date_gmt":"2019-05-21T00:40:12","guid":{"rendered":"http:\/\/biblio1.mdp.edu.ar\/centro-ventas\/?post_type=product&#038;p=1661"},"modified":"2026-03-30T13:51:34","modified_gmt":"2026-03-30T16:51:34","slug":"autoria-y-delitos-contra-la-humanidad","status":"publish","type":"product","link":"https:\/\/biblio1.mdp.edu.ar\/centro-ventas\/producto\/autoria-y-delitos-contra-la-humanidad\/","title":{"rendered":"Autor\u00eda y delitos contra la humanidad"},"content":{"rendered":"<div id=\"contenido\">\n<div class=\"wrap\">\n<div>\n<div class=\"box-content\">\n<div class=\"item-page\">\n<p class=\"texto1\">Este libro ofrece un aporte a la autor\u00eda y participaci\u00f3n en el derecho penal argentino, con una especial referencia a los delitos contra la humanidad. El autor entiende necesario establecer el concepto de autor\u00eda a\u00fan a riesgo de sinuosas discusiones dado que el c\u00f3digo penal distingue entre autores, part\u00edcipes primarios, c\u00f3mplices secundarios y determinadores, pero no define la autor\u00eda y para aplicar el derecho penal, como l\u00edmite al poder punitivo del estado, se requiere saber cu\u00e1l fue el aporte de cada quien al hecho total.<\/p>\n<p>Se repasan las teor\u00edas de la autor\u00eda m\u00e1s aceptadas en la doctrina y la jurisprudencia y se ensaya una propia: la teor\u00eda de la ubicuidad, la que funda en fallos y en la observaci\u00f3n criminol\u00f3gica, distinguiendo entre casos de baja y alta complejidad. Una construcci\u00f3n del derecho penal que pretenda legitimarse desde el discurso no puede prescindir del an\u00e1lisis criminol\u00f3gico. Se desarrollan las formas de autor\u00eda (directa, mediata, sucesiva y paralela) y los modos de participaci\u00f3n criminal (instigaci\u00f3n, participaci\u00f3n primaria, secundaria) con cita y an\u00e1lisis de fallos relevantes de nuestro pa\u00eds, varios de los cuales fueron dictados por los tribunales de Mar del Plata.<\/p>\n<p>Se destina un cap\u00edtulo final a la autor\u00eda y participaci\u00f3n criminal en los cr\u00edmenes internacionales, en especial en los delitos de lesa humanidad, repasando lo establecido por los tribunales de Nuremburg, Yugoslavia y Rwanda, para finalmente abordar c\u00f3mo ha sido tratada la cuesti\u00f3n por los tribunales argentinos frente a los cr\u00edmenes cometidos en nuestro pa\u00eds durante el terrorismo de estado.<\/p>\n<div class=\"attachmentsContainer\">\n<div id=\"attachmentsList_com_content_default_1125\" class=\"attachmentsList\"><\/div>\n<\/div>\n<\/div>\n<\/div>\n<\/div>\n<div class=\"cont-accesos\"><\/div>\n<\/div>\n<div class=\"wrap\"><\/div>\n<div class=\"wrap\"><\/div>\n<div class=\"wrap\"><\/div>\n<div class=\"wrap\"><\/div>\n<div class=\"wrap\"><\/div>\n<div class=\"wrap\"><\/div>\n<\/div>\n","protected":false},"excerpt":{"rendered":"<p>Este libro ofrece un aporte a la autor\u00eda y participaci\u00f3n en el derecho penal argentino, con una especial referencia a los delitos contra la humanidad. El autor entiende necesario establecer el concepto de autor\u00eda a\u00fan a riesgo de sinuosas discusiones dado que el c\u00f3digo penal distingue entre autores, part\u00edcipes primarios, c\u00f3mplices secundarios y determinadores, pero [&hellip;]<\/p>\n","protected":false},"featured_media":2914,"template":"","meta":{"_acf_changed":false,"_eb_attr":"","_crdt_document":"","_uag_custom_page_level_css":"","_editorskit_title_hidden":false,"_editorskit_reading_time":0,"_editorskit_is_block_options_detached":false,"_editorskit_block_options_position":"{}","site-sidebar-layout":"default","site-content-layout":"default","ast-site-content-layout":"default","site-content-style":"default","site-sidebar-style":"default","ast-global-header-display":"","ast-banner-title-visibility":"","ast-main-header-display":"","ast-hfb-above-header-display":"","ast-hfb-below-header-display":"","ast-hfb-mobile-header-display":"","site-post-title":"","ast-breadcrumbs-content":"","ast-featured-img":"","footer-sml-layout":"","ast-disable-related-posts":"","theme-transparent-header-meta":"default","adv-header-id-meta":"","stick-header-meta":"","header-above-stick-meta":"","header-main-stick-meta":"","header-below-stick-meta":"","astra-migrate-meta-layouts":"set","ast-page-background-enabled":"default","ast-page-background-meta":{"desktop":{"background-color":"var(--ast-global-color-4)","background-image":"","background-repeat":"repeat","background-position":"center center","background-size":"auto","background-attachment":"scroll","background-type":"","background-media":"","overlay-type":"","overlay-color":"","overlay-opacity":"","overlay-gradient":""},"tablet":{"background-color":"","background-image":"","background-repeat":"repeat","background-position":"center center","background-size":"auto","background-attachment":"scroll","background-type":"","background-media":"","overlay-type":"","overlay-color":"","overlay-opacity":"","overlay-gradient":""},"mobile":{"background-color":"","background-image":"","background-repeat":"repeat","background-position":"center center","background-size":"auto","background-attachment":"scroll","background-type":"","background-media":"","overlay-type":"","overlay-color":"","overlay-opacity":"","overlay-gradient":""}},"ast-content-background-meta":{"desktop":{"background-color":"var(--ast-global-color-5)","background-image":"","background-repeat":"repeat","background-position":"center center","background-size":"auto","background-attachment":"scroll","background-type":"","background-media":"","overlay-type":"","overlay-color":"","overlay-opacity":"","overlay-gradient":""},"tablet":{"background-color":"var(--ast-global-color-5)","background-image":"","background-repeat":"repeat","background-position":"center center","background-size":"auto","background-attachment":"scroll","background-type":"","background-media":"","overlay-type":"","overlay-color":"","overlay-opacity":"","overlay-gradient":""},"mobile":{"background-color":"var(--ast-global-color-5)","background-image":"","background-repeat":"repeat","background-position":"center center","background-size":"auto","background-attachment":"scroll","background-type":"","background-media":"","overlay-type":"","overlay-color":"","overlay-opacity":"","overlay-gradient":""}}},"product_cat":[265,125,632,32,28,637],"product_tag":[57,231,371,370],"class_list":{"0":"post-1661","1":"product","2":"type-product","3":"status-publish","4":"has-post-thumbnail","6":"product_cat-coleccion-derecho-internacional","7":"product_cat-coleccion-temas-de-ciudadania-y-politica","8":"product_cat-derecho","9":"product_cat-edudem","10":"product_cat-libro","11":"product_cat-punto-de-venta-derecho","12":"product_tag-derecho","13":"product_tag-derecho-internacional","14":"product_tag-derechos-humanos","15":"product_tag-lesa-humanidad","16":"desktop-align-left","17":"tablet-align-left","18":"mobile-align-left","20":"first","21":"instock","22":"shipping-taxable","23":"purchasable","24":"product-type-simple"},"acf":[],"uagb_featured_image_src":{"full":["https:\/\/biblio1.mdp.edu.ar\/centro-ventas\/wp-content\/uploads\/sites\/2\/2019\/05\/Autoriaydelitoscontralahumanidad-1.jpg",461,700,false],"thumbnail":["https:\/\/biblio1.mdp.edu.ar\/centro-ventas\/wp-content\/uploads\/sites\/2\/2019\/05\/Autoriaydelitoscontralahumanidad-1.jpg",99,150,false],"medium":["https:\/\/biblio1.mdp.edu.ar\/centro-ventas\/wp-content\/uploads\/sites\/2\/2019\/05\/Autoriaydelitoscontralahumanidad-1.jpg",198,300,false],"medium_large":["https:\/\/biblio1.mdp.edu.ar\/centro-ventas\/wp-content\/uploads\/sites\/2\/2019\/05\/Autoriaydelitoscontralahumanidad-1.jpg",461,700,false],"large":["https:\/\/biblio1.mdp.edu.ar\/centro-ventas\/wp-content\/uploads\/sites\/2\/2019\/05\/Autoriaydelitoscontralahumanidad-1.jpg",461,700,false],"1536x1536":["https:\/\/biblio1.mdp.edu.ar\/centro-ventas\/wp-content\/uploads\/sites\/2\/2019\/05\/Autoriaydelitoscontralahumanidad-1.jpg",461,700,false],"2048x2048":["https:\/\/biblio1.mdp.edu.ar\/centro-ventas\/wp-content\/uploads\/sites\/2\/2019\/05\/Autoriaydelitoscontralahumanidad-1.jpg",461,700,false],"woocommerce_thumbnail":["https:\/\/biblio1.mdp.edu.ar\/centro-ventas\/wp-content\/uploads\/sites\/2\/2019\/05\/Autoriaydelitoscontralahumanidad-1.jpg",300,456,false],"woocommerce_single":["https:\/\/biblio1.mdp.edu.ar\/centro-ventas\/wp-content\/uploads\/sites\/2\/2019\/05\/Autoriaydelitoscontralahumanidad-1.jpg",461,700,false],"woocommerce_gallery_thumbnail":["https:\/\/biblio1.mdp.edu.ar\/centro-ventas\/wp-content\/uploads\/sites\/2\/2019\/05\/Autoriaydelitoscontralahumanidad-1-100x100.jpg",100,100,true]},"uagb_author_info":{"display_name":"Cristina Bernabe","author_link":"https:\/\/biblio1.mdp.edu.ar\/centro-ventas\/author\/"},"uagb_comment_info":0,"uagb_excerpt":"Este libro ofrece un aporte a la autor\u00eda y participaci\u00f3n en el derecho penal argentino, con una especial referencia a los delitos contra la humanidad. El autor entiende necesario establecer el concepto de autor\u00eda a\u00fan a riesgo de sinuosas discusiones dado que el c\u00f3digo penal distingue entre autores, part\u00edcipes primarios, c\u00f3mplices secundarios y determinadores, pero&hellip;","_links":{"self":[{"href":"https:\/\/biblio1.mdp.edu.ar\/centro-ventas\/wp-json\/wp\/v2\/product\/1661","targetHints":{"allow":["GET"]}}],"collection":[{"href":"https:\/\/biblio1.mdp.edu.ar\/centro-ventas\/wp-json\/wp\/v2\/product"}],"about":[{"href":"https:\/\/biblio1.mdp.edu.ar\/centro-ventas\/wp-json\/wp\/v2\/types\/product"}],"wp:featuredmedia":[{"embeddable":true,"href":"https:\/\/biblio1.mdp.edu.ar\/centro-ventas\/wp-json\/wp\/v2\/media\/2914"}],"wp:attachment":[{"href":"https:\/\/biblio1.mdp.edu.ar\/centro-ventas\/wp-json\/wp\/v2\/media?parent=1661"}],"wp:term":[{"taxonomy":"product_cat","embeddable":true,"href":"https:\/\/biblio1.mdp.edu.ar\/centro-ventas\/wp-json\/wp\/v2\/product_cat?post=1661"},{"taxonomy":"product_tag","embeddable":true,"href":"https:\/\/biblio1.mdp.edu.ar\/centro-ventas\/wp-json\/wp\/v2\/product_tag?post=1661"}],"curies":[{"name":"wp","href":"https:\/\/api.w.org\/{rel}","templated":true}]}}