{"id":1659,"date":"2019-05-17T21:56:25","date_gmt":"2019-05-18T00:56:25","guid":{"rendered":"http:\/\/biblio1.mdp.edu.ar\/centro-ventas\/?post_type=product&#038;p=1659"},"modified":"2026-03-30T15:27:46","modified_gmt":"2026-03-30T18:27:46","slug":"cuerpos-hormonales-intersecciones-entre-laboratorio-clinica-y-sociedad","status":"publish","type":"product","link":"https:\/\/biblio1.mdp.edu.ar\/centro-ventas\/producto\/cuerpos-hormonales-intersecciones-entre-laboratorio-clinica-y-sociedad\/","title":{"rendered":"Cuerpos\u00a0Hormonales. Intersecciones entre laboratorio, cl\u00ednica y sociedad"},"content":{"rendered":"<p>\u00bfPor qu\u00e9 las hormonas han estado asociadas a la\u00a0idea de sexo cuando parece ser que las \u201chormonas\u00a0sexuales\u201d afectan a \u00f3rganos de todo el cuerpo y no\u00a0son espec\u00edficas de ning\u00fan g\u00e9nero? Este interrogante,\u00a0pronunciado en 2006 por Anne Fausto Sterling, act\u00faa\u00a0como puntapi\u00e9 inicial para este libro que propone un\u00a0recorrido por el laboratorio, la cl\u00ednica y la sociedad\u00a0para ensayar reconstrucciones hist\u00f3ricas sobre la\u00a0producci\u00f3n de saberes cient\u00edficos y \u00a0pr\u00e1cticas\u00a0m\u00e9dicas. Se aborda, desde las ciencias sociales,\u00a0tanto el an\u00e1lisis de la producci\u00f3n del conocimiento\u00a0cient\u00edfico como el estudio de las representaciones e\u00a0inserciones sociales, culturales, econ\u00f3micas,\u00a0pol\u00edticas y legislativas a las que las definiciones del\u00a0cuerpo hormonal y el uso de \u00a0hormonas han dado\u00a0lugar. Las investigaciones reunidas en este libro\u00a0estudian la producci\u00f3n de esos saberes en diferentes\u00a0pa\u00edses. Desde una perspectiva interdisciplinaria, esta\u00a0obra problematiza las ideas sobre el cerebro\u00a0sexuado, las terapias hormonales contra el c\u00e1ncer de\u00a0mama, los test de embarazo y la capacidad de\u00a0agencia de las mujeres, las lecturas cient\u00edficas sobre\u00a0los estr\u00f3genos, la legitimaci\u00f3n de la p\u00edldora como\u00a0anticonceptivo y las terapias hormonales durante la<br \/>\npubertad.<\/p>\n","protected":false},"excerpt":{"rendered":"<p>\u00bfPor qu\u00e9 las hormonas han estado asociadas a la\u00a0idea de sexo cuando parece ser que las \u201chormonas\u00a0sexuales\u201d afectan a \u00f3rganos de todo el cuerpo y no\u00a0son espec\u00edficas de ning\u00fan g\u00e9nero? Este interrogante,\u00a0pronunciado en 2006 por Anne Fausto Sterling, act\u00faa\u00a0como puntapi\u00e9 inicial para este libro que propone un\u00a0recorrido por el laboratorio, la cl\u00ednica y la sociedad\u00a0para [&hellip;]<\/p>\n","protected":false},"featured_media":1660,"template":"","meta":{"_acf_changed":false,"_eb_attr":"","_crdt_document":"","_uag_custom_page_level_css":"","_editorskit_title_hidden":false,"_editorskit_reading_time":0,"_editorskit_is_block_options_detached":false,"_editorskit_block_options_position":"{}","site-sidebar-layout":"default","site-content-layout":"","ast-site-content-layout":"default","site-content-style":"default","site-sidebar-style":"default","ast-global-header-display":"","ast-banner-title-visibility":"","ast-main-header-display":"","ast-hfb-above-header-display":"","ast-hfb-below-header-display":"","ast-hfb-mobile-header-display":"","site-post-title":"","ast-breadcrumbs-content":"","ast-featured-img":"","footer-sml-layout":"","ast-disable-related-posts":"","theme-transparent-header-meta":"","adv-header-id-meta":"","stick-header-meta":"","header-above-stick-meta":"","header-main-stick-meta":"","header-below-stick-meta":"","astra-migrate-meta-layouts":"default","ast-page-background-enabled":"default","ast-page-background-meta":{"desktop":{"background-color":"var(--ast-global-color-4)","background-image":"","background-repeat":"repeat","background-position":"center center","background-size":"auto","background-attachment":"scroll","background-type":"","background-media":"","overlay-type":"","overlay-color":"","overlay-opacity":"","overlay-gradient":""},"tablet":{"background-color":"","background-image":"","background-repeat":"repeat","background-position":"center center","background-size":"auto","background-attachment":"scroll","background-type":"","background-media":"","overlay-type":"","overlay-color":"","overlay-opacity":"","overlay-gradient":""},"mobile":{"background-color":"","background-image":"","background-repeat":"repeat","background-position":"center center","background-size":"auto","background-attachment":"scroll","background-type":"","background-media":"","overlay-type":"","overlay-color":"","overlay-opacity":"","overlay-gradient":""}},"ast-content-background-meta":{"desktop":{"background-color":"var(--ast-global-color-5)","background-image":"","background-repeat":"repeat","background-position":"center center","background-size":"auto","background-attachment":"scroll","background-type":"","background-media":"","overlay-type":"","overlay-color":"","overlay-opacity":"","overlay-gradient":""},"tablet":{"background-color":"var(--ast-global-color-5)","background-image":"","background-repeat":"repeat","background-position":"center center","background-size":"auto","background-attachment":"scroll","background-type":"","background-media":"","overlay-type":"","overlay-color":"","overlay-opacity":"","overlay-gradient":""},"mobile":{"background-color":"var(--ast-global-color-5)","background-image":"","background-repeat":"repeat","background-position":"center center","background-size":"auto","background-attachment":"scroll","background-type":"","background-media":"","overlay-type":"","overlay-color":"","overlay-opacity":"","overlay-gradient":""}}},"product_cat":[125,32,28],"product_tag":[],"class_list":{"0":"post-1659","1":"product","2":"type-product","3":"status-publish","4":"has-post-thumbnail","6":"product_cat-coleccion-temas-de-ciudadania-y-politica","7":"product_cat-edudem","8":"product_cat-libro","9":"desktop-align-left","10":"tablet-align-left","11":"mobile-align-left","13":"first","14":"instock","15":"shipping-taxable","16":"purchasable","17":"product-type-simple"},"acf":[],"uagb_featured_image_src":{"full":["https:\/\/biblio1.mdp.edu.ar\/centro-ventas\/wp-content\/uploads\/sites\/2\/2019\/05\/IMG_20190517_183146.jpg",1666,2283,false],"thumbnail":["https:\/\/biblio1.mdp.edu.ar\/centro-ventas\/wp-content\/uploads\/sites\/2\/2019\/05\/IMG_20190517_183146-150x150.jpg",150,150,true],"medium":["https:\/\/biblio1.mdp.edu.ar\/centro-ventas\/wp-content\/uploads\/sites\/2\/2019\/05\/IMG_20190517_183146-219x300.jpg",219,300,true],"medium_large":["https:\/\/biblio1.mdp.edu.ar\/centro-ventas\/wp-content\/uploads\/sites\/2\/2019\/05\/IMG_20190517_183146-768x1052.jpg",768,1052,true],"large":["https:\/\/biblio1.mdp.edu.ar\/centro-ventas\/wp-content\/uploads\/sites\/2\/2019\/05\/IMG_20190517_183146-747x1024.jpg",747,1024,true],"1536x1536":["https:\/\/biblio1.mdp.edu.ar\/centro-ventas\/wp-content\/uploads\/sites\/2\/2019\/05\/IMG_20190517_183146.jpg",1121,1536,false],"2048x2048":["https:\/\/biblio1.mdp.edu.ar\/centro-ventas\/wp-content\/uploads\/sites\/2\/2019\/05\/IMG_20190517_183146.jpg",1495,2048,false],"woocommerce_thumbnail":["https:\/\/biblio1.mdp.edu.ar\/centro-ventas\/wp-content\/uploads\/sites\/2\/2019\/05\/IMG_20190517_183146-350x480.jpg",300,411,true],"woocommerce_single":["https:\/\/biblio1.mdp.edu.ar\/centro-ventas\/wp-content\/uploads\/sites\/2\/2019\/05\/IMG_20190517_183146-747x1024.jpg",600,822,true],"woocommerce_gallery_thumbnail":["https:\/\/biblio1.mdp.edu.ar\/centro-ventas\/wp-content\/uploads\/sites\/2\/2019\/05\/IMG_20190517_183146-100x100.jpg",100,100,true]},"uagb_author_info":{"display_name":"Cristina Bernabe","author_link":"https:\/\/biblio1.mdp.edu.ar\/centro-ventas\/author\/"},"uagb_comment_info":0,"uagb_excerpt":"\u00bfPor qu\u00e9 las hormonas han estado asociadas a la\u00a0idea de sexo cuando parece ser que las \u201chormonas\u00a0sexuales\u201d afectan a \u00f3rganos de todo el cuerpo y no\u00a0son espec\u00edficas de ning\u00fan g\u00e9nero? Este interrogante,\u00a0pronunciado en 2006 por Anne Fausto Sterling, act\u00faa\u00a0como puntapi\u00e9 inicial para este libro que propone un\u00a0recorrido por el laboratorio, la cl\u00ednica y la sociedad\u00a0para&hellip;","_links":{"self":[{"href":"https:\/\/biblio1.mdp.edu.ar\/centro-ventas\/wp-json\/wp\/v2\/product\/1659","targetHints":{"allow":["GET"]}}],"collection":[{"href":"https:\/\/biblio1.mdp.edu.ar\/centro-ventas\/wp-json\/wp\/v2\/product"}],"about":[{"href":"https:\/\/biblio1.mdp.edu.ar\/centro-ventas\/wp-json\/wp\/v2\/types\/product"}],"wp:featuredmedia":[{"embeddable":true,"href":"https:\/\/biblio1.mdp.edu.ar\/centro-ventas\/wp-json\/wp\/v2\/media\/1660"}],"wp:attachment":[{"href":"https:\/\/biblio1.mdp.edu.ar\/centro-ventas\/wp-json\/wp\/v2\/media?parent=1659"}],"wp:term":[{"taxonomy":"product_cat","embeddable":true,"href":"https:\/\/biblio1.mdp.edu.ar\/centro-ventas\/wp-json\/wp\/v2\/product_cat?post=1659"},{"taxonomy":"product_tag","embeddable":true,"href":"https:\/\/biblio1.mdp.edu.ar\/centro-ventas\/wp-json\/wp\/v2\/product_tag?post=1659"}],"curies":[{"name":"wp","href":"https:\/\/api.w.org\/{rel}","templated":true}]}}