{"id":1657,"date":"2019-05-16T22:11:40","date_gmt":"2019-05-17T01:11:40","guid":{"rendered":"http:\/\/biblio1.mdp.edu.ar\/centro-ventas\/?post_type=product&#038;p=1657"},"modified":"2025-11-03T13:40:13","modified_gmt":"2025-11-03T16:40:13","slug":"la-resistencia-peronista","status":"publish","type":"product","link":"https:\/\/biblio1.mdp.edu.ar\/centro-ventas\/producto\/la-resistencia-peronista\/","title":{"rendered":"La resistencia peronista"},"content":{"rendered":"<p>\u00bfEn qu\u00e9 consisti\u00f3, concretamente, el fen\u00f3meno de la \u201cresistencia peronista\u201d? De la esperanza en un golpe restaurador a la postulaci\u00f3n de primitivas formas de guerrilla, de las manifestaciones de espontaneidad popular a la recuperaci\u00f3n de los sindicatos, el peronismo desde su ca\u00edda en 1955 recorri\u00f3 un camino que, merced a la hostilidad represiva del estado, era inverso al de su conformaci\u00f3n. Este libro se propone recuperar algunas de las claves de la supervivencia de este movimiento durante el primer lustro de su proscripci\u00f3n.<\/p>\n","protected":false},"excerpt":{"rendered":"<p>\u00bfEn qu\u00e9 consisti\u00f3, concretamente, el fen\u00f3meno de la \u201cresistencia peronista\u201d? De la esperanza en un golpe restaurador a la postulaci\u00f3n de primitivas formas de guerrilla, de las manifestaciones de espontaneidad popular a la recuperaci\u00f3n de los sindicatos, el peronismo desde su ca\u00edda en 1955 recorri\u00f3 un camino que, merced a la hostilidad represiva del estado, [&hellip;]<\/p>\n","protected":false},"featured_media":1658,"template":"","meta":{"_acf_changed":false,"_eb_attr":"","_crdt_document":"","_uag_custom_page_level_css":"","_editorskit_title_hidden":false,"_editorskit_reading_time":0,"_editorskit_is_block_options_detached":false,"_editorskit_block_options_position":"{}","site-sidebar-layout":"default","site-content-layout":"default","ast-site-content-layout":"default","site-content-style":"default","site-sidebar-style":"default","ast-global-header-display":"","ast-banner-title-visibility":"","ast-main-header-display":"","ast-hfb-above-header-display":"","ast-hfb-below-header-display":"","ast-hfb-mobile-header-display":"","site-post-title":"","ast-breadcrumbs-content":"","ast-featured-img":"","footer-sml-layout":"","ast-disable-related-posts":"","theme-transparent-header-meta":"default","adv-header-id-meta":"","stick-header-meta":"","header-above-stick-meta":"","header-main-stick-meta":"","header-below-stick-meta":"","astra-migrate-meta-layouts":"default","ast-page-background-enabled":"default","ast-page-background-meta":{"desktop":{"background-color":"var(--ast-global-color-4)","background-image":"","background-repeat":"repeat","background-position":"center center","background-size":"auto","background-attachment":"scroll","background-type":"","background-media":"","overlay-type":"","overlay-color":"","overlay-opacity":"","overlay-gradient":""},"tablet":{"background-color":"","background-image":"","background-repeat":"repeat","background-position":"center center","background-size":"auto","background-attachment":"scroll","background-type":"","background-media":"","overlay-type":"","overlay-color":"","overlay-opacity":"","overlay-gradient":""},"mobile":{"background-color":"","background-image":"","background-repeat":"repeat","background-position":"center center","background-size":"auto","background-attachment":"scroll","background-type":"","background-media":"","overlay-type":"","overlay-color":"","overlay-opacity":"","overlay-gradient":""}},"ast-content-background-meta":{"desktop":{"background-color":"var(--ast-global-color-5)","background-image":"","background-repeat":"repeat","background-position":"center center","background-size":"auto","background-attachment":"scroll","background-type":"","background-media":"","overlay-type":"","overlay-color":"","overlay-opacity":"","overlay-gradient":""},"tablet":{"background-color":"var(--ast-global-color-5)","background-image":"","background-repeat":"repeat","background-position":"center center","background-size":"auto","background-attachment":"scroll","background-type":"","background-media":"","overlay-type":"","overlay-color":"","overlay-opacity":"","overlay-gradient":""},"mobile":{"background-color":"var(--ast-global-color-5)","background-image":"","background-repeat":"repeat","background-position":"center center","background-size":"auto","background-attachment":"scroll","background-type":"","background-media":"","overlay-type":"","overlay-color":"","overlay-opacity":"","overlay-gradient":""}}},"product_cat":[114,32,28],"product_tag":[121,120,252,119],"class_list":{"0":"post-1657","1":"product","2":"type-product","3":"status-publish","4":"has-post-thumbnail","6":"product_cat-la-argentina-peroista","7":"product_cat-edudem","8":"product_cat-libro","9":"product_tag-coleccion-la-argentina-peronista","10":"product_tag-historia-argentina","11":"product_tag-persecucion-politica","12":"product_tag-politica","13":"desktop-align-left","14":"tablet-align-left","15":"mobile-align-left","17":"first","18":"instock","19":"shipping-taxable","20":"purchasable","21":"product-type-simple"},"acf":[],"uagb_featured_image_src":{"full":["https:\/\/biblio1.mdp.edu.ar\/centro-ventas\/wp-content\/uploads\/sites\/2\/2019\/05\/la-resistencia-peronista-1955-a-1960-julio-melon-pirro-D_NQ_NP_761834-MLA28852516823_122018-F.jpg",854,1200,false],"thumbnail":["https:\/\/biblio1.mdp.edu.ar\/centro-ventas\/wp-content\/uploads\/sites\/2\/2019\/05\/la-resistencia-peronista-1955-a-1960-julio-melon-pirro-D_NQ_NP_761834-MLA28852516823_122018-F-150x150.jpg",150,150,true],"medium":["https:\/\/biblio1.mdp.edu.ar\/centro-ventas\/wp-content\/uploads\/sites\/2\/2019\/05\/la-resistencia-peronista-1955-a-1960-julio-melon-pirro-D_NQ_NP_761834-MLA28852516823_122018-F-214x300.jpg",214,300,true],"medium_large":["https:\/\/biblio1.mdp.edu.ar\/centro-ventas\/wp-content\/uploads\/sites\/2\/2019\/05\/la-resistencia-peronista-1955-a-1960-julio-melon-pirro-D_NQ_NP_761834-MLA28852516823_122018-F-768x1079.jpg",768,1079,true],"large":["https:\/\/biblio1.mdp.edu.ar\/centro-ventas\/wp-content\/uploads\/sites\/2\/2019\/05\/la-resistencia-peronista-1955-a-1960-julio-melon-pirro-D_NQ_NP_761834-MLA28852516823_122018-F-729x1024.jpg",729,1024,true],"1536x1536":["https:\/\/biblio1.mdp.edu.ar\/centro-ventas\/wp-content\/uploads\/sites\/2\/2019\/05\/la-resistencia-peronista-1955-a-1960-julio-melon-pirro-D_NQ_NP_761834-MLA28852516823_122018-F.jpg",854,1200,false],"2048x2048":["https:\/\/biblio1.mdp.edu.ar\/centro-ventas\/wp-content\/uploads\/sites\/2\/2019\/05\/la-resistencia-peronista-1955-a-1960-julio-melon-pirro-D_NQ_NP_761834-MLA28852516823_122018-F.jpg",854,1200,false],"woocommerce_thumbnail":["https:\/\/biblio1.mdp.edu.ar\/centro-ventas\/wp-content\/uploads\/sites\/2\/2019\/05\/la-resistencia-peronista-1955-a-1960-julio-melon-pirro-D_NQ_NP_761834-MLA28852516823_122018-F-350x492.jpg",300,422,true],"woocommerce_single":["https:\/\/biblio1.mdp.edu.ar\/centro-ventas\/wp-content\/uploads\/sites\/2\/2019\/05\/la-resistencia-peronista-1955-a-1960-julio-melon-pirro-D_NQ_NP_761834-MLA28852516823_122018-F-729x1024.jpg",600,843,true],"woocommerce_gallery_thumbnail":["https:\/\/biblio1.mdp.edu.ar\/centro-ventas\/wp-content\/uploads\/sites\/2\/2019\/05\/la-resistencia-peronista-1955-a-1960-julio-melon-pirro-D_NQ_NP_761834-MLA28852516823_122018-F-100x100.jpg",100,100,true]},"uagb_author_info":{"display_name":"Cristina Bernabe","author_link":"https:\/\/biblio1.mdp.edu.ar\/centro-ventas\/author\/"},"uagb_comment_info":0,"uagb_excerpt":"\u00bfEn qu\u00e9 consisti\u00f3, concretamente, el fen\u00f3meno de la \u201cresistencia peronista\u201d? De la esperanza en un golpe restaurador a la postulaci\u00f3n de primitivas formas de guerrilla, de las manifestaciones de espontaneidad popular a la recuperaci\u00f3n de los sindicatos, el peronismo desde su ca\u00edda en 1955 recorri\u00f3 un camino que, merced a la hostilidad represiva del estado,&hellip;","_links":{"self":[{"href":"https:\/\/biblio1.mdp.edu.ar\/centro-ventas\/wp-json\/wp\/v2\/product\/1657","targetHints":{"allow":["GET"]}}],"collection":[{"href":"https:\/\/biblio1.mdp.edu.ar\/centro-ventas\/wp-json\/wp\/v2\/product"}],"about":[{"href":"https:\/\/biblio1.mdp.edu.ar\/centro-ventas\/wp-json\/wp\/v2\/types\/product"}],"wp:featuredmedia":[{"embeddable":true,"href":"https:\/\/biblio1.mdp.edu.ar\/centro-ventas\/wp-json\/wp\/v2\/media\/1658"}],"wp:attachment":[{"href":"https:\/\/biblio1.mdp.edu.ar\/centro-ventas\/wp-json\/wp\/v2\/media?parent=1657"}],"wp:term":[{"taxonomy":"product_cat","embeddable":true,"href":"https:\/\/biblio1.mdp.edu.ar\/centro-ventas\/wp-json\/wp\/v2\/product_cat?post=1657"},{"taxonomy":"product_tag","embeddable":true,"href":"https:\/\/biblio1.mdp.edu.ar\/centro-ventas\/wp-json\/wp\/v2\/product_tag?post=1657"}],"curies":[{"name":"wp","href":"https:\/\/api.w.org\/{rel}","templated":true}]}}