{"id":1648,"date":"2019-05-15T20:13:31","date_gmt":"2019-05-15T23:13:31","guid":{"rendered":"http:\/\/biblio1.mdp.edu.ar\/centro-ventas\/?post_type=product&#038;p=1648"},"modified":"2026-03-30T16:08:45","modified_gmt":"2026-03-30T19:08:45","slug":"la-historia-argentina-reciente","status":"publish","type":"product","link":"https:\/\/biblio1.mdp.edu.ar\/centro-ventas\/producto\/la-historia-argentina-reciente\/","title":{"rendered":"La Historia Argentina Reciente"},"content":{"rendered":"<p>\u00bfC\u00f3mo transferir conocimientos actualizados sobre historia argentina reciente en las aulas? \u00bfDe qu\u00e9 modo facilitar al docente el abordaje de temas de alto contenido pol\u00edtico y pol\u00e9mico, con repercusi\u00f3n en el presente? \u00bfA trav\u00e9s de fuentes es posible concitar el inter\u00e9s de los adolescentes sobre ese pasado en la escuela? <b>La historia argentina reciente (1955-2001). Propuestas para el aula<\/b> busca acercar respuestas a estos interrogantes.<\/p>\n<p>Se trata de \u00a0una compilaci\u00f3n resultante del esfuerzo colectivo de docentes\/investigadores y becarios que cumplen funciones en la Facultad de Humanidades de la UNMdP que propone un abordaje de la historia argentina de la segunda mitad del siglo XX, entre el derrocamiento de Juan D. Per\u00f3n y la crisis de 2001. Apunta a ofrecer a los docentes del nivel secundario y\/o terciario s\u00edntesis actualizadas de contenidos, sugerencias bibliogr\u00e1ficas y formas de tratamiento \u00e1ulico del per\u00edodo. En tal sentido, se adopta una modalidad de transferencia entre docentes-investigadores especializados en ese proceso hist\u00f3rico y docentes, protagonistas directos de la ense\u00f1anza y formaci\u00f3n de la ciudadan\u00eda.<\/p>\n","protected":false},"excerpt":{"rendered":"<p>\u00bfC\u00f3mo transferir conocimientos actualizados sobre historia argentina reciente en las aulas? \u00bfDe qu\u00e9 modo facilitar al docente el abordaje de temas de alto contenido pol\u00edtico y pol\u00e9mico, con repercusi\u00f3n en el presente? \u00bfA trav\u00e9s de fuentes es posible concitar el inter\u00e9s de los adolescentes sobre ese pasado en la escuela? La historia argentina reciente (1955-2001). [&hellip;]<\/p>\n","protected":false},"featured_media":1682,"template":"","meta":{"_acf_changed":false,"_eb_attr":"","_crdt_document":"","_uag_custom_page_level_css":"","_editorskit_title_hidden":false,"_editorskit_reading_time":0,"_editorskit_is_block_options_detached":false,"_editorskit_block_options_position":"{}","site-sidebar-layout":"default","site-content-layout":"default","ast-site-content-layout":"default","site-content-style":"default","site-sidebar-style":"default","ast-global-header-display":"","ast-banner-title-visibility":"","ast-main-header-display":"","ast-hfb-above-header-display":"","ast-hfb-below-header-display":"","ast-hfb-mobile-header-display":"","site-post-title":"","ast-breadcrumbs-content":"","ast-featured-img":"","footer-sml-layout":"","ast-disable-related-posts":"","theme-transparent-header-meta":"default","adv-header-id-meta":"","stick-header-meta":"","header-above-stick-meta":"","header-main-stick-meta":"","header-below-stick-meta":"","astra-migrate-meta-layouts":"default","ast-page-background-enabled":"default","ast-page-background-meta":{"desktop":{"background-color":"var(--ast-global-color-4)","background-image":"","background-repeat":"repeat","background-position":"center center","background-size":"auto","background-attachment":"scroll","background-type":"","background-media":"","overlay-type":"","overlay-color":"","overlay-opacity":"","overlay-gradient":""},"tablet":{"background-color":"","background-image":"","background-repeat":"repeat","background-position":"center center","background-size":"auto","background-attachment":"scroll","background-type":"","background-media":"","overlay-type":"","overlay-color":"","overlay-opacity":"","overlay-gradient":""},"mobile":{"background-color":"","background-image":"","background-repeat":"repeat","background-position":"center center","background-size":"auto","background-attachment":"scroll","background-type":"","background-media":"","overlay-type":"","overlay-color":"","overlay-opacity":"","overlay-gradient":""}},"ast-content-background-meta":{"desktop":{"background-color":"var(--ast-global-color-5)","background-image":"","background-repeat":"repeat","background-position":"center center","background-size":"auto","background-attachment":"scroll","background-type":"","background-media":"","overlay-type":"","overlay-color":"","overlay-opacity":"","overlay-gradient":""},"tablet":{"background-color":"var(--ast-global-color-5)","background-image":"","background-repeat":"repeat","background-position":"center center","background-size":"auto","background-attachment":"scroll","background-type":"","background-media":"","overlay-type":"","overlay-color":"","overlay-opacity":"","overlay-gradient":""},"mobile":{"background-color":"var(--ast-global-color-5)","background-image":"","background-repeat":"repeat","background-position":"center center","background-size":"auto","background-attachment":"scroll","background-type":"","background-media":"","overlay-type":"","overlay-color":"","overlay-opacity":"","overlay-gradient":""}}},"product_cat":[115,32,28],"product_tag":[117,118],"class_list":{"0":"post-1648","1":"product","2":"type-product","3":"status-publish","4":"has-post-thumbnail","6":"product_cat-herramientas","7":"product_cat-edudem","8":"product_cat-libro","9":"product_tag-historia","10":"product_tag-historia-contemporanea","11":"desktop-align-left","12":"tablet-align-left","13":"mobile-align-left","15":"first","16":"instock","17":"shipping-taxable","18":"purchasable","19":"product-type-simple"},"acf":[],"uagb_featured_image_src":{"full":["https:\/\/biblio1.mdp.edu.ar\/centro-ventas\/wp-content\/uploads\/sites\/2\/2019\/05\/La-historia-argentina-reciente-tapa.jpg",1011,1513,false],"thumbnail":["https:\/\/biblio1.mdp.edu.ar\/centro-ventas\/wp-content\/uploads\/sites\/2\/2019\/05\/La-historia-argentina-reciente-tapa-150x150.jpg",150,150,true],"medium":["https:\/\/biblio1.mdp.edu.ar\/centro-ventas\/wp-content\/uploads\/sites\/2\/2019\/05\/La-historia-argentina-reciente-tapa-200x300.jpg",200,300,true],"medium_large":["https:\/\/biblio1.mdp.edu.ar\/centro-ventas\/wp-content\/uploads\/sites\/2\/2019\/05\/La-historia-argentina-reciente-tapa-768x1149.jpg",768,1149,true],"large":["https:\/\/biblio1.mdp.edu.ar\/centro-ventas\/wp-content\/uploads\/sites\/2\/2019\/05\/La-historia-argentina-reciente-tapa-684x1024.jpg",684,1024,true],"1536x1536":["https:\/\/biblio1.mdp.edu.ar\/centro-ventas\/wp-content\/uploads\/sites\/2\/2019\/05\/La-historia-argentina-reciente-tapa.jpg",1011,1513,false],"2048x2048":["https:\/\/biblio1.mdp.edu.ar\/centro-ventas\/wp-content\/uploads\/sites\/2\/2019\/05\/La-historia-argentina-reciente-tapa.jpg",1011,1513,false],"woocommerce_thumbnail":["https:\/\/biblio1.mdp.edu.ar\/centro-ventas\/wp-content\/uploads\/sites\/2\/2019\/05\/La-historia-argentina-reciente-tapa-350x524.jpg",300,449,true],"woocommerce_single":["https:\/\/biblio1.mdp.edu.ar\/centro-ventas\/wp-content\/uploads\/sites\/2\/2019\/05\/La-historia-argentina-reciente-tapa-684x1024.jpg",600,898,true],"woocommerce_gallery_thumbnail":["https:\/\/biblio1.mdp.edu.ar\/centro-ventas\/wp-content\/uploads\/sites\/2\/2019\/05\/La-historia-argentina-reciente-tapa-100x100.jpg",100,100,true]},"uagb_author_info":{"display_name":"Cristina Bernabe","author_link":"https:\/\/biblio1.mdp.edu.ar\/centro-ventas\/author\/"},"uagb_comment_info":0,"uagb_excerpt":"\u00bfC\u00f3mo transferir conocimientos actualizados sobre historia argentina reciente en las aulas? \u00bfDe qu\u00e9 modo facilitar al docente el abordaje de temas de alto contenido pol\u00edtico y pol\u00e9mico, con repercusi\u00f3n en el presente? \u00bfA trav\u00e9s de fuentes es posible concitar el inter\u00e9s de los adolescentes sobre ese pasado en la escuela? La historia argentina reciente (1955-2001).&hellip;","_links":{"self":[{"href":"https:\/\/biblio1.mdp.edu.ar\/centro-ventas\/wp-json\/wp\/v2\/product\/1648","targetHints":{"allow":["GET"]}}],"collection":[{"href":"https:\/\/biblio1.mdp.edu.ar\/centro-ventas\/wp-json\/wp\/v2\/product"}],"about":[{"href":"https:\/\/biblio1.mdp.edu.ar\/centro-ventas\/wp-json\/wp\/v2\/types\/product"}],"wp:featuredmedia":[{"embeddable":true,"href":"https:\/\/biblio1.mdp.edu.ar\/centro-ventas\/wp-json\/wp\/v2\/media\/1682"}],"wp:attachment":[{"href":"https:\/\/biblio1.mdp.edu.ar\/centro-ventas\/wp-json\/wp\/v2\/media?parent=1648"}],"wp:term":[{"taxonomy":"product_cat","embeddable":true,"href":"https:\/\/biblio1.mdp.edu.ar\/centro-ventas\/wp-json\/wp\/v2\/product_cat?post=1648"},{"taxonomy":"product_tag","embeddable":true,"href":"https:\/\/biblio1.mdp.edu.ar\/centro-ventas\/wp-json\/wp\/v2\/product_tag?post=1648"}],"curies":[{"name":"wp","href":"https:\/\/api.w.org\/{rel}","templated":true}]}}